{"id":2083,"date":"2025-03-20T12:10:16","date_gmt":"2025-03-20T12:10:16","guid":{"rendered":"https:\/\/ecoganic.eu\/producto\/ecoganix\/"},"modified":"2025-03-20T12:10:16","modified_gmt":"2025-03-20T12:10:16","slug":"ecoganix","status":"publish","type":"product","link":"https:\/\/ecoganic.eu\/fr\/produit\/ecoganix\/","title":{"rendered":"Ecoganix"},"content":{"rendered":"<h2 class=\"\" data-start=\"346\" data-end=\"439\">Prot\u00e9gez vos cultures contre les maladies a\u00e9riennes avec <strong data-start=\"397\" data-end=\"418\">ECOGANIC ECOGANIX<\/strong> : votre alli\u00e9 \u00e9cologique<\/h2>\n<p class=\"\" data-start=\"441\" data-end=\"852\">Vous recherchez une solution efficace et durable pour lutter contre les maladies a\u00e9riennes qui menacent vos plantes ? <strong data-start=\"546\" data-end=\"567\">ECOGANIC ECOGANIX<\/strong> est la r\u00e9ponse parfaite. Ce produit innovant de la gamme <strong data-start=\"633\" data-end=\"650\">Bioprotection<\/strong> d&rsquo;Ecoganic a \u00e9t\u00e9 d\u00e9velopp\u00e9 pour contr\u00f4ler les champignons et les maladies aussi courantes que <strong data-start=\"738\" data-end=\"750\">Botrytis<\/strong>, <strong data-start=\"752\" data-end=\"767\">Peronospora<\/strong>, <strong data-start=\"769\" data-end=\"779\">O\u00efdiums<\/strong>, <strong data-start=\"781\" data-end=\"792\">Mildium<\/strong>, <strong data-start=\"794\" data-end=\"803\">Rouilles<\/strong>, <strong data-start=\"805\" data-end=\"818\">Fumagines<\/strong> et de multiples <strong data-start=\"831\" data-end=\"851\">taches foliaires<\/strong>. <\/p>\n<h3 class=\"\" data-start=\"854\" data-end=\"895\">Avantages cl\u00e9s d&rsquo;ECOGANIC ECOGANIX<\/h3>\n<ol data-start=\"897\" data-end=\"1933\">\n<li class=\"\" data-start=\"897\" data-end=\"1062\">\n<p class=\"\" data-start=\"900\" data-end=\"1062\"><strong data-start=\"900\" data-end=\"938\">Contr\u00f4le efficace et \u00e0 large spectre<\/strong><br data-start=\"938\" data-end=\"941\">Combat un grand nombre de maladies a\u00e9riennes, prot\u00e9geant la sant\u00e9 de vos cultures et assurant un rendement plus \u00e9lev\u00e9.<\/p>\n<\/li>\n<li class=\"\" data-start=\"1064\" data-end=\"1351\">\n<p class=\"\" data-start=\"1067\" data-end=\"1103\"><strong data-start=\"1067\" data-end=\"1101\">Bioprotection avec z\u00e9ro r\u00e9sidu<\/strong><\/p>\n<ul data-start=\"1107\" data-end=\"1351\">\n<li class=\"\" data-start=\"1107\" data-end=\"1223\">\n<p class=\"\" data-start=\"1109\" data-end=\"1223\">Formul\u00e9 avec de la <strong data-start=\"1123\" data-end=\"1143\">L\u00e9cithine de soja<\/strong>, substance de base d&rsquo;origine naturelle et adapt\u00e9e \u00e0 l&rsquo;<strong data-start=\"1195\" data-end=\"1220\">agriculture biologique<\/strong>.<\/p>\n<\/li>\n<li class=\"\" data-start=\"1227\" data-end=\"1351\">\n<p class=\"\" data-start=\"1229\" data-end=\"1351\">Ne laisse aucun r\u00e9sidu sur vos cultures, vous permettant de respecter les normes de production et de commercialisation les plus strictes.<\/p>\n<\/li>\n<\/ul>\n<\/li>\n<li class=\"\" data-start=\"1353\" data-end=\"1542\">\n<p class=\"\" data-start=\"1356\" data-end=\"1390\"><strong data-start=\"1356\" data-end=\"1388\">Action pr\u00e9ventive et curative<\/strong><\/p>\n<ul data-start=\"1394\" data-end=\"1542\">\n<li class=\"\" data-start=\"1394\" data-end=\"1467\">\n<p class=\"\" data-start=\"1396\" data-end=\"1467\"><strong data-start=\"1396\" data-end=\"1415\">Mode pr\u00e9ventif<\/strong> : Emp\u00eache la prolif\u00e9ration des champignons et des maladies.<\/p>\n<\/li>\n<li class=\"\" data-start=\"1471\" data-end=\"1542\">\n<p class=\"\" data-start=\"1473\" data-end=\"1542\"><strong data-start=\"1473\" data-end=\"1490\">Mode curatif<\/strong> : Arr\u00eatez la progression des pathologies d\u00e9j\u00e0 \u00e9tablies.<\/p>\n<\/li>\n<\/ul>\n<\/li>\n<li class=\"\" data-start=\"1544\" data-end=\"1714\">\n<p class=\"\" data-start=\"1547\" data-end=\"1714\"><strong data-start=\"1547\" data-end=\"1579\">Scelle les blessures des plantes<\/strong><br data-start=\"1579\" data-end=\"1582\">Son application foliaire cr\u00e9e une barri\u00e8re protectrice, emp\u00eachant l&rsquo;<strong data-start=\"1647\" data-end=\"1673\">adh\u00e9sion et la p\u00e9n\u00e9tration<\/strong> des agents pathog\u00e8nes dans les tissus.<\/p>\n<\/li>\n<li class=\"\" data-start=\"1716\" data-end=\"1933\">\n<p class=\"\" data-start=\"1719\" data-end=\"1764\"><strong data-start=\"1719\" data-end=\"1762\">Application facile et hautement durable<\/strong><\/p>\n<ul data-start=\"1768\" data-end=\"1933\">\n<li class=\"\" data-start=\"1768\" data-end=\"1841\">\n<p class=\"\" data-start=\"1770\" data-end=\"1841\">S&rsquo;applique par pulv\u00e9risation foliaire, garantissant une protection uniforme.<\/p>\n<\/li>\n<li class=\"\" data-start=\"1845\" data-end=\"1933\">\n<p class=\"\" data-start=\"1847\" data-end=\"1933\">Son utilisation contribue \u00e0 des <strong data-start=\"1867\" data-end=\"1902\">pratiques agricoles durables<\/strong> et \u00e0 un impact environnemental moindre.<\/p>\n<\/li>\n<\/ul>\n<\/li>\n<\/ol>\n<hr class=\"\" data-start=\"1935\" data-end=\"1938\">\n<h2 class=\"\" data-start=\"1940\" data-end=\"1976\">Comment fonctionne ECOGANIC ECOGANIX ?<\/h2>\n<p class=\"\" data-start=\"1978\" data-end=\"2340\">Ce produit agit <strong data-start=\"1998\" data-end=\"2029\">principalement par contact<\/strong>, formant un film protecteur sur les feuilles qui entrave la croissance des champignons pathog\u00e8nes. La <strong data-start=\"2137\" data-end=\"2157\">L\u00e9cithine de soja<\/strong> renforce les parois cellulaires des plantes, les rendant moins vuln\u00e9rables aux attaques de champignons. De plus, il <strong data-start=\"2264\" data-end=\"2285\">scelle les blessures<\/strong> pour emp\u00eacher l&rsquo;entr\u00e9e de pathog\u00e8nes dans les zones endommag\u00e9es.  <\/p>\n<h3 class=\"\" data-start=\"2342\" data-end=\"2370\">Maladies contr\u00f4l\u00e9es<\/h3>\n<ul data-start=\"2372\" data-end=\"2928\">\n<li class=\"\" data-start=\"2372\" data-end=\"2448\">\n<p class=\"\" data-start=\"2374\" data-end=\"2448\"><strong data-start=\"2374\" data-end=\"2390\">Botrytis spp<\/strong> : Provoque la pourriture grise, surtout sur les fruits et les fleurs.<\/p>\n<\/li>\n<li class=\"\" data-start=\"2449\" data-end=\"2529\">\n<p class=\"\" data-start=\"2451\" data-end=\"2529\"><strong data-start=\"2451\" data-end=\"2470\">Peronospora spp<\/strong> : Provoque le mildiou duveteux, fr\u00e9quent dans les climats humides.<\/p>\n<\/li>\n<li class=\"\" data-start=\"2530\" data-end=\"2601\">\n<p class=\"\" data-start=\"2532\" data-end=\"2601\"><strong data-start=\"2532\" data-end=\"2542\">O\u00efdiums<\/strong> : Forme une poudre blanch\u00e2tre qui r\u00e9duit la photosynth\u00e8se.<\/p>\n<\/li>\n<li class=\"\" data-start=\"2602\" data-end=\"2682\">\n<p class=\"\" data-start=\"2604\" data-end=\"2682\"><strong data-start=\"2604\" data-end=\"2615\">Mildium<\/strong> : Diff\u00e9rents champignons qui causent des taches et des d\u00e9colorations foliaires.<\/p>\n<\/li>\n<li class=\"\" data-start=\"2683\" data-end=\"2754\">\n<p class=\"\" data-start=\"2685\" data-end=\"2754\"><strong data-start=\"2685\" data-end=\"2694\">Rouilles<\/strong> : Apparaissent sous forme de pustules de couleur rouille sur les feuilles et les tiges.<\/p>\n<\/li>\n<li class=\"\" data-start=\"2755\" data-end=\"2853\">\n<p class=\"\" data-start=\"2757\" data-end=\"2853\"><strong data-start=\"2757\" data-end=\"2770\">Fumagines<\/strong> : Moisissure noire qui interf\u00e8re avec la photosynth\u00e8se et affecte l&rsquo;esth\u00e9tique de la plante.<\/p>\n<\/li>\n<li class=\"\" data-start=\"2854\" data-end=\"2928\">\n<p class=\"\" data-start=\"2856\" data-end=\"2928\"><strong data-start=\"2856\" data-end=\"2876\">Taches foliaires<\/strong> : Diverses l\u00e9sions d&rsquo;origine fongique ou bact\u00e9rienne.<\/p>\n<\/li>\n<\/ul>\n<hr class=\"\" data-start=\"2930\" data-end=\"2933\">\n<h2 class=\"\" data-start=\"2935\" data-end=\"2971\">Doses et applications recommand\u00e9es<\/h2>\n<div class=\"overflow-x-auto contain-inline-size\">\n<table data-start=\"2973\" data-end=\"3782\">\n<thead data-start=\"2973\" data-end=\"3172\">\n<tr data-start=\"2973\" data-end=\"3172\">\n<th data-start=\"2973\" data-end=\"2990\"><strong data-start=\"2975\" data-end=\"2982\">Utilisation<\/strong><\/th>\n<th data-start=\"2990\" data-end=\"3013\"><strong data-start=\"2992\" data-end=\"3001\">Dose<\/strong><\/th>\n<th data-start=\"3013\" data-end=\"3044\"><strong data-start=\"3015\" data-end=\"3043\">Fr\u00e9quence d&rsquo;application<\/strong><\/th>\n<th data-start=\"3044\" data-end=\"3172\"><strong data-start=\"3046\" data-end=\"3062\">Indications<\/strong><\/th>\n<\/tr>\n<\/thead>\n<tbody data-start=\"3373\" data-end=\"3782\">\n<tr data-start=\"3373\" data-end=\"3578\">\n<td><strong data-start=\"3375\" data-end=\"3389\">Pr\u00e9ventif<\/strong><\/td>\n<td>50-75 ml \/ 100 L d&rsquo;eau<\/td>\n<td>Tous les 8 jours<\/td>\n<td>&#8211; Application foliaire pour sceller les blessures et prot\u00e9ger la plante d\u00e8s le d\u00e9but.<br \/>\n&#8211; \u00c9vite l&rsquo;apparition et la propagation des champignons.<\/td>\n<\/tr>\n<tr data-start=\"3579\" data-end=\"3782\">\n<td><strong data-start=\"3581\" data-end=\"3593\">Curatif<\/strong><\/td>\n<td>100 ml \/ 100 L d&rsquo;eau<\/td>\n<td>Tous les 10 jours<\/td>\n<td>&#8211; En cas de dommages graves, appliquer tous les 5 jours.<br \/>\n&#8211; Renforce les parois cellulaires et freine la progression de la maladie.<\/td>\n<\/tr>\n<\/tbody>\n<\/table>\n<\/div>\n<blockquote data-start=\"3784\" data-end=\"3972\">\n<p class=\"\" data-start=\"3786\" data-end=\"3972\"><strong data-start=\"3786\" data-end=\"3800\">Important<\/strong> : Utilisez la solution de pulv\u00e9risation <strong data-start=\"3835\" data-end=\"3851\">le jour m\u00eame<\/strong> de sa pr\u00e9paration. \u00c9vitez de m\u00e9langer avec des fongicides cupriques, soufr\u00e9s ou de l&rsquo;hydroxyde de calcium pour pr\u00e9server son efficacit\u00e9. <\/p>\n<\/blockquote>\n<hr class=\"\" data-start=\"3974\" data-end=\"3977\">\n<h2 class=\"\" data-start=\"3979\" data-end=\"4012\">Recommandations et pr\u00e9cautions<\/h2>\n<ul data-start=\"4014\" data-end=\"4493\">\n<li class=\"\" data-start=\"4014\" data-end=\"4121\">\n<p class=\"\" data-start=\"4016\" data-end=\"4121\"><strong data-start=\"4016\" data-end=\"4047\">Pr\u00e9paration et utilisation imm\u00e9diate<\/strong> : Appliquez le m\u00e9lange le jour de sa pr\u00e9paration pour conserver sa puissance.<\/p>\n<\/li>\n<li class=\"\" data-start=\"4122\" data-end=\"4258\">\n<p class=\"\" data-start=\"4124\" data-end=\"4258\"><strong data-start=\"4124\" data-end=\"4154\">\u00c9vitez les heures de soleil intense<\/strong> : R\u00e9duisez le risque de br\u00fblures foliaires en appliquant le produit pendant les heures fra\u00eeches (matin ou soir).<\/p>\n<\/li>\n<li class=\"\" data-start=\"4259\" data-end=\"4368\">\n<p class=\"\" data-start=\"4261\" data-end=\"4368\"><strong data-start=\"4261\" data-end=\"4303\">N&rsquo;appliquez pas en cas de pluie ou de vent fort<\/strong> : Assurez-vous que le produit adh\u00e8re correctement aux feuilles.<\/p>\n<\/li>\n<li class=\"\" data-start=\"4369\" data-end=\"4493\">\n<p class=\"\" data-start=\"4371\" data-end=\"4493\"><strong data-start=\"4371\" data-end=\"4398\">Stockage appropri\u00e9<\/strong> : Conservez le produit dans un endroit frais, \u00e0 l&rsquo;abri de la lumi\u00e8re directe du soleil ou des temp\u00e9ratures \u00e9lev\u00e9es.<\/p>\n<\/li>\n<\/ul>\n<hr class=\"\" data-start=\"4495\" data-end=\"4498\">\n<h2 class=\"\" data-start=\"4500\" data-end=\"4547\">Pourquoi choisir ECOGANIC ECOGANIX d&rsquo;Ecoganic<\/h2>\n<p class=\"\" data-start=\"4549\" data-end=\"4711\">Chez <strong data-start=\"4552\" data-end=\"4564\">Ecoganic<\/strong>, nous nous engageons \u00e0 offrir des solutions qui combinent <strong data-start=\"4614\" data-end=\"4669\">efficacit\u00e9, durabilit\u00e9 et s\u00e9curit\u00e9 alimentaire<\/strong>. Avec <strong data-start=\"4675\" data-end=\"4696\">ECOGANIC ECOGANIX<\/strong>, nous vous offrons : <\/p>\n<ul data-start=\"4713\" data-end=\"5059\">\n<li class=\"\" data-start=\"4713\" data-end=\"4820\">\n<p class=\"\" data-start=\"4715\" data-end=\"4820\"><strong data-start=\"4715\" data-end=\"4756\">Confiance dans l&rsquo;agriculture biologique<\/strong> : Respecte les normes les plus \u00e9lev\u00e9es de production propre.<\/p>\n<\/li>\n<li class=\"\" data-start=\"4821\" data-end=\"4932\">\n<p class=\"\" data-start=\"4823\" data-end=\"4932\"><strong data-start=\"4823\" data-end=\"4842\">Support expert<\/strong> : Notre \u00e9quipe d&rsquo;agronomes est pr\u00eate \u00e0 vous conseiller \u00e0 chaque \u00e9tape du processus.<\/p>\n<\/li>\n<li class=\"\" data-start=\"4933\" data-end=\"5059\">\n<p class=\"\" data-start=\"4935\" data-end=\"5059\"><strong data-start=\"4935\" data-end=\"4961\">R\u00e9sultats prouv\u00e9s<\/strong> : Prot\u00e9gez vos cultures sans compromettre la qualit\u00e9 de vos r\u00e9coltes ni l&rsquo;\u00e9quilibre de l&rsquo;\u00e9cosyst\u00e8me.<\/p>\n<\/li>\n<\/ul>\n<hr class=\"\" data-start=\"5061\" data-end=\"5064\">\n<h2 class=\"\" data-start=\"5066\" data-end=\"5103\">Fiche technique d&rsquo;ECOGANIC ECOGANIX<\/h2>\n<div class=\"overflow-x-auto contain-inline-size\">\n<table data-start=\"5105\" data-end=\"5818\">\n<thead data-start=\"5105\" data-end=\"5190\">\n<tr data-start=\"5105\" data-end=\"5190\">\n<th data-start=\"5105\" data-end=\"5132\"><strong data-start=\"5107\" data-end=\"5127\">Nom commercial<\/strong><\/th>\n<th data-start=\"5132\" data-end=\"5190\"><strong data-start=\"5134\" data-end=\"5146\">ECOGANIX<\/strong><\/th>\n<\/tr>\n<\/thead>\n<tbody data-start=\"5277\" data-end=\"5818\">\n<tr data-start=\"5277\" data-end=\"5363\">\n<td><strong data-start=\"5279\" data-end=\"5300\">Classe de produit<\/strong><\/td>\n<td>Contr\u00f4le des maladies caus\u00e9es par des agents pathog\u00e8nes a\u00e9riens<\/td>\n<\/tr>\n<tr data-start=\"5364\" data-end=\"5448\">\n<td><strong data-start=\"5366\" data-end=\"5382\">Pr\u00e9sentation<\/strong><\/td>\n<td>Liquide<\/td>\n<\/tr>\n<tr data-start=\"5449\" data-end=\"5563\">\n<td><strong data-start=\"5451\" data-end=\"5461\">Action<\/strong><\/td>\n<td>\u00c9limine Botrytis, Peronospora, O\u00efdiums, Mildium, Rouilles, Fumagines et taches foliaires<\/td>\n<\/tr>\n<tr data-start=\"5564\" data-end=\"5648\">\n<td><strong data-start=\"5566\" data-end=\"5581\">Composition<\/strong><\/td>\n<td>Substance de base : L\u00e9cithine de soja<\/td>\n<\/tr>\n<tr data-start=\"5649\" data-end=\"5733\">\n<td><strong data-start=\"5651\" data-end=\"5661\">Emballage<\/strong><\/td>\n<td>1, 5 litres<\/td>\n<\/tr>\n<tr data-start=\"5734\" data-end=\"5818\">\n<td><strong data-start=\"5736\" data-end=\"5748\">Enregistrement<\/strong><\/td>\n<td>SUBSTANCE DE BASE : L\u00e9cithine de soja<\/td>\n<\/tr>\n<\/tbody>\n<\/table>\n<\/div>\n<hr class=\"\" data-start=\"5820\" data-end=\"5823\">\n<h3 class=\"\" data-start=\"5825\" data-end=\"5883\">Faites prosp\u00e9rer vos cultures avec ECOGANIC ECOGANIX !<\/h3>\n<p class=\"\" data-start=\"5885\" data-end=\"5947\"><strong data-start=\"5885\" data-end=\"5945\">Pr\u00eat pour un rendement sup\u00e9rieur et une protection \u00e9cologique ?<\/strong><\/p>\n<ul data-start=\"5948\" data-end=\"6198\">\n<li class=\"\" data-start=\"5948\" data-end=\"6014\">\n<p class=\"\" data-start=\"5950\" data-end=\"6014\">Visitez notre boutique en ligne et achetez <strong data-start=\"5990\" data-end=\"6011\">ECOGANIC ECOGANIX<\/strong>.<\/p>\n<\/li>\n<li class=\"\" data-start=\"6015\" data-end=\"6105\">\n<p class=\"\" data-start=\"6017\" data-end=\"6105\">Consultez nos experts agronomes pour optimiser vos plans de gestion agricole.<\/p>\n<\/li>\n<li class=\"\" data-start=\"6106\" data-end=\"6198\">\n<p class=\"\" data-start=\"6108\" data-end=\"6198\">Rejoignez l&rsquo;<strong data-start=\"6119\" data-end=\"6145\">Agriculture Durable<\/strong> et garantissez des <strong data-start=\"6158\" data-end=\"6197\">r\u00e9coltes saines, s\u00fbres et rentables<\/strong>.<\/p>\n<\/li>\n<\/ul>\n","protected":false},"excerpt":{"rendered":"<p>Bioprotecteur \u00e9cologique \u00e0 base de L\u00e9cithine de soja pour le contr\u00f4le efficace de Botrytis, Mildiou, O\u00efdium, Rouilles et autres maladies a\u00e9riennes dans vos cultures. Z\u00e9ro r\u00e9sidu. Id\u00e9al pour l&rsquo;agriculture biologique !  <\/p>\n","protected":false},"featured_media":1637,"template":"","meta":{"site-sidebar-layout":"default","site-content-layout":"","ast-site-content-layout":"default","site-content-style":"default","site-sidebar-style":"default","ast-global-header-display":"","ast-banner-title-visibility":"","ast-main-header-display":"","ast-hfb-above-header-display":"","ast-hfb-below-header-display":"","ast-hfb-mobile-header-display":"","site-post-title":"","ast-breadcrumbs-content":"","ast-featured-img":"","footer-sml-layout":"","theme-transparent-header-meta":"default","adv-header-id-meta":"","stick-header-meta":"","header-above-stick-meta":"","header-main-stick-meta":"","header-below-stick-meta":"","astra-migrate-meta-layouts":"default","ast-page-background-enabled":"default","ast-page-background-meta":{"desktop":{"background-color":"var(--ast-global-color-4)","background-image":"","background-repeat":"repeat","background-position":"center center","background-size":"auto","background-attachment":"scroll","background-type":"","background-media":"","overlay-type":"","overlay-color":"","overlay-opacity":"","overlay-gradient":""},"tablet":{"background-color":"","background-image":"","background-repeat":"repeat","background-position":"center center","background-size":"auto","background-attachment":"scroll","background-type":"","background-media":"","overlay-type":"","overlay-color":"","overlay-opacity":"","overlay-gradient":""},"mobile":{"background-color":"","background-image":"","background-repeat":"repeat","background-position":"center center","background-size":"auto","background-attachment":"scroll","background-type":"","background-media":"","overlay-type":"","overlay-color":"","overlay-opacity":"","overlay-gradient":""}},"ast-content-background-meta":{"desktop":{"background-color":"var(--ast-global-color-5)","background-image":"","background-repeat":"repeat","background-position":"center center","background-size":"auto","background-attachment":"scroll","background-type":"","background-media":"","overlay-type":"","overlay-color":"","overlay-opacity":"","overlay-gradient":""},"tablet":{"background-color":"var(--ast-global-color-5)","background-image":"","background-repeat":"repeat","background-position":"center center","background-size":"auto","background-attachment":"scroll","background-type":"","background-media":"","overlay-type":"","overlay-color":"","overlay-opacity":"","overlay-gradient":""},"mobile":{"background-color":"var(--ast-global-color-5)","background-image":"","background-repeat":"repeat","background-position":"center center","background-size":"auto","background-attachment":"scroll","background-type":"","background-media":"","overlay-type":"","overlay-color":"","overlay-opacity":"","overlay-gradient":""}}},"product_brand":[],"product_cat":[281,346],"product_tag":[476,473,475,474],"class_list":{"0":"post-2083","1":"product","2":"type-product","3":"status-publish","4":"has-post-thumbnail","6":"product_cat-bio-protecteurs-organiques","7":"product_cat-fongicide-organique","8":"product_tag-bioprotection-fr","9":"product_tag-fongicide-organique-2","10":"product_tag-lecithine-de-soja","11":"product_tag-lutte-contre-les-maladies-aeriennes","12":"desktop-align-left","13":"tablet-align-left","14":"mobile-align-left","16":"first","17":"instock","18":"shipping-taxable","19":"product-type-simple"},"_links":{"self":[{"href":"https:\/\/ecoganic.eu\/fr\/wp-json\/wp\/v2\/product\/2083","targetHints":{"allow":["GET"]}}],"collection":[{"href":"https:\/\/ecoganic.eu\/fr\/wp-json\/wp\/v2\/product"}],"about":[{"href":"https:\/\/ecoganic.eu\/fr\/wp-json\/wp\/v2\/types\/product"}],"version-history":[{"count":0,"href":"https:\/\/ecoganic.eu\/fr\/wp-json\/wp\/v2\/product\/2083\/revisions"}],"wp:featuredmedia":[{"embeddable":true,"href":"https:\/\/ecoganic.eu\/fr\/wp-json\/wp\/v2\/media\/1637"}],"wp:attachment":[{"href":"https:\/\/ecoganic.eu\/fr\/wp-json\/wp\/v2\/media?parent=2083"}],"wp:term":[{"taxonomy":"product_brand","embeddable":true,"href":"https:\/\/ecoganic.eu\/fr\/wp-json\/wp\/v2\/product_brand?post=2083"},{"taxonomy":"product_cat","embeddable":true,"href":"https:\/\/ecoganic.eu\/fr\/wp-json\/wp\/v2\/product_cat?post=2083"},{"taxonomy":"product_tag","embeddable":true,"href":"https:\/\/ecoganic.eu\/fr\/wp-json\/wp\/v2\/product_tag?post=2083"}],"curies":[{"name":"wp","href":"https:\/\/api.w.org\/{rel}","templated":true}]}}