{"id":2080,"date":"2024-10-30T15:50:57","date_gmt":"2024-10-30T15:50:57","guid":{"rendered":"https:\/\/ecoganic.eu\/producto\/ecoganic-fulvex-50-s\/"},"modified":"2024-10-30T15:50:57","modified_gmt":"2024-10-30T15:50:57","slug":"ecoganic-fulvex-50-s","status":"publish","type":"product","link":"https:\/\/ecoganic.eu\/fr\/produit\/ecoganic-fulvex-50-s\/","title":{"rendered":"Ecoganic FULVEX 50&nbsp;S"},"content":{"rendered":"<h2 data-start=\"921\" data-end=\"987\">Engrais organique avec acides fulviques&nbsp;: Ecoganic FULVEX 50 S<\/h2>\n<p data-start=\"1151\" data-end=\"1690\"><strong data-start=\"1151\" data-end=\"1175\">Ecoganic FULVEX 50 S<\/strong> est un engrais organique en poudre, hautement soluble, formul\u00e9 avec 50&nbsp;% d\u2019acides fulviques de haute puret\u00e9. Sa composition avanc\u00e9e am\u00e9liore l\u2019absorption des nutriments, optimise la fertilit\u00e9 du sol et stimule la croissance v\u00e9g\u00e9tale, assurant des cultures plus saines et productives. La structure chimique de FULVEX 50 S permet une assimilation rapide des nutriments tant en applications foliaires qu\u2019en fertirrigation, garantissant une efficacit\u00e9 sup\u00e9rieure dans l\u2019utilisation des intrants et une agriculture durable.  <\/p>\n<hr data-start=\"1692\" data-end=\"1695\">\n<h2 data-start=\"1697\" data-end=\"1729\">Qu\u2019est-ce qu\u2019Ecoganic FULVEX 50 S&nbsp;?<\/h2>\n<p data-start=\"1731\" data-end=\"2301\">Ecoganic FULVEX 50 S est un <strong data-start=\"1758\" data-end=\"1803\">engrais organique avec acides fulviques<\/strong> formul\u00e9 pour fournir un apport intensif d\u2019acides fulviques, essentiels pour faciliter la mobilit\u00e9 et l\u2019assimilation des nutriments dans les plantes. Sa formulation en poudre, enti\u00e8rement soluble dans l\u2019eau, permet de corriger les carences nutritionnelles et d\u2019am\u00e9liorer la structure du sol, ce qui se traduit par des cultures plus vigoureuses et r\u00e9silientes. De plus, sa composition avanc\u00e9e favorise l\u2019activit\u00e9 microbienne, promouvant un \u00e9cosyst\u00e8me racinaire sain et optimisant le rendement agronomique.  <\/p>\n<hr data-start=\"2303\" data-end=\"2306\">\n<h2 data-start=\"2308\" data-end=\"2373\">Avantages cl\u00e9s de l\u2019engrais organique avec acides fulviques<\/h2>\n<h3 data-start=\"2375\" data-end=\"2434\">1\ufe0f\u20e3 Nutrition efficace et meilleure absorption des nutriments<\/h3>\n<ul data-start=\"2435\" data-end=\"2839\">\n<li data-start=\"2435\" data-end=\"2575\"><strong data-start=\"2437\" data-end=\"2476\">Augmente la mobilit\u00e9 des nutriments&nbsp;:<\/strong> Facilite l\u2019assimilation des macro et micronutriments, maximisant l\u2019efficacit\u00e9 de la fertilisation.<\/li>\n<li data-start=\"2576\" data-end=\"2718\"><strong data-start=\"2578\" data-end=\"2607\">R\u00e9duction de la lixiviation&nbsp;:<\/strong> Sa haute puret\u00e9 et sa solubilit\u00e9 r\u00e9duisent les pertes de min\u00e9raux, assurant une meilleure exploitation du sol.<\/li>\n<li data-start=\"2719\" data-end=\"2839\"><strong data-start=\"2721\" data-end=\"2756\">Am\u00e9liore la structure du sol&nbsp;:<\/strong> Favorise un \u00e9quilibre optimal pour le d\u00e9veloppement racinaire et l\u2019absorption d\u2019eau.<\/li>\n<\/ul>\n<h3 data-start=\"2841\" data-end=\"2902\">2\ufe0f\u20e3 Am\u00e9liore la r\u00e9tention d\u2019eau et l\u2019activit\u00e9 microbienne<\/h3>\n<ul data-start=\"2903\" data-end=\"3141\">\n<li data-start=\"2903\" data-end=\"3003\"><strong data-start=\"2905\" data-end=\"2942\">Optimise la r\u00e9tention d\u2019humidit\u00e9&nbsp;:<\/strong> Id\u00e9al pour les sols sableux et les zones avec des probl\u00e8mes de drainage.<\/li>\n<li data-start=\"3004\" data-end=\"3141\"><strong data-start=\"3006\" data-end=\"3041\">Favorise l\u2019activit\u00e9 biologique&nbsp;:<\/strong> Stimule la croissance de micro-organismes b\u00e9n\u00e9fiques, cr\u00e9ant un \u00e9cosyst\u00e8me fertile et durable.<\/li>\n<\/ul>\n<h3 data-start=\"3143\" data-end=\"3204\">3\ufe0f\u20e3 Stimulateur de croissance et de qualit\u00e9 des cultures<\/h3>\n<ul data-start=\"3205\" data-end=\"3565\">\n<li data-start=\"3205\" data-end=\"3323\"><strong data-start=\"3207\" data-end=\"3240\">D\u00e9veloppement racinaire robuste&nbsp;:<\/strong> Favorise un syst\u00e8me racinaire fort qui am\u00e9liore l\u2019absorption des nutriments et de l\u2019eau.<\/li>\n<li data-start=\"3324\" data-end=\"3450\"><strong data-start=\"3326\" data-end=\"3362\">Augmente la qualit\u00e9 du fruit&nbsp;:<\/strong> Contribue \u00e0 obtenir des cultures plus uniformes, avec une plus grande taille, couleur et dur\u00e9e de conservation.<\/li>\n<li data-start=\"3451\" data-end=\"3565\"><strong data-start=\"3453\" data-end=\"3477\">Plus grande productivit\u00e9&nbsp;:<\/strong> Des cultures plus vigoureuses et saines se traduisent par des rendements plus \u00e9lev\u00e9s et une valeur commerciale.<\/li>\n<\/ul>\n<h3 data-start=\"3567\" data-end=\"3605\">4\ufe0f\u20e3 Produit biologique et durable<\/h3>\n<ul data-start=\"3606\" data-end=\"3980\">\n<li data-start=\"3606\" data-end=\"3710\"><strong data-start=\"3608\" data-end=\"3626\">100&nbsp;% biologique&nbsp;:<\/strong> \u00c9labor\u00e9 avec des ingr\u00e9dients naturels, sans r\u00e9sidus ni composants chimiques nocifs.<\/li>\n<li data-start=\"3711\" data-end=\"3840\"><strong data-start=\"3713\" data-end=\"3738\">Compatibilit\u00e9 totale&nbsp;:<\/strong> S\u2019int\u00e8gre sans probl\u00e8me dans les syst\u00e8mes de fertirrigation et les applications foliaires, sans obstruer les \u00e9quipements.<\/li>\n<li data-start=\"3841\" data-end=\"3980\"><strong data-start=\"3843\" data-end=\"3870\">Agriculture durable&nbsp;:<\/strong> Respecte la microbiologie du sol, promouvant une nutrition \u00e0 long terme et r\u00e9duisant l\u2019empreinte environnementale.<\/li>\n<\/ul>\n<hr data-start=\"3982\" data-end=\"3985\">\n<h2 data-start=\"3987\" data-end=\"4039\">Sp\u00e9cifications techniques d\u2019Ecoganic FULVEX 50 S<\/h2>\n<h3 data-start=\"4041\" data-end=\"4065\">Analyse garantie<\/h3>\n<div class=\"overflow-x-auto contain-inline-size\">\n<table data-start=\"4067\" data-end=\"5129\">\n<thead data-start=\"4067\" data-end=\"4184\">\n<tr data-start=\"4067\" data-end=\"4184\">\n<th data-start=\"4067\" data-end=\"4105\"><strong data-start=\"4069\" data-end=\"4082\">Param\u00e8tre<\/strong><\/th>\n<th data-start=\"4105\" data-end=\"4184\"><strong data-start=\"4107\" data-end=\"4118\">D\u00e9tail<\/strong><\/th>\n<\/tr>\n<\/thead>\n<tbody data-start=\"4303\" data-end=\"5129\">\n<tr data-start=\"4303\" data-end=\"4421\">\n<td><strong data-start=\"4305\" data-end=\"4320\">Composition<\/strong><\/td>\n<td>50&nbsp;% d\u2019acides fulviques de haute puret\u00e9<\/td>\n<\/tr>\n<tr data-start=\"4422\" data-end=\"4539\">\n<td><strong data-start=\"4424\" data-end=\"4435\">Format<\/strong><\/td>\n<td>Poudre soluble dans l\u2019eau<\/td>\n<\/tr>\n<tr data-start=\"4540\" data-end=\"4657\">\n<td><strong data-start=\"4542\" data-end=\"4553\">Humidit\u00e9<\/strong><\/td>\n<td>2,39&nbsp;% (p\/p)<\/td>\n<\/tr>\n<tr data-start=\"4658\" data-end=\"4775\">\n<td><strong data-start=\"4660\" data-end=\"4677\">Mati\u00e8re s\u00e8che<\/strong><\/td>\n<td>97,60&nbsp;% (p\/p)<\/td>\n<\/tr>\n<tr data-start=\"4776\" data-end=\"4893\">\n<td><strong data-start=\"4778\" data-end=\"4793\">Solubilit\u00e9<\/strong><\/td>\n<td>100&nbsp;%<\/td>\n<\/tr>\n<tr data-start=\"4894\" data-end=\"5011\">\n<td><strong data-start=\"4896\" data-end=\"4910\">Stockage<\/strong><\/td>\n<td>Jusqu\u2019\u00e0 2&nbsp;ans dans des conditions optimales<\/td>\n<\/tr>\n<tr data-start=\"5012\" data-end=\"5129\">\n<td><strong data-start=\"5014\" data-end=\"5027\">Toxicit\u00e9<\/strong><\/td>\n<td>Produit s\u00fbr et exempt de r\u00e9sidus nocifs<\/td>\n<\/tr>\n<\/tbody>\n<\/table>\n<\/div>\n<h3 data-start=\"5131\" data-end=\"5154\">Propri\u00e9t\u00e9s physiques<\/h3>\n<div class=\"overflow-x-auto contain-inline-size\">\n<table data-start=\"5156\" data-end=\"5625\">\n<thead data-start=\"5156\" data-end=\"5271\">\n<tr data-start=\"5156\" data-end=\"5271\">\n<th data-start=\"5156\" data-end=\"5194\"><strong data-start=\"5158\" data-end=\"5171\">Propri\u00e9t\u00e9<\/strong><\/th>\n<th data-start=\"5194\" data-end=\"5271\"><strong data-start=\"5196\" data-end=\"5205\">Valeur<\/strong><\/th>\n<\/tr>\n<\/thead>\n<tbody data-start=\"5390\" data-end=\"5625\">\n<tr data-start=\"5390\" data-end=\"5507\">\n<td><strong data-start=\"5392\" data-end=\"5401\">Couleur<\/strong><\/td>\n<td>Marron fonc\u00e9<\/td>\n<\/tr>\n<tr data-start=\"5508\" data-end=\"5625\">\n<td><strong data-start=\"5510\" data-end=\"5526\">Consistance<\/strong><\/td>\n<td>Poudre fine et enti\u00e8rement soluble dans l\u2019eau<\/td>\n<\/tr>\n<\/tbody>\n<\/table>\n<\/div>\n<hr data-start=\"5627\" data-end=\"5630\">\n<h2 data-start=\"5632\" data-end=\"5666\">Applications et utilisations dans les cultures<\/h2>\n<p data-start=\"5668\" data-end=\"5826\">L\u2019<strong data-start=\"5671\" data-end=\"5716\">engrais organique avec acides fulviques<\/strong> Ecoganic FULVEX 50 S s\u2019adapte \u00e0 diff\u00e9rents types de cultures, apportant des avantages sp\u00e9cifiques dans chaque cas&nbsp;:<\/p>\n<div class=\"overflow-x-auto contain-inline-size\">\n<table data-start=\"5828\" data-end=\"7431\">\n<thead data-start=\"5828\" data-end=\"6090\">\n<tr data-start=\"5828\" data-end=\"6090\">\n<th data-start=\"5828\" data-end=\"5874\"><strong data-start=\"5830\" data-end=\"5849\">Type de culture<\/strong><\/th>\n<th data-start=\"5874\" data-end=\"5922\"><strong data-start=\"5876\" data-end=\"5888\">Exemples<\/strong><\/th>\n<th data-start=\"5922\" data-end=\"6090\"><strong data-start=\"5924\" data-end=\"5953\">Avantages et applications<\/strong><\/th>\n<\/tr>\n<\/thead>\n<tbody data-start=\"6354\" data-end=\"7431\">\n<tr data-start=\"6354\" data-end=\"6620\">\n<td><strong data-start=\"6356\" data-end=\"6379\">Cultures extensives<\/strong><\/td>\n<td>Bl\u00e9, ma\u00efs, orge, riz<\/td>\n<td>Favorise le d\u00e9veloppement racinaire et am\u00e9liore la structure du sol, assurant une nutrition uniforme sur de grandes \u00e9tendues.<\/td>\n<\/tr>\n<tr data-start=\"6621\" data-end=\"6891\">\n<td><strong data-start=\"6623\" data-end=\"6646\">Cultures mara\u00eech\u00e8res<\/strong><\/td>\n<td>Tomates, poivrons, laitues, brocolis, aubergines<\/td>\n<td>Pr\u00e9vient les carences et am\u00e9liore la qualit\u00e9 des fruits, optimisant l\u2019absorption des nutriments et la r\u00e9tention d\u2019eau.<\/td>\n<\/tr>\n<tr data-start=\"6892\" data-end=\"7162\">\n<td><strong data-start=\"6894\" data-end=\"6924\">Arbres fruitiers et vignobles<\/strong><\/td>\n<td>Agrumes, pommiers, avocatiers, vignobles<\/td>\n<td>Renforce la peau du fruit, am\u00e9liore l\u2019uniformit\u00e9 et prolonge la dur\u00e9e de conservation, garantissant une meilleure qualit\u00e9 et r\u00e9sistance.<\/td>\n<\/tr>\n<tr data-start=\"7163\" data-end=\"7431\">\n<td><strong data-start=\"7165\" data-end=\"7203\">Cultures ornementales et sp\u00e9ciales<\/strong><\/td>\n<td>Plantes aromatiques, m\u00e9dicinales et fleurs<\/td>\n<td>Augmente la vigueur et la r\u00e9sistance des plantes, favorisant un d\u00e9veloppement sain et esth\u00e9tique dans les cultures ornementales et de p\u00e9pini\u00e8re.<\/td>\n<\/tr>\n<\/tbody>\n<\/table>\n<\/div>\n<hr data-start=\"7433\" data-end=\"7436\">\n<h2 data-start=\"7438\" data-end=\"7476\">Mode d&rsquo;application et compatibilit\u00e9<\/h2>\n<h3 data-start=\"7478\" data-end=\"7502\">Instructions d&rsquo;utilisation<\/h3>\n<div class=\"overflow-x-auto contain-inline-size\">\n<table data-start=\"7504\" data-end=\"8872\">\n<thead data-start=\"7504\" data-end=\"7777\">\n<tr data-start=\"7504\" data-end=\"7777\">\n<th data-start=\"7504\" data-end=\"7548\"><strong data-start=\"7506\" data-end=\"7530\">M\u00e9thode d\u2019application<\/strong><\/th>\n<th data-start=\"7548\" data-end=\"7604\"><strong data-start=\"7550\" data-end=\"7571\">Dose recommand\u00e9e<\/strong><\/th>\n<th data-start=\"7604\" data-end=\"7777\"><strong data-start=\"7606\" data-end=\"7638\">Fr\u00e9quence et consid\u00e9rations<\/strong><\/th>\n<\/tr>\n<\/thead>\n<tbody data-start=\"8051\" data-end=\"8872\">\n<tr data-start=\"8051\" data-end=\"8321\">\n<td><strong data-start=\"8053\" data-end=\"8074\">Application foliaire<\/strong><\/td>\n<td>250-500&nbsp;g\/100&nbsp;L d\u2019eau<\/td>\n<td>Appliquer uniform\u00e9ment sur le feuillage pendant les phases de croissance v\u00e9g\u00e9tative, de pr\u00e9floraison et de nouaison pour maximiser l\u2019absorption et l\u2019efficacit\u00e9.<\/td>\n<\/tr>\n<tr data-start=\"8322\" data-end=\"8599\">\n<td><strong data-start=\"8324\" data-end=\"8365\">Application par irrigation (Fertirrigation)<\/strong><\/td>\n<td>2 \u00e0 6&nbsp;kg\/ha par application<\/td>\n<td>R\u00e9partir uniform\u00e9ment pendant le cycle de la culture. Ajuster en fonction de l\u2019analyse du sol et des exigences sp\u00e9cifiques de la culture. <\/td>\n<\/tr>\n<tr data-start=\"8600\" data-end=\"8872\">\n<td><strong data-start=\"8602\" data-end=\"8621\">Compatibilit\u00e9&nbsp;:<\/strong><\/td>\n<td>\u2013<\/td>\n<td>Compatible avec la plupart des engrais et des produits phytosanitaires. Il est recommand\u00e9 d\u2019effectuer des tests pr\u00e9alables dans de nouveaux m\u00e9langes pour assurer la stabilit\u00e9 et l\u2019efficacit\u00e9. <\/td>\n<\/tr>\n<\/tbody>\n<\/table>\n<\/div>\n<p data-start=\"8874\" data-end=\"9041\"><em data-start=\"8874\" data-end=\"8890\">Recommandation&nbsp;:<\/em> Appliquer pendant les heures de faible rayonnement solaire (t\u00f4t le matin ou au cr\u00e9puscule) pour minimiser l\u2019\u00e9vaporation et maximiser l\u2019assimilation du produit.<\/p>\n<hr data-start=\"9043\" data-end=\"9046\">\n<h2 data-start=\"9048\" data-end=\"9088\">Pourquoi choisir Ecoganic FULVEX 50 S&nbsp;?<\/h2>\n<ul data-start=\"9090\" data-end=\"9916\">\n<li data-start=\"9090\" data-end=\"9267\"><strong data-start=\"9092\" data-end=\"9114\">Efficacit\u00e9 maximale&nbsp;:<\/strong> Sa forte concentration en acides fulviques garantit une assimilation et une distribution rapides des nutriments, favorisant des cultures plus fortes et plus saines.<\/li>\n<li data-start=\"9268\" data-end=\"9429\"><strong data-start=\"9270\" data-end=\"9297\">Optimisation du sol&nbsp;:<\/strong> Am\u00e9liore la structure et la fertilit\u00e9 du sol, augmentant la r\u00e9tention d\u2019eau et r\u00e9duisant la lixiviation des min\u00e9raux essentiels.<\/li>\n<li data-start=\"9430\" data-end=\"9592\"><strong data-start=\"9432\" data-end=\"9458\">Croissance et qualit\u00e9&nbsp;:<\/strong> Stimule le d\u00e9veloppement racinaire et la production de fruits, assurant des r\u00e9coltes \u00e0 haut rendement et d\u2019excellente qualit\u00e9 apr\u00e8s r\u00e9colte.<\/li>\n<li data-start=\"9593\" data-end=\"9736\"><strong data-start=\"9595\" data-end=\"9624\">Durabilit\u00e9 environnementale&nbsp;:<\/strong> Produit 100&nbsp;% biologique, sans chlorures ni r\u00e9sidus nocifs, adapt\u00e9 \u00e0 l\u2019agriculture biologique et conventionnelle.<\/li>\n<li data-start=\"9737\" data-end=\"9916\"><strong data-start=\"9739\" data-end=\"9763\">Polyvalence d\u2019utilisation&nbsp;:<\/strong> Compatible avec diverses m\u00e9thodes d\u2019application, telles que la fertirrigation et l\u2019application foliaire, ce qui permet son int\u00e9gration dans tout programme nutritionnel.<\/li>\n<\/ul>\n<hr data-start=\"9918\" data-end=\"9921\">\n<h2 data-start=\"9923\" data-end=\"9955\">Ressources et liens d\u2019int\u00e9r\u00eat<\/h2>\n<ul data-start=\"9957\" data-end=\"10295\">\n<li data-start=\"9957\" data-end=\"10136\">\n<p data-start=\"9959\" data-end=\"9994\"><strong data-start=\"9959\" data-end=\"9992\">Ressources externes (DoFollow)&nbsp;:<\/strong><\/p>\n<ul data-start=\"9997\" data-end=\"10136\">\n<li data-start=\"9997\" data-end=\"10060\"><a href=\"https:\/\/www.ecocert.com\" target=\"_new\" rel=\"noopener\" data-start=\"9999\" data-end=\"10058\">Ecocert \u2013 Certification organique<\/a><\/li>\n<li data-start=\"10063\" data-end=\"10136\"><a href=\"http:\/\/www.fao.org\/sustainability\/en\/\" target=\"_new\" rel=\"noopener\" data-start=\"10065\" data-end=\"10134\">FAO \u2013 Agriculture durable<\/a><\/li>\n<\/ul>\n<\/li>\n<li data-start=\"10138\" data-end=\"10295\">\n<p data-start=\"10140\" data-end=\"10163\"><strong data-start=\"10140\" data-end=\"10161\">Liens internes&nbsp;:<\/strong><\/p>\n<ul data-start=\"10166\" data-end=\"10295\">\n<li data-start=\"10166\" data-end=\"10245\"><a href=\"https:\/\/ecoganic.eu\/distribuidores\/\" target=\"_new\" rel=\"noopener\" data-start=\"10168\" data-end=\"10243\">Distributeurs officiels d\u2019Ecoganic<\/a><\/li>\n<li data-start=\"10248\" data-end=\"10295\"><a href=\"https:\/\/ecoganic.eu\/fr\/blog\/\" target=\"_new\" rel=\"noopener\" data-start=\"10250\" data-end=\"10295\">Blog d\u2019Ecoganic<\/a><\/li>\n<\/ul>\n<\/li>\n<\/ul>\n<p data-start=\"10297\" data-end=\"10437\">Ces ressources renforcent l\u2019autorit\u00e9 du contenu et offrent des informations suppl\u00e9mentaires sur les pratiques agricoles durables et les certifications.<\/p>\n<hr data-start=\"10439\" data-end=\"10442\">\n<h2 data-start=\"10444\" data-end=\"10526\">Foire aux questions sur l\u2019engrais liquide organique avec acides fulviques<\/h2>\n<p data-start=\"10528\" data-end=\"10903\"><strong data-start=\"10528\" data-end=\"10623\">\u2753 Qu\u2019est-ce qu\u2019Ecoganic FULVEX 50 S et comment agit-il comme engrais organique avec acides fulviques&nbsp;?<\/strong><br data-start=\"10623\" data-end=\"10626\">Ecoganic FULVEX 50 S est un engrais organique en poudre, formul\u00e9 avec 50&nbsp;% d\u2019acides fulviques de haute puret\u00e9. Sa solubilit\u00e9 et son absorption rapides am\u00e9liorent la disponibilit\u00e9 des nutriments dans le sol, renfor\u00e7ant le d\u00e9veloppement racinaire et stimulant la croissance v\u00e9g\u00e9tale. <\/p>\n<p data-start=\"10905\" data-end=\"11245\"><strong data-start=\"10905\" data-end=\"10972\">\u2753 Quels sont les principaux avantages de l\u2019utilisation de ce produit&nbsp;?<\/strong><br data-start=\"10972\" data-end=\"10975\">Ses principaux avantages comprennent l\u2019am\u00e9lioration de l\u2019absorption des nutriments, l\u2019optimisation de la structure du sol, la r\u00e9tention d\u2019eau et l\u2019augmentation du rendement et de la qualit\u00e9 des cultures, le tout de mani\u00e8re durable et respectueuse de l\u2019environnement.<\/p>\n<p data-start=\"11247\" data-end=\"11469\"><strong data-start=\"11247\" data-end=\"11291\">\u2753 Dans quelles cultures son utilisation est-elle recommand\u00e9e&nbsp;?<\/strong><br data-start=\"11291\" data-end=\"11294\">Il est id\u00e9al pour les cultures extensives, mara\u00eech\u00e8res, fruiti\u00e8res, les vignobles et les cultures ornementales, s\u2019adaptant \u00e0 diverses conditions agronomiques et garantissant une nutrition uniforme.<\/p>\n<p data-start=\"11471\" data-end=\"11736\"><strong data-start=\"11471\" data-end=\"11514\">\u2753 Comment appliquer Ecoganic FULVEX 50 S&nbsp;?<\/strong><br data-start=\"11514\" data-end=\"11517\">Il peut \u00eatre appliqu\u00e9 aussi bien par voie foliaire (250-500&nbsp;g\/100&nbsp;L d\u2019eau) que par fertirrigation (2-6&nbsp;kg\/ha par application). Il est recommand\u00e9 d\u2019ajuster les doses en fonction de l\u2019analyse du sol et des besoins sp\u00e9cifiques de la culture. <\/p>\n<p data-start=\"11738\" data-end=\"11962\"><strong data-start=\"11738\" data-end=\"11787\">\u2753 Est-il compatible avec d\u2019autres intrants agricoles&nbsp;?<\/strong><br data-start=\"11787\" data-end=\"11790\">Oui, il est compatible avec la plupart des engrais et produits phytosanitaires. Il est sugg\u00e9r\u00e9 d\u2019effectuer des tests pr\u00e9alables dans de nouveaux m\u00e9langes pour assurer la stabilit\u00e9 et l\u2019efficacit\u00e9. <\/p>\n<hr data-start=\"11964\" data-end=\"11967\">\n<h2 data-start=\"11969\" data-end=\"12004\">Conclusion et appel \u00e0 l\u2019action<\/h2>\n<p data-start=\"12006\" data-end=\"12530\">En r\u00e9sum\u00e9, <strong data-start=\"12018\" data-end=\"12042\">Ecoganic FULVEX 50 S<\/strong> est l\u2019<strong data-start=\"12049\" data-end=\"12102\">engrais liquide organique avec acides fulviques<\/strong> id\u00e9al pour am\u00e9liorer la nutrition du sol et stimuler la croissance v\u00e9g\u00e9tale. Sa formulation innovante, avec 50&nbsp;% d\u2019acides fulviques de haute puret\u00e9, garantit une assimilation rapide des nutriments, ce qui se traduit par des cultures plus vigoureuses, r\u00e9sistantes et de haute qualit\u00e9. Ce produit est indispensable pour les agriculteurs et les distributeurs qui cherchent \u00e0 optimiser la productivit\u00e9 de leurs cultures de mani\u00e8re durable et \u00e9cologique.  <\/p>\n<p data-start=\"12532\" data-end=\"12825\"><strong data-start=\"12532\" data-end=\"12587\">Optimisez vos cultures de mani\u00e8re organique d\u00e8s aujourd\u2019hui&nbsp;!<\/strong><br data-start=\"12587\" data-end=\"12590\">Visitez notre <a href=\"https:\/\/ecoganic.eu\/fr\/contact\/\" target=\"_new\" rel=\"noopener\" data-start=\"12605\" data-end=\"12656\">page de contact<\/a> ou consultez la <a href=\"https:\/\/ecoganic.eu\/distribuidores\/\" target=\"_new\" rel=\"noopener\" data-start=\"12671\" data-end=\"12735\">section des distributeurs<\/a> pour obtenir Ecoganic FULVEX 50 S et faire passer la nutrition de vos champs au niveau sup\u00e9rieur.<\/p>\n","protected":false},"excerpt":{"rendered":"<p>D\u00e9couvrez Ecoganic FULVEX 50 S, l\u2019engrais organique avec acides fulviques \u00e0 50&nbsp;% de haute puret\u00e9. Optimisez l\u2019absorption des nutriments et am\u00e9liorez la fertilit\u00e9 du sol pour des cultures saines et durables. <\/p>\n","protected":false},"featured_media":1465,"template":"","meta":{"site-sidebar-layout":"default","site-content-layout":"","ast-site-content-layout":"default","site-content-style":"default","site-sidebar-style":"default","ast-global-header-display":"","ast-banner-title-visibility":"","ast-main-header-display":"","ast-hfb-above-header-display":"","ast-hfb-below-header-display":"","ast-hfb-mobile-header-display":"","site-post-title":"","ast-breadcrumbs-content":"","ast-featured-img":"","footer-sml-layout":"","theme-transparent-header-meta":"default","adv-header-id-meta":"","stick-header-meta":"","header-above-stick-meta":"","header-main-stick-meta":"","header-below-stick-meta":"","astra-migrate-meta-layouts":"default","ast-page-background-enabled":"default","ast-page-background-meta":{"desktop":{"background-color":"var(--ast-global-color-4)","background-image":"","background-repeat":"repeat","background-position":"center center","background-size":"auto","background-attachment":"scroll","background-type":"","background-media":"","overlay-type":"","overlay-color":"","overlay-opacity":"","overlay-gradient":""},"tablet":{"background-color":"","background-image":"","background-repeat":"repeat","background-position":"center center","background-size":"auto","background-attachment":"scroll","background-type":"","background-media":"","overlay-type":"","overlay-color":"","overlay-opacity":"","overlay-gradient":""},"mobile":{"background-color":"","background-image":"","background-repeat":"repeat","background-position":"center center","background-size":"auto","background-attachment":"scroll","background-type":"","background-media":"","overlay-type":"","overlay-color":"","overlay-opacity":"","overlay-gradient":""}},"ast-content-background-meta":{"desktop":{"background-color":"var(--ast-global-color-5)","background-image":"","background-repeat":"repeat","background-position":"center center","background-size":"auto","background-attachment":"scroll","background-type":"","background-media":"","overlay-type":"","overlay-color":"","overlay-opacity":"","overlay-gradient":""},"tablet":{"background-color":"var(--ast-global-color-5)","background-image":"","background-repeat":"repeat","background-position":"center center","background-size":"auto","background-attachment":"scroll","background-type":"","background-media":"","overlay-type":"","overlay-color":"","overlay-opacity":"","overlay-gradient":""},"mobile":{"background-color":"var(--ast-global-color-5)","background-image":"","background-repeat":"repeat","background-position":"center center","background-size":"auto","background-attachment":"scroll","background-type":"","background-media":"","overlay-type":"","overlay-color":"","overlay-opacity":"","overlay-gradient":""}}},"product_brand":[],"product_cat":[398,315],"product_tag":[401,347,402,423,404,388,403],"class_list":{"0":"post-2080","1":"product","2":"type-product","3":"status-publish","4":"has-post-thumbnail","6":"product_cat-biostimulants-organiques","7":"product_cat-fertilisants-organiques","8":"product_tag-acides-fulviques","9":"product_tag-agriculture-biologique-fr","10":"product_tag-amelioration-du-sol","11":"product_tag-cultures-a-haut-rendement","12":"product_tag-cultures-vigoureuses","13":"product_tag-fertilisant-liquide-organique","14":"product_tag-retention-deau","15":"desktop-align-left","16":"tablet-align-left","17":"mobile-align-left","19":"first","20":"instock","21":"shipping-taxable","22":"product-type-simple"},"_links":{"self":[{"href":"https:\/\/ecoganic.eu\/fr\/wp-json\/wp\/v2\/product\/2080","targetHints":{"allow":["GET"]}}],"collection":[{"href":"https:\/\/ecoganic.eu\/fr\/wp-json\/wp\/v2\/product"}],"about":[{"href":"https:\/\/ecoganic.eu\/fr\/wp-json\/wp\/v2\/types\/product"}],"version-history":[{"count":0,"href":"https:\/\/ecoganic.eu\/fr\/wp-json\/wp\/v2\/product\/2080\/revisions"}],"wp:featuredmedia":[{"embeddable":true,"href":"https:\/\/ecoganic.eu\/fr\/wp-json\/wp\/v2\/media\/1465"}],"wp:attachment":[{"href":"https:\/\/ecoganic.eu\/fr\/wp-json\/wp\/v2\/media?parent=2080"}],"wp:term":[{"taxonomy":"product_brand","embeddable":true,"href":"https:\/\/ecoganic.eu\/fr\/wp-json\/wp\/v2\/product_brand?post=2080"},{"taxonomy":"product_cat","embeddable":true,"href":"https:\/\/ecoganic.eu\/fr\/wp-json\/wp\/v2\/product_cat?post=2080"},{"taxonomy":"product_tag","embeddable":true,"href":"https:\/\/ecoganic.eu\/fr\/wp-json\/wp\/v2\/product_tag?post=2080"}],"curies":[{"name":"wp","href":"https:\/\/api.w.org\/{rel}","templated":true}]}}