{"id":2079,"date":"2024-10-30T15:41:27","date_gmt":"2024-10-30T15:41:27","guid":{"rendered":"https:\/\/ecoganic.eu\/producto\/ecoganic-nitrotech-16\/"},"modified":"2024-10-30T15:41:27","modified_gmt":"2024-10-30T15:41:27","slug":"ecoganic-nitrotech-16","status":"publish","type":"product","link":"https:\/\/ecoganic.eu\/fr\/produit\/ecoganic-nitrotech-16\/","title":{"rendered":"Ecoganic NITROTECH 16 %"},"content":{"rendered":"<h2 class=\"\" data-start=\"1971\" data-end=\"2007\">1. Description et sp\u00e9cifications<\/h2>\n<p class=\"\" data-start=\"2009\" data-end=\"2620\">Ecoganic NITROTECH 16 est un engrais biologique en poudre formul\u00e9 pour pr\u00e9venir et corriger les carences en azote. Ce produit favorise la croissance et la vigueur des plantes, garantissant son action sans apporter de chlorures. Sa formulation, bas\u00e9e sur des esp\u00e8ces v\u00e9g\u00e9tales comme le soja, permet d\u2019obtenir un compos\u00e9 100 % soluble avec une efficacit\u00e9 \u00e9lev\u00e9e et une absorption rapide, atteignant jusqu\u2019\u00e0 90 % dans les 3 premi\u00e8res heures apr\u00e8s son application foliaire. Son caract\u00e8re neutre minimise le risque de contamination par l\u2019azote, optimisant la nutrition v\u00e9g\u00e9tale sans recourir \u00e0 l\u2019utilisation massive d\u2019engrais conventionnels.   <\/p>\n<h3 class=\"\" data-start=\"2622\" data-end=\"2642\">Avantages cl\u00e9s<\/h3>\n<ul data-start=\"2643\" data-end=\"3050\">\n<li class=\"\" data-start=\"2643\" data-end=\"2736\">\n<p class=\"\" data-start=\"2645\" data-end=\"2736\"><strong data-start=\"2645\" data-end=\"2673\">Pr\u00e9vention et correction :<\/strong> Corrige les carences en azote, favorisant la croissance.<\/p>\n<\/li>\n<li class=\"\" data-start=\"2737\" data-end=\"2862\">\n<p class=\"\" data-start=\"2739\" data-end=\"2862\"><strong data-start=\"2739\" data-end=\"2763\">Application polyvalente :<\/strong> Peut \u00eatre appliqu\u00e9 par voie foliaire ou par fertirrigation \u00e0 n\u2019importe quelle \u00e9tape du cycle v\u00e9g\u00e9tatif.<\/p>\n<\/li>\n<li class=\"\" data-start=\"2863\" data-end=\"2957\">\n<p class=\"\" data-start=\"2865\" data-end=\"2957\"><strong data-start=\"2865\" data-end=\"2885\">Haute efficacit\u00e9 :<\/strong> Absorption rapide et activation des syst\u00e8mes m\u00e9taboliques de la plante.<\/p>\n<\/li>\n<li class=\"\" data-start=\"2958\" data-end=\"3050\">\n<p class=\"\" data-start=\"2960\" data-end=\"3050\"><strong data-start=\"2960\" data-end=\"2974\">\u00c9cologique :<\/strong> Convient \u00e0 l\u2019agriculture biologique, conform\u00e9ment aux r\u00e9glementations internationales.<\/p>\n<\/li>\n<\/ul>\n<hr class=\"\" data-start=\"3052\" data-end=\"3055\">\n<h2 class=\"\" data-start=\"3057\" data-end=\"3077\">2. Mode d\u2019action<\/h2>\n<p class=\"\" data-start=\"3079\" data-end=\"3154\">Ecoganic NITROTECH 16 agit de mani\u00e8re int\u00e9grale sur le d\u00e9veloppement de la culture :<\/p>\n<ul data-start=\"3156\" data-end=\"3541\">\n<li class=\"\" data-start=\"3156\" data-end=\"3337\">\n<p class=\"\" data-start=\"3158\" data-end=\"3337\"><strong data-start=\"3158\" data-end=\"3186\">Stimulation m\u00e9tabolique :<\/strong> Pendant la phase de croissance, active les processus m\u00e9taboliques qui potentialisent l\u2019absorption des nutriments et am\u00e9liorent la r\u00e9ponse face aux conditions adverses.<\/p>\n<\/li>\n<li class=\"\" data-start=\"3338\" data-end=\"3541\">\n<p class=\"\" data-start=\"3340\" data-end=\"3541\"><strong data-start=\"3340\" data-end=\"3371\">Cicatrisation et protection :<\/strong> Sa teneur \u00e9lev\u00e9e en acides amin\u00e9s favorise la cicatrisation des coupures ou des blessures sur les feuilles, offrant une protection suppl\u00e9mentaire face aux facteurs de stress abiotique.<\/p>\n<\/li>\n<\/ul>\n<hr class=\"\" data-start=\"3543\" data-end=\"3546\">\n<h2 class=\"\" data-start=\"3548\" data-end=\"3574\">3. Analyse garantie<\/h2>\n<p class=\"\" data-start=\"3576\" data-end=\"3672\">Le tableau suivant r\u00e9sume la composition du produit, avec des pourcentages exprim\u00e9s en poids (p\/p) :<\/p>\n<div class=\"overflow-x-auto contain-inline-size\">\n<table data-start=\"3674\" data-end=\"4186\">\n<thead data-start=\"3674\" data-end=\"3730\">\n<tr data-start=\"3674\" data-end=\"3730\">\n<th data-start=\"3674\" data-end=\"3706\"><strong data-start=\"3676\" data-end=\"3690\">Composant<\/strong><\/th>\n<th data-start=\"3706\" data-end=\"3730\"><strong data-start=\"3708\" data-end=\"3728\">Pourcentage (p\/p)<\/strong><\/th>\n<\/tr>\n<\/thead>\n<tbody data-start=\"3788\" data-end=\"4186\">\n<tr data-start=\"3788\" data-end=\"3844\">\n<td>Azote total (N)<\/td>\n<td>16,00 %<\/td>\n<\/tr>\n<tr data-start=\"3845\" data-end=\"3901\">\n<td>Azote ammoniacal<\/td>\n<td>0,20 %<\/td>\n<\/tr>\n<tr data-start=\"3902\" data-end=\"3958\">\n<td>Azote organique<\/td>\n<td>15,80 %<\/td>\n<\/tr>\n<tr data-start=\"3959\" data-end=\"4015\">\n<td>Acides amin\u00e9s totaux<\/td>\n<td>98,60 %<\/td>\n<\/tr>\n<tr data-start=\"4016\" data-end=\"4072\">\n<td>Mati\u00e8re organique totale<\/td>\n<td>91,50 %<\/td>\n<\/tr>\n<tr data-start=\"4073\" data-end=\"4129\">\n<td>Carbone organique total (C)<\/td>\n<td>53,10 %<\/td>\n<\/tr>\n<tr data-start=\"4130\" data-end=\"4186\">\n<td>Rapport C\/N<\/td>\n<td>3,29<\/td>\n<\/tr>\n<\/tbody>\n<\/table>\n<\/div>\n<hr class=\"\" data-start=\"4188\" data-end=\"4191\">\n<h2 class=\"\" data-start=\"4193\" data-end=\"4218\">4. Propri\u00e9t\u00e9s physiques<\/h2>\n<div class=\"overflow-x-auto contain-inline-size\">\n<table data-start=\"4220\" data-end=\"4489\">\n<thead data-start=\"4220\" data-end=\"4264\">\n<tr data-start=\"4220\" data-end=\"4264\">\n<th data-start=\"4220\" data-end=\"4241\"><strong data-start=\"4222\" data-end=\"4235\">Propri\u00e9t\u00e9<\/strong><\/th>\n<th data-start=\"4241\" data-end=\"4264\"><strong data-start=\"4243\" data-end=\"4254\">D\u00e9tail<\/strong><\/th>\n<\/tr>\n<\/thead>\n<tbody data-start=\"4310\" data-end=\"4489\">\n<tr data-start=\"4310\" data-end=\"4354\">\n<td><strong data-start=\"4312\" data-end=\"4322\">\u00c9tat<\/strong><\/td>\n<td>Poudre soluble<\/td>\n<\/tr>\n<tr data-start=\"4355\" data-end=\"4399\">\n<td><strong data-start=\"4357\" data-end=\"4366\">Couleur<\/strong><\/td>\n<td>Marron<\/td>\n<\/tr>\n<tr data-start=\"4400\" data-end=\"4444\">\n<td><strong data-start=\"4402\" data-end=\"4413\">Humidit\u00e9<\/strong><\/td>\n<td>2,36 % (p\/p)<\/td>\n<\/tr>\n<tr data-start=\"4445\" data-end=\"4489\">\n<td><strong data-start=\"4447\" data-end=\"4464\">Mati\u00e8re s\u00e8che<\/strong><\/td>\n<td>97,60 % (p\/p)<\/td>\n<\/tr>\n<\/tbody>\n<\/table>\n<\/div>\n<hr class=\"\" data-start=\"4491\" data-end=\"4494\">\n<h2 class=\"\" data-start=\"4496\" data-end=\"4542\">5. Recommandations g\u00e9n\u00e9rales d\u2019utilisation et doses<\/h2>\n<p class=\"\" data-start=\"4544\" data-end=\"4754\">Ecoganic NITROTECH 16 est commercialis\u00e9 en conteneurs de 2 kg, 10 kg et 20 kg. Il est recommand\u00e9 de l\u2019appliquer en fonction du type de culture, de son \u00e9tat ph\u00e9nologique, du niveau de carence et des caract\u00e9ristiques du sol. <\/p>\n<h3 class=\"\" data-start=\"4756\" data-end=\"4801\">Tableau des applications par type de culture<\/h3>\n<div class=\"overflow-x-auto contain-inline-size\">\n<table data-start=\"4803\" data-end=\"5467\">\n<thead data-start=\"4803\" data-end=\"4935\">\n<tr data-start=\"4803\" data-end=\"4935\">\n<th data-start=\"4803\" data-end=\"4829\"><strong data-start=\"4805\" data-end=\"4824\">Type de culture<\/strong><\/th>\n<th data-start=\"4829\" data-end=\"4895\"><strong data-start=\"4831\" data-end=\"4852\">Application foliaire<\/strong><\/th>\n<th data-start=\"4895\" data-end=\"4935\"><strong data-start=\"4897\" data-end=\"4915\">Fertirrigation<\/strong><\/th>\n<\/tr>\n<\/thead>\n<tbody data-start=\"5069\" data-end=\"5467\">\n<tr data-start=\"5069\" data-end=\"5201\">\n<td><strong data-start=\"5071\" data-end=\"5091\">Arbres fruitiers<\/strong><\/td>\n<td>2 \u00e0 3 kg\/1000 L par application (3 \u00e0 4 applications)<\/td>\n<td>3 \u00e0 5 kg\/ha par application<\/td>\n<\/tr>\n<tr data-start=\"5202\" data-end=\"5334\">\n<td><strong data-start=\"5204\" data-end=\"5227\">Cultures mara\u00eech\u00e8res<\/strong><\/td>\n<td>2 \u00e0 3 kg\/1000 L par application (3 \u00e0 4 applications)<\/td>\n<td>3 \u00e0 5 kg\/ha par application<\/td>\n<\/tr>\n<tr data-start=\"5335\" data-end=\"5467\">\n<td><strong data-start=\"5337\" data-end=\"5360\">Cultures extensives<\/strong><\/td>\n<td>2 \u00e0 3 kg\/1000 L par application (3 \u00e0 4 applications)<\/td>\n<td>3 \u00e0 5 kg\/ha par application<\/td>\n<\/tr>\n<\/tbody>\n<\/table>\n<\/div>\n<blockquote data-start=\"5469\" data-end=\"5670\">\n<p class=\"\" data-start=\"5471\" data-end=\"5670\"><strong data-start=\"5471\" data-end=\"5480\">Remarque :<\/strong> Les doses indiqu\u00e9es sont des recommandations g\u00e9n\u00e9rales. La quantit\u00e9 exacte \u00e0 appliquer d\u00e9pendra de la culture sp\u00e9cifique, de son \u00e9tat ph\u00e9nologique, du niveau de carence et des caract\u00e9ristiques du sol. <\/p>\n<\/blockquote>\n<hr class=\"\" data-start=\"5672\" data-end=\"5675\">\n<h2 class=\"\" data-start=\"5677\" data-end=\"5710\">6. Certifications et r\u00e9glementation<\/h2>\n<p class=\"\" data-start=\"5712\" data-end=\"5835\">Ecoganic NITROTECH 16 est conforme aux exigences pour son utilisation en agriculture biologique, conform\u00e9ment aux r\u00e9glementations suivantes :<\/p>\n<ul data-start=\"5837\" data-end=\"5922\">\n<li class=\"\" data-start=\"5837\" data-end=\"5868\">\n<p class=\"\" data-start=\"5839\" data-end=\"5868\"><strong data-start=\"5839\" data-end=\"5868\">R\u00e8glement UE n\u00b0 2018\/848<\/strong><\/p>\n<\/li>\n<li class=\"\" data-start=\"5869\" data-end=\"5901\">\n<p class=\"\" data-start=\"5871\" data-end=\"5901\"><strong data-start=\"5871\" data-end=\"5901\">R\u00e8glement UE n\u00b0 2021\/1165<\/strong><\/p>\n<\/li>\n<li class=\"\" data-start=\"5902\" data-end=\"5922\">\n<p class=\"\" data-start=\"5904\" data-end=\"5922\"><strong data-start=\"5904\" data-end=\"5922\">R\u00e8glement NOP<\/strong><\/p>\n<\/li>\n<\/ul>\n<p class=\"\" data-start=\"5924\" data-end=\"6070\">Le produit est soumis au contr\u00f4le de qualit\u00e9 d\u2019ECOCERT SAS, garantissant le respect des normes \u00e9cologiques et de durabilit\u00e9 exig\u00e9es.<\/p>\n<hr class=\"\" data-start=\"6072\" data-end=\"6075\">\n<h2 class=\"\" data-start=\"6077\" data-end=\"6106\">7. Consid\u00e9rations finales<\/h2>\n<ul data-start=\"6108\" data-end=\"6569\">\n<li class=\"\" data-start=\"6108\" data-end=\"6313\">\n<p class=\"\" data-start=\"6110\" data-end=\"6313\"><strong data-start=\"6110\" data-end=\"6136\">Conseils techniques :<\/strong> Il est recommand\u00e9 d\u2019utiliser Ecoganic NITROTECH 16 sous la supervision d\u2019un professionnel afin d\u2019ajuster les doses et les temps d\u2019application en fonction des besoins sp\u00e9cifiques de la culture.<\/p>\n<\/li>\n<li class=\"\" data-start=\"6314\" data-end=\"6461\">\n<p class=\"\" data-start=\"6316\" data-end=\"6461\"><strong data-start=\"6316\" data-end=\"6346\">Variabilit\u00e9 du produit :<\/strong> Les propri\u00e9t\u00e9s physiques et d\u2019apparence peuvent pr\u00e9senter de l\u00e9g\u00e8res variations inh\u00e9rentes \u00e0 sa nature \u00e9cologique.<\/p>\n<\/li>\n<li class=\"\" data-start=\"6462\" data-end=\"6569\">\n<p class=\"\" data-start=\"6464\" data-end=\"6569\"><strong data-start=\"6464\" data-end=\"6483\">Stockage :<\/strong> Conserver le produit \u00e0 temp\u00e9rature ambiante afin de maintenir son efficacit\u00e9 et sa stabilit\u00e9.<\/p>\n<\/li>\n<\/ul>\n","protected":false},"excerpt":{"rendered":"<p>Engrais organique avec <strong data-start=\"187\" data-end=\"207\">16 % d\u2019azote<\/strong>, une concentration extraordinaire. Assure une <strong data-start=\"251\" data-end=\"271\">absorption rapide<\/strong> et convient \u00e0 <strong data-start=\"287\" data-end=\"312\">tous les types de cultures<\/strong> en agriculture biologique et conventionnelle, am\u00e9liorant la croissance et le rendement de vos plantes. <\/p>\n","protected":false},"featured_media":1463,"template":"","meta":{"site-sidebar-layout":"default","site-content-layout":"","ast-site-content-layout":"default","site-content-style":"default","site-sidebar-style":"default","ast-global-header-display":"","ast-banner-title-visibility":"","ast-main-header-display":"","ast-hfb-above-header-display":"","ast-hfb-below-header-display":"","ast-hfb-mobile-header-display":"","site-post-title":"","ast-breadcrumbs-content":"","ast-featured-img":"","footer-sml-layout":"","theme-transparent-header-meta":"default","adv-header-id-meta":"","stick-header-meta":"","header-above-stick-meta":"","header-main-stick-meta":"","header-below-stick-meta":"","astra-migrate-meta-layouts":"default","ast-page-background-enabled":"default","ast-page-background-meta":{"desktop":{"background-color":"var(--ast-global-color-4)","background-image":"","background-repeat":"repeat","background-position":"center center","background-size":"auto","background-attachment":"scroll","background-type":"","background-media":"","overlay-type":"","overlay-color":"","overlay-opacity":"","overlay-gradient":""},"tablet":{"background-color":"","background-image":"","background-repeat":"repeat","background-position":"center center","background-size":"auto","background-attachment":"scroll","background-type":"","background-media":"","overlay-type":"","overlay-color":"","overlay-opacity":"","overlay-gradient":""},"mobile":{"background-color":"","background-image":"","background-repeat":"repeat","background-position":"center center","background-size":"auto","background-attachment":"scroll","background-type":"","background-media":"","overlay-type":"","overlay-color":"","overlay-opacity":"","overlay-gradient":""}},"ast-content-background-meta":{"desktop":{"background-color":"var(--ast-global-color-5)","background-image":"","background-repeat":"repeat","background-position":"center center","background-size":"auto","background-attachment":"scroll","background-type":"","background-media":"","overlay-type":"","overlay-color":"","overlay-opacity":"","overlay-gradient":""},"tablet":{"background-color":"var(--ast-global-color-5)","background-image":"","background-repeat":"repeat","background-position":"center center","background-size":"auto","background-attachment":"scroll","background-type":"","background-media":"","overlay-type":"","overlay-color":"","overlay-opacity":"","overlay-gradient":""},"mobile":{"background-color":"var(--ast-global-color-5)","background-image":"","background-repeat":"repeat","background-position":"center center","background-size":"auto","background-attachment":"scroll","background-type":"","background-media":"","overlay-type":"","overlay-color":"","overlay-opacity":"","overlay-gradient":""}}},"product_brand":[],"product_cat":[415,315],"product_tag":[417,347,416,404,388,392],"class_list":{"0":"post-2079","1":"product","2":"type-product","3":"status-publish","4":"has-post-thumbnail","6":"product_cat-azote","7":"product_cat-fertilisants-organiques","8":"product_tag-absorption-rapide","9":"product_tag-agriculture-biologique-fr","10":"product_tag-azote-soluble","11":"product_tag-cultures-vigoureuses","12":"product_tag-fertilisant-liquide-organique","13":"product_tag-fertirrigation","14":"desktop-align-left","15":"tablet-align-left","16":"mobile-align-left","18":"first","19":"instock","20":"shipping-taxable","21":"product-type-simple"},"_links":{"self":[{"href":"https:\/\/ecoganic.eu\/fr\/wp-json\/wp\/v2\/product\/2079","targetHints":{"allow":["GET"]}}],"collection":[{"href":"https:\/\/ecoganic.eu\/fr\/wp-json\/wp\/v2\/product"}],"about":[{"href":"https:\/\/ecoganic.eu\/fr\/wp-json\/wp\/v2\/types\/product"}],"version-history":[{"count":0,"href":"https:\/\/ecoganic.eu\/fr\/wp-json\/wp\/v2\/product\/2079\/revisions"}],"wp:featuredmedia":[{"embeddable":true,"href":"https:\/\/ecoganic.eu\/fr\/wp-json\/wp\/v2\/media\/1463"}],"wp:attachment":[{"href":"https:\/\/ecoganic.eu\/fr\/wp-json\/wp\/v2\/media?parent=2079"}],"wp:term":[{"taxonomy":"product_brand","embeddable":true,"href":"https:\/\/ecoganic.eu\/fr\/wp-json\/wp\/v2\/product_brand?post=2079"},{"taxonomy":"product_cat","embeddable":true,"href":"https:\/\/ecoganic.eu\/fr\/wp-json\/wp\/v2\/product_cat?post=2079"},{"taxonomy":"product_tag","embeddable":true,"href":"https:\/\/ecoganic.eu\/fr\/wp-json\/wp\/v2\/product_tag?post=2079"}],"curies":[{"name":"wp","href":"https:\/\/api.w.org\/{rel}","templated":true}]}}