{"id":2076,"date":"2024-10-30T16:11:05","date_gmt":"2024-10-30T16:11:05","guid":{"rendered":"https:\/\/ecoganic.eu\/producto\/ecoganic-boost-universel-0-0-1\/"},"modified":"2024-10-30T16:11:05","modified_gmt":"2024-10-30T16:11:05","slug":"ecoganic-boost-universel-0-0-1","status":"publish","type":"product","link":"https:\/\/ecoganic.eu\/fr\/produit\/ecoganic-boost-universel-0-0-1\/","title":{"rendered":"Ecoganic BOOST UNIVERSEL 0-0-1"},"content":{"rendered":"<div class=\"flex max-w-full flex-col flex-grow\">\n<div class=\"min-h-8 text-message relative flex w-full flex-col items-end gap-2 whitespace-normal break-words text-start [.text-message+&amp;]:mt-5\" dir=\"auto\" data-message-author-role=\"assistant\" data-message-id=\"dec4d2a7-def5-496a-8c12-71e22f2bc769\">\n<div class=\"flex w-full flex-col gap-1 empty:hidden first:pt-[3px]\">\n<div class=\"markdown prose w-full break-words dark:prose-invert dark deep-research-result\">\n<h1 data-start=\"453\" data-end=\"553\">Ecoganic BOOST Universel 0-0-1 \u2013 Biostimulant Liquide Organique pour Cultures \u00e0 Haut Rendement<\/h1>\n<p data-start=\"555\" data-end=\"1723\"><strong data-start=\"555\" data-end=\"589\">Ecoganic BOOST Universel 0-0-1<\/strong> est un <strong data-start=\"596\" data-end=\"631\">biostimulant liquide organique<\/strong> 100 % naturel con\u00e7u pour stimuler la croissance et la sant\u00e9 de tous types de cultures. Sa formulation avanc\u00e9e, \u00e0 base d\u2019extraits d\u2019<strong data-start=\"769\" data-end=\"792\">algues d\u2019eau douce<\/strong> et de compos\u00e9s organiques, am\u00e9liore l\u2019absorption des nutriments, accro\u00eet la r\u00e9sistance des plantes au stress climatique et favorise des r\u00e9coltes plus abondantes et de meilleure qualit\u00e9. Contrairement aux engrais conventionnels, ce produit stimule les processus biologiques naturels de la plante, en prenant soin du sol et de l\u2019environnement.   <em data-start=\"1128\" data-end=\"1425\">(Selon une d\u00e9finition largement accept\u00e9e<\/em><\/p>\n<div class=\"relative inline-flex items-center\"><a class=\"ml-1 inline-flex h-[22px] items-center rounded-xl bg-[#f4f4f4] px-2 text-[0.5em] font-medium text-token-text-secondary dark:bg-token-main-surface-secondary !text-token-text-secondary uppercase hover:bg-token-text-primary hover:!text-token-main-surface-secondary dark:hover:bg-token-text-primary group\" href=\"https:\/\/www.intagri.com\/articulos\/nutricion-vegetal\/bioestimulantes-agricolas-definicion-y-principales-categorias#:~:text=La%20definici%C3%B3n%20del%20Dr,de%20estas%20sustancias%20o%20microorganismos\" target=\"_blank\" rel=\"noopener\"><span class=\"truncate\">intagri.com<\/span><\/a><\/div>\n<p data-start=\"555\" data-end=\"1723\"><em data-start=\"1128\" data-end=\"1425\">, un biostimulant est une substance ou un microorganisme qui, lorsqu\u2019il est appliqu\u00e9 aux plantes, am\u00e9liore l\u2019efficacit\u00e9 de l\u2019absorption des nutriments et la tol\u00e9rance au stress, ind\u00e9pendamment de sa teneur nutritive.)<\/em> Ecoganic BOOST Universel 0-0-1 remplit exactement cet objectif, en offrant des r\u00e9sultats efficaces de mani\u00e8re <strong data-start=\"1537\" data-end=\"1561\">naturelle et durable<\/strong>. De plus, il est <strong data-start=\"1574\" data-end=\"1608\">adapt\u00e9 \u00e0 l\u2019agriculture biologique<\/strong> (\u00e9cologique) et peut \u00eatre utilis\u00e9 aussi bien dans les cultures traditionnelles que dans les syst\u00e8mes agricoles avanc\u00e9s \u00e0 l\u2019\u00e9chelle mondiale. <\/p>\n<p data-start=\"1897\" data-end=\"2467\">Gr\u00e2ce \u00e0 son origine 100 % <strong data-start=\"1922\" data-end=\"1934\">organique<\/strong> et <strong data-start=\"1937\" data-end=\"1954\">biod\u00e9gradable<\/strong>, Ecoganic BOOST Universel 0-0-1 est s\u00fbr pour l\u2019environnement et ne laisse pas de r\u00e9sidus nocifs. Il est <strong data-start=\"2057\" data-end=\"2086\">polyvalent dans son application<\/strong>, fonctionnant aussi bien en <strong data-start=\"2117\" data-end=\"2135\">fertirrigation<\/strong> (irrigation) que dans les applications <strong data-start=\"2165\" data-end=\"2177\">foliaires<\/strong>, ce qui facilite son int\u00e9gration dans diff\u00e9rents programmes de culture. <em data-start=\"2245\" data-end=\"2359\">Disponible en plusieurs formats (1 L, 10 L et 1000 L) via notre r\u00e9seau de <span data-start=\"2324\" data-end=\"2357\">distributeurs<\/span>.<\/em> Nous explorons ensuite ses avantages, ses caract\u00e9ristiques techniques, ses applications et son mode d\u2019emploi optimis\u00e9. <\/p>\n<h2 data-start=\"2469\" data-end=\"2555\">Avantages Cl\u00e9s du Biostimulant Liquide Organique Ecoganic BOOST Universel 0-0-1<\/h2>\n<ul data-start=\"2557\" data-end=\"4186\">\n<li data-start=\"2557\" data-end=\"2834\"><strong data-start=\"2559\" data-end=\"2602\">Rendement et qualit\u00e9 de r\u00e9colte sup\u00e9rieurs&nbsp;:<\/strong> Stimule le d\u00e9veloppement uniforme des cultures, ce qui permet d\u2019obtenir des fruits de plus grande taille et de poids sup\u00e9rieur, avec une meilleure maturation et consistance. Cela se traduit par des r\u00e9coltes plus abondantes et de haute qualit\u00e9, ce qui maximise la rentabilit\u00e9 par hectare. <\/li>\n<li data-start=\"2835\" data-end=\"3152\"><strong data-start=\"2837\" data-end=\"2878\">Meilleure absorption des nutriments et de l\u2019eau&nbsp;:<\/strong> Optimise l\u2019efficacit\u00e9 des engrais appliqu\u00e9s au <strong data-start=\"2934\" data-end=\"2943\">sol<\/strong>, en am\u00e9liorant l\u2019absorption des nutriments essentiels et la r\u00e9tention d\u2019eau dans la zone radiculaire. Par cons\u00e9quent, les pertes par lessivage sont r\u00e9duites et la culture profite au maximum de chaque irrigation et fertilisation. <\/li>\n<li data-start=\"3153\" data-end=\"3489\"><strong data-start=\"3155\" data-end=\"3217\">Augmentation de la r\u00e9sistance au stress (climatique et biotique)&nbsp;:<\/strong> Renforce les d\u00e9fenses naturelles des plantes face aux conditions d\u00e9favorables. Les cultures trait\u00e9es pr\u00e9sentent une plus grande tol\u00e9rance \u00e0 la s\u00e9cheresse, aux vagues de chaleur, au gel et \u00e0 la salinit\u00e9, ainsi qu\u2019une meilleure r\u00e9ponse face aux ravageurs et aux maladies, ce qui r\u00e9duit l\u2019incidence des dommages. <\/li>\n<li data-start=\"3490\" data-end=\"3837\"><strong data-start=\"3492\" data-end=\"3533\">Compatibilit\u00e9 et flexibilit\u00e9 d\u2019utilisation&nbsp;:<\/strong> Il est totalement soluble dans l\u2019eau et <strong data-start=\"3566\" data-end=\"3581\">n\u2019obstrue pas<\/strong> les syst\u00e8mes d\u2019irrigation ni les buses de pulv\u00e9risation. Il peut \u00eatre m\u00e9lang\u00e9 sans probl\u00e8me avec la plupart des engrais, des produits phytosanitaires et d\u2019autres biostimulants, <strong data-start=\"3735\" data-end=\"3761\">sans nuire \u00e0 son efficacit\u00e9<\/strong>. Cela permet de l\u2019int\u00e9grer facilement dans les programmes de nutrition existants.  <\/li>\n<li data-start=\"3838\" data-end=\"4186\"><strong data-start=\"3840\" data-end=\"3871\">100&nbsp;% biologique et durable&nbsp;:<\/strong> \u00c9labor\u00e9 avec des ingr\u00e9dients naturels (par exemple, des extraits d\u2019algues et des acides humiques\/fulviques), il est adapt\u00e9 \u00e0 l\u2019<strong data-start=\"3974\" data-end=\"3998\">agriculture biologique<\/strong> et conventionnelle. \u00c9tant biod\u00e9gradable, il contribue \u00e0 une agriculture plus <strong data-start=\"4070\" data-end=\"4084\">durable<\/strong>, en prenant soin de la microbiote du sol et en r\u00e9duisant la d\u00e9pendance aux produits chimiques synth\u00e9tiques dans les cultures. <\/li>\n<\/ul>\n<h2 data-start=\"4188\" data-end=\"4283\">Sp\u00e9cifications Techniques du Biostimulant Liquide Organique Ecoganic BOOST Universel 0-0-1<\/h2>\n<p data-start=\"4285\" data-end=\"4435\">Pour mieux comprendre les caract\u00e9ristiques d\u2019Ecoganic BOOST Universel 0-0-1, un tableau pr\u00e9sentant ses <strong data-start=\"4405\" data-end=\"4434\">sp\u00e9cifications techniques<\/strong> est pr\u00e9sent\u00e9 ci-dessous&nbsp;:<\/p>\n<div class=\"overflow-x-auto contain-inline-size\">\n<table data-start=\"4437\" data-end=\"5695\">\n<thead data-start=\"4437\" data-end=\"4554\">\n<tr data-start=\"4437\" data-end=\"4554\">\n<th data-start=\"4437\" data-end=\"4461\"><strong data-start=\"4439\" data-end=\"4457\">Sp\u00e9cification<\/strong><\/th>\n<th data-start=\"4461\" data-end=\"4554\"><strong data-start=\"4463\" data-end=\"4474\">D\u00e9tail<\/strong><\/th>\n<\/tr>\n<\/thead>\n<tbody data-start=\"4673\" data-end=\"5695\">\n<tr data-start=\"4673\" data-end=\"4853\">\n<td><strong data-start=\"4675\" data-end=\"4690\">Composition<\/strong><\/td>\n<td>N-P-K&nbsp;: <strong data-start=\"4706\" data-end=\"4715\">0-0-1<\/strong>. Formul\u00e9 avec un extrait d\u2019<strong data-start=\"4743\" data-end=\"4766\">algues d\u2019eau douce<\/strong> enrichi en potassium bioactif, ainsi qu\u2019avec des <strong data-start=\"4811\" data-end=\"4840\">acides humiques et fulviques<\/strong> naturels. <\/td>\n<\/tr>\n<tr data-start=\"4854\" data-end=\"5002\">\n<td><strong data-start=\"4856\" data-end=\"4871\">Formulation<\/strong><\/td>\n<td>Liquide de haute puret\u00e9 <strong data-start=\"4903\" data-end=\"4919\">100&nbsp;% soluble<\/strong> dans l\u2019eau. Ne laisse pas de r\u00e9sidus solides et ne produit pas d\u2019obstructions dans les syst\u00e8mes d\u2019irrigation. <\/td>\n<\/tr>\n<tr data-start=\"5003\" data-end=\"5152\">\n<td><strong data-start=\"5005\" data-end=\"5011\">pH<\/strong><\/td>\n<td>~6,5&nbsp;\u00b1&nbsp;0,5 (l\u00e9g\u00e8rement acide). Ce pH optimal garantit la compatibilit\u00e9 lors du m\u00e9lange avec d\u2019autres engrais et intrants agricoles. <\/td>\n<\/tr>\n<tr data-start=\"5153\" data-end=\"5326\">\n<td><strong data-start=\"5155\" data-end=\"5169\">Application<\/strong><\/td>\n<td><strong data-start=\"5179\" data-end=\"5189\">Foliaire<\/strong> (application sur les feuilles) et <strong data-start=\"5217\" data-end=\"5235\">Fertirrigation<\/strong> (appliqu\u00e9 via les syst\u00e8mes d\u2019irrigation). S\u2019adapte \u00e0 diff\u00e9rentes m\u00e9thodes sans perdre son efficacit\u00e9. <\/td>\n<\/tr>\n<tr data-start=\"5327\" data-end=\"5503\">\n<td><strong data-start=\"5329\" data-end=\"5348\">Utilisation recommand\u00e9e<\/strong><\/td>\n<td>Adapt\u00e9 aux <strong data-start=\"5367\" data-end=\"5389\">cultures biologiques<\/strong> certifi\u00e9es et \u00e9galement \u00e0 l\u2019agriculture conventionnelle. Ne contient pas de composants interdits dans la production \u00e9cologique. <\/td>\n<\/tr>\n<tr data-start=\"5504\" data-end=\"5695\">\n<td><strong data-start=\"5506\" data-end=\"5524\">Compatibilit\u00e9<\/strong><\/td>\n<td><strong data-start=\"5530\" data-end=\"5544\">Compatible<\/strong> avec la plupart des engrais, des pesticides et d\u2019autres biostimulants organiques. Peut \u00eatre m\u00e9lang\u00e9 dans un r\u00e9servoir sans probl\u00e8mes de r\u00e9action ou de s\u00e9dimentation. <\/td>\n<\/tr>\n<\/tbody>\n<\/table>\n<\/div>\n<h2 data-start=\"5697\" data-end=\"5734\">Applications dans Diff\u00e9rentes Cultures<\/h2>\n<p data-start=\"5736\" data-end=\"5988\">Ecoganic BOOST Universel 0-0-1, en tant que <strong data-start=\"5773\" data-end=\"5818\">biostimulant liquide organique universel<\/strong>, a \u00e9t\u00e9 test\u00e9 avec succ\u00e8s sur une grande vari\u00e9t\u00e9 de cultures agricoles. Le tableau suivant r\u00e9sume ses applications et ses avantages dans diff\u00e9rents <strong data-start=\"5967\" data-end=\"5987\">types de culture<\/strong>&nbsp;: <\/p>\n<div class=\"overflow-x-auto contain-inline-size\">\n<table data-start=\"5990\" data-end=\"7420\">\n<thead data-start=\"5990\" data-end=\"6142\">\n<tr data-start=\"5990\" data-end=\"6142\">\n<th data-start=\"5990\" data-end=\"6022\"><strong data-start=\"5992\" data-end=\"6011\">Type de Culture<\/strong><\/th>\n<th data-start=\"6022\" data-end=\"6062\"><strong data-start=\"6024\" data-end=\"6036\">Exemples<\/strong><\/th>\n<th data-start=\"6062\" data-end=\"6142\"><strong data-start=\"6064\" data-end=\"6089\">Avantages Observ\u00e9s<\/strong><\/th>\n<\/tr>\n<\/thead>\n<tbody data-start=\"6294\" data-end=\"7420\">\n<tr data-start=\"6294\" data-end=\"6525\">\n<td><strong data-start=\"6296\" data-end=\"6319\">Cultures Extensives<\/strong><\/td>\n<td>Bl\u00e9, ma\u00efs, orge, riz<\/td>\n<td>Am\u00e9liore l\u2019efficacit\u00e9 de la fertilisation et le rendement g\u00e9n\u00e9ral de la culture. Augmente la vigueur des plantes, ce qui permet d\u2019obtenir des champs plus uniformes et productifs. <\/td>\n<\/tr>\n<tr data-start=\"6526\" data-end=\"6785\">\n<td><strong data-start=\"6528\" data-end=\"6551\">Cultures Horticoles<\/strong><\/td>\n<td>Tomate, poivron, laitue, brocoli, aubergine<\/td>\n<td>Favorise le grossissement des fruits et am\u00e9liore leur qualit\u00e9 <strong data-start=\"6661\" data-end=\"6675\">apr\u00e8s r\u00e9colte<\/strong> (plus de fermet\u00e9, meilleur go\u00fbt et dur\u00e9e de conservation plus longue). Acc\u00e9l\u00e8re \u00e9galement la r\u00e9cup\u00e9ration de la plante apr\u00e8s la r\u00e9colte. <\/td>\n<\/tr>\n<tr data-start=\"6786\" data-end=\"7102\">\n<td><strong data-start=\"6788\" data-end=\"6818\">Arbres Fruitiers et Vignobles<\/strong><\/td>\n<td>Agrumes (oranger, citronnier), pommier, avocatier, vigne (vignoble)<\/td>\n<td>Renforce la r\u00e9sistance au <strong data-start=\"6912\" data-end=\"6930\">stress hydrique<\/strong> (s\u00e9cheresse) et climatique, en prot\u00e9geant les fleurs et les fruits en d\u00e9veloppement. Contribue \u00e0 des rendements plus \u00e9lev\u00e9s par arbre\/cepage et am\u00e9liore la qualit\u00e9 du fruit (calibre, sucre, couleur). <\/td>\n<\/tr>\n<tr data-start=\"7103\" data-end=\"7420\">\n<td><strong data-start=\"7105\" data-end=\"7143\">Cultures Ornementales et Sp\u00e9ciales<\/strong><\/td>\n<td>Plantes aromatiques (par exemple, menthe, basilic), m\u00e9dicinales et florales<\/td>\n<td>Augmente la <strong data-start=\"7224\" data-end=\"7239\">vigueur<\/strong> et le d\u00e9veloppement g\u00e9n\u00e9ral des plantes, en favorisant un feuillage plus dense et des fleurs de meilleure qualit\u00e9. Am\u00e9liore la r\u00e9sistance de ces plantes d\u00e9licates face aux changements environnementaux. <\/td>\n<\/tr>\n<\/tbody>\n<\/table>\n<\/div>\n<p data-start=\"7422\" data-end=\"7675\"><strong data-start=\"7422\" data-end=\"7431\">Remarque&nbsp;:<\/strong> Gr\u00e2ce \u00e0 son caract\u00e8re <strong data-start=\"7454\" data-end=\"7467\">universel<\/strong>, ce biostimulant liquide organique peut \u00eatre utilis\u00e9 pratiquement dans <em data-start=\"7539\" data-end=\"7558\">n\u2019importe quelle culture<\/em> pour am\u00e9liorer ses performances, des c\u00e9r\u00e9ales de base aux l\u00e9gumes de serre ou aux cultures tropicales de grande valeur.<\/p>\n<h2 data-start=\"7677\" data-end=\"7727\">Mode d\u2019emploi du Biostimulant Liquide Organique<\/h2>\n<p data-start=\"7729\" data-end=\"7980\">Pour obtenir les meilleurs r\u00e9sultats, il est important de suivre les recommandations de <strong data-start=\"7810\" data-end=\"7819\">dose<\/strong> et de <strong data-start=\"7822\" data-end=\"7836\">fr\u00e9quence<\/strong> d\u2019application d\u2019Ecoganic BOOST Universel 0-0-1. Le mode d\u2019emploi est pr\u00e9sent\u00e9 ci-dessous, tant en application foliaire que par fertirrigation&nbsp;: <\/p>\n<div class=\"overflow-x-auto contain-inline-size\">\n<table data-start=\"7982\" data-end=\"9028\">\n<thead data-start=\"7982\" data-end=\"8120\">\n<tr data-start=\"7982\" data-end=\"8120\">\n<th data-start=\"7982\" data-end=\"8012\"><strong data-start=\"7984\" data-end=\"8006\">Mode d\u2019Application<\/strong><\/th>\n<th data-start=\"8012\" data-end=\"8047\"><strong data-start=\"8014\" data-end=\"8035\">Dose Recommand\u00e9e<\/strong><\/th>\n<th data-start=\"8047\" data-end=\"8120\"><strong data-start=\"8049\" data-end=\"8081\">Fr\u00e9quence et Consid\u00e9rations<\/strong><\/th>\n<\/tr>\n<\/thead>\n<tbody data-start=\"8258\" data-end=\"9028\">\n<tr data-start=\"8258\" data-end=\"8625\">\n<td><strong data-start=\"8260\" data-end=\"8281\">Application Foliaire<\/strong> (sur les feuilles)<\/td>\n<td>2\u20134&nbsp;L\/ha dilu\u00e9s dans la quantit\u00e9 d\u2019eau adapt\u00e9e \u00e0 la culture.<\/td>\n<td>Appliquer aux moments cl\u00e9s du cycle&nbsp;: croissance v\u00e9g\u00e9tative, pr\u00e9-floraison et nouaison (fructification). <strong data-start=\"8465\" data-end=\"8509\">\u00c9viter les heures de fort rayonnement solaire<\/strong> (appliquer de pr\u00e9f\u00e9rence t\u00f4t le matin ou au cr\u00e9puscule) pour maximiser l\u2019absorption par les feuilles.<\/td>\n<\/tr>\n<tr data-start=\"8626\" data-end=\"9028\">\n<td><strong data-start=\"8628\" data-end=\"8661\">Application par Fertirrigation<\/strong> (irrigation)<\/td>\n<td>4\u20138&nbsp;L\/ha par cycle de culture, r\u00e9partis dans les diff\u00e9rentes phases de d\u00e9veloppement.<\/td>\n<td>Incorporer le produit dans le syst\u00e8me d\u2019irrigation tout au long du cycle de la culture (par exemple, fractionner la dose chaque semaine ou \u00e0 chaque irrigation significative). Ajuster la dose exacte en fonction des r\u00e9sultats des <strong data-start=\"8962\" data-end=\"8983\">analyses de sol<\/strong> et des besoins sp\u00e9cifiques de la culture. <\/td>\n<\/tr>\n<\/tbody>\n<\/table>\n<\/div>\n<p data-start=\"9030\" data-end=\"9268\"><em data-start=\"9030\" data-end=\"9268\">Il est recommand\u00e9 de r\u00e9aliser les applications en \u00e9vitant les heures de forte chaleur ou de rayonnement, et en assurant une couverture uniforme, que ce soit sur les feuilles ou dans le syst\u00e8me d\u2019irrigation, afin d\u2019obtenir une efficacit\u00e9 maximale de ce biostimulant liquide organique.<\/em><\/p>\n<h2 data-start=\"9270\" data-end=\"9342\">Biostimulants Organiques et Agriculture Durable&nbsp;: Une Approche Globale<\/h2>\n<p data-start=\"9344\" data-end=\"10430\">L\u2019adoption de <strong data-start=\"9359\" data-end=\"9397\">biostimulants liquides organiques<\/strong> comme Ecoganic BOOST Universel 0-0-1 joue un r\u00f4le fondamental dans une <strong data-start=\"9468\" data-end=\"9494\">agriculture durable<\/strong> \u00e0 l\u2019\u00e9chelle mondiale. Ces produits permettent de r\u00e9duire la d\u00e9pendance aux produits agrochimiques synth\u00e9tiques et d\u2019optimiser l\u2019utilisation des ressources naturelles. Par exemple, en am\u00e9liorant l\u2019efficacit\u00e9 de la nutrition et de l\u2019utilisation de l\u2019eau dans les cultures, les biostimulants contribuent \u00e0 une production plus <strong data-start=\"9770\" data-end=\"9795\">efficace et \u00e9cologique<\/strong>, en accord avec les principes de l\u2019<span data-start=\"9831\" data-end=\"9911\">agriculture biologique<\/span> et r\u00e9g\u00e9n\u00e9rative. De nombreux experts en agronomie s\u2019accordent \u00e0 dire que l\u2019utilisation de biostimulants favorise des sols plus sains et augmente la r\u00e9silience des syst\u00e8mes agricoles\u200b.   <\/p>\n<p data-start=\"9344\" data-end=\"10430\">En d\u2019autres termes, l\u2019incorporation de <strong data-start=\"10204\" data-end=\"10233\"><a href=\"https:\/\/manvert.com\/medios\/que-son-bioestimulantes#:~:text=%C2%BFLos%20bioestimulantes%20son%20seguros%20para,el%20medio%20ambiente\" target=\"_blank\" rel=\"noopener\">biostimulants<\/a> organiques<\/strong> dans la gestion agronomique am\u00e9liore non seulement les rendements imm\u00e9diats, mais <strong data-start=\"10319\" data-end=\"10355\">profite \u00e9galement \u00e0 l\u2019\u00e9cosyst\u00e8me agricole<\/strong> \u00e0 long terme, en favorisant la biodiversit\u00e9 dans le sol et la durabilit\u00e9.<\/p>\n<h2 data-start=\"10432\" data-end=\"10445\">Conclusion<\/h2>\n<p data-start=\"10447\" data-end=\"11059\">En r\u00e9sum\u00e9, <strong data-start=\"10459\" data-end=\"10493\">Ecoganic BOOST Universel 0-0-1<\/strong> est un <strong data-start=\"10500\" data-end=\"10535\">biostimulant liquide organique<\/strong> de derni\u00e8re g\u00e9n\u00e9ration qui fournit aux agriculteurs, aux distributeurs et aux experts agronomes un outil efficace pour <strong data-start=\"10653\" data-end=\"10682\">augmenter la productivit\u00e9<\/strong> des cultures de mani\u00e8re naturelle et durable. Sa formule innovante maximise le rendement et la qualit\u00e9 des r\u00e9coltes, renforce la r\u00e9sistance des plantes face aux conditions d\u00e9favorables et prot\u00e8ge la sant\u00e9 du sol. \u00c9tant 100&nbsp;% organique et biod\u00e9gradable, il permet d\u2019avancer vers des pratiques agricoles plus propres et respectueuses de l\u2019environnement, sans sacrifier la rentabilit\u00e9.  <\/p>\n<p data-start=\"11061\" data-end=\"11715\" data-is-last-node=\"\" data-is-only-node=\"\">Pr\u00eat \u00e0 faire passer vos cultures au niveau sup\u00e9rieur&nbsp;? <strong data-start=\"11113\" data-end=\"11147\">Ecoganic BOOST Universel 0-0-1<\/strong> est disponible via notre r\u00e9seau de <span data-start=\"11199\" data-end=\"11232\">distributeurs<\/span> internationaux, ce qui garantit un support local et un approvisionnement fiable. Pour en savoir plus sur les biostimulants, la fertilisation durable et d\u2019autres innovations en agriculture biologique, nous vous invitons \u00e0 explorer notre <span data-start=\"11443\" data-end=\"11456\">blog<\/span>, o\u00f9 vous trouverez des ressources et des conseils utiles. Orientez vos champs vers une <strong data-start=\"11534\" data-end=\"11575\">agriculture plus efficace et \u00e9cologique<\/strong> avec Ecoganic BOOST Universel 0-0-1, le biostimulant liquide organique qui stimule vos cultures de mani\u00e8re <strong data-start=\"11681\" data-end=\"11714\">s\u00fbre, rentable et durable<\/strong>.  <\/p>\n<\/div>\n<\/div>\n<\/div>\n<\/div>\n<div class=\"mb-2 flex gap-3 -ml-2\" tabindex=\"0\">\n<div class=\"flex items-center justify-start rounded-xl p-1\">\n<div>\n<div class=\"flex items-center transition-opacity group-hover\/turn:opacity-100 opacity-100\">\n<p>&nbsp;<\/p>\n<div class=\"flex\"><\/div>\n<p>&nbsp;<\/p>\n<\/div>\n<\/div>\n<\/div>\n<\/div>\n<div class=\"mt-3 w-full empty:hidden\">\n<div class=\"text-center\">\n<div class=\"mx-auto\">\n<div>\n<div class=\"inline-flex rounded-xl border border-gray-100 dark:border-gray-700\">\n<div class=\"mr-12 flex items-center px-4 py-3 text-left\">\n<div class=\"ml-4\">\n<div class=\"text-sm font-semibold text-token-main-surface-primary-inverse\"><\/div>\n<\/div>\n<\/div>\n<\/div>\n<\/div>\n<\/div>\n<\/div>\n<\/div>\n","protected":false},"excerpt":{"rendered":"<p>Ecoganic BOOST Universel 0-0-1 est un biostimulant liquide organique 100&nbsp;% naturel. Augmente le rendement des cultures et am\u00e9liore la r\u00e9sistance des plantes au stress de mani\u00e8re durable, optimisant ainsi l\u2019agriculture biologique. <\/p>\n","protected":false},"featured_media":1445,"template":"","meta":{"site-sidebar-layout":"default","site-content-layout":"","ast-site-content-layout":"default","site-content-style":"default","site-sidebar-style":"default","ast-global-header-display":"","ast-banner-title-visibility":"","ast-main-header-display":"","ast-hfb-above-header-display":"","ast-hfb-below-header-display":"","ast-hfb-mobile-header-display":"","site-post-title":"","ast-breadcrumbs-content":"","ast-featured-img":"","footer-sml-layout":"","theme-transparent-header-meta":"default","adv-header-id-meta":"","stick-header-meta":"","header-above-stick-meta":"","header-main-stick-meta":"","header-below-stick-meta":"","astra-migrate-meta-layouts":"default","ast-page-background-enabled":"default","ast-page-background-meta":{"desktop":{"background-color":"var(--ast-global-color-4)","background-image":"","background-repeat":"repeat","background-position":"center center","background-size":"auto","background-attachment":"scroll","background-type":"","background-media":"","overlay-type":"","overlay-color":"","overlay-opacity":"","overlay-gradient":""},"tablet":{"background-color":"","background-image":"","background-repeat":"repeat","background-position":"center center","background-size":"auto","background-attachment":"scroll","background-type":"","background-media":"","overlay-type":"","overlay-color":"","overlay-opacity":"","overlay-gradient":""},"mobile":{"background-color":"","background-image":"","background-repeat":"repeat","background-position":"center center","background-size":"auto","background-attachment":"scroll","background-type":"","background-media":"","overlay-type":"","overlay-color":"","overlay-opacity":"","overlay-gradient":""}},"ast-content-background-meta":{"desktop":{"background-color":"var(--ast-global-color-5)","background-image":"","background-repeat":"repeat","background-position":"center center","background-size":"auto","background-attachment":"scroll","background-type":"","background-media":"","overlay-type":"","overlay-color":"","overlay-opacity":"","overlay-gradient":""},"tablet":{"background-color":"var(--ast-global-color-5)","background-image":"","background-repeat":"repeat","background-position":"center center","background-size":"auto","background-attachment":"scroll","background-type":"","background-media":"","overlay-type":"","overlay-color":"","overlay-opacity":"","overlay-gradient":""},"mobile":{"background-color":"var(--ast-global-color-5)","background-image":"","background-repeat":"repeat","background-position":"center center","background-size":"auto","background-attachment":"scroll","background-type":"","background-media":"","overlay-type":"","overlay-color":"","overlay-opacity":"","overlay-gradient":""}}},"product_brand":[],"product_cat":[398],"product_tag":[458,347,461,393,400,457,392,463,413],"class_list":{"0":"post-2076","1":"product","2":"type-product","3":"status-publish","4":"has-post-thumbnail","6":"product_cat-biostimulants-organiques","7":"product_tag-absorption-des-nutriments","8":"product_tag-agriculture-biologique-fr","9":"product_tag-algues-unicellulaires-deau-douce","10":"product_tag-application-foliaire","11":"product_tag-biostimulant-liquide-organique","12":"product_tag-cultures-productives","13":"product_tag-fertirrigation","14":"product_tag-resistance-fr","15":"product_tag-technologie-agricole","16":"desktop-align-left","17":"tablet-align-left","18":"mobile-align-left","20":"first","21":"instock","22":"shipping-taxable","23":"product-type-simple"},"_links":{"self":[{"href":"https:\/\/ecoganic.eu\/fr\/wp-json\/wp\/v2\/product\/2076","targetHints":{"allow":["GET"]}}],"collection":[{"href":"https:\/\/ecoganic.eu\/fr\/wp-json\/wp\/v2\/product"}],"about":[{"href":"https:\/\/ecoganic.eu\/fr\/wp-json\/wp\/v2\/types\/product"}],"version-history":[{"count":0,"href":"https:\/\/ecoganic.eu\/fr\/wp-json\/wp\/v2\/product\/2076\/revisions"}],"wp:featuredmedia":[{"embeddable":true,"href":"https:\/\/ecoganic.eu\/fr\/wp-json\/wp\/v2\/media\/1445"}],"wp:attachment":[{"href":"https:\/\/ecoganic.eu\/fr\/wp-json\/wp\/v2\/media?parent=2076"}],"wp:term":[{"taxonomy":"product_brand","embeddable":true,"href":"https:\/\/ecoganic.eu\/fr\/wp-json\/wp\/v2\/product_brand?post=2076"},{"taxonomy":"product_cat","embeddable":true,"href":"https:\/\/ecoganic.eu\/fr\/wp-json\/wp\/v2\/product_cat?post=2076"},{"taxonomy":"product_tag","embeddable":true,"href":"https:\/\/ecoganic.eu\/fr\/wp-json\/wp\/v2\/product_tag?post=2076"}],"curies":[{"name":"wp","href":"https:\/\/api.w.org\/{rel}","templated":true}]}}