{"id":2075,"date":"2024-10-30T15:52:08","date_gmt":"2024-10-30T15:52:08","guid":{"rendered":"https:\/\/ecoganic.eu\/producto\/ecoganic-universal-power\/"},"modified":"2024-10-30T15:52:08","modified_gmt":"2024-10-30T15:52:08","slug":"ecoganic-universal-power","status":"publish","type":"product","link":"https:\/\/ecoganic.eu\/fr\/produit\/ecoganic-universal-power\/","title":{"rendered":"Ecoganic UNIVERSAL POWER"},"content":{"rendered":"<h2 data-start=\"886\" data-end=\"946\">Bio-stimulant liquide organique&nbsp;: Ecoganic UNIVERSAL POWER<\/h2>\n<p data-start=\"1109\" data-end=\"1672\"><strong data-start=\"1109\" data-end=\"1137\">Ecoganic UNIVERSAL POWER<\/strong> est un bio-stimulant liquide organique avanc\u00e9, con\u00e7u pour optimiser l\u2019absorption des nutriments, am\u00e9liorer la r\u00e9sistance des cultures et renforcer la qualit\u00e9 de la r\u00e9colte. Gr\u00e2ce \u00e0 sa technologie innovante, ce produit facilite le transport et la p\u00e9n\u00e9tration des nutriments dans la plante, garantissant que chaque partie de celle-ci re\u00e7oive les \u00e9l\u00e9ments essentiels au bon moment. Sa formulation 100&nbsp;% soluble et sans chlorures garantit que le produit s\u2019int\u00e8gre sans laisser de r\u00e9sidus dans les syst\u00e8mes d\u2019irrigation ou les applications foliaires.  <\/p>\n<p data-start=\"1674\" data-end=\"1901\">Ce <strong data-start=\"1679\" data-end=\"1714\">bio-stimulant liquide organique<\/strong> maximise l\u2019efficacit\u00e9 nutritionnelle des cultures, favorisant une plus grande productivit\u00e9 et une croissance plus vigoureuse, ce qui se traduit par une production plus uniforme et de haute qualit\u00e9.<\/p>\n<hr data-start=\"1903\" data-end=\"1906\">\n<h2 data-start=\"1908\" data-end=\"1944\">Qu\u2019est-ce qu\u2019Ecoganic UNIVERSAL POWER&nbsp;?<\/h2>\n<p data-start=\"1946\" data-end=\"2341\">Ecoganic UNIVERSAL POWER est un <strong data-start=\"1977\" data-end=\"2012\">bio-stimulant liquide organique<\/strong> de derni\u00e8re g\u00e9n\u00e9ration. Sa technologie avanc\u00e9e permet d\u2019accro\u00eetre l\u2019efficacit\u00e9 de l\u2019assimilation des engrais, am\u00e9liorant l\u2019absorption des nutriments et renfor\u00e7ant la r\u00e9sistance naturelle des plantes. Ce produit agit en stimulant le m\u00e9tabolisme v\u00e9g\u00e9tal, ce qui se traduit par des cultures plus fortes, plus saines et plus productives.  <\/p>\n<hr data-start=\"2343\" data-end=\"2346\">\n<h2 data-start=\"2348\" data-end=\"2403\">Avantages cl\u00e9s du bio-stimulant liquide organique<\/h2>\n<h3 data-start=\"2405\" data-end=\"2461\">1\ufe0f\u20e3 Augmente l\u2019efficacit\u00e9 de l\u2019absorption des nutriments<\/h3>\n<ul data-start=\"2462\" data-end=\"2741\">\n<li data-start=\"2462\" data-end=\"2553\"><strong data-start=\"2464\" data-end=\"2497\">Booster de fertilisation&nbsp;:<\/strong> Am\u00e9liore la biodisponibilit\u00e9 des macro et micronutriments.<\/li>\n<li data-start=\"2554\" data-end=\"2650\"><strong data-start=\"2556\" data-end=\"2591\">Assimilation foliaire et radiculaire&nbsp;:<\/strong> Facilite l\u2019absorption rapide pour une croissance vigoureuse.<\/li>\n<li data-start=\"2651\" data-end=\"2741\"><strong data-start=\"2653\" data-end=\"2680\">Distribution homog\u00e8ne&nbsp;:<\/strong> Optimise le m\u00e9tabolisme cellulaire et l\u2019efficacit\u00e9 nutritionnelle.<\/li>\n<\/ul>\n<h3 data-start=\"2743\" data-end=\"2798\">2\ufe0f\u20e3 Renforce la r\u00e9sistance naturelle des cultures<\/h3>\n<ul data-start=\"2799\" data-end=\"3092\">\n<li data-start=\"2799\" data-end=\"2892\"><strong data-start=\"2801\" data-end=\"2830\">Protection contre le stress&nbsp;:<\/strong> Diminue l\u2019impact du stress hydrique, thermique et environnemental.<\/li>\n<li data-start=\"2893\" data-end=\"2988\"><strong data-start=\"2895\" data-end=\"2931\">Renforce la structure cellulaire&nbsp;:<\/strong> R\u00e9duit l\u2019incidence des maladies et des dommages caus\u00e9s par les ravageurs.<\/li>\n<li data-start=\"2989\" data-end=\"3092\"><strong data-start=\"2991\" data-end=\"3029\">Adaptation aux conditions d\u00e9favorables&nbsp;:<\/strong> Am\u00e9liore la tol\u00e9rance \u00e0 la salinit\u00e9 et \u00e0 d\u2019autres facteurs critiques.<\/li>\n<\/ul>\n<h3 data-start=\"3094\" data-end=\"3154\">3\ufe0f\u20e3 Augmente le rendement et la qualit\u00e9 de la r\u00e9colte<\/h3>\n<ul data-start=\"3155\" data-end=\"3411\">\n<li data-start=\"3155\" data-end=\"3235\"><strong data-start=\"3157\" data-end=\"3189\">D\u00e9veloppement radiculaire optimal&nbsp;:<\/strong> Favorise un meilleur acc\u00e8s \u00e0 l\u2019eau et aux nutriments.<\/li>\n<li data-start=\"3236\" data-end=\"3319\"><strong data-start=\"3238\" data-end=\"3266\">Uniformit\u00e9 du fruit&nbsp;:<\/strong> Assure des r\u00e9coltes plus homog\u00e8nes en taille et en qualit\u00e9.<\/li>\n<li data-start=\"3320\" data-end=\"3411\"><strong data-start=\"3322\" data-end=\"3348\">Dur\u00e9e de conservation plus longue&nbsp;:<\/strong> Prolonge la durabilit\u00e9 et la valeur commerciale des produits.<\/li>\n<\/ul>\n<h3 data-start=\"3413\" data-end=\"3474\">4\ufe0f\u20e3 Optimisation de l\u2019utilisation des intrants et r\u00e9duction des co\u00fbts<\/h3>\n<ul data-start=\"3475\" data-end=\"3801\">\n<li data-start=\"3475\" data-end=\"3578\"><strong data-start=\"3477\" data-end=\"3500\">R\u00e9duction des doses&nbsp;:<\/strong> Permet de diminuer la quantit\u00e9 d\u2019engrais appliqu\u00e9s sans perdre en efficacit\u00e9.<\/li>\n<li data-start=\"3579\" data-end=\"3712\"><strong data-start=\"3581\" data-end=\"3600\">Compatibilit\u00e9&nbsp;:<\/strong> S\u2019int\u00e8gre avec d\u2019autres produits agrochimiques et engrais, facilitant son utilisation dans les syst\u00e8mes d\u2019irrigation et d\u2019application foliaire.<\/li>\n<li data-start=\"3713\" data-end=\"3801\"><strong data-start=\"3715\" data-end=\"3732\">Polyvalence&nbsp;:<\/strong> Convient \u00e0 diverses strat\u00e9gies d\u2019application dans diff\u00e9rentes cultures.<\/li>\n<\/ul>\n<hr data-start=\"3803\" data-end=\"3806\">\n<h2 data-start=\"3808\" data-end=\"3836\">Sp\u00e9cifications techniques<\/h2>\n<h3 data-start=\"3838\" data-end=\"3868\">Analyse et caract\u00e9ristiques<\/h3>\n<div class=\"overflow-x-auto contain-inline-size\">\n<table data-start=\"3870\" data-end=\"4687\">\n<thead data-start=\"3870\" data-end=\"3997\">\n<tr data-start=\"3870\" data-end=\"3997\">\n<th data-start=\"3870\" data-end=\"3917\"><strong data-start=\"3872\" data-end=\"3885\">Param\u00e8tre<\/strong><\/th>\n<th data-start=\"3917\" data-end=\"3997\"><strong data-start=\"3919\" data-end=\"3930\">D\u00e9tail<\/strong><\/th>\n<\/tr>\n<\/thead>\n<tbody data-start=\"4123\" data-end=\"4687\">\n<tr data-start=\"4123\" data-end=\"4306\">\n<td><strong data-start=\"4125\" data-end=\"4140\">Composition<\/strong><\/td>\n<td>Bio-stimulant liquide organique avanc\u00e9 (sans valeurs num\u00e9riques sp\u00e9cifiques, optimis\u00e9 pour renforcer l\u2019assimilation des nutriments).<\/td>\n<\/tr>\n<tr data-start=\"4307\" data-end=\"4433\">\n<td><strong data-start=\"4309\" data-end=\"4320\">Format<\/strong><\/td>\n<td>Solution liquide 100&nbsp;% assimilable dans l\u2019eau<\/td>\n<\/tr>\n<tr data-start=\"4434\" data-end=\"4560\">\n<td><strong data-start=\"4436\" data-end=\"4454\">Compatibilit\u00e9<\/strong><\/td>\n<td>Convient \u00e0 l\u2019agriculture conventionnelle et biologique&nbsp;; sans chlorures<\/td>\n<\/tr>\n<tr data-start=\"4561\" data-end=\"4687\">\n<td><strong data-start=\"4563\" data-end=\"4581\">Durabilit\u00e9<\/strong><\/td>\n<td>Produit biod\u00e9gradable et respectueux de l\u2019environnement<\/td>\n<\/tr>\n<\/tbody>\n<\/table>\n<\/div>\n<h3 data-start=\"4689\" data-end=\"4712\">Propri\u00e9t\u00e9s physiques<\/h3>\n<div class=\"overflow-x-auto contain-inline-size\">\n<table data-start=\"4714\" data-end=\"5340\">\n<thead data-start=\"4714\" data-end=\"4838\">\n<tr data-start=\"4714\" data-end=\"4838\">\n<th data-start=\"4714\" data-end=\"4760\"><strong data-start=\"4716\" data-end=\"4729\">Propri\u00e9t\u00e9<\/strong><\/th>\n<th data-start=\"4760\" data-end=\"4838\"><strong data-start=\"4762\" data-end=\"4771\">Valeur<\/strong><\/th>\n<\/tr>\n<\/thead>\n<tbody data-start=\"4964\" data-end=\"5340\">\n<tr data-start=\"4964\" data-end=\"5088\">\n<td><strong data-start=\"4966\" data-end=\"4975\">Couleur<\/strong><\/td>\n<td>Transparent ou l\u00e9g\u00e8rement jaune<\/td>\n<\/tr>\n<tr data-start=\"5089\" data-end=\"5213\">\n<td><strong data-start=\"5091\" data-end=\"5106\">Solubilit\u00e9<\/strong><\/td>\n<td>100 % soluble dans l&rsquo;eau<\/td>\n<\/tr>\n<tr data-start=\"5214\" data-end=\"5340\">\n<td><strong data-start=\"5216\" data-end=\"5230\">Application<\/strong><\/td>\n<td>Voie foliaire et fertirrigation, adaptable \u00e0 de nombreux syst\u00e8mes<\/td>\n<\/tr>\n<\/tbody>\n<\/table>\n<\/div>\n<hr data-start=\"5342\" data-end=\"5345\">\n<h2 data-start=\"5347\" data-end=\"5381\">Applications et utilisations dans les cultures<\/h2>\n<p data-start=\"5383\" data-end=\"5549\">Le <strong data-start=\"5386\" data-end=\"5421\">bio-stimulant liquide organique<\/strong> Ecoganic UNIVERSAL POWER est polyvalent et s\u2019adapte \u00e0 divers types de cultures, fournissant des r\u00e9sultats efficaces dans chacun&nbsp;:<\/p>\n<div class=\"overflow-x-auto contain-inline-size\">\n<table data-start=\"5551\" data-end=\"7180\">\n<thead data-start=\"5551\" data-end=\"5820\">\n<tr data-start=\"5551\" data-end=\"5820\">\n<th data-start=\"5551\" data-end=\"5597\"><strong data-start=\"5553\" data-end=\"5572\">Type de culture<\/strong><\/th>\n<th data-start=\"5597\" data-end=\"5649\"><strong data-start=\"5599\" data-end=\"5611\">Exemples<\/strong><\/th>\n<th data-start=\"5649\" data-end=\"5820\"><strong data-start=\"5651\" data-end=\"5680\">Avantages et applications<\/strong><\/th>\n<\/tr>\n<\/thead>\n<tbody data-start=\"6091\" data-end=\"7180\">\n<tr data-start=\"6091\" data-end=\"6361\">\n<td><strong data-start=\"6093\" data-end=\"6116\">Cultures extensives<\/strong><\/td>\n<td>Bl\u00e9, ma\u00efs, orge, riz<\/td>\n<td>Maximise l\u2019absorption des nutriments sur de grandes surfaces, assurant une croissance uniforme et augmentant la productivit\u00e9 g\u00e9n\u00e9rale du champ.<\/td>\n<\/tr>\n<tr data-start=\"6362\" data-end=\"6635\">\n<td><strong data-start=\"6364\" data-end=\"6387\">Cultures mara\u00eech\u00e8res<\/strong><\/td>\n<td>Tomates, poivrons, laitues, brocolis, aubergines<\/td>\n<td>Renforce l\u2019efficacit\u00e9 nutritionnelle, favorise l\u2019uniformit\u00e9 et la qualit\u00e9 des fruits, et acc\u00e9l\u00e8re le d\u00e9veloppement v\u00e9g\u00e9tatif pour les cultures \u00e0 haute densit\u00e9.<\/td>\n<\/tr>\n<tr data-start=\"6636\" data-end=\"6911\">\n<td><strong data-start=\"6638\" data-end=\"6668\">Arbres fruitiers et vignobles<\/strong><\/td>\n<td>Agrumes, pommiers, avocatiers, vignobles<\/td>\n<td>Renforce la r\u00e9sistance au stress climatique et am\u00e9liore la qualit\u00e9 et l\u2019homog\u00e9n\u00e9it\u00e9 du fruit, augmentant sa valeur commerciale.<\/td>\n<\/tr>\n<tr data-start=\"6912\" data-end=\"7180\">\n<td><strong data-start=\"6914\" data-end=\"6952\">Cultures ornementales et sp\u00e9ciales<\/strong><\/td>\n<td>Plantes aromatiques, m\u00e9dicinales et fleurs<\/td>\n<td>Augmente la vigueur et la r\u00e9sistance aux conditions d\u00e9favorables, assurant des cultures ornementales et sp\u00e9ciales plus robustes et esth\u00e9tiques.<\/td>\n<\/tr>\n<\/tbody>\n<\/table>\n<\/div>\n<hr data-start=\"7182\" data-end=\"7185\">\n<h2 data-start=\"7187\" data-end=\"7225\">Mode d&rsquo;application et compatibilit\u00e9<\/h2>\n<h3 data-start=\"7227\" data-end=\"7251\">Instructions d&rsquo;utilisation<\/h3>\n<div class=\"overflow-x-auto contain-inline-size\">\n<table data-start=\"7253\" data-end=\"8331\">\n<thead data-start=\"7253\" data-end=\"7462\">\n<tr data-start=\"7253\" data-end=\"7462\">\n<th data-start=\"7253\" data-end=\"7297\"><strong data-start=\"7255\" data-end=\"7279\">M\u00e9thode d\u2019application<\/strong><\/th>\n<th data-start=\"7297\" data-end=\"7462\"><strong data-start=\"7299\" data-end=\"7318\">Recommandations<\/strong><\/th>\n<\/tr>\n<\/thead>\n<tbody data-start=\"7673\" data-end=\"8331\">\n<tr data-start=\"7673\" data-end=\"7907\">\n<td><strong data-start=\"7675\" data-end=\"7696\">Application foliaire<\/strong><\/td>\n<td><strong data-start=\"7719\" data-end=\"7729\">Dose&nbsp;:<\/strong> 0,5 \u00e0 2&nbsp;l\/100&nbsp;l d\u2019eau. Appliquer uniform\u00e9ment aux \u00e9tapes cl\u00e9s (croissance, floraison et d\u00e9veloppement du fruit). \u00c9viter les heures de fort rayonnement pour maximiser l\u2019absorption.  <\/td>\n<\/tr>\n<tr data-start=\"7908\" data-end=\"8115\">\n<td><strong data-start=\"7910\" data-end=\"7943\">Application par fertirrigation<\/strong><\/td>\n<td><strong data-start=\"7954\" data-end=\"7964\">Dose&nbsp;:<\/strong> 2 \u00e0 6&nbsp;l\/ha par semaine. R\u00e9partir uniform\u00e9ment pendant le cycle de la culture, en ajustant en fonction de l\u2019analyse du sol et des besoins sp\u00e9cifiques. <\/td>\n<\/tr>\n<tr data-start=\"8116\" data-end=\"8331\">\n<td><strong data-start=\"8118\" data-end=\"8137\">Compatibilit\u00e9&nbsp;:<\/strong><\/td>\n<td>Compatible avec la plupart des engrais et des produits phytosanitaires. Il est recommand\u00e9 d\u2019effectuer des tests pr\u00e9alables dans de nouveaux m\u00e9langes pour assurer la stabilit\u00e9 et l\u2019efficacit\u00e9. <\/td>\n<\/tr>\n<\/tbody>\n<\/table>\n<\/div>\n<hr data-start=\"8333\" data-end=\"8336\">\n<h2 data-start=\"8338\" data-end=\"8370\">Ressources et liens d\u2019int\u00e9r\u00eat<\/h2>\n<ul data-start=\"8372\" data-end=\"8710\">\n<li data-start=\"8372\" data-end=\"8551\">\n<p data-start=\"8374\" data-end=\"8409\"><strong data-start=\"8374\" data-end=\"8407\">Ressources externes (DoFollow)&nbsp;:<\/strong><\/p>\n<ul data-start=\"8412\" data-end=\"8551\">\n<li data-start=\"8412\" data-end=\"8475\"><a href=\"https:\/\/www.ecocert.com\" target=\"_new\" rel=\"noopener\" data-start=\"8414\" data-end=\"8473\">Ecocert \u2013 Certification organique<\/a><\/li>\n<li data-start=\"8478\" data-end=\"8551\"><a href=\"http:\/\/www.fao.org\/sustainability\/en\/\" target=\"_new\" rel=\"noopener\" data-start=\"8480\" data-end=\"8549\">FAO \u2013 Agriculture durable<\/a><\/li>\n<\/ul>\n<\/li>\n<li data-start=\"8553\" data-end=\"8710\">\n<p data-start=\"8555\" data-end=\"8578\"><strong data-start=\"8555\" data-end=\"8576\">Liens internes&nbsp;:<\/strong><\/p>\n<ul data-start=\"8581\" data-end=\"8710\">\n<li data-start=\"8581\" data-end=\"8660\"><a href=\"https:\/\/ecoganic.eu\/distribuidores\/\" target=\"_new\" rel=\"noopener\" data-start=\"8583\" data-end=\"8658\">Distributeurs officiels d\u2019Ecoganic<\/a><\/li>\n<li data-start=\"8663\" data-end=\"8710\"><a href=\"https:\/\/ecoganic.eu\/fr\/blog\/\" target=\"_new\" rel=\"noopener\" data-start=\"8665\" data-end=\"8710\">Blog d\u2019Ecoganic<\/a><\/li>\n<\/ul>\n<\/li>\n<\/ul>\n<p data-start=\"8712\" data-end=\"8833\">Ces ressources compl\u00e8tent les informations sur le produit et renforcent son autorit\u00e9 dans le domaine de l\u2019agriculture biologique.<\/p>\n<hr data-start=\"8835\" data-end=\"8838\">\n<h2 data-start=\"8840\" data-end=\"8904\">Foire aux questions sur le bio-stimulant liquide organique<\/h2>\n<p data-start=\"8906\" data-end=\"9332\"><strong data-start=\"8906\" data-end=\"8998\">\u2753 Qu\u2019est-ce qu\u2019Ecoganic UNIVERSAL POWER et comment fonctionne-t-il comme bio-stimulant liquide organique&nbsp;?<\/strong><br data-start=\"8998\" data-end=\"9001\">Ecoganic UNIVERSAL POWER est un bio-stimulant liquide organique avanc\u00e9 con\u00e7u pour maximiser l\u2019absorption des nutriments, am\u00e9liorer la r\u00e9sistance des cultures et renforcer la qualit\u00e9 de la r\u00e9colte. Sa formulation permet un transport efficace des nutriments \u00e0 l\u2019int\u00e9rieur de la plante, garantissant qu\u2019ils soient utilis\u00e9s de mani\u00e8re optimale. <\/p>\n<p data-start=\"9334\" data-end=\"9637\"><strong data-start=\"9334\" data-end=\"9396\">\u2753 Quels sont les principaux avantages de ce produit&nbsp;?<\/strong><br data-start=\"9396\" data-end=\"9399\">Il offre une plus grande efficacit\u00e9 dans l\u2019assimilation des nutriments, renforce la r\u00e9sistance face au stress environnemental, augmente la productivit\u00e9 et am\u00e9liore la qualit\u00e9 du fruit, le tout de mani\u00e8re durable et compatible avec l\u2019agriculture biologique.<\/p>\n<p data-start=\"9639\" data-end=\"9841\"><strong data-start=\"9639\" data-end=\"9683\">\u2753 Dans quelles cultures son utilisation est-elle recommand\u00e9e&nbsp;?<\/strong><br data-start=\"9683\" data-end=\"9686\">Il est id\u00e9al pour les cultures extensives, mara\u00eech\u00e8res, les arbres fruitiers, les vignobles et les cultures ornementales, s\u2019adaptant \u00e0 diverses conditions et syst\u00e8mes de culture.<\/p>\n<p data-start=\"9843\" data-end=\"10105\"><strong data-start=\"9843\" data-end=\"9890\">\u2753 Comment appliquer Ecoganic UNIVERSAL POWER&nbsp;?<\/strong><br data-start=\"9890\" data-end=\"9893\">Il peut \u00eatre appliqu\u00e9 par voie foliaire (0,5 \u00e0 2&nbsp;l\/100&nbsp;l d\u2019eau) ou par fertirrigation (2 \u00e0 6&nbsp;l\/ha par semaine). Il est recommand\u00e9 d\u2019ajuster les doses en fonction des besoins sp\u00e9cifiques de la culture et de l\u2019analyse du sol. <\/p>\n<p data-start=\"10107\" data-end=\"10348\"><strong data-start=\"10107\" data-end=\"10156\">\u2753 Est-il compatible avec d\u2019autres intrants agricoles&nbsp;?<\/strong><br data-start=\"10156\" data-end=\"10159\">Oui, il est compatible avec la plupart des engrais et des produits phytosanitaires. Il est conseill\u00e9 d\u2019effectuer des tests pr\u00e9alables dans de nouveaux m\u00e9langes pour assurer la stabilit\u00e9 et l\u2019efficacit\u00e9 du produit. <\/p>\n<hr data-start=\"10350\" data-end=\"10353\">\n<h2 data-start=\"10355\" data-end=\"10390\">Conclusion et appel \u00e0 l\u2019action<\/h2>\n<p data-start=\"10392\" data-end=\"10864\">En conclusion, <strong data-start=\"10407\" data-end=\"10435\">Ecoganic UNIVERSAL POWER<\/strong> est le <strong data-start=\"10442\" data-end=\"10477\">bio-stimulant liquide organique<\/strong> id\u00e9al pour maximiser l\u2019efficacit\u00e9 nutritionnelle et renforcer la sant\u00e9 de vos cultures. Sa technologie avanc\u00e9e et sa formulation 100&nbsp;% organique garantissent une assimilation rapide des nutriments, renfor\u00e7ant la r\u00e9sistance et la qualit\u00e9 de la production agricole. Ce produit est indispensable pour les agriculteurs et les distributeurs qui cherchent \u00e0 innover et \u00e0 am\u00e9liorer la durabilit\u00e9 de leurs op\u00e9rations.  <\/p>\n<p data-start=\"10866\" data-end=\"11260\"><strong data-start=\"10866\" data-end=\"10944\">Faites passer l\u2019efficacit\u00e9 de vos cultures au niveau sup\u00e9rieur de mani\u00e8re organique&nbsp;!<\/strong><br data-start=\"10944\" data-end=\"10947\">Contactez-nous d\u00e8s aujourd\u2019hui via notre <a href=\"https:\/\/ecoganic.eu\/fr\/contact\/\" target=\"_new\" rel=\"noopener\" data-start=\"10989\" data-end=\"11040\">page de contact<\/a> ou consultez la <a href=\"https:\/\/ecoganic.eu\/distribuidores\/\" target=\"_new\" rel=\"noopener\" data-start=\"11055\" data-end=\"11119\">section des distributeurs<\/a> pour obtenir Ecoganic UNIVERSAL POWER et d\u00e9couvrez comment ce bio-stimulant liquide organique peut transformer la productivit\u00e9 de vos champs.<\/p>\n","protected":false},"excerpt":{"rendered":"<p>D\u00e9couvrez Ecoganic UNIVERSAL POWER, le bio-stimulant liquide organique avanc\u00e9 qui optimise l\u2019absorption des nutriments et am\u00e9liore la r\u00e9sistance des cultures pour une efficacit\u00e9 nutritionnelle maximale de mani\u00e8re durable.<\/p>\n","protected":false},"featured_media":1453,"template":"","meta":{"site-sidebar-layout":"default","site-content-layout":"","ast-site-content-layout":"default","site-content-style":"default","site-sidebar-style":"default","ast-global-header-display":"","ast-banner-title-visibility":"","ast-main-header-display":"","ast-hfb-above-header-display":"","ast-hfb-below-header-display":"","ast-hfb-mobile-header-display":"","site-post-title":"","ast-breadcrumbs-content":"","ast-featured-img":"","footer-sml-layout":"","theme-transparent-header-meta":"default","adv-header-id-meta":"","stick-header-meta":"","header-above-stick-meta":"","header-main-stick-meta":"","header-below-stick-meta":"","astra-migrate-meta-layouts":"default","ast-page-background-enabled":"default","ast-page-background-meta":{"desktop":{"background-color":"var(--ast-global-color-4)","background-image":"","background-repeat":"repeat","background-position":"center center","background-size":"auto","background-attachment":"scroll","background-type":"","background-media":"","overlay-type":"","overlay-color":"","overlay-opacity":"","overlay-gradient":""},"tablet":{"background-color":"","background-image":"","background-repeat":"repeat","background-position":"center center","background-size":"auto","background-attachment":"scroll","background-type":"","background-media":"","overlay-type":"","overlay-color":"","overlay-opacity":"","overlay-gradient":""},"mobile":{"background-color":"","background-image":"","background-repeat":"repeat","background-position":"center center","background-size":"auto","background-attachment":"scroll","background-type":"","background-media":"","overlay-type":"","overlay-color":"","overlay-opacity":"","overlay-gradient":""}},"ast-content-background-meta":{"desktop":{"background-color":"var(--ast-global-color-5)","background-image":"","background-repeat":"repeat","background-position":"center center","background-size":"auto","background-attachment":"scroll","background-type":"","background-media":"","overlay-type":"","overlay-color":"","overlay-opacity":"","overlay-gradient":""},"tablet":{"background-color":"var(--ast-global-color-5)","background-image":"","background-repeat":"repeat","background-position":"center center","background-size":"auto","background-attachment":"scroll","background-type":"","background-media":"","overlay-type":"","overlay-color":"","overlay-opacity":"","overlay-gradient":""},"mobile":{"background-color":"var(--ast-global-color-5)","background-image":"","background-repeat":"repeat","background-position":"center center","background-size":"auto","background-attachment":"scroll","background-type":"","background-media":"","overlay-type":"","overlay-color":"","overlay-opacity":"","overlay-gradient":""}}},"product_brand":[],"product_cat":[398],"product_tag":[458,347,461,400,459,462,460,413],"class_list":{"0":"post-2075","1":"product","2":"type-product","3":"status-publish","4":"has-post-thumbnail","6":"product_cat-biostimulants-organiques","7":"product_tag-absorption-des-nutriments","8":"product_tag-agriculture-biologique-fr","9":"product_tag-algues-unicellulaires-deau-douce","10":"product_tag-biostimulant-liquide-organique","11":"product_tag-efficacite-nutritionnelle","12":"product_tag-production-biologique","13":"product_tag-resilience-des-cultures","14":"product_tag-technologie-agricole","15":"desktop-align-left","16":"tablet-align-left","17":"mobile-align-left","19":"first","20":"instock","21":"shipping-taxable","22":"product-type-simple"},"_links":{"self":[{"href":"https:\/\/ecoganic.eu\/fr\/wp-json\/wp\/v2\/product\/2075","targetHints":{"allow":["GET"]}}],"collection":[{"href":"https:\/\/ecoganic.eu\/fr\/wp-json\/wp\/v2\/product"}],"about":[{"href":"https:\/\/ecoganic.eu\/fr\/wp-json\/wp\/v2\/types\/product"}],"version-history":[{"count":0,"href":"https:\/\/ecoganic.eu\/fr\/wp-json\/wp\/v2\/product\/2075\/revisions"}],"wp:featuredmedia":[{"embeddable":true,"href":"https:\/\/ecoganic.eu\/fr\/wp-json\/wp\/v2\/media\/1453"}],"wp:attachment":[{"href":"https:\/\/ecoganic.eu\/fr\/wp-json\/wp\/v2\/media?parent=2075"}],"wp:term":[{"taxonomy":"product_brand","embeddable":true,"href":"https:\/\/ecoganic.eu\/fr\/wp-json\/wp\/v2\/product_brand?post=2075"},{"taxonomy":"product_cat","embeddable":true,"href":"https:\/\/ecoganic.eu\/fr\/wp-json\/wp\/v2\/product_cat?post=2075"},{"taxonomy":"product_tag","embeddable":true,"href":"https:\/\/ecoganic.eu\/fr\/wp-json\/wp\/v2\/product_tag?post=2075"}],"curies":[{"name":"wp","href":"https:\/\/api.w.org\/{rel}","templated":true}]}}