{"id":2073,"date":"2024-11-25T16:10:52","date_gmt":"2024-11-25T16:10:52","guid":{"rendered":"https:\/\/ecoganic.eu\/producto\/ecoganic-nitrotech-25-liquide\/"},"modified":"2024-11-25T16:10:52","modified_gmt":"2024-11-25T16:10:52","slug":"ecoganic-nitrotech-25-liquide","status":"publish","type":"product","link":"https:\/\/ecoganic.eu\/fr\/produit\/ecoganic-nitrotech-25-liquide\/","title":{"rendered":"Ecoganic NITROTECH 2,5 % Liquide"},"content":{"rendered":"<h1 data-start=\"88\" data-end=\"158\"><strong data-start=\"90\" data-end=\"156\">Engrais liquide organique&nbsp;: Ecoganic NITROTECH 2,5&nbsp;% Liquide<\/strong><\/h1>\n<p data-start=\"323\" data-end=\"956\">L\u2019engrais liquide organique <strong data-start=\"356\" data-end=\"391\">Ecoganic NITROTECH 2.5% Liquide<\/strong> est la solution id\u00e9ale pour pr\u00e9venir et corriger les carences en azote, un macronutriment essentiel \u00e0 la croissance et au d\u00e9veloppement des plantes. Sa formule avanc\u00e9e, 100&nbsp;% soluble dans l\u2019eau et sans chlorures, combine des mati\u00e8res premi\u00e8res v\u00e9g\u00e9tales (soja et ma\u00efs) avec des extraits d\u2019algues unicellulaires et des acides amin\u00e9s, ce qui garantit une absorption rapide et une nutrition compl\u00e8te \u00e0 chaque application. Gr\u00e2ce \u00e0 son assimilation rapide, <strong data-start=\"822\" data-end=\"907\">90&nbsp;% de l\u2019azote est absorb\u00e9 dans les trois premi\u00e8res heures suivant l\u2019application foliaire<\/strong>, offrant des r\u00e9sultats imm\u00e9diats et efficaces.  <\/p>\n<hr data-start=\"958\" data-end=\"961\">\n<h2 data-start=\"963\" data-end=\"996\"><strong data-start=\"966\" data-end=\"994\">Description du produit<\/strong><\/h2>\n<p data-start=\"998\" data-end=\"1569\"><strong data-start=\"998\" data-end=\"1033\">Ecoganic NITROTECH 2.5% Liquide<\/strong> est un engrais liquide organique formul\u00e9 pour fournir <strong data-start=\"1097\" data-end=\"1118\">2.5% d\u2019azote<\/strong>, enrichi en <strong data-start=\"1136\" data-end=\"1185\">acides amin\u00e9s et extraits d\u2019algues unicellulaires<\/strong>. Cette formulation est con\u00e7ue pour am\u00e9liorer la <strong data-start=\"1234\" data-end=\"1250\">photosynth\u00e8se<\/strong>, optimiser le <strong data-start=\"1265\" data-end=\"1293\">m\u00e9tabolisme de la plante<\/strong> et potentialiser le <strong data-start=\"1309\" data-end=\"1340\">rendement des cultures<\/strong>. Sa <strong data-start=\"1345\" data-end=\"1374\">haute solubilit\u00e9 et puret\u00e9<\/strong> permettent une application polyvalente, que ce soit par <strong data-start=\"1428\" data-end=\"1469\">fertirrigation ou par application foliaire<\/strong>, garantissant une <strong data-start=\"1488\" data-end=\"1566\">distribution uniforme des nutriments et une r\u00e9ponse rapide sur le terrain<\/strong>.  <\/p>\n<hr data-start=\"1571\" data-end=\"1574\">\n<h2 data-start=\"1576\" data-end=\"1635\"><strong data-start=\"1579\" data-end=\"1633\">Avantages cl\u00e9s de l&rsquo;engrais liquide organique<\/strong><\/h2>\n<h3 data-start=\"1637\" data-end=\"1681\"><strong data-start=\"1641\" data-end=\"1679\">1\ufe0f\u20e3 Nutrition Compl\u00e8te et Efficace<\/strong><\/h3>\n<p data-start=\"1682\" data-end=\"2037\">\u2705 <strong data-start=\"1684\" data-end=\"1722\">Apport imm\u00e9diat d\u2019azote&nbsp;:<\/strong> Fournit <strong data-start=\"1735\" data-end=\"1756\">2,5&nbsp;% d\u2019azote<\/strong>, essentiel \u00e0 la photosynth\u00e8se et au m\u00e9tabolisme v\u00e9g\u00e9tal.<br data-start=\"1816\" data-end=\"1819\">\u2705 <strong data-start=\"1821\" data-end=\"1845\">Formule enrichie&nbsp;:<\/strong> Contient des <strong data-start=\"1855\" data-end=\"1904\">acides amin\u00e9s et des extraits d\u2019algues unicellulaires<\/strong>, ce qui garantit une absorption rapide.<br data-start=\"1944\" data-end=\"1947\">\u2705 <strong data-start=\"1949\" data-end=\"1966\">100&nbsp;% soluble&nbsp;:<\/strong> S\u2019int\u00e8gre sans laisser de r\u00e9sidus ni d\u2019obstructions dans les syst\u00e8mes d\u2019irrigation.<\/p>\n<h3 data-start=\"2039\" data-end=\"2098\"><strong data-start=\"2043\" data-end=\"2096\">2\ufe0f\u20e3 Augmentation du Rendement et de la Qualit\u00e9 de la Culture<\/strong><\/h3>\n<p data-start=\"2099\" data-end=\"2421\">\u2705 <strong data-start=\"2101\" data-end=\"2134\">D\u00e9veloppement v\u00e9g\u00e9tatif optimal&nbsp;:<\/strong> Favorise la croissance et am\u00e9liore l\u2019homog\u00e9n\u00e9it\u00e9 du fruit.<br data-start=\"2194\" data-end=\"2197\">\u2705 <strong data-start=\"2199\" data-end=\"2237\">Am\u00e9liore l\u2019absorption des nutriments&nbsp;:<\/strong> Potentialise l\u2019efficacit\u00e9 d\u2019autres engrais, maximisant la nutrition de la culture.<br data-start=\"2320\" data-end=\"2323\">\u2705 <strong data-start=\"2325\" data-end=\"2352\">Fruits de haute qualit\u00e9&nbsp;:<\/strong> Contribue \u00e0 obtenir des fruits de plus grande taille, couleur et consistance.<\/p>\n<h3 data-start=\"2423\" data-end=\"2481\"><strong data-start=\"2427\" data-end=\"2479\">3\ufe0f\u20e3 R\u00e9sistance au Stress et R\u00e9cup\u00e9ration V\u00e9g\u00e9tale<\/strong><\/h3>\n<p data-start=\"2482\" data-end=\"2732\">\u2705 <strong data-start=\"2484\" data-end=\"2525\">Protection contre les conditions d\u00e9favorables&nbsp;:<\/strong> R\u00e9duit l\u2019impact du stress hydrique et thermique, prot\u00e9geant les plantes.<br data-start=\"2598\" data-end=\"2601\">\u2705 <strong data-start=\"2603\" data-end=\"2639\">Acc\u00e9l\u00e9ration de la cicatrisation&nbsp;:<\/strong> Sa teneur en <strong data-start=\"2656\" data-end=\"2671\">acides amin\u00e9s<\/strong> facilite la r\u00e9cup\u00e9ration rapide des feuilles et des tiges endommag\u00e9es.<\/p>\n<h3 data-start=\"2734\" data-end=\"2797\"><strong data-start=\"2738\" data-end=\"2795\">4\ufe0f\u20e3 Engrais Durable pour l\u2019Agriculture Biologique<\/strong><\/h3>\n<p data-start=\"2798\" data-end=\"3129\">\u2705 <strong data-start=\"2800\" data-end=\"2818\">100&nbsp;% biologique&nbsp;:<\/strong> \u00c9labor\u00e9 avec des <strong data-start=\"2833\" data-end=\"2872\">mati\u00e8res premi\u00e8res v\u00e9g\u00e9tales et marines<\/strong>, sans r\u00e9sidus chimiques.<br data-start=\"2896\" data-end=\"2899\">\u2705 <strong data-start=\"2901\" data-end=\"2948\">Compatible avec l\u2019agriculture r\u00e9g\u00e9n\u00e9rative&nbsp;:<\/strong> Favorise une gestion durable du sol et minimise la lixiviation des nutriments.<br data-start=\"3029\" data-end=\"3032\">\u2705 <strong data-start=\"3034\" data-end=\"3064\">Respect de l\u2019environnement&nbsp;:<\/strong> Contribue \u00e0 une production agricole responsable et durable.<\/p>\n<hr data-start=\"3131\" data-end=\"3134\">\n<h2 data-start=\"3136\" data-end=\"3170\"><strong data-start=\"3139\" data-end=\"3168\">Sp\u00e9cifications techniques<\/strong><\/h2>\n<h3 data-start=\"3172\" data-end=\"3202\"><strong data-start=\"3176\" data-end=\"3200\">Analyse garantie<\/strong><\/h3>\n<div class=\"overflow-x-auto contain-inline-size\">\n<table data-start=\"3204\" data-end=\"3543\">\n<thead data-start=\"3204\" data-end=\"3233\">\n<tr data-start=\"3204\" data-end=\"3233\">\n<th data-start=\"3204\" data-end=\"3220\"><strong data-start=\"3206\" data-end=\"3219\">Param\u00e8tre<\/strong><\/th>\n<th data-start=\"3220\" data-end=\"3233\"><strong data-start=\"3222\" data-end=\"3231\">Valeur<\/strong><\/th>\n<\/tr>\n<\/thead>\n<tbody data-start=\"3262\" data-end=\"3543\">\n<tr data-start=\"3262\" data-end=\"3352\">\n<td><strong data-start=\"3264\" data-end=\"3279\">Composition<\/strong><\/td>\n<td>2.5% Azote (N), enrichi en acides amin\u00e9s et extraits d\u2019algues<\/td>\n<\/tr>\n<tr data-start=\"3353\" data-end=\"3399\">\n<td><strong data-start=\"3355\" data-end=\"3366\">Format<\/strong><\/td>\n<td>Liquide 100 % soluble dans l&rsquo;eau<\/td>\n<\/tr>\n<tr data-start=\"3400\" data-end=\"3452\">\n<td><strong data-start=\"3402\" data-end=\"3412\">Origine<\/strong><\/td>\n<td>Mati\u00e8res premi\u00e8res v\u00e9g\u00e9tales et marines<\/td>\n<\/tr>\n<tr data-start=\"3453\" data-end=\"3475\">\n<td><strong data-start=\"3455\" data-end=\"3461\">pH<\/strong><\/td>\n<td>6.0 \u00b1 0.5<\/td>\n<\/tr>\n<tr data-start=\"3476\" data-end=\"3543\">\n<td><strong data-start=\"3478\" data-end=\"3494\">Applications<\/strong><\/td>\n<td>Convient pour la fertirrigation et l\u2019application foliaire<\/td>\n<\/tr>\n<\/tbody>\n<\/table>\n<\/div>\n<hr data-start=\"3545\" data-end=\"3548\">\n<h2 data-start=\"3550\" data-end=\"3578\"><strong data-start=\"3553\" data-end=\"3576\">Propri\u00e9t\u00e9s physiques<\/strong><\/h2>\n<div class=\"overflow-x-auto contain-inline-size\">\n<table data-start=\"3580\" data-end=\"3781\">\n<thead data-start=\"3580\" data-end=\"3609\">\n<tr data-start=\"3580\" data-end=\"3609\">\n<th data-start=\"3580\" data-end=\"3596\"><strong data-start=\"3582\" data-end=\"3595\">Propri\u00e9t\u00e9<\/strong><\/th>\n<th data-start=\"3596\" data-end=\"3609\"><strong data-start=\"3598\" data-end=\"3607\">Valeur<\/strong><\/th>\n<\/tr>\n<\/thead>\n<tbody data-start=\"3638\" data-end=\"3781\">\n<tr data-start=\"3638\" data-end=\"3672\">\n<td><strong data-start=\"3640\" data-end=\"3649\">Couleur<\/strong><\/td>\n<td>Ambre transparent<\/td>\n<\/tr>\n<tr data-start=\"3673\" data-end=\"3715\">\n<td><strong data-start=\"3675\" data-end=\"3690\">Solubilit\u00e9<\/strong><\/td>\n<td>100 % soluble dans l&rsquo;eau<\/td>\n<\/tr>\n<tr data-start=\"3716\" data-end=\"3781\">\n<td><strong data-start=\"3718\" data-end=\"3731\">Absorption<\/strong><\/td>\n<td>\u00c9lev\u00e9e, avec une assimilation rapide (90&nbsp;% en 3&nbsp;heures)<\/td>\n<\/tr>\n<\/tbody>\n<\/table>\n<\/div>\n<hr data-start=\"3783\" data-end=\"3786\">\n<h2 data-start=\"3788\" data-end=\"3828\"><strong data-start=\"3791\" data-end=\"3826\">Applications et utilisations dans les cultures<\/strong><\/h2>\n<p data-start=\"3830\" data-end=\"4007\">L\u2019engrais liquide organique <strong data-start=\"3863\" data-end=\"3898\">Ecoganic NITROTECH 2.5% Liquide<\/strong> est polyvalent et s\u2019adapte \u00e0 de nombreux types de cultures, assurant une <strong data-start=\"3969\" data-end=\"4004\">nutrition \u00e9quilibr\u00e9e et uniforme<\/strong>&nbsp;:<\/p>\n<div class=\"overflow-x-auto contain-inline-size\">\n<table data-start=\"4009\" data-end=\"4918\">\n<thead data-start=\"4009\" data-end=\"4079\">\n<tr data-start=\"4009\" data-end=\"4079\">\n<th data-start=\"4009\" data-end=\"4031\"><strong data-start=\"4011\" data-end=\"4030\">Type de culture<\/strong><\/th>\n<th data-start=\"4031\" data-end=\"4046\"><strong data-start=\"4033\" data-end=\"4045\">Exemples<\/strong><\/th>\n<th data-start=\"4046\" data-end=\"4079\"><strong data-start=\"4048\" data-end=\"4077\">Avantages et applications<\/strong><\/th>\n<\/tr>\n<\/thead>\n<tbody data-start=\"4143\" data-end=\"4918\">\n<tr data-start=\"4143\" data-end=\"4329\">\n<td><strong data-start=\"4145\" data-end=\"4168\">Cultures extensives<\/strong><\/td>\n<td>Bl\u00e9, ma\u00efs, orge, riz<\/td>\n<td>Fournit une nutrition \u00e9quilibr\u00e9e et uniforme \u00e0 tous les stades de croissance, am\u00e9liorant la productivit\u00e9 globale de la culture.<\/td>\n<\/tr>\n<tr data-start=\"4330\" data-end=\"4503\">\n<td><strong data-start=\"4332\" data-end=\"4355\">Cultures mara\u00eech\u00e8res<\/strong><\/td>\n<td>Tomates, poivrons, laitues, brocolis, aubergines<\/td>\n<td>Stimule le d\u00e9veloppement des feuilles et des racines, potentialisant la formation et la qualit\u00e9 des fruits.<\/td>\n<\/tr>\n<tr data-start=\"4504\" data-end=\"4688\">\n<td><strong data-start=\"4506\" data-end=\"4536\">Arbres fruitiers et vignobles<\/strong><\/td>\n<td>Agrumes, pommiers, avocatiers, vignobles<\/td>\n<td>Am\u00e9liore le grossissement et l\u2019uniformit\u00e9 des fruits, optimisant la qualit\u00e9 et prolongeant la dur\u00e9e de conservation apr\u00e8s r\u00e9colte.<\/td>\n<\/tr>\n<tr data-start=\"4689\" data-end=\"4918\">\n<td><strong data-start=\"4691\" data-end=\"4729\">Cultures sp\u00e9ciales et ornementales<\/strong><\/td>\n<td>Plantes aromatiques, m\u00e9dicinales et fleurs<\/td>\n<td>Favorise l\u2019enracinement et renforce la r\u00e9sistance des plantes face au stress, assurant des cultures plus saines et esth\u00e9tiquement attrayantes.<\/td>\n<\/tr>\n<\/tbody>\n<\/table>\n<\/div>\n<hr data-start=\"4920\" data-end=\"4923\">\n<h2 data-start=\"4925\" data-end=\"4969\"><strong data-start=\"4928\" data-end=\"4967\">Mode d&rsquo;application et compatibilit\u00e9<\/strong><\/h2>\n<h3 data-start=\"4971\" data-end=\"5001\"><strong data-start=\"4975\" data-end=\"4999\">Instructions d&rsquo;utilisation<\/strong><\/h3>\n<div class=\"overflow-x-auto contain-inline-size\">\n<table data-start=\"5003\" data-end=\"5486\">\n<thead data-start=\"5003\" data-end=\"5053\">\n<tr data-start=\"5003\" data-end=\"5053\">\n<th data-start=\"5003\" data-end=\"5030\"><strong data-start=\"5005\" data-end=\"5029\">M\u00e9thode d\u2019application<\/strong><\/th>\n<th data-start=\"5030\" data-end=\"5053\"><strong data-start=\"5032\" data-end=\"5051\">Recommandations<\/strong><\/th>\n<\/tr>\n<\/thead>\n<tbody data-start=\"5105\" data-end=\"5486\">\n<tr data-start=\"5105\" data-end=\"5282\">\n<td><strong data-start=\"5107\" data-end=\"5128\">Application foliaire<\/strong><\/td>\n<td>Dose&nbsp;: <strong data-start=\"5138\" data-end=\"5150\">2-3&nbsp;L\/ha<\/strong>, dilu\u00e9 dans l\u2019eau. Appliquer uniform\u00e9ment sur le feuillage aux phases cl\u00e9s, comme la croissance v\u00e9g\u00e9tative, la pr\u00e9floraison et la nouaison. <\/td>\n<\/tr>\n<tr data-start=\"5283\" data-end=\"5486\">\n<td><strong data-start=\"5285\" data-end=\"5326\">Application par irrigation (Fertirrigation)<\/strong><\/td>\n<td>Dose&nbsp;: <strong data-start=\"5336\" data-end=\"5348\">2-4&nbsp;L\/ha<\/strong> par application. R\u00e9partir uniform\u00e9ment pendant le cycle de la culture, en ajustant selon l\u2019analyse du sol et les besoins sp\u00e9cifiques. <\/td>\n<\/tr>\n<\/tbody>\n<\/table>\n<\/div>\n<p data-start=\"5488\" data-end=\"5680\">\u2705 <strong data-start=\"5490\" data-end=\"5509\">Compatibilit\u00e9&nbsp;:<\/strong> Compatible avec la majorit\u00e9 des engrais et des produits phytosanitaires. Il est recommand\u00e9 d\u2019effectuer des tests pr\u00e9alables dans de nouveaux m\u00e9langes pour assurer la stabilit\u00e9 et l\u2019efficacit\u00e9. <\/p>\n<hr data-start=\"5682\" data-end=\"5685\">\n<h2 data-start=\"5687\" data-end=\"5755\"><strong data-start=\"5690\" data-end=\"5753\">Questions fr\u00e9quentes sur l&rsquo;engrais liquide organique<\/strong><\/h2>\n<h3 data-start=\"5757\" data-end=\"5857\">\u2753 <strong data-start=\"5763\" data-end=\"5855\">Qu\u2019est-ce qu\u2019Ecoganic NITROTECH 2.5% Liquide et comment agit-il comme engrais liquide organique&nbsp;?<\/strong><\/h3>\n<p data-start=\"5858\" data-end=\"6133\">Ecoganic NITROTECH 2.5% Liquide est un engrais liquide organique <strong data-start=\"5926\" data-end=\"5942\">100&nbsp;% soluble<\/strong> qui fournit <strong data-start=\"5959\" data-end=\"5980\">2,5&nbsp;% d\u2019azote<\/strong>, enrichi en <strong data-start=\"5998\" data-end=\"6034\">acides amin\u00e9s et extraits d\u2019algues<\/strong>, optimisant la <strong data-start=\"6051\" data-end=\"6097\">photosynth\u00e8se et le m\u00e9tabolisme de la plante<\/strong> pour obtenir des cultures saines.<\/p>\n<h3 data-start=\"6135\" data-end=\"6212\">\u2753 <strong data-start=\"6141\" data-end=\"6210\">Quels sont les principaux avantages de l\u2019utilisation de ce produit&nbsp;?<\/strong><\/h3>\n<p data-start=\"6213\" data-end=\"6439\">Offre une <strong data-start=\"6220\" data-end=\"6254\">nutrition compl\u00e8te et efficace<\/strong>, <strong data-start=\"6256\" data-end=\"6308\">augmente le rendement et la qualit\u00e9 des cultures<\/strong>, <strong data-start=\"6310\" data-end=\"6362\">am\u00e9liore la r\u00e9sistance face au stress environnemental<\/strong> et <strong data-start=\"6365\" data-end=\"6404\">favorise une agriculture durable<\/strong>, prot\u00e9geant le sol et l\u2019eau.<\/p>\n<h3 data-start=\"6441\" data-end=\"6481\">\u2753 <strong data-start=\"6447\" data-end=\"6479\">Comment le produit est-il appliqu\u00e9&nbsp;?<\/strong><\/h3>\n<p data-start=\"6482\" data-end=\"6648\">Il peut \u00eatre appliqu\u00e9 de mani\u00e8re <strong data-start=\"6508\" data-end=\"6529\">foliaire (2-3&nbsp;L\/ha)<\/strong> ou par <strong data-start=\"6541\" data-end=\"6570\">fertirrigation (2-4&nbsp;L\/ha)<\/strong>, en s\u2019ajustant selon les besoins de la culture et les conditions du sol.<\/p>\n<hr data-start=\"6650\" data-end=\"6653\">\n<h2 data-start=\"6655\" data-end=\"6696\"><strong data-start=\"6658\" data-end=\"6694\">Conclusion et appel \u00e0 l\u2019action<\/strong><\/h2>\n<p data-start=\"6698\" data-end=\"7045\">\ud83c\udf31 <strong data-start=\"6701\" data-end=\"6736\">Ecoganic NITROTECH 2.5% Liquide<\/strong> est l\u2019engrais liquide organique id\u00e9al pour <strong data-start=\"6784\" data-end=\"6842\">potentialiser la nutrition et la productivit\u00e9 de vos cultures<\/strong>. Sa formulation <strong data-start=\"6859\" data-end=\"6875\">100&nbsp;% soluble<\/strong>, enrichie en <strong data-start=\"6893\" data-end=\"6929\">acides amin\u00e9s et extraits d\u2019algues<\/strong>, garantit une <strong data-start=\"6945\" data-end=\"6979\">absorption rapide de l\u2019azote<\/strong>, am\u00e9liorant la <strong data-start=\"6994\" data-end=\"7042\">photosynth\u00e8se et le m\u00e9tabolisme des plantes<\/strong>. <\/p>\n<p data-start=\"7047\" data-end=\"7234\">\ud83d\ude80 <strong data-start=\"7050\" data-end=\"7104\">Boostez vos cultures de mani\u00e8re organique d\u00e8s aujourd\u2019hui&nbsp;!<\/strong><br data-start=\"7104\" data-end=\"7107\">\ud83d\udce2 Contactez-nous pour obtenir <strong data-start=\"7135\" data-end=\"7170\">Ecoganic NITROTECH 2.5% Liquide<\/strong> et faire passer la nutrition de vos cultures au niveau sup\u00e9rieur. \ud83c\udf0d\u2705 <\/p>\n","protected":false},"excerpt":{"rendered":"<p>D\u00e9couvrez Ecoganic NITROTECH 2.5% Liquide, l\u2019engrais liquide organique 100&nbsp;% soluble qui apporte 2,5&nbsp;% d\u2019azote, enrichi en acides amin\u00e9s et extraits d\u2019algues, pour potentialiser des cultures saines et productives de mani\u00e8re durable.<br \/>\n\ud83c\udf31\ud83d\ude9c<\/p>\n","protected":false},"featured_media":1489,"template":"","meta":{"site-sidebar-layout":"default","site-content-layout":"","ast-site-content-layout":"default","site-content-style":"default","site-sidebar-style":"default","ast-global-header-display":"","ast-banner-title-visibility":"","ast-main-header-display":"","ast-hfb-above-header-display":"","ast-hfb-below-header-display":"","ast-hfb-mobile-header-display":"","site-post-title":"","ast-breadcrumbs-content":"","ast-featured-img":"","footer-sml-layout":"","theme-transparent-header-meta":"default","adv-header-id-meta":"","stick-header-meta":"","header-above-stick-meta":"","header-main-stick-meta":"","header-below-stick-meta":"","astra-migrate-meta-layouts":"default","ast-page-background-enabled":"default","ast-page-background-meta":{"desktop":{"background-color":"var(--ast-global-color-4)","background-image":"","background-repeat":"repeat","background-position":"center center","background-size":"auto","background-attachment":"scroll","background-type":"","background-media":"","overlay-type":"","overlay-color":"","overlay-opacity":"","overlay-gradient":""},"tablet":{"background-color":"","background-image":"","background-repeat":"repeat","background-position":"center center","background-size":"auto","background-attachment":"scroll","background-type":"","background-media":"","overlay-type":"","overlay-color":"","overlay-opacity":"","overlay-gradient":""},"mobile":{"background-color":"","background-image":"","background-repeat":"repeat","background-position":"center center","background-size":"auto","background-attachment":"scroll","background-type":"","background-media":"","overlay-type":"","overlay-color":"","overlay-opacity":"","overlay-gradient":""}},"ast-content-background-meta":{"desktop":{"background-color":"var(--ast-global-color-5)","background-image":"","background-repeat":"repeat","background-position":"center center","background-size":"auto","background-attachment":"scroll","background-type":"","background-media":"","overlay-type":"","overlay-color":"","overlay-opacity":"","overlay-gradient":""},"tablet":{"background-color":"var(--ast-global-color-5)","background-image":"","background-repeat":"repeat","background-position":"center center","background-size":"auto","background-attachment":"scroll","background-type":"","background-media":"","overlay-type":"","overlay-color":"","overlay-opacity":"","overlay-gradient":""},"mobile":{"background-color":"var(--ast-global-color-5)","background-image":"","background-repeat":"repeat","background-position":"center center","background-size":"auto","background-attachment":"scroll","background-type":"","background-media":"","overlay-type":"","overlay-color":"","overlay-opacity":"","overlay-gradient":""}}},"product_brand":[],"product_cat":[398,315],"product_tag":[417,347,412,457,388,456],"class_list":{"0":"post-2073","1":"product","2":"type-product","3":"status-publish","4":"has-post-thumbnail","6":"product_cat-biostimulants-organiques","7":"product_cat-fertilisants-organiques","8":"product_tag-absorption-rapide","9":"product_tag-agriculture-biologique-fr","10":"product_tag-biofertilisant","11":"product_tag-cultures-productives","12":"product_tag-fertilisant-liquide-organique","13":"product_tag-nutrition-vegetale","14":"desktop-align-left","15":"tablet-align-left","16":"mobile-align-left","18":"first","19":"instock","20":"shipping-taxable","21":"product-type-simple"},"_links":{"self":[{"href":"https:\/\/ecoganic.eu\/fr\/wp-json\/wp\/v2\/product\/2073","targetHints":{"allow":["GET"]}}],"collection":[{"href":"https:\/\/ecoganic.eu\/fr\/wp-json\/wp\/v2\/product"}],"about":[{"href":"https:\/\/ecoganic.eu\/fr\/wp-json\/wp\/v2\/types\/product"}],"version-history":[{"count":0,"href":"https:\/\/ecoganic.eu\/fr\/wp-json\/wp\/v2\/product\/2073\/revisions"}],"wp:featuredmedia":[{"embeddable":true,"href":"https:\/\/ecoganic.eu\/fr\/wp-json\/wp\/v2\/media\/1489"}],"wp:attachment":[{"href":"https:\/\/ecoganic.eu\/fr\/wp-json\/wp\/v2\/media?parent=2073"}],"wp:term":[{"taxonomy":"product_brand","embeddable":true,"href":"https:\/\/ecoganic.eu\/fr\/wp-json\/wp\/v2\/product_brand?post=2073"},{"taxonomy":"product_cat","embeddable":true,"href":"https:\/\/ecoganic.eu\/fr\/wp-json\/wp\/v2\/product_cat?post=2073"},{"taxonomy":"product_tag","embeddable":true,"href":"https:\/\/ecoganic.eu\/fr\/wp-json\/wp\/v2\/product_tag?post=2073"}],"curies":[{"name":"wp","href":"https:\/\/api.w.org\/{rel}","templated":true}]}}