{"id":2070,"date":"2024-10-30T16:08:05","date_gmt":"2024-10-30T16:08:05","guid":{"rendered":"https:\/\/ecoganic.eu\/producto\/ecoganic-phosmax-20-liquid-suspension\/"},"modified":"2024-10-30T16:08:05","modified_gmt":"2024-10-30T16:08:05","slug":"ecoganic-phosmax-20-liquid-suspension","status":"publish","type":"product","link":"https:\/\/ecoganic.eu\/fr\/produit\/ecoganic-phosmax-20-liquid-suspension\/","title":{"rendered":"Ecoganic PHOSMAX 20 LIQUID SUSPENSION"},"content":{"rendered":"<article class=\"group\/turn w-full text-token-text-primary focus-visible:outline-2 focus-visible:outline-offset-[-4px]\" dir=\"auto\" data-testid=\"conversation-turn-121\" data-scroll-anchor=\"true\">\n<div class=\"text-base my-auto mx-auto py-[18px] px-6\">\n<div class=\"mx-auto flex flex-1 text-base gap-4 md:gap-5 lg:gap-6 md:max-w-3xl lg:max-w-[40rem] xl:max-w-[48rem]\">\n<div class=\"group\/conversation-turn relative flex w-full min-w-0 flex-col agent-turn @xs\/thread:px-0 @sm\/thread:px-1.5 @md\/thread:px-4\">\n<div class=\"flex-col gap-1 md:gap-3\">\n<div class=\"flex max-w-full flex-col flex-grow\">\n<div class=\"min-h-8 text-message relative flex w-full flex-col items-end gap-2 whitespace-normal break-words text-start [.text-message+&amp;]:mt-5\" dir=\"auto\" data-message-author-role=\"assistant\" data-message-id=\"8b2f6b72-2961-4571-b6ef-c362e3213ebd\">\n<div class=\"flex w-full flex-col gap-1 empty:hidden first:pt-[3px]\">\n<div class=\"markdown prose w-full break-words dark:prose-invert dark deep-research-result\">\n<h1 data-start=\"471\" data-end=\"590\">Ecoganic PHOSMAX 20 LIQUID SUSPENSION \u2013 Engrais liquide avec du phosphore assimilable pour les cultures \u00e0 haut rendement<\/h1>\n<p data-start=\"592\" data-end=\"1031\"><strong data-start=\"592\" data-end=\"633\">Ecoganic PHOSMAX 20 LIQUID SUSPENSION<\/strong> est un <strong data-start=\"640\" data-end=\"687\">engrais liquide avec du phosphore assimilable<\/strong> (20 % P &lt;sous&gt;2&lt;\/sub&gt;O&lt;sous&gt;5&lt;\/sub&gt;) con\u00e7u pour renforcer les racines, am\u00e9liorer la floraison et optimiser la formation des fruits. Sa formulation concentr\u00e9e en suspension et <strong data-start=\"854\" data-end=\"875\">sans chlorures<\/strong> garantit une <strong data-start=\"890\" data-end=\"910\">absorption rapide<\/strong> du phosphore par les plantes, \u00e9tant <strong data-start=\"947\" data-end=\"996\">id\u00e9ale pour la fertirrigation et l&rsquo;application foliaire<\/strong> dans les cultures \u00e0 haut rendement. <\/p>\n<p>LIQUID SUSPENSION \u2013 Engrais liquide avec du phosphore assimilable\u00a0\u00bb \/&gt; &lt;figcaption&gt;Ecoganic PHOSMAX 20 LIQUID SUSPENSION, engrais liquide avec du phosphore assimilable (20% P&lt;sub&gt;2&lt;\/sub&gt;O&lt;sub&gt;5&lt;\/sub&gt;) pour stimuler un d\u00e9veloppement radiculaire fort et une floraison abondante dans vos cultures.&lt;\/figcaption&gt; &lt;\/figure&gt;<\/p>\n<h2 data-start=\"1519\" data-end=\"1568\">Qu&rsquo;est-ce que Ecoganic PHOSMAX 20 LIQUID SUSPENSION&nbsp;?<\/h2>\n<p data-start=\"1570\" data-end=\"2252\">Ecoganic PHOSMAX 20 est un <strong data-start=\"1596\" data-end=\"1630\">engrais phosphat\u00e9 liquide<\/strong> sp\u00e9cialement formul\u00e9 pour <strong data-start=\"1660\" data-end=\"1707\">corriger et pr\u00e9venir les carences en phosphore<\/strong> dans tous les types de cultures. Le phosphore (P) est un macronutriment <strong data-start=\"1770\" data-end=\"1799\">essentiel pour les plantes<\/strong>, impliqu\u00e9 dans des processus cl\u00e9s tels que la photosynth\u00e8se et le stockage de l&rsquo;\u00e9nergie (ATP). La carence en phosphore dans les cultures peut se manifester par une croissance lente et des feuilles de couleur violette (<span data-start=\"2001\" data-end=\"2128\">Intagri S.C.<\/span>), il est donc crucial d&rsquo;assurer un apport ad\u00e9quat de cet \u00e9l\u00e9ment pour la <strong data-start=\"2206\" data-end=\"2234\">vigueur et la productivit\u00e9<\/strong> des plantes.  <\/p>\n<p data-start=\"2254\" data-end=\"2751\">Gr\u00e2ce \u00e0 sa <strong data-start=\"2267\" data-end=\"2295\">technologie en suspension<\/strong> hautement assimilable, Ecoganic PHOSMAX 20 lib\u00e8re du phosphore disponible de mani\u00e8re imm\u00e9diate et soutenue. Sa formule <strong data-start=\"2407\" data-end=\"2433\">100&nbsp;% sans chlorures<\/strong> le rend <strong data-start=\"2442\" data-end=\"2475\">compatible avec les sols salins<\/strong> ou de haute sensibilit\u00e9, \u00e9vitant les toxicit\u00e9s et pr\u00e9servant la microbiologie du sol. En r\u00e9sum\u00e9, cet engrais liquide apporte le phosphore n\u00e9cessaire de mani\u00e8re efficace et s\u00fbre, m\u00eame dans des conditions difficiles, pour stimuler la croissance et le rendement de vos cultures.  <\/p>\n<hr data-start=\"2753\" data-end=\"2758\">\n<h2 data-start=\"2760\" data-end=\"2802\">Avantages cl\u00e9s d&rsquo;Ecoganic PHOSMAX 20<\/h2>\n<h3 data-start=\"2804\" data-end=\"2854\">Correction efficace des carences en phosphore<\/h3>\n<p data-start=\"2855\" data-end=\"3026\">\u2705 Absorption imm\u00e9diate et disponibilit\u00e9 prolong\u00e9e, garantissant une nutrition efficace.<br data-start=\"2943\" data-end=\"2946\">\u2705 Favorise un d\u00e9veloppement homog\u00e8ne des racines et des fruits, optimisant la r\u00e9colte.<\/p>\n<h3 data-start=\"3028\" data-end=\"3070\">Optimisation du m\u00e9tabolisme v\u00e9g\u00e9tal<\/h3>\n<p data-start=\"3071\" data-end=\"3250\">\u2705 Stimule la croissance radiculaire, am\u00e9liorant l&rsquo;absorption de l&rsquo;eau et des nutriments.<br data-start=\"3152\" data-end=\"3155\">\u2705 Potentiel de la photosynth\u00e8se et de la production d&rsquo;\u00e9nergie, favorisant le d\u00e9veloppement v\u00e9g\u00e9tatif.<\/p>\n<h3 data-start=\"3252\" data-end=\"3289\">R\u00e9silience au stress climatique<\/h3>\n<p data-start=\"3290\" data-end=\"3458\">\u2705 Renforce la r\u00e9sistance aux basses temp\u00e9ratures, \u00e9vitant les dommages \u00e0 la floraison et \u00e0 la nouaison.<br data-start=\"3376\" data-end=\"3379\">\u2705 Diminue l&rsquo;impact du stress hydrique, assurant une croissance stable.<\/p>\n<hr data-start=\"3460\" data-end=\"3465\">\n<h2 data-start=\"3467\" data-end=\"3518\">Sp\u00e9cifications techniques d&rsquo;Ecoganic PHOSMAX 20<\/h2>\n<div class=\"overflow-x-auto contain-inline-size\">\n<table data-start=\"3520\" data-end=\"4066\">\n<thead data-start=\"3520\" data-end=\"3597\">\n<tr data-start=\"3520\" data-end=\"3597\">\n<th data-start=\"3520\" data-end=\"3543\"><strong data-start=\"3522\" data-end=\"3540\">Sp\u00e9cification<\/strong><\/th>\n<th data-start=\"3543\" data-end=\"3597\"><strong data-start=\"3545\" data-end=\"3556\">D\u00e9tail<\/strong><\/th>\n<\/tr>\n<\/thead>\n<tbody data-start=\"3676\" data-end=\"4066\">\n<tr data-start=\"3676\" data-end=\"3754\">\n<td><strong data-start=\"3678\" data-end=\"3693\">Composition<\/strong><\/td>\n<td>20&nbsp;% de phosphore (P&lt;sub&gt;2&lt;\/sub&gt;O&lt;sub&gt;5&lt;\/sub&gt;)<\/td>\n<\/tr>\n<tr data-start=\"3755\" data-end=\"3832\">\n<td><strong data-start=\"3757\" data-end=\"3772\">Formulation<\/strong><\/td>\n<td>Suspension liquide hautement assimilable<\/td>\n<\/tr>\n<tr data-start=\"3833\" data-end=\"3910\">\n<td><strong data-start=\"3835\" data-end=\"3847\">Chlorures<\/strong><\/td>\n<td>Sans chlorures (convient aux sols salins)<\/td>\n<\/tr>\n<tr data-start=\"3911\" data-end=\"3988\">\n<td><strong data-start=\"3913\" data-end=\"3926\">Absorption<\/strong><\/td>\n<td>Rapide, avec effet prolong\u00e9<\/td>\n<\/tr>\n<tr data-start=\"3989\" data-end=\"4066\">\n<td><strong data-start=\"3991\" data-end=\"4009\">Pr\u00e9sentations<\/strong><\/td>\n<td>1&nbsp;L, 10&nbsp;L, 1&nbsp;000&nbsp;L<\/td>\n<\/tr>\n<\/tbody>\n<\/table>\n<\/div>\n<hr data-start=\"4068\" data-end=\"4073\">\n<h2 data-start=\"4075\" data-end=\"4113\">Mode d&rsquo;application et compatibilit\u00e9<\/h2>\n<p data-start=\"4115\" data-end=\"4353\">Le dosage de cet <strong data-start=\"4139\" data-end=\"4186\">engrais liquide avec du phosphore assimilable<\/strong> varie selon le mode d&rsquo;application. Vous trouverez ci-dessous les <strong data-start=\"4254\" data-end=\"4290\">doses et fr\u00e9quences recommand\u00e9es<\/strong> pour Ecoganic PHOSMAX&nbsp;20 en applications foliaires et par irrigation&nbsp;: <\/p>\n<div class=\"overflow-x-auto contain-inline-size\">\n<table data-start=\"4355\" data-end=\"5111\">\n<thead data-start=\"4355\" data-end=\"4529\">\n<tr data-start=\"4355\" data-end=\"4529\">\n<th data-start=\"4355\" data-end=\"4385\"><strong data-start=\"4357\" data-end=\"4379\">Mode d&rsquo;application<\/strong><\/th>\n<th data-start=\"4385\" data-end=\"4415\"><strong data-start=\"4387\" data-end=\"4408\">Dose recommand\u00e9e<\/strong><\/th>\n<th data-start=\"4415\" data-end=\"4462\"><strong data-start=\"4417\" data-end=\"4438\">Fr\u00e9quence d&rsquo;utilisation<\/strong><\/th>\n<th data-start=\"4462\" data-end=\"4529\"><strong data-start=\"4464\" data-end=\"4482\">Compatibilit\u00e9<\/strong><\/th>\n<\/tr>\n<\/thead>\n<tbody data-start=\"4704\" data-end=\"5111\">\n<tr data-start=\"4704\" data-end=\"4908\">\n<td><strong data-start=\"4706\" data-end=\"4716\">Foliaire<\/strong> (sur les feuilles)<\/td>\n<td>0,5 \u00e0 2&nbsp;L\/100&nbsp;L d&rsquo;eau<\/td>\n<td>Aux \u00e9tapes cl\u00e9s (ex.&nbsp;: floraison et fructification)<\/td>\n<td>Compatible avec la plupart des produits&nbsp;; il est recommand\u00e9 de faire un essai de m\u00e9lange pr\u00e9alable.<\/td>\n<\/tr>\n<tr data-start=\"4909\" data-end=\"5111\">\n<td><strong data-start=\"4911\" data-end=\"4929\">Fertirrigation<\/strong> (irrigation)<\/td>\n<td>2 \u00e0 6&nbsp;L\/ha par semaine<\/td>\n<td>Pendant les phases critiques de la culture<\/td>\n<td>Compatible avec d&rsquo;autres engrais&nbsp;; effectuer un test de jarre avant de m\u00e9langer dans le r\u00e9servoir.<\/td>\n<\/tr>\n<\/tbody>\n<\/table>\n<\/div>\n<p data-start=\"5113\" data-end=\"5282\"><em data-start=\"5113\" data-end=\"5120\">Remarque&nbsp;:<\/em> Dans les deux modes d&rsquo;utilisation, appliquer de pr\u00e9f\u00e9rence pendant les heures de faible ensoleillement (t\u00f4t le matin ou au cr\u00e9puscule) pour maximiser l&rsquo;absorption du phosphore.<\/p>\n<hr data-start=\"5284\" data-end=\"5289\">\n<h2 data-start=\"5291\" data-end=\"5330\">Pourquoi choisir Ecoganic PHOSMAX&nbsp;20&nbsp;?<\/h2>\n<p data-start=\"5332\" data-end=\"5814\"><strong data-start=\"5332\" data-end=\"5356\">R\u00e9sultats visibles&nbsp;:<\/strong> Plantes avec des racines plus fortes, une floraison plus importante et des fruits mieux d\u00e9velopp\u00e9s.<br data-start=\"5434\" data-end=\"5437\"><strong data-start=\"5437\" data-end=\"5454\">Polyvalence&nbsp;:<\/strong> Convient \u00e0 la fertirrigation et \u00e0 l&rsquo;application foliaire dans diverses cultures (l\u00e9gumes, fruits, c\u00e9r\u00e9ales, etc.).<br data-start=\"5560\" data-end=\"5563\"><strong data-start=\"5563\" data-end=\"5582\">Durabilit\u00e9&nbsp;:<\/strong> Formulation sans chlorures, respectueuse de la microbiologie du sol et de l&rsquo;environnement.<br data-start=\"5671\" data-end=\"5674\"><strong data-start=\"5674\" data-end=\"5690\">R\u00e9silience&nbsp;:<\/strong> Am\u00e9liore la tol\u00e9rance des cultures au froid, \u00e0 la s\u00e9cheresse et au stress nutritionnel, assurant la stabilit\u00e9 de la production.<\/p>\n<p data-start=\"5816\" data-end=\"6283\" data-is-last-node=\"\" data-is-only-node=\"\">De plus, pour une nutrition compl\u00e9mentaire avec <strong data-start=\"5862\" data-end=\"5883\">du phosphore et du potassium<\/strong>, vous pouvez d\u00e9couvrir <strong data-start=\"5900\" data-end=\"5994\"><span data-start=\"5902\" data-end=\"5992\">Ecoganic PK-FLOW&nbsp;20<\/span><\/strong> \u2013 un engrais organique liquide qui apporte les deux nutriments pour des cultures plus saines. Avec <strong data-start=\"6092\" data-end=\"6115\">Ecoganic PHOSMAX&nbsp;20<\/strong>, vous apportez \u00e0 vos plantes le <strong data-start=\"6141\" data-end=\"6163\">phosphore assimilable<\/strong> n\u00e9cessaire pour atteindre leur potentiel maximal, am\u00e9liorant ainsi la qualit\u00e9 et le rendement de vos r\u00e9coltes de mani\u00e8re durable. <\/p>\n<\/div>\n<\/div>\n<\/div>\n<\/div>\n<\/div>\n<\/div>\n<\/div>\n<\/div>\n<\/article>\n","protected":false},"excerpt":{"rendered":"<p>Ecoganic PHOSMAX&nbsp;20 est un engrais liquide avec du phosphore assimilable qui renforce les racines, am\u00e9liore la floraison et augmente le rendement de vos cultures.<\/p>\n","protected":false},"featured_media":1571,"template":"","meta":{"site-sidebar-layout":"default","site-content-layout":"","ast-site-content-layout":"default","site-content-style":"default","site-sidebar-style":"default","ast-global-header-display":"","ast-banner-title-visibility":"","ast-main-header-display":"","ast-hfb-above-header-display":"","ast-hfb-below-header-display":"","ast-hfb-mobile-header-display":"","site-post-title":"","ast-breadcrumbs-content":"","ast-featured-img":"","footer-sml-layout":"","theme-transparent-header-meta":"default","adv-header-id-meta":"","stick-header-meta":"","header-above-stick-meta":"","header-main-stick-meta":"","header-below-stick-meta":"","astra-migrate-meta-layouts":"default","ast-page-background-enabled":"default","ast-page-background-meta":{"desktop":{"background-color":"var(--ast-global-color-4)","background-image":"","background-repeat":"repeat","background-position":"center center","background-size":"auto","background-attachment":"scroll","background-type":"","background-media":"","overlay-type":"","overlay-color":"","overlay-opacity":"","overlay-gradient":""},"tablet":{"background-color":"","background-image":"","background-repeat":"repeat","background-position":"center center","background-size":"auto","background-attachment":"scroll","background-type":"","background-media":"","overlay-type":"","overlay-color":"","overlay-opacity":"","overlay-gradient":""},"mobile":{"background-color":"","background-image":"","background-repeat":"repeat","background-position":"center center","background-size":"auto","background-attachment":"scroll","background-type":"","background-media":"","overlay-type":"","overlay-color":"","overlay-opacity":"","overlay-gradient":""}},"ast-content-background-meta":{"desktop":{"background-color":"var(--ast-global-color-5)","background-image":"","background-repeat":"repeat","background-position":"center center","background-size":"auto","background-attachment":"scroll","background-type":"","background-media":"","overlay-type":"","overlay-color":"","overlay-opacity":"","overlay-gradient":""},"tablet":{"background-color":"var(--ast-global-color-5)","background-image":"","background-repeat":"repeat","background-position":"center center","background-size":"auto","background-attachment":"scroll","background-type":"","background-media":"","overlay-type":"","overlay-color":"","overlay-opacity":"","overlay-gradient":""},"mobile":{"background-color":"var(--ast-global-color-5)","background-image":"","background-repeat":"repeat","background-position":"center center","background-size":"auto","background-attachment":"scroll","background-type":"","background-media":"","overlay-type":"","overlay-color":"","overlay-opacity":"","overlay-gradient":""}}},"product_brand":[],"product_cat":[315,387],"product_tag":[417,347,423,430,388,394],"class_list":{"0":"post-2070","1":"product","2":"type-product","3":"status-publish","4":"has-post-thumbnail","6":"product_cat-fertilisants-organiques","7":"product_cat-phosphore","8":"product_tag-absorption-rapide","9":"product_tag-agriculture-biologique-fr","10":"product_tag-cultures-a-haut-rendement","11":"product_tag-engrais-ecologique","12":"product_tag-fertilisant-liquide-organique","13":"product_tag-phosphore-assimilable","14":"desktop-align-left","15":"tablet-align-left","16":"mobile-align-left","18":"first","19":"instock","20":"shipping-taxable","21":"product-type-simple"},"_links":{"self":[{"href":"https:\/\/ecoganic.eu\/fr\/wp-json\/wp\/v2\/product\/2070","targetHints":{"allow":["GET"]}}],"collection":[{"href":"https:\/\/ecoganic.eu\/fr\/wp-json\/wp\/v2\/product"}],"about":[{"href":"https:\/\/ecoganic.eu\/fr\/wp-json\/wp\/v2\/types\/product"}],"version-history":[{"count":0,"href":"https:\/\/ecoganic.eu\/fr\/wp-json\/wp\/v2\/product\/2070\/revisions"}],"wp:featuredmedia":[{"embeddable":true,"href":"https:\/\/ecoganic.eu\/fr\/wp-json\/wp\/v2\/media\/1571"}],"wp:attachment":[{"href":"https:\/\/ecoganic.eu\/fr\/wp-json\/wp\/v2\/media?parent=2070"}],"wp:term":[{"taxonomy":"product_brand","embeddable":true,"href":"https:\/\/ecoganic.eu\/fr\/wp-json\/wp\/v2\/product_brand?post=2070"},{"taxonomy":"product_cat","embeddable":true,"href":"https:\/\/ecoganic.eu\/fr\/wp-json\/wp\/v2\/product_cat?post=2070"},{"taxonomy":"product_tag","embeddable":true,"href":"https:\/\/ecoganic.eu\/fr\/wp-json\/wp\/v2\/product_tag?post=2070"}],"curies":[{"name":"wp","href":"https:\/\/api.w.org\/{rel}","templated":true}]}}