{"id":2068,"date":"2024-11-25T16:56:14","date_gmt":"2024-11-25T16:56:14","guid":{"rendered":"https:\/\/ecoganic.eu\/producto\/ecoganic-pk-flow-20\/"},"modified":"2024-11-25T16:56:14","modified_gmt":"2024-11-25T16:56:14","slug":"ecoganic-pk-flow-20","status":"publish","type":"product","link":"https:\/\/ecoganic.eu\/fr\/produit\/ecoganic-pk-flow-20\/","title":{"rendered":"Ecoganic PK-FLOW 20"},"content":{"rendered":"<h2 data-start=\"772\" data-end=\"871\">Engrais liquide organique : Ecoganic PK-FLOW 20 pour une nutrition compl\u00e8te et des cultures saines<\/h2>\n<p data-start=\"1018\" data-end=\"1451\">L&rsquo;<strong data-start=\"1021\" data-end=\"1054\">engrais liquide organique<\/strong> Ecoganic PK-FLOW 20 est con\u00e7u pour fournir du phosphore et du potassium dans des proportions \u00e9quilibr\u00e9es, assurant une nutrition compl\u00e8te pendant toutes les \u00e9tapes du cycle v\u00e9g\u00e9tatif. Sa formule 100 % soluble dans l&rsquo;eau et son origine organique, combinant des sources min\u00e9rales (roche phosphat\u00e9e) et v\u00e9g\u00e9tales, garantissent un d\u00e9veloppement vigoureux et durable, maximisant le rendement et la qualit\u00e9 des cultures. <\/p>\n<p data-start=\"1453\" data-end=\"1699\">Gr\u00e2ce \u00e0 sa haute solubilit\u00e9 et \u00e0 son absorption rapide, PK-FLOW 20 s&rsquo;adapte parfaitement \u00e0 diverses pratiques agricoles, permettant son application aussi bien par fertirrigation que foliaire, et optimisant la distribution uniforme des nutriments dans le champ.<\/p>\n<hr data-start=\"1701\" data-end=\"1704\">\n<h2 data-start=\"1706\" data-end=\"1733\">Description du produit<\/h2>\n<p data-start=\"1735\" data-end=\"2293\"><strong data-start=\"1735\" data-end=\"1758\">Ecoganic PK-FLOW 20<\/strong> est un <strong data-start=\"1765\" data-end=\"1798\">engrais liquide organique<\/strong> formul\u00e9 pour fournir 20 % de phosphore (P\u2082O\u2085) et 20 % de potassium (K\u2082O) dans une proportion \u00e9quilibr\u00e9e. D\u00e9riv\u00e9 de sources min\u00e9rales et v\u00e9g\u00e9tales, ce produit garantit une nutrition optimale pour les plantes, stimulant la croissance, renfor\u00e7ant le syst\u00e8me racinaire et favorisant la productivit\u00e9 agricole de mani\u00e8re durable. Sa formulation, sans chlorures, permet de pr\u00e9venir et de corriger les carences nutritionnelles et de s&rsquo;adapter \u00e0 toute m\u00e9thode d&rsquo;application, que ce soit foliaire ou par irrigation.  <\/p>\n<hr data-start=\"2295\" data-end=\"2298\">\n<h2 data-start=\"2300\" data-end=\"2353\">Avantages cl\u00e9s de l&rsquo;engrais liquide organique<\/h2>\n<h3 data-start=\"2355\" data-end=\"2401\">1\ufe0f\u20e3 Stimulateur de croissance v\u00e9g\u00e9tative<\/h3>\n<ul data-start=\"2402\" data-end=\"2650\">\n<li data-start=\"2402\" data-end=\"2516\"><strong data-start=\"2404\" data-end=\"2434\">Phosphore pour la photosynth\u00e8se :<\/strong> Stimule la respiration et la synth\u00e8se des prot\u00e9ines, assurant une croissance optimale.<\/li>\n<li data-start=\"2517\" data-end=\"2650\"><strong data-start=\"2519\" data-end=\"2555\">Plus grande disponibilit\u00e9 d&rsquo;\u00e9nergie :<\/strong> Augmente l&rsquo;efficacit\u00e9 du d\u00e9veloppement v\u00e9g\u00e9tatif gr\u00e2ce \u00e0 l&rsquo;apport \u00e9quilibr\u00e9 de nutriments.<\/li>\n<\/ul>\n<h3 data-start=\"2652\" data-end=\"2688\">2\ufe0f\u20e3 D\u00e9veloppement racinaire robuste<\/h3>\n<ul data-start=\"2689\" data-end=\"2929\">\n<li data-start=\"2689\" data-end=\"2804\"><strong data-start=\"2691\" data-end=\"2726\">Renforce le syst\u00e8me racinaire :<\/strong> Am\u00e9liore l&rsquo;absorption de l&rsquo;eau et des nutriments, stimulant la floraison et la nouaison.<\/li>\n<li data-start=\"2805\" data-end=\"2929\"><strong data-start=\"2807\" data-end=\"2843\">R\u00e9duction de la chute pr\u00e9matur\u00e9e :<\/strong> Contribue \u00e0 un d\u00e9veloppement racinaire solide, qui favorise la stabilit\u00e9 de la culture.<\/li>\n<\/ul>\n<h3 data-start=\"2931\" data-end=\"2974\">3\ufe0f\u20e3 R\u00e9silience dans des conditions difficiles<\/h3>\n<ul data-start=\"2975\" data-end=\"3218\">\n<li data-start=\"2975\" data-end=\"3067\"><strong data-start=\"2977\" data-end=\"3009\">Protection contre le stress :<\/strong> Augmente la r\u00e9sistance aux s\u00e9cheresses, aux gel\u00e9es et \u00e0 la salinit\u00e9.<\/li>\n<li data-start=\"3068\" data-end=\"3218\"><strong data-start=\"3070\" data-end=\"3102\">Stimulation de la r\u00e9cup\u00e9ration :<\/strong> Am\u00e9liore la tol\u00e9rance aux conditions climatiques d\u00e9favorables et aux attaques de ravageurs, garantissant une r\u00e9cup\u00e9ration rapide.<\/li>\n<\/ul>\n<h3 data-start=\"3220\" data-end=\"3262\">4\ufe0f\u20e3 Enrichi en algues unicellulaires<\/h3>\n<ul data-start=\"3263\" data-end=\"3496\">\n<li data-start=\"3263\" data-end=\"3375\"><strong data-start=\"3265\" data-end=\"3305\">Optimise l&rsquo;absorption des nutriments :<\/strong> L&rsquo;extrait d&rsquo;algues favorise la disponibilit\u00e9 du phosphore et du potassium.<\/li>\n<li data-start=\"3376\" data-end=\"3496\"><strong data-start=\"3378\" data-end=\"3414\">Renforce la structure cellulaire :<\/strong> Contribue \u00e0 l&rsquo;uniformit\u00e9 et \u00e0 la qualit\u00e9 du fruit, assurant une meilleure conservation apr\u00e8s r\u00e9colte.<\/li>\n<\/ul>\n<h3 data-start=\"3498\" data-end=\"3546\">5\ufe0f\u20e3 Am\u00e9liore la productivit\u00e9 et la durabilit\u00e9<\/h3>\n<ul data-start=\"3547\" data-end=\"3830\">\n<li data-start=\"3547\" data-end=\"3689\"><strong data-start=\"3549\" data-end=\"3578\">Cultures de haute qualit\u00e9 :<\/strong> Augmente la productivit\u00e9 et la valeur commerciale des cultures en obtenant des fruits de plus grande taille, couleur et saveur.<\/li>\n<li data-start=\"3690\" data-end=\"3830\"><strong data-start=\"3692\" data-end=\"3717\">Engagement \u00e9cologique :<\/strong> En tant qu&rsquo;<strong data-start=\"3728\" data-end=\"3761\">engrais liquide organique<\/strong>, il prot\u00e8ge le sol et l&rsquo;eau, favorisant une agriculture durable.<\/li>\n<\/ul>\n<hr data-start=\"3832\" data-end=\"3835\">\n<h2 data-start=\"3837\" data-end=\"3865\">Sp\u00e9cifications techniques<\/h2>\n<h3 data-start=\"3867\" data-end=\"3897\">Analyse et caract\u00e9ristiques<\/h3>\n<div class=\"overflow-x-auto contain-inline-size\">\n<table data-start=\"3899\" data-end=\"4781\">\n<thead data-start=\"3899\" data-end=\"4024\">\n<tr data-start=\"3899\" data-end=\"4024\">\n<th data-start=\"3899\" data-end=\"3946\"><strong data-start=\"3901\" data-end=\"3914\">Param\u00e8tre<\/strong><\/th>\n<th data-start=\"3946\" data-end=\"4024\"><strong data-start=\"3948\" data-end=\"3957\">Valeur<\/strong><\/th>\n<\/tr>\n<\/thead>\n<tbody data-start=\"4150\" data-end=\"4781\">\n<tr data-start=\"4150\" data-end=\"4276\">\n<td><strong data-start=\"4152\" data-end=\"4167\">Composition<\/strong><\/td>\n<td>20 % de phosphore (P\u2082O\u2085) et 20 % de potassium (K\u2082O)<\/td>\n<\/tr>\n<tr data-start=\"4277\" data-end=\"4401\">\n<td><strong data-start=\"4279\" data-end=\"4290\">Format<\/strong><\/td>\n<td>Liquide 100 % soluble dans l&rsquo;eau<\/td>\n<\/tr>\n<tr data-start=\"4402\" data-end=\"4527\">\n<td><strong data-start=\"4404\" data-end=\"4414\">Origine<\/strong><\/td>\n<td>Min\u00e9rale et v\u00e9g\u00e9tale (roche phosphat\u00e9e, soja et ma\u00efs)<\/td>\n<\/tr>\n<tr data-start=\"4528\" data-end=\"4654\">\n<td><strong data-start=\"4530\" data-end=\"4547\">Certification<\/strong><\/td>\n<td>Produit 100 % organique, adapt\u00e9 \u00e0 l&rsquo;agriculture durable<\/td>\n<\/tr>\n<tr data-start=\"4655\" data-end=\"4781\">\n<td><strong data-start=\"4657\" data-end=\"4688\">Caract\u00e9ristiques suppl\u00e9mentaires<\/strong><\/td>\n<td>Sans chlorures, \u00e0 haute efficacit\u00e9 biologique<\/td>\n<\/tr>\n<\/tbody>\n<\/table>\n<\/div>\n<h3 data-start=\"4783\" data-end=\"4806\">Propri\u00e9t\u00e9s physiques<\/h3>\n<div class=\"overflow-x-auto contain-inline-size\">\n<table data-start=\"4808\" data-end=\"5434\">\n<thead data-start=\"4808\" data-end=\"4932\">\n<tr data-start=\"4808\" data-end=\"4932\">\n<th data-start=\"4808\" data-end=\"4854\"><strong data-start=\"4810\" data-end=\"4823\">Propri\u00e9t\u00e9<\/strong><\/th>\n<th data-start=\"4854\" data-end=\"4932\"><strong data-start=\"4856\" data-end=\"4865\">Valeur<\/strong><\/th>\n<\/tr>\n<\/thead>\n<tbody data-start=\"5058\" data-end=\"5434\">\n<tr data-start=\"5058\" data-end=\"5182\">\n<td><strong data-start=\"5060\" data-end=\"5069\">Couleur<\/strong><\/td>\n<td>G\u00e9n\u00e9ralement transparent ou l\u00e9g\u00e8rement jaune<\/td>\n<\/tr>\n<tr data-start=\"5183\" data-end=\"5307\">\n<td><strong data-start=\"5185\" data-end=\"5200\">Solubilit\u00e9<\/strong><\/td>\n<td>100 % soluble dans l&rsquo;eau<\/td>\n<\/tr>\n<tr data-start=\"5308\" data-end=\"5434\">\n<td><strong data-start=\"5310\" data-end=\"5324\">Application<\/strong><\/td>\n<td>Compatible avec la fertirrigation et les applications foliaires<\/td>\n<\/tr>\n<\/tbody>\n<\/table>\n<\/div>\n<hr data-start=\"5436\" data-end=\"5439\">\n<h2 data-start=\"5441\" data-end=\"5475\">Applications et utilisations dans les cultures<\/h2>\n<p data-start=\"5477\" data-end=\"5642\">L&rsquo;<strong data-start=\"5480\" data-end=\"5513\">engrais liquide organique<\/strong> Ecoganic PK-FLOW 20 est id\u00e9al pour une large vari\u00e9t\u00e9 de cultures, apportant des avantages sp\u00e9cifiques selon le type de production :<\/p>\n<div class=\"overflow-x-auto contain-inline-size\">\n<table data-start=\"5644\" data-end=\"7251\">\n<thead data-start=\"5644\" data-end=\"5909\">\n<tr data-start=\"5644\" data-end=\"5909\">\n<th data-start=\"5644\" data-end=\"5690\"><strong data-start=\"5646\" data-end=\"5665\">Type de culture<\/strong><\/th>\n<th data-start=\"5690\" data-end=\"5738\"><strong data-start=\"5692\" data-end=\"5704\">Exemples<\/strong><\/th>\n<th data-start=\"5738\" data-end=\"5909\"><strong data-start=\"5740\" data-end=\"5769\">Avantages et applications<\/strong><\/th>\n<\/tr>\n<\/thead>\n<tbody data-start=\"6176\" data-end=\"7251\">\n<tr data-start=\"6176\" data-end=\"6442\">\n<td><strong data-start=\"6178\" data-end=\"6201\">Cultures extensives<\/strong><\/td>\n<td>Bl\u00e9, ma\u00efs, orge, riz<\/td>\n<td>Favorise une croissance vigoureuse et une distribution uniforme des nutriments, assurant un rendement optimal sur de grandes surfaces.<\/td>\n<\/tr>\n<tr data-start=\"6443\" data-end=\"6712\">\n<td><strong data-start=\"6445\" data-end=\"6468\">Cultures mara\u00eech\u00e8res<\/strong><\/td>\n<td>Tomates, poivrons, laitues, brocolis, aubergines<\/td>\n<td>Stimule la floraison et la formation des fruits, am\u00e9liorant la qualit\u00e9 et la production des l\u00e9gumes.<\/td>\n<\/tr>\n<tr data-start=\"6713\" data-end=\"6985\">\n<td><strong data-start=\"6715\" data-end=\"6745\">Arbres fruitiers et vignobles<\/strong><\/td>\n<td>Agrumes, pommiers, avocatiers, vignobles<\/td>\n<td>Optimise la qualit\u00e9, la taille et l&rsquo;uniformit\u00e9 du fruit, augmentant sa r\u00e9sistance et prolongeant sa dur\u00e9e de conservation apr\u00e8s r\u00e9colte.<\/td>\n<\/tr>\n<tr data-start=\"6986\" data-end=\"7251\">\n<td><strong data-start=\"6988\" data-end=\"7026\">Cultures ornementales et sp\u00e9ciales<\/strong><\/td>\n<td>Plantes aromatiques, m\u00e9dicinales et fleurs<\/td>\n<td>Favorise la vigueur et la couleur des plantes, renfor\u00e7ant la structure racinaire et garantissant des cultures plus saines et esth\u00e9tiquement attrayantes.<\/td>\n<\/tr>\n<\/tbody>\n<\/table>\n<\/div>\n<hr data-start=\"7253\" data-end=\"7256\">\n<h2 data-start=\"7258\" data-end=\"7296\">Mode d&rsquo;application et compatibilit\u00e9<\/h2>\n<h3 data-start=\"7298\" data-end=\"7322\">Instructions d&rsquo;utilisation<\/h3>\n<div class=\"overflow-x-auto contain-inline-size\">\n<table data-start=\"7324\" data-end=\"8413\">\n<thead data-start=\"7324\" data-end=\"7533\">\n<tr data-start=\"7324\" data-end=\"7533\">\n<th data-start=\"7324\" data-end=\"7368\"><strong data-start=\"7326\" data-end=\"7350\">M\u00e9thode d\u2019application<\/strong><\/th>\n<th data-start=\"7368\" data-end=\"7533\"><strong data-start=\"7370\" data-end=\"7389\">Recommandations<\/strong><\/th>\n<\/tr>\n<\/thead>\n<tbody data-start=\"7744\" data-end=\"8413\">\n<tr data-start=\"7744\" data-end=\"7973\">\n<td><strong data-start=\"7746\" data-end=\"7767\">Application foliaire<\/strong><\/td>\n<td><strong data-start=\"7790\" data-end=\"7800\">Dose :<\/strong> 3-5 kg\/ha, dissous dans l&rsquo;eau selon les besoins de la culture. Appliquer uniform\u00e9ment lors des phases cl\u00e9s (croissance, pr\u00e9floraison et nouaison) pour une absorption rapide. <\/td>\n<\/tr>\n<tr data-start=\"7974\" data-end=\"8190\">\n<td><strong data-start=\"7976\" data-end=\"8017\">Application par irrigation (Fertirrigation)<\/strong><\/td>\n<td><strong data-start=\"8022\" data-end=\"8032\">Dose :<\/strong> 5-8 kg\/ha, r\u00e9partie uniform\u00e9ment pendant le cycle de la culture. Ajuster en fonction de l&rsquo;analyse du sol et des conditions climatiques. <\/td>\n<\/tr>\n<tr data-start=\"8191\" data-end=\"8413\">\n<td><strong data-start=\"8193\" data-end=\"8211\">Compatibilit\u00e9<\/strong><\/td>\n<td>Compatible avec la plupart des engrais et produits phytosanitaires. Il est recommand\u00e9 d&rsquo;effectuer des tests pr\u00e9alables sur de nouveaux m\u00e9langes pour assurer la stabilit\u00e9 et l&rsquo;efficacit\u00e9. <\/td>\n<\/tr>\n<\/tbody>\n<\/table>\n<\/div>\n<hr data-start=\"8415\" data-end=\"8418\">\n<h2 data-start=\"8420\" data-end=\"8452\">Ressources et liens d\u2019int\u00e9r\u00eat<\/h2>\n<ul data-start=\"8454\" data-end=\"8792\">\n<li data-start=\"8454\" data-end=\"8633\">\n<p data-start=\"8456\" data-end=\"8491\"><strong data-start=\"8456\" data-end=\"8489\">Ressources externes (DoFollow)&nbsp;:<\/strong><\/p>\n<ul data-start=\"8494\" data-end=\"8633\">\n<li data-start=\"8494\" data-end=\"8557\"><a href=\"https:\/\/www.ecocert.com\" target=\"_new\" rel=\"noopener\" data-start=\"8496\" data-end=\"8555\">Ecocert \u2013 Certification biologique<\/a><\/li>\n<li data-start=\"8560\" data-end=\"8633\"><a href=\"http:\/\/www.fao.org\/sustainability\/en\/\" target=\"_new\" rel=\"noopener\" data-start=\"8562\" data-end=\"8631\">FAO \u2013 Agriculture durable<\/a><\/li>\n<\/ul>\n<\/li>\n<li data-start=\"8635\" data-end=\"8792\">\n<p data-start=\"8637\" data-end=\"8660\"><strong data-start=\"8637\" data-end=\"8658\">Liens internes&nbsp;:<\/strong><\/p>\n<ul data-start=\"8663\" data-end=\"8792\">\n<li data-start=\"8663\" data-end=\"8742\"><a href=\"https:\/\/ecoganic.eu\/distribuidores\/\" target=\"_new\" rel=\"noopener\" data-start=\"8665\" data-end=\"8740\">Distributeurs officiels d\u2019Ecoganic<\/a><\/li>\n<li data-start=\"8745\" data-end=\"8792\"><a href=\"https:\/\/ecoganic.eu\/fr\/blog\/\" target=\"_new\" rel=\"noopener\" data-start=\"8747\" data-end=\"8792\">Blog d\u2019Ecoganic<\/a><\/li>\n<\/ul>\n<\/li>\n<\/ul>\n<p data-start=\"8794\" data-end=\"8915\">Ces liens renforcent l&rsquo;autorit\u00e9 du contenu et offrent des informations suppl\u00e9mentaires sur les pratiques agricoles durables.<\/p>\n<hr data-start=\"8917\" data-end=\"8920\">\n<h2 data-start=\"8922\" data-end=\"8984\">Questions fr\u00e9quentes sur l&rsquo;engrais liquide organique<\/h2>\n<p data-start=\"8986\" data-end=\"9262\"><strong data-start=\"8986\" data-end=\"9068\">\u2753 Qu&rsquo;est-ce qu&rsquo;Ecoganic PK-FLOW 20 et comment agit-il comme engrais liquide organique ?<\/strong><br data-start=\"9068\" data-end=\"9071\">Ecoganic PK-FLOW 20 est un engrais liquide organique 100 % soluble qui fournit 20 % de phosphore et 20 % de potassium, optimisant la nutrition \u00e0 toutes les \u00e9tapes de la croissance de la culture.<\/p>\n<p data-start=\"9264\" data-end=\"9518\"><strong data-start=\"9264\" data-end=\"9319\">\u2753 Quels sont les principaux avantages de son utilisation ?<\/strong><br data-start=\"9319\" data-end=\"9322\">Il offre une nutrition compl\u00e8te et rapide, am\u00e9liore la croissance v\u00e9g\u00e9tative et racinaire, augmente l&rsquo;uniformit\u00e9 et la qualit\u00e9 des fruits, et prot\u00e8ge le sol, favorisant une agriculture durable.<\/p>\n<p data-start=\"9520\" data-end=\"9712\"><strong data-start=\"9520\" data-end=\"9564\">\u2753 Dans quelles cultures son utilisation est-elle recommand\u00e9e ?<\/strong><br data-start=\"9564\" data-end=\"9567\">Il est id\u00e9al pour les cultures extensives, mara\u00eech\u00e8res, les arbres fruitiers, les vignobles et les cultures ornementales, s&rsquo;adaptant \u00e0 diverses conditions agronomiques.<\/p>\n<p data-start=\"9714\" data-end=\"9925\"><strong data-start=\"9714\" data-end=\"9748\">\u2753 Comment le produit est-il appliqu\u00e9&nbsp;?<\/strong><br data-start=\"9748\" data-end=\"9751\">Il peut \u00eatre appliqu\u00e9 aussi bien de mani\u00e8re foliaire (3-5 kg\/ha) que par fertirrigation (5-8 kg\/ha), en s&rsquo;ajustant selon les besoins sp\u00e9cifiques de la culture et les conditions du sol.<\/p>\n<p data-start=\"9927\" data-end=\"10156\"><strong data-start=\"9927\" data-end=\"9976\">\u2753 Est-il compatible avec d&rsquo;autres intrants agricoles ?<\/strong><br data-start=\"9976\" data-end=\"9979\">Oui, il est compatible avec la plupart des engrais et produits phytosanitaires. Il est recommand\u00e9 d&rsquo;effectuer des tests pr\u00e9alables sur de nouveaux m\u00e9langes pour garantir la stabilit\u00e9 et l&rsquo;efficacit\u00e9. <\/p>\n<hr data-start=\"10158\" data-end=\"10161\">\n<h2 data-start=\"10163\" data-end=\"10198\">Conclusion et appel \u00e0 l\u2019action<\/h2>\n<p data-start=\"10200\" data-end=\"10558\">En conclusion, <strong data-start=\"10215\" data-end=\"10238\">Ecoganic PK-FLOW 20<\/strong> est l&rsquo;<strong data-start=\"10245\" data-end=\"10278\">engrais liquide organique<\/strong> id\u00e9al pour optimiser la nutrition compl\u00e8te de vos cultures, renfor\u00e7ant aussi bien la croissance v\u00e9g\u00e9tative que la qualit\u00e9 du fruit. Sa formule avanc\u00e9e et \u00e9cologique garantit une absorption rapide des nutriments, maximisant le rendement et favorisant une agriculture durable. <\/p>\n<p data-start=\"10560\" data-end=\"10929\"><strong data-start=\"10560\" data-end=\"10614\">Dynamisez vos cultures de mani\u00e8re organique d\u00e8s aujourd&rsquo;hui !<\/strong><br data-start=\"10614\" data-end=\"10617\">Pour plus d&rsquo;informations ou pour acqu\u00e9rir Ecoganic PK-FLOW 20, visitez notre <a href=\"https:\/\/ecoganic.eu\/fr\/contact\/\" target=\"_new\" rel=\"noopener\" data-start=\"10690\" data-end=\"10741\">page de contact<\/a> ou consultez la <a href=\"https:\/\/ecoganic.eu\/distribuidores\/\" target=\"_new\" rel=\"noopener\" data-start=\"10756\" data-end=\"10820\">section des distributeurs<\/a>. Faites passer votre production agricole au niveau sup\u00e9rieur avec le meilleur <strong data-start=\"10883\" data-end=\"10916\">engrais liquide organique<\/strong> du march\u00e9. <\/p>\n","protected":false},"excerpt":{"rendered":"<p>D\u00e9couvrez Ecoganic PK-FLOW 20, l&rsquo;engrais liquide organique 100 % soluble qui fournit 20 % de phosphore et 20 % de potassium, garantissant une nutrition compl\u00e8te et des cultures saines de mani\u00e8re durable.<\/p>\n","protected":false},"featured_media":1501,"template":"","meta":{"site-sidebar-layout":"default","site-content-layout":"","ast-site-content-layout":"default","site-content-style":"default","site-sidebar-style":"default","ast-global-header-display":"","ast-banner-title-visibility":"","ast-main-header-display":"","ast-hfb-above-header-display":"","ast-hfb-below-header-display":"","ast-hfb-mobile-header-display":"","site-post-title":"","ast-breadcrumbs-content":"","ast-featured-img":"","footer-sml-layout":"","theme-transparent-header-meta":"default","adv-header-id-meta":"","stick-header-meta":"","header-above-stick-meta":"","header-main-stick-meta":"","header-below-stick-meta":"","astra-migrate-meta-layouts":"default","ast-page-background-enabled":"default","ast-page-background-meta":{"desktop":{"background-color":"var(--ast-global-color-4)","background-image":"","background-repeat":"repeat","background-position":"center center","background-size":"auto","background-attachment":"scroll","background-type":"","background-media":"","overlay-type":"","overlay-color":"","overlay-opacity":"","overlay-gradient":""},"tablet":{"background-color":"","background-image":"","background-repeat":"repeat","background-position":"center center","background-size":"auto","background-attachment":"scroll","background-type":"","background-media":"","overlay-type":"","overlay-color":"","overlay-opacity":"","overlay-gradient":""},"mobile":{"background-color":"","background-image":"","background-repeat":"repeat","background-position":"center center","background-size":"auto","background-attachment":"scroll","background-type":"","background-media":"","overlay-type":"","overlay-color":"","overlay-opacity":"","overlay-gradient":""}},"ast-content-background-meta":{"desktop":{"background-color":"var(--ast-global-color-5)","background-image":"","background-repeat":"repeat","background-position":"center center","background-size":"auto","background-attachment":"scroll","background-type":"","background-media":"","overlay-type":"","overlay-color":"","overlay-opacity":"","overlay-gradient":""},"tablet":{"background-color":"var(--ast-global-color-5)","background-image":"","background-repeat":"repeat","background-position":"center center","background-size":"auto","background-attachment":"scroll","background-type":"","background-media":"","overlay-type":"","overlay-color":"","overlay-opacity":"","overlay-gradient":""},"mobile":{"background-color":"var(--ast-global-color-5)","background-image":"","background-repeat":"repeat","background-position":"center center","background-size":"auto","background-attachment":"scroll","background-type":"","background-media":"","overlay-type":"","overlay-color":"","overlay-opacity":"","overlay-gradient":""}}},"product_brand":[],"product_cat":[315,387,449],"product_tag":[347,393,389,388,392,396,394,395],"class_list":{"0":"post-2068","1":"product","2":"type-product","3":"status-publish","4":"has-post-thumbnail","6":"product_cat-fertilisants-organiques","7":"product_cat-phosphore","8":"product_cat-potassium-fr","9":"product_tag-agriculture-biologique-fr","10":"product_tag-application-foliaire","11":"product_tag-cultures-saines","12":"product_tag-fertilisant-liquide-organique","13":"product_tag-fertirrigation","14":"product_tag-nutrition-equilibree","15":"product_tag-phosphore-assimilable","16":"product_tag-potassium-organique","17":"desktop-align-left","18":"tablet-align-left","19":"mobile-align-left","21":"first","22":"instock","23":"shipping-taxable","24":"product-type-simple"},"_links":{"self":[{"href":"https:\/\/ecoganic.eu\/fr\/wp-json\/wp\/v2\/product\/2068","targetHints":{"allow":["GET"]}}],"collection":[{"href":"https:\/\/ecoganic.eu\/fr\/wp-json\/wp\/v2\/product"}],"about":[{"href":"https:\/\/ecoganic.eu\/fr\/wp-json\/wp\/v2\/types\/product"}],"version-history":[{"count":0,"href":"https:\/\/ecoganic.eu\/fr\/wp-json\/wp\/v2\/product\/2068\/revisions"}],"wp:featuredmedia":[{"embeddable":true,"href":"https:\/\/ecoganic.eu\/fr\/wp-json\/wp\/v2\/media\/1501"}],"wp:attachment":[{"href":"https:\/\/ecoganic.eu\/fr\/wp-json\/wp\/v2\/media?parent=2068"}],"wp:term":[{"taxonomy":"product_brand","embeddable":true,"href":"https:\/\/ecoganic.eu\/fr\/wp-json\/wp\/v2\/product_brand?post=2068"},{"taxonomy":"product_cat","embeddable":true,"href":"https:\/\/ecoganic.eu\/fr\/wp-json\/wp\/v2\/product_cat?post=2068"},{"taxonomy":"product_tag","embeddable":true,"href":"https:\/\/ecoganic.eu\/fr\/wp-json\/wp\/v2\/product_tag?post=2068"}],"curies":[{"name":"wp","href":"https:\/\/api.w.org\/{rel}","templated":true}]}}