{"id":2067,"date":"2024-11-25T16:43:58","date_gmt":"2024-11-25T16:43:58","guid":{"rendered":"https:\/\/ecoganic.eu\/producto\/ecoganic-calcium-40\/"},"modified":"2024-11-25T16:43:58","modified_gmt":"2024-11-25T16:43:58","slug":"ecoganic-calcium-40","status":"publish","type":"product","link":"https:\/\/ecoganic.eu\/fr\/produit\/ecoganic-calcium-40\/","title":{"rendered":"Ecoganic CALCIUM 40 %"},"content":{"rendered":"<h2 data-start=\"914\" data-end=\"1008\">Engrais liquide organique de calcium&nbsp;: Ecoganic CALCIUM 40&nbsp;% pour des cultures de haute qualit\u00e9<\/h2>\n<p data-start=\"1167\" data-end=\"1729\">L&rsquo;<strong data-start=\"1170\" data-end=\"1213\">engrais liquide organique de calcium<\/strong> Ecoganic CALCIUM 40&nbsp;% est une solution avanc\u00e9e con\u00e7ue pour fournir une nutrition optimale et am\u00e9liorer la qualit\u00e9 des cultures. Formul\u00e9 avec du carbonate de calcium 100&nbsp;% organique et enrichi en algues unicellulaires bioactives, ce produit en cr\u00e8me pr\u00e9sente des particules ultrafines (&lt;1&nbsp;\u03bcm) qui assurent une excellente absorption tant foliaire que radiculaire. Cela permet une distribution homog\u00e8ne et une disponibilit\u00e9 rapide du calcium pour les plantes, corrigeant les carences et renfor\u00e7ant les tissus v\u00e9g\u00e9taux.  <\/p>\n<hr data-start=\"1731\" data-end=\"1734\">\n<h2 data-start=\"1736\" data-end=\"1763\">Description du produit<\/h2>\n<p data-start=\"1765\" data-end=\"2301\"><strong data-start=\"1765\" data-end=\"1789\">Ecoganic CALCIUM 40&nbsp;%<\/strong> est un <strong data-start=\"1796\" data-end=\"1839\">engrais liquide organique de calcium<\/strong> formul\u00e9 avec du carbonate de calcium organique et de l\u2019extrait d\u2019algues unicellulaires. Sa technologie innovante de particules ultrafines (&lt;1&nbsp;\u03bcm) garantit une assimilation imm\u00e9diate, que ce soit par application foliaire ou par fertirrigation. Ce produit est sp\u00e9cialement con\u00e7u pour corriger et pr\u00e9venir les carences en calcium, en renfor\u00e7ant les tissus v\u00e9g\u00e9taux et en am\u00e9liorant la qualit\u00e9 des fruits, ce qui se traduit par des cultures plus r\u00e9sistantes et de plus grande valeur commerciale.  <\/p>\n<hr data-start=\"2303\" data-end=\"2306\">\n<h2 data-start=\"2308\" data-end=\"2371\">Avantages cl\u00e9s de l\u2019engrais liquide organique de calcium<\/h2>\n<h3 data-start=\"2373\" data-end=\"2407\">1\ufe0f\u20e3 Double action en application<\/h3>\n<ul data-start=\"2408\" data-end=\"2650\">\n<li data-start=\"2408\" data-end=\"2514\"><strong data-start=\"2410\" data-end=\"2447\">Fertilisation foliaire et par irrigation&nbsp;:<\/strong> Permet une absorption rapide du calcium par les deux m\u00e9thodes.<\/li>\n<li data-start=\"2515\" data-end=\"2650\"><strong data-start=\"2517\" data-end=\"2538\">Contr\u00f4le des sels&nbsp;:<\/strong> Sa formulation sans chlorures aide \u00e0 pr\u00e9venir l\u2019accumulation de sels, prot\u00e9geant ainsi la structure du sol.<\/li>\n<\/ul>\n<h3 data-start=\"2652\" data-end=\"2694\">2\ufe0f\u20e3 Enrichi en algues unicellulaires<\/h3>\n<ul data-start=\"2695\" data-end=\"2961\">\n<li data-start=\"2695\" data-end=\"2836\"><strong data-start=\"2697\" data-end=\"2733\">Stimule le m\u00e9tabolisme v\u00e9g\u00e9tal&nbsp;:<\/strong> Les algues unicellulaires bioactives am\u00e9liorent l\u2019absorption du calcium et renforcent le d\u00e9veloppement radiculaire.<\/li>\n<li data-start=\"2837\" data-end=\"2961\"><strong data-start=\"2839\" data-end=\"2868\">Renforce la r\u00e9sistance&nbsp;:<\/strong> Augmente la r\u00e9sistance des cultures, favorisant une croissance \u00e9quilibr\u00e9e et saine.<\/li>\n<\/ul>\n<h3 data-start=\"2963\" data-end=\"3023\">3\ufe0f\u20e3 Pr\u00e9vention des physiopathies et am\u00e9lioration de la post-r\u00e9colte<\/h3>\n<ul data-start=\"3024\" data-end=\"3309\">\n<li data-start=\"3024\" data-end=\"3148\"><strong data-start=\"3026\" data-end=\"3061\">Corrige les carences en calcium&nbsp;:<\/strong> Pr\u00e9vient les probl\u00e8mes physiologiques tels que la pourriture apicale, le tip-burn, le craquelage et le d\u00e9noyautage.<\/li>\n<li data-start=\"3149\" data-end=\"3309\"><strong data-start=\"3151\" data-end=\"3183\">Am\u00e9liore la qualit\u00e9 du fruit&nbsp;:<\/strong> Augmente la duret\u00e9 et la consistance des tissus, prolongeant la dur\u00e9e de conservation des fruits et optimisant leur commercialisation.<\/li>\n<\/ul>\n<h3 data-start=\"3311\" data-end=\"3364\">4\ufe0f\u20e3 Augmentation de la nutrition et de la qualit\u00e9 agricole<\/h3>\n<ul data-start=\"3365\" data-end=\"3618\">\n<li data-start=\"3365\" data-end=\"3479\"><strong data-start=\"3367\" data-end=\"3388\">Nutrition optimale&nbsp;:<\/strong> Assure une distribution homog\u00e8ne du calcium, am\u00e9liorant l\u2019absorption des autres nutriments.<\/li>\n<li data-start=\"3480\" data-end=\"3618\"><strong data-start=\"3482\" data-end=\"3499\">Rentabilit\u00e9&nbsp;:<\/strong> Contribue \u00e0 une plus grande productivit\u00e9 et qualit\u00e9 des cultures, r\u00e9duisant les pertes lors du stockage et du transport.<\/li>\n<\/ul>\n<hr data-start=\"3620\" data-end=\"3623\">\n<h2 data-start=\"3625\" data-end=\"3653\">Sp\u00e9cifications techniques<\/h2>\n<h3 data-start=\"3655\" data-end=\"3679\">Analyse garantie<\/h3>\n<div class=\"overflow-x-auto contain-inline-size\">\n<table data-start=\"3681\" data-end=\"4637\">\n<thead data-start=\"3681\" data-end=\"3799\">\n<tr data-start=\"3681\" data-end=\"3799\">\n<th data-start=\"3681\" data-end=\"3721\"><strong data-start=\"3683\" data-end=\"3696\">Param\u00e8tre<\/strong><\/th>\n<th data-start=\"3721\" data-end=\"3799\"><strong data-start=\"3723\" data-end=\"3732\">Valeur<\/strong><\/th>\n<\/tr>\n<\/thead>\n<tbody data-start=\"3919\" data-end=\"4637\">\n<tr data-start=\"3919\" data-end=\"4039\">\n<td><strong data-start=\"3921\" data-end=\"3936\">Composition<\/strong><\/td>\n<td>40&nbsp;% de carbonate de calcium organique + algues unicellulaires bioactives<\/td>\n<\/tr>\n<tr data-start=\"4040\" data-end=\"4158\">\n<td><strong data-start=\"4042\" data-end=\"4065\">Taille des particules<\/strong><\/td>\n<td>&lt;1&nbsp;\u03bcm<\/td>\n<\/tr>\n<tr data-start=\"4159\" data-end=\"4278\">\n<td><strong data-start=\"4161\" data-end=\"4172\">Format<\/strong><\/td>\n<td>Liquide cr\u00e9meux, 100&nbsp;% soluble dans l\u2019eau<\/td>\n<\/tr>\n<tr data-start=\"4279\" data-end=\"4397\">\n<td><strong data-start=\"4281\" data-end=\"4295\">Application<\/strong><\/td>\n<td>Voie foliaire ou fertirrigation<\/td>\n<\/tr>\n<tr data-start=\"4398\" data-end=\"4516\">\n<td><strong data-start=\"4400\" data-end=\"4406\">pH<\/strong><\/td>\n<td>7,0&nbsp;\u00b1&nbsp;0,5<\/td>\n<\/tr>\n<tr data-start=\"4517\" data-end=\"4637\">\n<td><strong data-start=\"4519\" data-end=\"4536\">Certification<\/strong><\/td>\n<td>Produit 100&nbsp;% organique, adapt\u00e9 aux pratiques agricoles durables<\/td>\n<\/tr>\n<\/tbody>\n<\/table>\n<\/div>\n<h3 data-start=\"4639\" data-end=\"4662\">Propri\u00e9t\u00e9s physiques<\/h3>\n<div class=\"overflow-x-auto contain-inline-size\">\n<table data-start=\"4664\" data-end=\"5139\">\n<thead data-start=\"4664\" data-end=\"4782\">\n<tr data-start=\"4664\" data-end=\"4782\">\n<th data-start=\"4664\" data-end=\"4704\"><strong data-start=\"4666\" data-end=\"4679\">Propri\u00e9t\u00e9<\/strong><\/th>\n<th data-start=\"4704\" data-end=\"4782\"><strong data-start=\"4706\" data-end=\"4715\">Valeur<\/strong><\/th>\n<\/tr>\n<\/thead>\n<tbody data-start=\"4902\" data-end=\"5139\">\n<tr data-start=\"4902\" data-end=\"5020\">\n<td><strong data-start=\"4904\" data-end=\"4913\">Couleur<\/strong><\/td>\n<td>G\u00e9n\u00e9ralement cr\u00e8me ou marron clair<\/td>\n<\/tr>\n<tr data-start=\"5021\" data-end=\"5139\">\n<td><strong data-start=\"5023\" data-end=\"5039\">Consistance<\/strong><\/td>\n<td>Cr\u00e9meuse, facilitant son m\u00e9lange et son application<\/td>\n<\/tr>\n<\/tbody>\n<\/table>\n<\/div>\n<hr data-start=\"5141\" data-end=\"5144\">\n<h2 data-start=\"5146\" data-end=\"5180\">Applications et utilisations dans les cultures<\/h2>\n<p data-start=\"5182\" data-end=\"5328\">L&rsquo;<strong data-start=\"5185\" data-end=\"5228\">engrais liquide organique de calcium<\/strong> Ecoganic CALCIUM 40&nbsp;% est polyvalent et s\u2019adapte \u00e0 diverses cultures, apportant des avantages sp\u00e9cifiques&nbsp;:<\/p>\n<div class=\"overflow-x-auto contain-inline-size\">\n<table data-start=\"5330\" data-end=\"6929\">\n<thead data-start=\"5330\" data-end=\"5592\">\n<tr data-start=\"5330\" data-end=\"5592\">\n<th data-start=\"5330\" data-end=\"5375\"><strong data-start=\"5332\" data-end=\"5351\">Type de culture<\/strong><\/th>\n<th data-start=\"5375\" data-end=\"5425\"><strong data-start=\"5377\" data-end=\"5389\">Exemples<\/strong><\/th>\n<th data-start=\"5425\" data-end=\"5592\"><strong data-start=\"5427\" data-end=\"5456\">Avantages et applications<\/strong><\/th>\n<\/tr>\n<\/thead>\n<tbody data-start=\"5855\" data-end=\"6929\">\n<tr data-start=\"5855\" data-end=\"6119\">\n<td><strong data-start=\"5857\" data-end=\"5880\">Cultures extensives<\/strong><\/td>\n<td>Bl\u00e9, ma\u00efs, orge, riz<\/td>\n<td>Favorise le d\u00e9veloppement radiculaire et la r\u00e9sistance structurelle, am\u00e9liorant la nutrition g\u00e9n\u00e9rale du sol.<\/td>\n<\/tr>\n<tr data-start=\"6120\" data-end=\"6388\">\n<td><strong data-start=\"6122\" data-end=\"6145\">Cultures mara\u00eech\u00e8res<\/strong><\/td>\n<td>Tomates, poivrons, laitues, brocolis, aubergines<\/td>\n<td>Pr\u00e9vient les physiopathies et am\u00e9liore la structure du fruit, assurant une meilleure qualit\u00e9 et un meilleur rendement des l\u00e9gumes.<\/td>\n<\/tr>\n<tr data-start=\"6389\" data-end=\"6660\">\n<td><strong data-start=\"6391\" data-end=\"6421\">Arbres fruitiers et vignobles<\/strong><\/td>\n<td>Agrumes, pommiers, avocatiers, vignobles<\/td>\n<td>Renforce la peau du fruit et r\u00e9duit les probl\u00e8mes post-r\u00e9colte, garantissant des fruits de meilleure taille, couleur et dur\u00e9e de conservation.<\/td>\n<\/tr>\n<tr data-start=\"6661\" data-end=\"6929\">\n<td><strong data-start=\"6663\" data-end=\"6701\">Cultures ornementales et sp\u00e9ciales<\/strong><\/td>\n<td>Plantes aromatiques, m\u00e9dicinales et fleurs<\/td>\n<td>Renforce la structure cellulaire et am\u00e9liore l\u2019apparence visuelle, assurant des plantes ornementales plus vigoureuses et saines.<\/td>\n<\/tr>\n<\/tbody>\n<\/table>\n<\/div>\n<hr data-start=\"6931\" data-end=\"6934\">\n<h2 data-start=\"6936\" data-end=\"6974\">Mode d\u2019application et compatibilit\u00e9<\/h2>\n<h3 data-start=\"6976\" data-end=\"7000\">Instructions d\u2019utilisation<\/h3>\n<div class=\"overflow-x-auto contain-inline-size\">\n<table data-start=\"7002\" data-end=\"8078\">\n<thead data-start=\"7002\" data-end=\"7214\">\n<tr data-start=\"7002\" data-end=\"7214\">\n<th data-start=\"7002\" data-end=\"7047\"><strong data-start=\"7004\" data-end=\"7028\">M\u00e9thode d\u2019application<\/strong><\/th>\n<th data-start=\"7047\" data-end=\"7214\"><strong data-start=\"7049\" data-end=\"7068\">Recommandations<\/strong><\/th>\n<\/tr>\n<\/thead>\n<tbody data-start=\"7428\" data-end=\"8078\">\n<tr data-start=\"7428\" data-end=\"7643\">\n<td><strong data-start=\"7430\" data-end=\"7451\">Application foliaire<\/strong><\/td>\n<td><strong data-start=\"7475\" data-end=\"7497\">Dose recommand\u00e9e&nbsp;:<\/strong> 2 \u00e0 4&nbsp;L\/ha. Appliquer uniform\u00e9ment pendant la croissance v\u00e9g\u00e9tative, la floraison et le d\u00e9veloppement du fruit pour maximiser l\u2019absorption du calcium. <\/td>\n<\/tr>\n<tr data-start=\"7644\" data-end=\"7860\">\n<td><strong data-start=\"7646\" data-end=\"7687\">Application par irrigation (Fertirrigation)<\/strong><\/td>\n<td><strong data-start=\"7693\" data-end=\"7715\">Dose recommand\u00e9e&nbsp;:<\/strong> 4 \u00e0 8&nbsp;L\/ha, en ajustant en fonction du type de culture et des conditions du sol. R\u00e9partir uniform\u00e9ment tout au long du cycle de culture. <\/td>\n<\/tr>\n<tr data-start=\"7861\" data-end=\"8078\">\n<td><strong data-start=\"7863\" data-end=\"7881\">Compatibilit\u00e9<\/strong><\/td>\n<td>Compatible avec la plupart des engrais et des produits phytosanitaires. Il est recommand\u00e9 d\u2019effectuer des tests pr\u00e9alables dans de nouveaux m\u00e9langes pour assurer la stabilit\u00e9 et l\u2019efficacit\u00e9. <\/td>\n<\/tr>\n<\/tbody>\n<\/table>\n<\/div>\n<hr data-start=\"8080\" data-end=\"8083\">\n<h2 data-start=\"8085\" data-end=\"8117\">Ressources et liens d\u2019int\u00e9r\u00eat<\/h2>\n<ul data-start=\"8119\" data-end=\"8457\">\n<li data-start=\"8119\" data-end=\"8298\">\n<p data-start=\"8121\" data-end=\"8156\"><strong data-start=\"8121\" data-end=\"8154\">Ressources externes (DoFollow)&nbsp;:<\/strong><\/p>\n<ul data-start=\"8159\" data-end=\"8298\">\n<li data-start=\"8159\" data-end=\"8222\"><a href=\"https:\/\/www.ecocert.com\" target=\"_new\" rel=\"noopener\" data-start=\"8161\" data-end=\"8220\">Ecocert \u2013 Certification organique<\/a><\/li>\n<li data-start=\"8225\" data-end=\"8298\"><a href=\"http:\/\/www.fao.org\/sustainability\/en\/\" target=\"_new\" rel=\"noopener\" data-start=\"8227\" data-end=\"8296\">FAO \u2013 Agriculture durable<\/a><\/li>\n<\/ul>\n<\/li>\n<li data-start=\"8300\" data-end=\"8457\">\n<p data-start=\"8302\" data-end=\"8325\"><strong data-start=\"8302\" data-end=\"8323\">Liens internes&nbsp;:<\/strong><\/p>\n<ul data-start=\"8328\" data-end=\"8457\">\n<li data-start=\"8328\" data-end=\"8407\"><a href=\"https:\/\/ecoganic.eu\/distribuidores\/\" target=\"_new\" rel=\"noopener\" data-start=\"8330\" data-end=\"8405\">Distributeurs officiels d\u2019Ecoganic<\/a><\/li>\n<li data-start=\"8410\" data-end=\"8457\"><a href=\"https:\/\/ecoganic.eu\/fr\/blog\/\" target=\"_new\" rel=\"noopener\" data-start=\"8412\" data-end=\"8457\">Blog d\u2019Ecoganic<\/a><\/li>\n<\/ul>\n<\/li>\n<\/ul>\n<hr data-start=\"8459\" data-end=\"8462\">\n<h2 data-start=\"8464\" data-end=\"8536\">Foire aux questions sur l\u2019engrais liquide organique de calcium<\/h2>\n<p data-start=\"8538\" data-end=\"8881\"><strong data-start=\"8538\" data-end=\"8631\">\u2753 Qu\u2019est-ce qu\u2019Ecoganic CALCIUM 40&nbsp;% et comment agit-il comme engrais liquide organique de calcium&nbsp;?<\/strong><br data-start=\"8631\" data-end=\"8634\">C\u2019est un produit formul\u00e9 avec du carbonate de calcium organique et des algues unicellulaires bioactives, con\u00e7u pour corriger les carences en calcium, renforcer les tissus v\u00e9g\u00e9taux et am\u00e9liorer la qualit\u00e9 des fruits gr\u00e2ce \u00e0 une assimilation rapide et uniforme.<\/p>\n<p data-start=\"8883\" data-end=\"9146\"><strong data-start=\"8883\" data-end=\"8938\">\u2753 Quels sont les principaux avantages de son utilisation&nbsp;?<\/strong><br data-start=\"8938\" data-end=\"8941\">Garantit une absorption rapide du calcium, am\u00e9liore la structure du sol, pr\u00e9vient les physiopathies dans les fruits et les feuilles, et prolonge la dur\u00e9e de conservation apr\u00e8s r\u00e9colte, ce qui se traduit par des cultures plus saines et productives.<\/p>\n<p data-start=\"9148\" data-end=\"9340\"><strong data-start=\"9148\" data-end=\"9192\">\u2753 Dans quelles cultures son utilisation est-elle recommand\u00e9e&nbsp;?<\/strong><br data-start=\"9192\" data-end=\"9195\">Il est id\u00e9al pour les cultures extensives, mara\u00eech\u00e8res, les arbres fruitiers, les vignobles et les cultures ornementales, s\u2019adaptant \u00e0 diverses conditions agronomiques.<\/p>\n<p data-start=\"9342\" data-end=\"9563\"><strong data-start=\"9342\" data-end=\"9376\">\u2753 Comment le produit est-il appliqu\u00e9&nbsp;?<\/strong><br data-start=\"9376\" data-end=\"9379\">Il peut \u00eatre appliqu\u00e9 aussi bien par voie foliaire (2 \u00e0 4&nbsp;L\/ha) que par fertirrigation (4 \u00e0 8&nbsp;L\/ha), en ajustant la dose en fonction des besoins sp\u00e9cifiques de la culture et des conditions du sol.<\/p>\n<p data-start=\"9565\" data-end=\"9813\"><strong data-start=\"9565\" data-end=\"9614\">\u2753 Est-il compatible avec d\u2019autres intrants agricoles&nbsp;?<\/strong><br data-start=\"9614\" data-end=\"9617\">Oui, Ecoganic CALCIUM 40&nbsp;% est compatible avec la plupart des engrais et des produits phytosanitaires. Il est recommand\u00e9 d\u2019effectuer des tests pr\u00e9alables dans de nouveaux m\u00e9langes pour assurer la stabilit\u00e9 et l\u2019efficacit\u00e9. <\/p>\n<hr data-start=\"9815\" data-end=\"9818\">\n<h2 data-start=\"9820\" data-end=\"9855\">Conclusion et appel \u00e0 l\u2019action<\/h2>\n<p data-start=\"9857\" data-end=\"10282\">En conclusion, <strong data-start=\"9872\" data-end=\"9896\">Ecoganic CALCIUM 40&nbsp;%<\/strong> est l&rsquo;<strong data-start=\"9903\" data-end=\"9946\">engrais liquide organique de calcium<\/strong> id\u00e9al pour optimiser la nutrition des cultures, pr\u00e9venir les carences et am\u00e9liorer la qualit\u00e9 et la r\u00e9sistance des fruits. Sa formulation avanc\u00e9e, avec des particules ultrafines et enrichie en algues bioactives, garantit une assimilation rapide du calcium, ce qui en fait un alli\u00e9 essentiel pour une agriculture durable et rentable. <\/p>\n<p data-start=\"10284\" data-end=\"10671\"><strong data-start=\"10284\" data-end=\"10355\">Transformez la qualit\u00e9 de vos cultures de mani\u00e8re organique d\u00e8s aujourd\u2019hui&nbsp;!<\/strong><br data-start=\"10355\" data-end=\"10358\">Pour plus d\u2019informations ou pour acqu\u00e9rir Ecoganic CALCIUM 40&nbsp;%, visitez notre <a href=\"https:\/\/ecoganic.eu\/fr\/contact\/\" target=\"_new\" rel=\"noopener\" data-start=\"10432\" data-end=\"10483\">page de contact<\/a> ou consultez la <a href=\"https:\/\/ecoganic.eu\/distribuidores\/\" target=\"_new\" rel=\"noopener\" data-start=\"10498\" data-end=\"10562\">section des distributeurs<\/a>. Investissez dans l\u2019avenir de vos cultures avec le meilleur <strong data-start=\"10615\" data-end=\"10658\">engrais liquide organique de calcium<\/strong> du march\u00e9. <\/p>\n","protected":false},"excerpt":{"rendered":"<p>D\u00e9couvrez Ecoganic CALCIUM 40&nbsp;%, l\u2019engrais liquide organique de calcium 100&nbsp;% soluble, formul\u00e9 avec du carbonate de calcium organique et des algues unicellulaires. Optimisez la nutrition et la qualit\u00e9 de vos cultures de mani\u00e8re durable. <\/p>\n","protected":false},"featured_media":1497,"template":"","meta":{"site-sidebar-layout":"default","site-content-layout":"","ast-site-content-layout":"default","site-content-style":"default","site-sidebar-style":"default","ast-global-header-display":"","ast-banner-title-visibility":"","ast-main-header-display":"","ast-hfb-above-header-display":"","ast-hfb-below-header-display":"","ast-hfb-mobile-header-display":"","site-post-title":"","ast-breadcrumbs-content":"","ast-featured-img":"","footer-sml-layout":"","theme-transparent-header-meta":"default","adv-header-id-meta":"","stick-header-meta":"","header-above-stick-meta":"","header-main-stick-meta":"","header-below-stick-meta":"","astra-migrate-meta-layouts":"default","ast-page-background-enabled":"default","ast-page-background-meta":{"desktop":{"background-color":"var(--ast-global-color-4)","background-image":"","background-repeat":"repeat","background-position":"center center","background-size":"auto","background-attachment":"scroll","background-type":"","background-media":"","overlay-type":"","overlay-color":"","overlay-opacity":"","overlay-gradient":""},"tablet":{"background-color":"","background-image":"","background-repeat":"repeat","background-position":"center center","background-size":"auto","background-attachment":"scroll","background-type":"","background-media":"","overlay-type":"","overlay-color":"","overlay-opacity":"","overlay-gradient":""},"mobile":{"background-color":"","background-image":"","background-repeat":"repeat","background-position":"center center","background-size":"auto","background-attachment":"scroll","background-type":"","background-media":"","overlay-type":"","overlay-color":"","overlay-opacity":"","overlay-gradient":""}},"ast-content-background-meta":{"desktop":{"background-color":"var(--ast-global-color-5)","background-image":"","background-repeat":"repeat","background-position":"center center","background-size":"auto","background-attachment":"scroll","background-type":"","background-media":"","overlay-type":"","overlay-color":"","overlay-opacity":"","overlay-gradient":""},"tablet":{"background-color":"var(--ast-global-color-5)","background-image":"","background-repeat":"repeat","background-position":"center center","background-size":"auto","background-attachment":"scroll","background-type":"","background-media":"","overlay-type":"","overlay-color":"","overlay-opacity":"","overlay-gradient":""},"mobile":{"background-color":"var(--ast-global-color-5)","background-image":"","background-repeat":"repeat","background-position":"center center","background-size":"auto","background-attachment":"scroll","background-type":"","background-media":"","overlay-type":"","overlay-color":"","overlay-opacity":"","overlay-gradient":""}}},"product_brand":[],"product_cat":[315,444],"product_tag":[347,448,445,389,388,447,446],"class_list":{"0":"post-2067","1":"product","2":"type-product","3":"status-publish","4":"has-post-thumbnail","6":"product_cat-fertilisants-organiques","7":"product_cat-calcium-fr","8":"product_tag-agriculture-biologique-fr","9":"product_tag-amelioration-des-tissus-vegetaux","10":"product_tag-calcium-organique","11":"product_tag-cultures-saines","12":"product_tag-fertilisant-liquide-organique","13":"product_tag-qualite-du-fruit","14":"product_tag-renforcement-cellulaire","15":"desktop-align-left","16":"tablet-align-left","17":"mobile-align-left","19":"first","20":"instock","21":"shipping-taxable","22":"product-type-simple"},"_links":{"self":[{"href":"https:\/\/ecoganic.eu\/fr\/wp-json\/wp\/v2\/product\/2067","targetHints":{"allow":["GET"]}}],"collection":[{"href":"https:\/\/ecoganic.eu\/fr\/wp-json\/wp\/v2\/product"}],"about":[{"href":"https:\/\/ecoganic.eu\/fr\/wp-json\/wp\/v2\/types\/product"}],"version-history":[{"count":0,"href":"https:\/\/ecoganic.eu\/fr\/wp-json\/wp\/v2\/product\/2067\/revisions"}],"wp:featuredmedia":[{"embeddable":true,"href":"https:\/\/ecoganic.eu\/fr\/wp-json\/wp\/v2\/media\/1497"}],"wp:attachment":[{"href":"https:\/\/ecoganic.eu\/fr\/wp-json\/wp\/v2\/media?parent=2067"}],"wp:term":[{"taxonomy":"product_brand","embeddable":true,"href":"https:\/\/ecoganic.eu\/fr\/wp-json\/wp\/v2\/product_brand?post=2067"},{"taxonomy":"product_cat","embeddable":true,"href":"https:\/\/ecoganic.eu\/fr\/wp-json\/wp\/v2\/product_cat?post=2067"},{"taxonomy":"product_tag","embeddable":true,"href":"https:\/\/ecoganic.eu\/fr\/wp-json\/wp\/v2\/product_tag?post=2067"}],"curies":[{"name":"wp","href":"https:\/\/api.w.org\/{rel}","templated":true}]}}