{"id":2060,"date":"2024-11-25T18:29:22","date_gmt":"2024-11-25T18:29:22","guid":{"rendered":"https:\/\/ecoganic.eu\/producto\/ecoganic-balance-7-7-7-soluble\/"},"modified":"2024-11-25T18:29:22","modified_gmt":"2024-11-25T18:29:22","slug":"ecoganic-balance-7-7-7-soluble","status":"publish","type":"product","link":"https:\/\/ecoganic.eu\/fr\/produit\/ecoganic-balance-7-7-7-soluble\/","title":{"rendered":"Ecoganic BALANCE 7-7-7 SOLUBLE"},"content":{"rendered":"<h2 data-start=\"981\" data-end=\"1076\">Engrais \u00e9cologique azot\u00e9&nbsp;: Boostez vos cultures avec Ecoganic BALANCE 7-7-7 SOLUBLE<\/h2>\n<p>&nbsp;<\/p>\n<p data-start=\"1224\" data-end=\"1730\">L&rsquo;<strong data-start=\"1227\" data-end=\"1266\">engrais \u00e9cologique azot\u00e9<\/strong> est essentiel pour obtenir des cultures \u00e0 haut rendement de mani\u00e8re durable. Avec l&rsquo;int\u00e9r\u00eat mondial croissant pour l&rsquo;agriculture biologique, l&rsquo;utilisation d&rsquo;intrants responsables est essentielle pour pr\u00e9server l&rsquo;environnement. Dans ce contexte, <strong data-start=\"1497\" data-end=\"1531\">Ecoganic BALANCE 7-7-7 SOLUBLE<\/strong> se distingue comme l&rsquo;<strong data-start=\"1551\" data-end=\"1590\">engrais \u00e9cologique azot\u00e9<\/strong> id\u00e9al, offrant une formulation innovante et \u00e0 action rapide pour les agriculteurs, les distributeurs et les experts en agronomie du monde entier.  <\/p>\n<hr data-start=\"1732\" data-end=\"1735\">\n<h2 data-start=\"1737\" data-end=\"1791\">Description de l&rsquo;engrais \u00e9cologique azot\u00e9<\/h2>\n<p data-start=\"1793\" data-end=\"2139\"><strong data-start=\"1793\" data-end=\"1827\">Ecoganic BALANCE 7-7-7 SOLUBLE<\/strong> est un <strong data-start=\"1834\" data-end=\"1873\">engrais \u00e9cologique azot\u00e9<\/strong> 100&nbsp;% soluble dans l&rsquo;eau, formul\u00e9 en poudre pour fournir une nutrition NPK \u00e9quilibr\u00e9e (7-7-7) pendant toutes les \u00e9tapes de la croissance des cultures. La combinaison \u00e9quilibr\u00e9e d&rsquo;azote, de phosphore et de potassium, avec un accent particulier sur l&rsquo;azote, garantit&nbsp;: <\/p>\n<ul data-start=\"2141\" data-end=\"2377\">\n<li data-start=\"2141\" data-end=\"2229\"><strong data-start=\"2143\" data-end=\"2161\">Azote (N)&nbsp;:<\/strong> Essentiel au d\u00e9veloppement v\u00e9g\u00e9tatif et \u00e0 la croissance robuste.<\/li>\n<li data-start=\"2230\" data-end=\"2304\"><strong data-start=\"2232\" data-end=\"2248\">Phosphore (P)&nbsp;:<\/strong> Essentiel pour un enracinement profond et la floraison.<\/li>\n<li data-start=\"2305\" data-end=\"2377\"><strong data-start=\"2307\" data-end=\"2323\">Potassium (K)&nbsp;:<\/strong> Apporte de la r\u00e9sistance et am\u00e9liore la qualit\u00e9 des fruits.<\/li>\n<\/ul>\n<p data-start=\"2379\" data-end=\"2609\">L&rsquo;<strong data-start=\"2382\" data-end=\"2421\">engrais \u00e9cologique azot\u00e9<\/strong> est \u00e9labor\u00e9 \u00e0 partir d&rsquo;extraits v\u00e9g\u00e9taux (soja et ma\u00efs) et est exempt de chlorures, ce qui prot\u00e8ge la structure du sol et pr\u00e9serve la microbiologie, ce qui le rend id\u00e9al pour l&rsquo;agriculture biologique.<\/p>\n<hr data-start=\"2611\" data-end=\"2614\">\n<h2 data-start=\"2616\" data-end=\"2669\">Avantages de l&rsquo;engrais \u00e9cologique azot\u00e9<\/h2>\n<h3 data-start=\"2671\" data-end=\"2706\">Nutrition \u00e9quilibr\u00e9e et compl\u00e8te<\/h3>\n<p data-start=\"2708\" data-end=\"2827\">L&rsquo;<strong data-start=\"2711\" data-end=\"2750\">engrais \u00e9cologique azot\u00e9<\/strong> Ecoganic BALANCE 7-7-7 SOLUBLE fournit une formule NPK 7-7-7 qui offre&nbsp;:<\/p>\n<ul data-start=\"2828\" data-end=\"3102\">\n<li data-start=\"2828\" data-end=\"2929\"><strong data-start=\"2830\" data-end=\"2853\">Nutrition compl\u00e8te&nbsp;:<\/strong> Son apport \u00e9lev\u00e9 en azote stimule la croissance et le d\u00e9veloppement v\u00e9g\u00e9tatif.<\/li>\n<li data-start=\"2930\" data-end=\"3006\"><strong data-start=\"2932\" data-end=\"2957\">Enracinement optimal&nbsp;:<\/strong> Le phosphore favorise un syst\u00e8me racinaire fort.<\/li>\n<li data-start=\"3007\" data-end=\"3102\"><strong data-start=\"3009\" data-end=\"3044\">Am\u00e9lioration de la qualit\u00e9 des fruits&nbsp;:<\/strong> Le potassium renforce la r\u00e9sistance et la qualit\u00e9 de la culture.<\/li>\n<\/ul>\n<h3 data-start=\"3104\" data-end=\"3144\">R\u00e9sistance au stress et r\u00e9cup\u00e9ration<\/h3>\n<p data-start=\"3146\" data-end=\"3248\">Cet <strong data-start=\"3151\" data-end=\"3190\">engrais \u00e9cologique azot\u00e9<\/strong> renforce les plantes pour supporter les conditions d\u00e9favorables&nbsp;:<\/p>\n<ul data-start=\"3249\" data-end=\"3492\">\n<li data-start=\"3249\" data-end=\"3372\"><strong data-start=\"3251\" data-end=\"3292\">Protection contre le stress environnemental&nbsp;:<\/strong> Aide \u00e0 att\u00e9nuer l&rsquo;impact des temp\u00e9ratures \u00e9lev\u00e9es, du gel, de la s\u00e9cheresse et de la salinit\u00e9.<\/li>\n<li data-start=\"3373\" data-end=\"3492\"><strong data-start=\"3375\" data-end=\"3399\">R\u00e9cup\u00e9ration rapide&nbsp;:<\/strong> Facilite la r\u00e9cup\u00e9ration apr\u00e8s les attaques de ravageurs ou de maladies, en maintenant la culture saine.<\/li>\n<\/ul>\n<h3 data-start=\"3494\" data-end=\"3543\">Haute solubilit\u00e9 et efficacit\u00e9 de l&rsquo;absorption<\/h3>\n<p data-start=\"3545\" data-end=\"3646\">La formulation en poudre de l&rsquo;<strong data-start=\"3573\" data-end=\"3612\">engrais \u00e9cologique azot\u00e9<\/strong> est 100&nbsp;% soluble, permettant que&nbsp;:<\/p>\n<ul data-start=\"3647\" data-end=\"3866\">\n<li data-start=\"3647\" data-end=\"3774\"><strong data-start=\"3649\" data-end=\"3697\">Les nutriments soient absorb\u00e9s rapidement&nbsp;:<\/strong> Jusqu&rsquo;\u00e0 90&nbsp;% d&rsquo;absorption dans les 3&nbsp;premi\u00e8res heures suivant l&rsquo;application foliaire.<\/li>\n<li data-start=\"3775\" data-end=\"3866\"><strong data-start=\"3777\" data-end=\"3815\">Les syst\u00e8mes d&rsquo;irrigation ne soient pas obstru\u00e9s&nbsp;:<\/strong> Sa solubilit\u00e9 totale \u00e9vite les r\u00e9sidus dans le syst\u00e8me.<\/li>\n<\/ul>\n<h3 data-start=\"3868\" data-end=\"3909\">Durabilit\u00e9 et protection de l&rsquo;environnement<\/h3>\n<p data-start=\"3911\" data-end=\"3995\">La durabilit\u00e9 est l&rsquo;un des piliers de l&rsquo;<strong data-start=\"3955\" data-end=\"3994\">engrais \u00e9cologique azot\u00e9<\/strong>&nbsp;:<\/p>\n<ul data-start=\"3996\" data-end=\"4326\">\n<li data-start=\"3996\" data-end=\"4097\"><strong data-start=\"3998\" data-end=\"4020\">Formule \u00e9cologique&nbsp;:<\/strong> Sans chlorures et faible en sels, ce qui prot\u00e8ge la vie microbienne du sol.<\/li>\n<li data-start=\"4098\" data-end=\"4226\"><strong data-start=\"4100\" data-end=\"4125\">Agriculture biologique&nbsp;:<\/strong> Conforme aux normes internationales, contribuant \u00e0 une agriculture responsable et durable.<\/li>\n<li data-start=\"4227\" data-end=\"4326\"><strong data-start=\"4229\" data-end=\"4258\">Impact environnemental minimal&nbsp;:<\/strong> R\u00e9duit le lessivage des nutriments, prot\u00e9geant l&rsquo;environnement.<\/li>\n<\/ul>\n<h3 data-start=\"4328\" data-end=\"4360\">Polyvalence et adaptabilit\u00e9<\/h3>\n<p data-start=\"4362\" data-end=\"4469\">L&rsquo;<strong data-start=\"4365\" data-end=\"4404\">engrais \u00e9cologique azot\u00e9<\/strong> s&rsquo;adapte \u00e0 de multiples m\u00e9thodes d&rsquo;application et types de cultures&nbsp;:<\/p>\n<ul data-start=\"4470\" data-end=\"4688\">\n<li data-start=\"4470\" data-end=\"4569\"><strong data-start=\"4472\" data-end=\"4524\">Applicable en fertirrigation et application foliaire&nbsp;:<\/strong> Offre une flexibilit\u00e9 dans la gestion agronomique.<\/li>\n<li data-start=\"4570\" data-end=\"4688\"><strong data-start=\"4572\" data-end=\"4604\">Large spectre de cultures&nbsp;:<\/strong> Il convient aux cultures extensives, horticoles, fruiti\u00e8res, aux vignobles et aux cultures ornementales.<\/li>\n<\/ul>\n<hr data-start=\"4690\" data-end=\"4693\">\n<h2 data-start=\"4695\" data-end=\"4763\">Sp\u00e9cifications techniques de l&rsquo;engrais \u00e9cologique azot\u00e9<\/h2>\n<div class=\"overflow-x-auto contain-inline-size\">\n<table data-start=\"4765\" data-end=\"5458\">\n<thead data-start=\"4765\" data-end=\"4880\">\n<tr data-start=\"4765\" data-end=\"4880\">\n<th data-start=\"4765\" data-end=\"4793\"><strong data-start=\"4767\" data-end=\"4785\">Sp\u00e9cification<\/strong><\/th>\n<th data-start=\"4793\" data-end=\"4880\"><strong data-start=\"4795\" data-end=\"4807\">D\u00e9tails<\/strong><\/th>\n<\/tr>\n<\/thead>\n<tbody data-start=\"4996\" data-end=\"5458\">\n<tr data-start=\"4996\" data-end=\"5111\">\n<td><strong data-start=\"4998\" data-end=\"5021\">Composition (N-P-K)<\/strong><\/td>\n<td>7&nbsp;% d&rsquo;azote (N), 7&nbsp;% de phosphore (P\u2082O\u2085), 7&nbsp;% de potassium (K\u2082O)<\/td>\n<\/tr>\n<tr data-start=\"5112\" data-end=\"5226\">\n<td><strong data-start=\"5114\" data-end=\"5125\">Format<\/strong><\/td>\n<td>Poudre 100&nbsp;% soluble dans l&rsquo;eau<\/td>\n<\/tr>\n<tr data-start=\"5227\" data-end=\"5341\">\n<td><strong data-start=\"5229\" data-end=\"5253\">Origine des nutriments<\/strong><\/td>\n<td>Extraits v\u00e9g\u00e9taux (soja et ma\u00efs)<\/td>\n<\/tr>\n<tr data-start=\"5342\" data-end=\"5458\">\n<td><strong data-start=\"5344\" data-end=\"5363\">Caract\u00e9ristiques<\/strong><\/td>\n<td>Sans chlorures&nbsp;; haute efficacit\u00e9&nbsp;; adapt\u00e9 \u00e0 l&rsquo;agriculture biologique<\/td>\n<\/tr>\n<\/tbody>\n<\/table>\n<\/div>\n<hr data-start=\"5460\" data-end=\"5463\">\n<h2 data-start=\"5465\" data-end=\"5527\">Applications et utilisations de l&rsquo;engrais \u00e9cologique azot\u00e9<\/h2>\n<p data-start=\"5529\" data-end=\"5704\">L&rsquo;<strong data-start=\"5532\" data-end=\"5571\">engrais \u00e9cologique azot\u00e9<\/strong> Ecoganic BALANCE 7-7-7 SOLUBLE est utilis\u00e9 dans une grande vari\u00e9t\u00e9 de cultures. Le tableau suivant r\u00e9sume ses applications et ses avantages&nbsp;: <\/p>\n<div class=\"overflow-x-auto contain-inline-size\">\n<table data-start=\"5706\" data-end=\"6845\">\n<thead data-start=\"5706\" data-end=\"5893\">\n<tr data-start=\"5706\" data-end=\"5893\">\n<th data-start=\"5706\" data-end=\"5738\"><strong data-start=\"5708\" data-end=\"5727\">Type de culture<\/strong><\/th>\n<th data-start=\"5738\" data-end=\"5787\"><strong data-start=\"5740\" data-end=\"5752\">Exemples<\/strong><\/th>\n<th data-start=\"5787\" data-end=\"5893\"><strong data-start=\"5789\" data-end=\"5809\">Avantages cl\u00e9s<\/strong><\/th>\n<\/tr>\n<\/thead>\n<tbody data-start=\"6082\" data-end=\"6845\">\n<tr data-start=\"6082\" data-end=\"6270\">\n<td><strong data-start=\"6084\" data-end=\"6107\">Cultures extensives<\/strong><\/td>\n<td>Bl\u00e9, ma\u00efs, riz, orge<\/td>\n<td>Am\u00e9liore l&rsquo;absorption des nutriments et le rendement global des cultures de plein champ.<\/td>\n<\/tr>\n<tr data-start=\"6271\" data-end=\"6462\">\n<td><strong data-start=\"6273\" data-end=\"6296\">Cultures horticoles<\/strong><\/td>\n<td>Tomate, poivron, laitue, brocoli, aubergine<\/td>\n<td>Favorise une croissance v\u00e9g\u00e9tative vigoureuse et am\u00e9liore la production de fruits de haute qualit\u00e9.<\/td>\n<\/tr>\n<tr data-start=\"6463\" data-end=\"6654\">\n<td><strong data-start=\"6465\" data-end=\"6487\">Arbres fruitiers et vignobles<\/strong><\/td>\n<td>Agrumes, pommier, avocatier, vigne<\/td>\n<td>Optimise la taille, l&rsquo;uniformit\u00e9 et la qualit\u00e9 des fruits, g\u00e9n\u00e9rant des r\u00e9coltes plus pr\u00e9cieuses.<\/td>\n<\/tr>\n<tr data-start=\"6655\" data-end=\"6845\">\n<td><strong data-start=\"6657\" data-end=\"6686\">Plantes ornementales et sp\u00e9ciales<\/strong><\/td>\n<td>Fleurs, plantes aromatiques et m\u00e9dicinales<\/td>\n<td>Rehausse la vigueur, la couleur et le d\u00e9veloppement esth\u00e9tique des plantes, augmentant leur valeur ornementale et fonctionnelle.<\/td>\n<\/tr>\n<\/tbody>\n<\/table>\n<\/div>\n<hr data-start=\"6847\" data-end=\"6850\">\n<h2 data-start=\"6852\" data-end=\"6930\">Mode d&rsquo;application et compatibilit\u00e9 de l&rsquo;engrais \u00e9cologique azot\u00e9<\/h2>\n<p data-start=\"6932\" data-end=\"7047\">Pour maximiser les avantages de l&rsquo;<strong data-start=\"6966\" data-end=\"7005\">engrais \u00e9cologique azot\u00e9<\/strong>, il est recommand\u00e9 de suivre ces indications&nbsp;:<\/p>\n<div class=\"overflow-x-auto contain-inline-size\">\n<table data-start=\"7049\" data-end=\"8039\">\n<thead data-start=\"7049\" data-end=\"7242\">\n<tr data-start=\"7049\" data-end=\"7242\">\n<th data-start=\"7049\" data-end=\"7081\"><strong data-start=\"7051\" data-end=\"7075\">M\u00e9thode d\u2019application<\/strong><\/th>\n<th data-start=\"7081\" data-end=\"7242\"><strong data-start=\"7083\" data-end=\"7102\">Recommandations<\/strong><\/th>\n<\/tr>\n<\/thead>\n<tbody data-start=\"7437\" data-end=\"8039\">\n<tr data-start=\"7437\" data-end=\"7640\">\n<td><strong data-start=\"7439\" data-end=\"7460\">Application foliaire<\/strong><\/td>\n<td>Dissoudre entre 3 et 5&nbsp;kg\/ha dans l&rsquo;eau et pulv\u00e9riser uniform\u00e9ment sur le feuillage. Appliquer aux \u00e9tapes cl\u00e9s (croissance, pr\u00e9floraison, nouaison) pour une absorption optimale. <\/td>\n<\/tr>\n<tr data-start=\"7641\" data-end=\"7835\">\n<td><strong data-start=\"7643\" data-end=\"7661\">Fertirrigation<\/strong><\/td>\n<td>Incorporer entre 5 et 8&nbsp;kg\/ha dans le syst\u00e8me d&rsquo;irrigation, en ajustant la dose en fonction de la culture, du type de sol et des conditions climatiques.<\/td>\n<\/tr>\n<tr data-start=\"7836\" data-end=\"8039\">\n<td><strong data-start=\"7838\" data-end=\"7856\">Compatibilit\u00e9<\/strong><\/td>\n<td>Compatible avec la plupart des engrais et produits phytosanitaires. Il est recommand\u00e9 d&rsquo;effectuer un test de m\u00e9lange initial pour assurer la stabilit\u00e9 de la solution. <\/td>\n<\/tr>\n<\/tbody>\n<\/table>\n<\/div>\n<hr data-start=\"8041\" data-end=\"8044\">\n<h2 data-start=\"8046\" data-end=\"8078\">Ressources et liens d\u2019int\u00e9r\u00eat<\/h2>\n<p data-start=\"8080\" data-end=\"8204\">Pour plus d&rsquo;informations sur les pratiques durables et les certifications, consultez ces ressources externes et liens internes&nbsp;:<\/p>\n<ul data-start=\"8206\" data-end=\"8545\">\n<li data-start=\"8206\" data-end=\"8386\">\n<p data-start=\"8208\" data-end=\"8243\"><strong data-start=\"8208\" data-end=\"8241\">Ressources externes (DoFollow)&nbsp;:<\/strong><\/p>\n<ul data-start=\"8246\" data-end=\"8386\">\n<li data-start=\"8246\" data-end=\"8310\"><a href=\"https:\/\/www.ecocert.com\" target=\"_new\" rel=\"noopener\" data-start=\"8248\" data-end=\"8308\">Ecocert \u2013 Certification \u00e9cologique<\/a><\/li>\n<li data-start=\"8313\" data-end=\"8386\"><a href=\"http:\/\/www.fao.org\/sustainability\/en\/\" target=\"_new\" rel=\"noopener\" data-start=\"8315\" data-end=\"8384\">FAO \u2013 Agriculture durable<\/a><\/li>\n<\/ul>\n<\/li>\n<li data-start=\"8388\" data-end=\"8545\">\n<p data-start=\"8390\" data-end=\"8413\"><strong data-start=\"8390\" data-end=\"8411\">Liens internes&nbsp;:<\/strong><\/p>\n<ul data-start=\"8416\" data-end=\"8545\">\n<li data-start=\"8416\" data-end=\"8495\"><a href=\"https:\/\/ecoganic.eu\/distribuidores\/\" target=\"_new\" rel=\"noopener\" data-start=\"8418\" data-end=\"8493\">Distributeurs officiels d\u2019Ecoganic<\/a><\/li>\n<li data-start=\"8498\" data-end=\"8545\"><a href=\"https:\/\/ecoganic.eu\/fr\/blog\/\" target=\"_new\" rel=\"noopener\" data-start=\"8500\" data-end=\"8545\">Blog d\u2019Ecoganic<\/a><\/li>\n<\/ul>\n<\/li>\n<\/ul>\n<hr data-start=\"8547\" data-end=\"8550\">\n<h2 data-start=\"8552\" data-end=\"8583\">Cas de r\u00e9ussite et t\u00e9moignages<\/h2>\n<p data-start=\"8585\" data-end=\"8792\">L&rsquo;utilisation de l&rsquo;<strong data-start=\"8596\" data-end=\"8635\">engrais \u00e9cologique azot\u00e9<\/strong> a d\u00e9montr\u00e9 qu&rsquo;elle am\u00e9liorait le rendement et la qualit\u00e9 des cultures dans diff\u00e9rentes r\u00e9gions du monde. Les agriculteurs d&rsquo;Espagne, d&rsquo;Am\u00e9rique latine et d&rsquo;Asie ont signal\u00e9&nbsp;: <\/p>\n<ul data-start=\"8794\" data-end=\"9049\">\n<li data-start=\"8794\" data-end=\"8874\"><strong data-start=\"8796\" data-end=\"8836\">Augmentation de 20&nbsp;% du rendement<\/strong> des cultures extensives comme le bl\u00e9.<\/li>\n<li data-start=\"8875\" data-end=\"8963\"><strong data-start=\"8877\" data-end=\"8929\">Am\u00e9lioration significative de l&rsquo;uniformit\u00e9 et de la qualit\u00e9<\/strong> des fruits dans les cultures horticoles.<\/li>\n<li data-start=\"8964\" data-end=\"9049\"><strong data-start=\"8966\" data-end=\"9001\">R\u00e9ponse rapide en croissance<\/strong> gr\u00e2ce \u00e0 l&rsquo;absorption efficace des nutriments.<\/li>\n<\/ul>\n<p data-start=\"9051\" data-end=\"9318\">Les t\u00e9moignages d&rsquo;experts agronomes confirment que l&rsquo;utilisation de cet <strong data-start=\"9114\" data-end=\"9153\">engrais \u00e9cologique azot\u00e9<\/strong> non seulement augmente la productivit\u00e9, mais prot\u00e8ge \u00e9galement la sant\u00e9 du sol, le consolidant comme un outil essentiel pour l&rsquo;agriculture biologique moderne.<\/p>\n<hr data-start=\"9320\" data-end=\"9323\">\n<h2 data-start=\"9325\" data-end=\"9338\">Conclusion<\/h2>\n<p data-start=\"9340\" data-end=\"9672\"><strong data-start=\"9340\" data-end=\"9374\">Ecoganic BALANCE 7-7-7 SOLUBLE<\/strong> est l&rsquo;<strong data-start=\"9381\" data-end=\"9420\">engrais \u00e9cologique azot\u00e9<\/strong> qui transformera vos cultures. Avec une formulation 100&nbsp;% soluble dans l&rsquo;eau, une nutrition NPK parfaitement \u00e9quilibr\u00e9e et une absorption efficace, ce produit est con\u00e7u pour maximiser le rendement et la qualit\u00e9 des cultures de mani\u00e8re durable. <\/p>\n<p data-start=\"9674\" data-end=\"10123\">Cet <strong data-start=\"9679\" data-end=\"9718\">engrais \u00e9cologique azot\u00e9<\/strong> contribue non seulement \u00e0 obtenir de meilleures r\u00e9coltes, mais soutient \u00e9galement les pratiques agricoles responsables, r\u00e9duisant l&rsquo;impact environnemental et favorisant la sant\u00e9 du sol. Avec des certifications internationales et une polyvalence qui s&rsquo;adapte \u00e0 de multiples m\u00e9thodes d&rsquo;application, Ecoganic BALANCE 7-7-7 SOLUBLE est le choix id\u00e9al pour les agriculteurs, les distributeurs et les experts en agronomie du monde entier. <\/p>\n<p data-start=\"10125\" data-end=\"10346\"><strong data-start=\"10125\" data-end=\"10147\">Contactez-nous d\u00e8s maintenant<\/strong> pour obtenir plus d&rsquo;informations ou passer votre commande et d\u00e9couvrez comment ce puissant <strong data-start=\"10227\" data-end=\"10266\">engrais \u00e9cologique azot\u00e9<\/strong> peut faire passer vos cultures au niveau sup\u00e9rieur de productivit\u00e9 et de durabilit\u00e9&nbsp;!<\/p>\n","protected":false},"excerpt":{"rendered":"<div class=\"flex max-w-full flex-col flex-grow\">\n<div class=\"min-h-8 text-message relative flex w-full flex-col items-end gap-2 whitespace-normal break-words text-start [.text-message+&amp;]:mt-5\" dir=\"auto\" data-message-author-role=\"assistant\" data-message-id=\"c2ead0da-27aa-4421-b5cf-ddd74bfa8527\" data-message-model-slug=\"gpt-4o\">\n<div class=\"flex w-full flex-col gap-1 empty:hidden first:pt-[3px]\">\n<div class=\"markdown prose w-full break-words dark:prose-invert light\">\n<p data-start=\"0\" data-end=\"271\" data-is-last-node=\"\" data-is-only-node=\"\">D\u00e9couvrez l&rsquo;engrais \u00e9cologique azot\u00e9 Ecoganic BALANCE 7-7-7 SOLUBLE, 100&nbsp;% soluble et con\u00e7u pour une nutrition NPK \u00e9quilibr\u00e9e. Id\u00e9al pour l&rsquo;agriculture biologique au niveau mondial. <\/p>\n<\/div>\n<\/div>\n<\/div>\n<\/div>\n<div class=\"mb-2 flex gap-3 -ml-2\" tabindex=\"0\">\n<div class=\"flex items-center justify-start rounded-xl p-1\">\n<div class=\"flex items-center\">\n<div class=\"flex items-center pb-0\"><\/div>\n<\/div>\n<\/div>\n<\/div>\n","protected":false},"featured_media":1517,"template":"","meta":{"site-sidebar-layout":"default","site-content-layout":"","ast-site-content-layout":"default","site-content-style":"default","site-sidebar-style":"default","ast-global-header-display":"","ast-banner-title-visibility":"","ast-main-header-display":"","ast-hfb-above-header-display":"","ast-hfb-below-header-display":"","ast-hfb-mobile-header-display":"","site-post-title":"","ast-breadcrumbs-content":"","ast-featured-img":"","footer-sml-layout":"","theme-transparent-header-meta":"default","adv-header-id-meta":"","stick-header-meta":"","header-above-stick-meta":"","header-main-stick-meta":"","header-below-stick-meta":"","astra-migrate-meta-layouts":"default","ast-page-background-enabled":"default","ast-page-background-meta":{"desktop":{"background-color":"var(--ast-global-color-4)","background-image":"","background-repeat":"repeat","background-position":"center center","background-size":"auto","background-attachment":"scroll","background-type":"","background-media":"","overlay-type":"","overlay-color":"","overlay-opacity":"","overlay-gradient":""},"tablet":{"background-color":"","background-image":"","background-repeat":"repeat","background-position":"center center","background-size":"auto","background-attachment":"scroll","background-type":"","background-media":"","overlay-type":"","overlay-color":"","overlay-opacity":"","overlay-gradient":""},"mobile":{"background-color":"","background-image":"","background-repeat":"repeat","background-position":"center center","background-size":"auto","background-attachment":"scroll","background-type":"","background-media":"","overlay-type":"","overlay-color":"","overlay-opacity":"","overlay-gradient":""}},"ast-content-background-meta":{"desktop":{"background-color":"var(--ast-global-color-5)","background-image":"","background-repeat":"repeat","background-position":"center center","background-size":"auto","background-attachment":"scroll","background-type":"","background-media":"","overlay-type":"","overlay-color":"","overlay-opacity":"","overlay-gradient":""},"tablet":{"background-color":"var(--ast-global-color-5)","background-image":"","background-repeat":"repeat","background-position":"center center","background-size":"auto","background-attachment":"scroll","background-type":"","background-media":"","overlay-type":"","overlay-color":"","overlay-opacity":"","overlay-gradient":""},"mobile":{"background-color":"var(--ast-global-color-5)","background-image":"","background-repeat":"repeat","background-position":"center center","background-size":"auto","background-attachment":"scroll","background-type":"","background-media":"","overlay-type":"","overlay-color":"","overlay-opacity":"","overlay-gradient":""}}},"product_brand":[],"product_cat":[428,315],"product_tag":[347,390,391,389,430,388,429,411],"class_list":{"0":"post-2060","1":"product","2":"type-product","3":"status-publish","4":"has-post-thumbnail","6":"product_cat-combines-npk","7":"product_cat-fertilisants-organiques","8":"product_tag-agriculture-biologique-fr","9":"product_tag-cultures-extensives","10":"product_tag-cultures-horticoles","11":"product_tag-cultures-saines","12":"product_tag-engrais-ecologique","13":"product_tag-fertilisant-liquide-organique","14":"product_tag-npk-equilibre","15":"product_tag-nutrition-complete","16":"desktop-align-left","17":"tablet-align-left","18":"mobile-align-left","20":"first","21":"instock","22":"shipping-taxable","23":"product-type-simple"},"_links":{"self":[{"href":"https:\/\/ecoganic.eu\/fr\/wp-json\/wp\/v2\/product\/2060","targetHints":{"allow":["GET"]}}],"collection":[{"href":"https:\/\/ecoganic.eu\/fr\/wp-json\/wp\/v2\/product"}],"about":[{"href":"https:\/\/ecoganic.eu\/fr\/wp-json\/wp\/v2\/types\/product"}],"version-history":[{"count":0,"href":"https:\/\/ecoganic.eu\/fr\/wp-json\/wp\/v2\/product\/2060\/revisions"}],"wp:featuredmedia":[{"embeddable":true,"href":"https:\/\/ecoganic.eu\/fr\/wp-json\/wp\/v2\/media\/1517"}],"wp:attachment":[{"href":"https:\/\/ecoganic.eu\/fr\/wp-json\/wp\/v2\/media?parent=2060"}],"wp:term":[{"taxonomy":"product_brand","embeddable":true,"href":"https:\/\/ecoganic.eu\/fr\/wp-json\/wp\/v2\/product_brand?post=2060"},{"taxonomy":"product_cat","embeddable":true,"href":"https:\/\/ecoganic.eu\/fr\/wp-json\/wp\/v2\/product_cat?post=2060"},{"taxonomy":"product_tag","embeddable":true,"href":"https:\/\/ecoganic.eu\/fr\/wp-json\/wp\/v2\/product_tag?post=2060"}],"curies":[{"name":"wp","href":"https:\/\/api.w.org\/{rel}","templated":true}]}}