{"id":2057,"date":"2024-11-25T17:32:11","date_gmt":"2024-11-25T17:32:11","guid":{"rendered":"https:\/\/ecoganic.eu\/producto\/ecoganic-nitrotech-10-liquid-soluble\/"},"modified":"2024-11-25T17:32:11","modified_gmt":"2024-11-25T17:32:11","slug":"ecoganic-nitrotech-10-liquid-soluble","status":"publish","type":"product","link":"https:\/\/ecoganic.eu\/fr\/produit\/ecoganic-nitrotech-10-liquid-soluble\/","title":{"rendered":"Ecoganic NITROTECH 10 LIQUID SOLUBLE"},"content":{"rendered":"<h2 data-start=\"941\" data-end=\"1011\">Engrais liquide organique&nbsp;: Ecoganic NITROTECH 10 LIQUID SOLUBLE<\/h2>\n<p data-start=\"1166\" data-end=\"1778\">L&rsquo;<strong data-start=\"1169\" data-end=\"1202\">engrais liquide organique<\/strong> Ecoganic NITROTECH 10 LIQUID SOLUBLE est con\u00e7u pour pr\u00e9venir et corriger les carences en azote, un macronutriment essentiel \u00e0 la croissance et au d\u00e9veloppement des plantes. Sa formule avanc\u00e9e, 100&nbsp;% soluble et sans chlorures, combine des mati\u00e8res premi\u00e8res v\u00e9g\u00e9tales (soja et ma\u00efs) avec de l\u2019extrait d\u2019algues unicellulaires bioactives, am\u00e9liorant l\u2019absorption de l\u2019azote et optimisant le rendement des cultures. Gr\u00e2ce \u00e0 son assimilation rapide, 90&nbsp;% de l\u2019azote est absorb\u00e9 dans les trois premi\u00e8res heures suivant l\u2019application foliaire, assurant une r\u00e9ponse imm\u00e9diate et efficace.  <\/p>\n<hr data-start=\"1780\" data-end=\"1783\">\n<h2 data-start=\"1785\" data-end=\"1812\">Description du produit<\/h2>\n<p data-start=\"1814\" data-end=\"2368\"><strong data-start=\"1814\" data-end=\"1854\">Ecoganic NITROTECH 10 LIQUID SOLUBLE<\/strong> est un engrais liquide organique formul\u00e9 pour fournir 10&nbsp;% d\u2019azote, enrichi en acides amin\u00e9s et en extrait d\u2019algues unicellulaires. Son action est orient\u00e9e vers la stimulation de la croissance v\u00e9g\u00e9tative, l\u2019am\u00e9lioration de la qualit\u00e9 des cultures et la garantie d\u2019une assimilation rapide du nutriment, ce qui se traduit par des cultures vigoureuses et productives. Sa formulation \u00e9cologique garantit que le produit est 100&nbsp;% soluble dans l\u2019eau et sans chlorures, prot\u00e9geant la sant\u00e9 du sol et promouvant une agriculture durable.  <\/p>\n<hr data-start=\"2370\" data-end=\"2373\">\n<h2 data-start=\"2375\" data-end=\"2428\">Avantages cl\u00e9s de l\u2019engrais liquide organique<\/h2>\n<h3 data-start=\"2430\" data-end=\"2475\">1\ufe0f\u20e3 Nutrition compl\u00e8te et absorption rapide<\/h3>\n<ul data-start=\"2476\" data-end=\"2714\">\n<li data-start=\"2476\" data-end=\"2564\"><strong data-start=\"2478\" data-end=\"2503\">10&nbsp;% d\u2019azote (N)&nbsp;:<\/strong> Essentiel \u00e0 la croissance et au d\u00e9veloppement des plantes.<\/li>\n<li data-start=\"2565\" data-end=\"2714\"><strong data-start=\"2567\" data-end=\"2591\">Absorption imm\u00e9diate&nbsp;:<\/strong> Jusqu\u2019\u00e0 90&nbsp;% de l\u2019azote est assimil\u00e9 dans les trois premi\u00e8res heures suivant l\u2019application foliaire, offrant des r\u00e9sultats rapides.<\/li>\n<\/ul>\n<h3 data-start=\"2716\" data-end=\"2763\">2\ufe0f\u20e3 Augmentation du rendement et de la qualit\u00e9 des cultures<\/h3>\n<ul data-start=\"2764\" data-end=\"2972\">\n<li data-start=\"2764\" data-end=\"2857\"><strong data-start=\"2766\" data-end=\"2805\">Enrichi en algues unicellulaires&nbsp;:<\/strong> Am\u00e9liore la productivit\u00e9 et la qualit\u00e9 des fruits.<\/li>\n<li data-start=\"2858\" data-end=\"2972\"><strong data-start=\"2860\" data-end=\"2885\">Fruits plus uniformes&nbsp;:<\/strong> Augmente la taille et la qualit\u00e9 apr\u00e8s r\u00e9colte, g\u00e9n\u00e9rant des cultures \u00e0 haute valeur commerciale.<\/li>\n<\/ul>\n<h3 data-start=\"2974\" data-end=\"3032\">3\ufe0f\u20e3 R\u00e9silience face au stress et r\u00e9cup\u00e9ration rapide<\/h3>\n<ul data-start=\"3033\" data-end=\"3283\">\n<li data-start=\"3033\" data-end=\"3171\"><strong data-start=\"3035\" data-end=\"3078\">Protection contre les conditions d\u00e9favorables&nbsp;:<\/strong> Augmente la r\u00e9sistance au stress hydrique, aux coups de chaleur, au gel et aux attaques de ravageurs.<\/li>\n<li data-start=\"3172\" data-end=\"3283\"><strong data-start=\"3174\" data-end=\"3190\">Acides amin\u00e9s&nbsp;:<\/strong> Acc\u00e9l\u00e8re la cicatrisation des feuilles et des tiges, favorisant une r\u00e9cup\u00e9ration rapide de la culture.<\/li>\n<\/ul>\n<h3 data-start=\"3285\" data-end=\"3319\">4\ufe0f\u20e3 Polyvalence d\u2019application<\/h3>\n<ul data-start=\"3320\" data-end=\"3551\">\n<li data-start=\"3320\" data-end=\"3433\"><strong data-start=\"3322\" data-end=\"3376\">Compatible avec la fertirrigation et l\u2019application foliaire&nbsp;:<\/strong> S\u2019adapte \u00e0 diff\u00e9rentes strat\u00e9gies de gestion agronomique.<\/li>\n<li data-start=\"3434\" data-end=\"3551\"><strong data-start=\"3436\" data-end=\"3462\">Utilisation dans les phases critiques&nbsp;:<\/strong> Id\u00e9al pour la post-transplantation, la pr\u00e9floraison et la nouaison, maximisant l\u2019efficacit\u00e9 nutritionnelle.<\/li>\n<\/ul>\n<h3 data-start=\"3553\" data-end=\"3607\">5\ufe0f\u20e3 Durabilit\u00e9 et protection de l\u2019environnement<\/h3>\n<ul data-start=\"3608\" data-end=\"3791\">\n<li data-start=\"3608\" data-end=\"3680\"><strong data-start=\"3610\" data-end=\"3632\">Sans chlorures&nbsp;:<\/strong> Minimise la pollution du sol et de l\u2019eau.<\/li>\n<li data-start=\"3681\" data-end=\"3791\"><strong data-start=\"3683\" data-end=\"3710\">Agriculture durable&nbsp;:<\/strong> Encourage les pratiques responsables et \u00e9cologiques qui prot\u00e8gent les ressources naturelles.<\/li>\n<\/ul>\n<hr data-start=\"3793\" data-end=\"3796\">\n<h2 data-start=\"3798\" data-end=\"3826\">Sp\u00e9cifications techniques<\/h2>\n<h3 data-start=\"3828\" data-end=\"3858\">Analyse et caract\u00e9ristiques<\/h3>\n<div class=\"overflow-x-auto contain-inline-size\">\n<table data-start=\"3860\" data-end=\"4615\">\n<thead data-start=\"3860\" data-end=\"3985\">\n<tr data-start=\"3860\" data-end=\"3985\">\n<th data-start=\"3860\" data-end=\"3907\"><strong data-start=\"3862\" data-end=\"3875\">Param\u00e8tre<\/strong><\/th>\n<th data-start=\"3907\" data-end=\"3985\"><strong data-start=\"3909\" data-end=\"3918\">Valeur<\/strong><\/th>\n<\/tr>\n<\/thead>\n<tbody data-start=\"4111\" data-end=\"4615\">\n<tr data-start=\"4111\" data-end=\"4240\">\n<td><strong data-start=\"4113\" data-end=\"4128\">Composition<\/strong><\/td>\n<td>10&nbsp;% d\u2019azote (N), enrichi en acides amin\u00e9s et en extrait d\u2019algues unicellulaires<\/td>\n<\/tr>\n<tr data-start=\"4241\" data-end=\"4365\">\n<td><strong data-start=\"4243\" data-end=\"4254\">Format<\/strong><\/td>\n<td>Liquide 100&nbsp;% soluble dans l\u2019eau<\/td>\n<\/tr>\n<tr data-start=\"4366\" data-end=\"4490\">\n<td><strong data-start=\"4368\" data-end=\"4378\">Origine<\/strong><\/td>\n<td>Mati\u00e8res premi\u00e8res v\u00e9g\u00e9tales (soja et ma\u00efs)<\/td>\n<\/tr>\n<tr data-start=\"4491\" data-end=\"4615\">\n<td><strong data-start=\"4493\" data-end=\"4512\">Caract\u00e9ristiques<\/strong><\/td>\n<td>Sans chlorures, haute efficacit\u00e9 biologique<\/td>\n<\/tr>\n<\/tbody>\n<\/table>\n<\/div>\n<h3 data-start=\"4617\" data-end=\"4640\">Propri\u00e9t\u00e9s physiques<\/h3>\n<div class=\"overflow-x-auto contain-inline-size\">\n<table data-start=\"4642\" data-end=\"5266\">\n<thead data-start=\"4642\" data-end=\"4766\">\n<tr data-start=\"4642\" data-end=\"4766\">\n<th data-start=\"4642\" data-end=\"4688\"><strong data-start=\"4644\" data-end=\"4657\">Propri\u00e9t\u00e9<\/strong><\/th>\n<th data-start=\"4688\" data-end=\"4766\"><strong data-start=\"4690\" data-end=\"4699\">Valeur<\/strong><\/th>\n<\/tr>\n<\/thead>\n<tbody data-start=\"4892\" data-end=\"5266\">\n<tr data-start=\"4892\" data-end=\"5016\">\n<td><strong data-start=\"4894\" data-end=\"4903\">Couleur<\/strong><\/td>\n<td>Transparent \u00e0 l\u00e9g\u00e8rement jaune<\/td>\n<\/tr>\n<tr data-start=\"5017\" data-end=\"5141\">\n<td><strong data-start=\"5019\" data-end=\"5025\">pH<\/strong><\/td>\n<td>Environ 6,5 (ajust\u00e9 pour optimiser l\u2019absorption)<\/td>\n<\/tr>\n<tr data-start=\"5142\" data-end=\"5266\">\n<td><strong data-start=\"5144\" data-end=\"5156\">Densit\u00e9<\/strong><\/td>\n<td>Variable, optimis\u00e9 pour une application rapide<\/td>\n<\/tr>\n<\/tbody>\n<\/table>\n<\/div>\n<hr data-start=\"5268\" data-end=\"5271\">\n<h2 data-start=\"5273\" data-end=\"5307\">Applications et utilisations dans les cultures<\/h2>\n<p data-start=\"5309\" data-end=\"5469\">L&rsquo;<strong data-start=\"5312\" data-end=\"5345\">engrais liquide organique<\/strong> Ecoganic NITROTECH 10 LIQUID SOLUBLE est polyvalent et s\u2019adapte \u00e0 diff\u00e9rents types de cultures, comme r\u00e9sum\u00e9 ci-dessous&nbsp;:<\/p>\n<div class=\"overflow-x-auto contain-inline-size\">\n<table data-start=\"5471\" data-end=\"7136\">\n<thead data-start=\"5471\" data-end=\"5746\">\n<tr data-start=\"5471\" data-end=\"5746\">\n<th data-start=\"5471\" data-end=\"5517\"><strong data-start=\"5473\" data-end=\"5492\">Type de culture<\/strong><\/th>\n<th data-start=\"5517\" data-end=\"5575\"><strong data-start=\"5519\" data-end=\"5531\">Exemples<\/strong><\/th>\n<th data-start=\"5575\" data-end=\"5746\"><strong data-start=\"5577\" data-end=\"5606\">Avantages et applications<\/strong><\/th>\n<\/tr>\n<\/thead>\n<tbody data-start=\"6023\" data-end=\"7136\">\n<tr data-start=\"6023\" data-end=\"6301\">\n<td><strong data-start=\"6025\" data-end=\"6048\">Cultures extensives<\/strong><\/td>\n<td>Bl\u00e9, ma\u00efs, orge, riz<\/td>\n<td>Favorise la croissance v\u00e9g\u00e9tative et augmente la r\u00e9sistance de la culture, assurant une nutrition uniforme sur de grandes surfaces.<\/td>\n<\/tr>\n<tr data-start=\"6302\" data-end=\"6579\">\n<td><strong data-start=\"6304\" data-end=\"6327\">Cultures mara\u00eech\u00e8res<\/strong><\/td>\n<td>Tomates, poivrons, laitues, brocolis, aubergines<\/td>\n<td>Stimule le d\u00e9veloppement des feuilles et des racines, optimisant la qualit\u00e9 et la production des fruits.<\/td>\n<\/tr>\n<tr data-start=\"6580\" data-end=\"6860\">\n<td><strong data-start=\"6582\" data-end=\"6612\">Arbres fruitiers et vignobles<\/strong><\/td>\n<td>Agrumes, pommiers, avocatiers, vignobles<\/td>\n<td>Augmente l\u2019uniformit\u00e9 et la taille du fruit, am\u00e9liorant la post-r\u00e9colte et la valeur commerciale de la production.<\/td>\n<\/tr>\n<tr data-start=\"6861\" data-end=\"7136\">\n<td><strong data-start=\"6863\" data-end=\"6901\">Cultures ornementales et sp\u00e9ciales<\/strong><\/td>\n<td>Plantes aromatiques, m\u00e9dicinales et fleurs<\/td>\n<td>Am\u00e9liore la vigueur et la r\u00e9sistance au stress, assurant des cultures ornementales saines et attrayantes.<\/td>\n<\/tr>\n<\/tbody>\n<\/table>\n<\/div>\n<hr data-start=\"7138\" data-end=\"7141\">\n<h2 data-start=\"7143\" data-end=\"7181\">Mode d\u2019application et compatibilit\u00e9<\/h2>\n<h3 data-start=\"7183\" data-end=\"7207\">Instructions d\u2019utilisation<\/h3>\n<div class=\"overflow-x-auto contain-inline-size\">\n<table data-start=\"7209\" data-end=\"8283\">\n<thead data-start=\"7209\" data-end=\"7418\">\n<tr data-start=\"7209\" data-end=\"7418\">\n<th data-start=\"7209\" data-end=\"7253\"><strong data-start=\"7211\" data-end=\"7235\">M\u00e9thode d\u2019application<\/strong><\/th>\n<th data-start=\"7253\" data-end=\"7418\"><strong data-start=\"7255\" data-end=\"7274\">Recommandations<\/strong><\/th>\n<\/tr>\n<\/thead>\n<tbody data-start=\"7629\" data-end=\"8283\">\n<tr data-start=\"7629\" data-end=\"7844\">\n<td><strong data-start=\"7631\" data-end=\"7652\">Application foliaire<\/strong><\/td>\n<td><strong data-start=\"7675\" data-end=\"7685\">Dose&nbsp;:<\/strong> 2 \u00e0 5&nbsp;L\/ha, dilu\u00e9 dans l\u2019eau selon les besoins de la culture. Appliquer uniform\u00e9ment sur le feuillage dans les phases cl\u00e9s (croissance, pr\u00e9floraison, nouaison). <\/td>\n<\/tr>\n<tr data-start=\"7845\" data-end=\"8054\">\n<td><strong data-start=\"7847\" data-end=\"7888\">Application par irrigation (Fertirrigation)<\/strong><\/td>\n<td><strong data-start=\"7893\" data-end=\"7903\">Dose&nbsp;:<\/strong> 4 \u00e0 8&nbsp;L\/ha, r\u00e9partis uniform\u00e9ment pendant le cycle de la culture. Ajuster la fr\u00e9quence en fonction de l\u2019analyse du sol et des besoins sp\u00e9cifiques. <\/td>\n<\/tr>\n<tr data-start=\"8055\" data-end=\"8283\">\n<td><strong data-start=\"8057\" data-end=\"8075\">Compatibilit\u00e9<\/strong><\/td>\n<td>Compatible avec la plupart des engrais et des produits phytosanitaires. Il est recommand\u00e9 d\u2019effectuer des tests pr\u00e9alables lors de la combinaison avec de nouveaux intrants afin de garantir la stabilit\u00e9 et l\u2019efficacit\u00e9. <\/td>\n<\/tr>\n<\/tbody>\n<\/table>\n<\/div>\n<hr data-start=\"8285\" data-end=\"8288\">\n<h2 data-start=\"8290\" data-end=\"8322\">Ressources et liens d\u2019int\u00e9r\u00eat<\/h2>\n<ul data-start=\"8324\" data-end=\"8663\">\n<li data-start=\"8324\" data-end=\"8504\">\n<p data-start=\"8326\" data-end=\"8361\"><strong data-start=\"8326\" data-end=\"8359\">Ressources externes (DoFollow)&nbsp;:<\/strong><\/p>\n<ul data-start=\"8364\" data-end=\"8504\">\n<li data-start=\"8364\" data-end=\"8428\"><a href=\"https:\/\/www.ecocert.com\" target=\"_new\" rel=\"noopener\" data-start=\"8366\" data-end=\"8426\">Ecocert \u2013 Certification \u00e9cologique<\/a><\/li>\n<li data-start=\"8431\" data-end=\"8504\"><a href=\"http:\/\/www.fao.org\/sustainability\/en\/\" target=\"_new\" rel=\"noopener\" data-start=\"8433\" data-end=\"8502\">FAO \u2013 Agriculture durable<\/a><\/li>\n<\/ul>\n<\/li>\n<li data-start=\"8506\" data-end=\"8663\">\n<p data-start=\"8508\" data-end=\"8531\"><strong data-start=\"8508\" data-end=\"8529\">Liens internes&nbsp;:<\/strong><\/p>\n<ul data-start=\"8534\" data-end=\"8663\">\n<li data-start=\"8534\" data-end=\"8613\"><a href=\"https:\/\/ecoganic.eu\/distribuidores\/\" target=\"_new\" rel=\"noopener\" data-start=\"8536\" data-end=\"8611\">Distributeurs officiels d\u2019Ecoganic<\/a><\/li>\n<li data-start=\"8616\" data-end=\"8663\"><a href=\"https:\/\/ecoganic.eu\/fr\/blog\/\" target=\"_new\" rel=\"noopener\" data-start=\"8618\" data-end=\"8663\">Blog d\u2019Ecoganic<\/a><\/li>\n<\/ul>\n<\/li>\n<\/ul>\n<hr data-start=\"8665\" data-end=\"8668\">\n<h2 data-start=\"8670\" data-end=\"8732\">Foire aux questions sur l\u2019engrais liquide organique<\/h2>\n<p data-start=\"8734\" data-end=\"9053\"><strong data-start=\"8734\" data-end=\"8836\">\u2753 Qu\u2019est-ce qu\u2019Ecoganic NITROTECH 10 LIQUID SOLUBLE et comment fonctionne-t-il comme engrais liquide organique&nbsp;?<\/strong><br data-start=\"8836\" data-end=\"8839\">C\u2019est un engrais liquide organique formul\u00e9 pour fournir 10&nbsp;% d\u2019azote, optimisant l\u2019absorption et le rendement des cultures gr\u00e2ce \u00e0 l\u2019incorporation d\u2019acides amin\u00e9s et d\u2019extrait d\u2019algues unicellulaires.<\/p>\n<p data-start=\"9055\" data-end=\"9285\"><strong data-start=\"9055\" data-end=\"9110\">\u2753 Quels sont les principaux avantages de son utilisation&nbsp;?<\/strong><br data-start=\"9110\" data-end=\"9113\">Garantit une nutrition compl\u00e8te et rapide, am\u00e9liore la productivit\u00e9 et la qualit\u00e9 des cultures, prot\u00e8ge contre le stress environnemental et promeut des pratiques agricoles durables.<\/p>\n<p data-start=\"9287\" data-end=\"9471\"><strong data-start=\"9287\" data-end=\"9331\">\u2753 Dans quelles cultures son utilisation est-elle recommand\u00e9e&nbsp;?<\/strong><br data-start=\"9331\" data-end=\"9334\">Il est id\u00e9al pour les cultures extensives, mara\u00eech\u00e8res, fruiti\u00e8res, les vignobles et les cultures ornementales, s\u2019adaptant \u00e0 diverses conditions agronomiques.<\/p>\n<p data-start=\"9473\" data-end=\"9679\"><strong data-start=\"9473\" data-end=\"9507\">\u2753 Comment le produit est-il appliqu\u00e9&nbsp;?<\/strong><br data-start=\"9507\" data-end=\"9510\">Il peut \u00eatre appliqu\u00e9 aussi bien par voie foliaire (2 \u00e0 5&nbsp;L\/ha) que par fertirrigation (4 \u00e0 8&nbsp;L\/ha), en ajustant les doses en fonction des conditions de la culture et de l\u2019analyse du sol.<\/p>\n<p data-start=\"9681\" data-end=\"9906\"><strong data-start=\"9681\" data-end=\"9726\">\u2753 Est-il compatible avec d\u2019autres engrais&nbsp;?<\/strong><br data-start=\"9726\" data-end=\"9729\">Oui, il est compatible avec la plupart des engrais et des produits phytosanitaires. Il est recommand\u00e9 d\u2019effectuer des tests pr\u00e9alables dans de nouveaux m\u00e9langes afin de garantir la stabilit\u00e9 et l\u2019efficacit\u00e9. <\/p>\n<hr data-start=\"9908\" data-end=\"9911\">\n<h2 data-start=\"9913\" data-end=\"9948\">Conclusion et appel \u00e0 l\u2019action<\/h2>\n<p data-start=\"9950\" data-end=\"10316\">En conclusion, <strong data-start=\"9965\" data-end=\"10005\">Ecoganic NITROTECH 10 LIQUID SOLUBLE<\/strong> est l&rsquo;<strong data-start=\"10012\" data-end=\"10045\">engrais liquide organique<\/strong> id\u00e9al pour stimuler la croissance et la productivit\u00e9 de vos cultures. Sa formulation \u00e9cologique et \u00e0 assimilation rapide maximise l\u2019efficacit\u00e9 de l\u2019azote, offrant des r\u00e9sultats visibles d\u00e8s la premi\u00e8re application et garantissant des cultures vigoureuses et de haute qualit\u00e9. <\/p>\n<p data-start=\"10318\" data-end=\"10647\"><strong data-start=\"10318\" data-end=\"10372\">Dynamisez vos cultures de mani\u00e8re organique d\u00e8s aujourd\u2019hui&nbsp;!<\/strong><br data-start=\"10372\" data-end=\"10375\">Contactez-nous via notre <a href=\"https:\/\/ecoganic.eu\/fr\/contact\/\" target=\"_new\" rel=\"noopener\" data-start=\"10407\" data-end=\"10458\">page de contact<\/a> ou consultez la <a href=\"https:\/\/ecoganic.eu\/distribuidores\/\" target=\"_new\" rel=\"noopener\" data-start=\"10473\" data-end=\"10537\">section des distributeurs<\/a> pour obtenir Ecoganic NITROTECH 10 LIQUID SOLUBLE et faire passer la productivit\u00e9 de vos champs au niveau sup\u00e9rieur.<\/p>\n","protected":false},"excerpt":{"rendered":"<p>D\u00e9couvrez Ecoganic NITROTECH 10 LIQUID SOLUBLE, l\u2019engrais liquide organique avec 10&nbsp;% d\u2019azote qui dynamise les cultures vigoureuses et productives de mani\u00e8re durable.<\/p>\n","protected":false},"featured_media":1529,"template":"","meta":{"site-sidebar-layout":"default","site-content-layout":"","ast-site-content-layout":"default","site-content-style":"default","site-sidebar-style":"default","ast-global-header-display":"","ast-banner-title-visibility":"","ast-main-header-display":"","ast-hfb-above-header-display":"","ast-hfb-below-header-display":"","ast-hfb-mobile-header-display":"","site-post-title":"","ast-breadcrumbs-content":"","ast-featured-img":"","footer-sml-layout":"","theme-transparent-header-meta":"default","adv-header-id-meta":"","stick-header-meta":"","header-above-stick-meta":"","header-main-stick-meta":"","header-below-stick-meta":"","astra-migrate-meta-layouts":"default","ast-page-background-enabled":"default","ast-page-background-meta":{"desktop":{"background-color":"var(--ast-global-color-4)","background-image":"","background-repeat":"repeat","background-position":"center center","background-size":"auto","background-attachment":"scroll","background-type":"","background-media":"","overlay-type":"","overlay-color":"","overlay-opacity":"","overlay-gradient":""},"tablet":{"background-color":"","background-image":"","background-repeat":"repeat","background-position":"center center","background-size":"auto","background-attachment":"scroll","background-type":"","background-media":"","overlay-type":"","overlay-color":"","overlay-opacity":"","overlay-gradient":""},"mobile":{"background-color":"","background-image":"","background-repeat":"repeat","background-position":"center center","background-size":"auto","background-attachment":"scroll","background-type":"","background-media":"","overlay-type":"","overlay-color":"","overlay-opacity":"","overlay-gradient":""}},"ast-content-background-meta":{"desktop":{"background-color":"var(--ast-global-color-5)","background-image":"","background-repeat":"repeat","background-position":"center center","background-size":"auto","background-attachment":"scroll","background-type":"","background-media":"","overlay-type":"","overlay-color":"","overlay-opacity":"","overlay-gradient":""},"tablet":{"background-color":"var(--ast-global-color-5)","background-image":"","background-repeat":"repeat","background-position":"center center","background-size":"auto","background-attachment":"scroll","background-type":"","background-media":"","overlay-type":"","overlay-color":"","overlay-opacity":"","overlay-gradient":""},"mobile":{"background-color":"var(--ast-global-color-5)","background-image":"","background-repeat":"repeat","background-position":"center center","background-size":"auto","background-attachment":"scroll","background-type":"","background-media":"","overlay-type":"","overlay-color":"","overlay-opacity":"","overlay-gradient":""}}},"product_brand":[],"product_cat":[415,315],"product_tag":[417,347,416,404,388,392],"class_list":{"0":"post-2057","1":"product","2":"type-product","3":"status-publish","4":"has-post-thumbnail","6":"product_cat-azote","7":"product_cat-fertilisants-organiques","8":"product_tag-absorption-rapide","9":"product_tag-agriculture-biologique-fr","10":"product_tag-azote-soluble","11":"product_tag-cultures-vigoureuses","12":"product_tag-fertilisant-liquide-organique","13":"product_tag-fertirrigation","14":"desktop-align-left","15":"tablet-align-left","16":"mobile-align-left","18":"first","19":"instock","20":"shipping-taxable","21":"product-type-simple"},"_links":{"self":[{"href":"https:\/\/ecoganic.eu\/fr\/wp-json\/wp\/v2\/product\/2057","targetHints":{"allow":["GET"]}}],"collection":[{"href":"https:\/\/ecoganic.eu\/fr\/wp-json\/wp\/v2\/product"}],"about":[{"href":"https:\/\/ecoganic.eu\/fr\/wp-json\/wp\/v2\/types\/product"}],"version-history":[{"count":0,"href":"https:\/\/ecoganic.eu\/fr\/wp-json\/wp\/v2\/product\/2057\/revisions"}],"wp:featuredmedia":[{"embeddable":true,"href":"https:\/\/ecoganic.eu\/fr\/wp-json\/wp\/v2\/media\/1529"}],"wp:attachment":[{"href":"https:\/\/ecoganic.eu\/fr\/wp-json\/wp\/v2\/media?parent=2057"}],"wp:term":[{"taxonomy":"product_brand","embeddable":true,"href":"https:\/\/ecoganic.eu\/fr\/wp-json\/wp\/v2\/product_brand?post=2057"},{"taxonomy":"product_cat","embeddable":true,"href":"https:\/\/ecoganic.eu\/fr\/wp-json\/wp\/v2\/product_cat?post=2057"},{"taxonomy":"product_tag","embeddable":true,"href":"https:\/\/ecoganic.eu\/fr\/wp-json\/wp\/v2\/product_tag?post=2057"}],"curies":[{"name":"wp","href":"https:\/\/api.w.org\/{rel}","templated":true}]}}