{"id":2056,"date":"2025-02-03T12:30:48","date_gmt":"2025-02-03T12:30:48","guid":{"rendered":"https:\/\/ecoganic.eu\/producto\/ecoganic-terra-humid-liquid\/"},"modified":"2025-02-03T12:30:48","modified_gmt":"2025-02-03T12:30:48","slug":"ecoganic-terra-humid-liquid","status":"publish","type":"product","link":"https:\/\/ecoganic.eu\/fr\/produit\/ecoganic-terra-humid-liquid\/","title":{"rendered":"Ecoganic TERRA HUMID LIQUID"},"content":{"rendered":"<h2 data-start=\"642\" data-end=\"750\">Am\u00e9liorateur de sol avec acides humiques et fulviques&nbsp;: Boostez la fertilit\u00e9 avec Ecoganic TERRA HUMID LIQUID<\/h2>\n<p data-start=\"936\" data-end=\"1444\">L&rsquo;<strong data-start=\"939\" data-end=\"992\">am\u00e9liorateur de sol avec acides humiques et fulviques<\/strong> est essentiel pour obtenir des sols fertiles et des cultures \u00e0 haut rendement. <strong data-start=\"1065\" data-end=\"1096\">Ecoganic TERRA HUMID LIQUID<\/strong> est un engrais \u00e9cologique liquide formul\u00e9 avec de l\u2019humate de potassium et des compos\u00e9s bioactifs, sp\u00e9cialement con\u00e7u pour agir comme un excellent am\u00e9liorateur de sol avec acides humiques et fulviques. Son action int\u00e9grale optimise l\u2019absorption des nutriments, favorise le d\u00e9veloppement racinaire et am\u00e9liore la productivit\u00e9 agricole de mani\u00e8re durable. <\/p>\n<hr data-start=\"1446\" data-end=\"1449\">\n<h2 data-start=\"1451\" data-end=\"1519\">Description de l\u2019am\u00e9liorateur de sol avec acides humiques et fulviques<\/h2>\n<p data-start=\"1521\" data-end=\"1836\"><strong data-start=\"1521\" data-end=\"1552\">Ecoganic TERRA HUMID LIQUID<\/strong> est un produit 100&nbsp;% liquide et \u00e9cologique, \u00e9labor\u00e9 avec des acides humiques et fulviques de haute qualit\u00e9 qui en font l\u2019am\u00e9liorateur de sol avec acides humiques et fulviques id\u00e9al pour l\u2019agriculture moderne. Sa formulation, bas\u00e9e sur l\u2019humate de potassium et des compos\u00e9s bioactifs, permet de&nbsp;: <\/p>\n<ul data-start=\"1838\" data-end=\"2448\">\n<li data-start=\"1838\" data-end=\"1972\"><strong data-start=\"1840\" data-end=\"1878\">Optimiser la structure du sol&nbsp;:<\/strong> R\u00e9duit le compactage et am\u00e9liore l\u2019a\u00e9ration, facilitant la croissance de racines profondes.<\/li>\n<li data-start=\"1973\" data-end=\"2115\"><strong data-start=\"1975\" data-end=\"2012\">Augmenter la r\u00e9tention d\u2019eau&nbsp;:<\/strong> Am\u00e9liore la capacit\u00e9 du sol \u00e0 stocker l\u2019eau, ce qui est crucial dans des conditions de stress hydrique.<\/li>\n<li data-start=\"2116\" data-end=\"2290\"><strong data-start=\"2118\" data-end=\"2155\">Renforcer l\u2019activit\u00e9 biologique&nbsp;:<\/strong> Stimule la prolif\u00e9ration de micro-organismes b\u00e9n\u00e9fiques, favorisant l\u2019\u00e9change ionique et la d\u00e9composition de mati\u00e8re organique.<\/li>\n<li data-start=\"2291\" data-end=\"2448\"><strong data-start=\"2293\" data-end=\"2334\">Maximiser l\u2019absorption des nutriments&nbsp;:<\/strong> Augmente l\u2019efficacit\u00e9 d\u2019autres engrais en am\u00e9liorant la disponibilit\u00e9 des macro et micronutriments dans le sol.<\/li>\n<\/ul>\n<p data-start=\"2450\" data-end=\"2662\">Cet am\u00e9liorateur de sol avec acides humiques et fulviques am\u00e9liore non seulement la fertilit\u00e9 du sol, mais contribue \u00e9galement \u00e0 une plus grande productivit\u00e9 agricole, g\u00e9n\u00e9rant des cultures plus saines et de meilleure qualit\u00e9.<\/p>\n<hr data-start=\"2664\" data-end=\"2667\">\n<h2 data-start=\"2669\" data-end=\"2736\">Avantages de l\u2019am\u00e9liorateur de sol avec acides humiques et fulviques<\/h2>\n<h3 data-start=\"2738\" data-end=\"2789\">Avantages pour la structure et la sant\u00e9 du sol<\/h3>\n<ul data-start=\"2791\" data-end=\"3256\">\n<li data-start=\"2791\" data-end=\"3035\"><strong data-start=\"2793\" data-end=\"2828\">Am\u00e9liore la structure du sol&nbsp;:<\/strong>\n<ul data-start=\"2833\" data-end=\"3035\">\n<li data-start=\"2833\" data-end=\"2882\">R\u00e9duit le compactage et favorise l\u2019a\u00e9ration.<\/li>\n<li data-start=\"2885\" data-end=\"2959\">Augmente la r\u00e9tention d\u2019eau, maintenant des niveaux optimaux d\u2019humidit\u00e9.<\/li>\n<li data-start=\"2962\" data-end=\"3032\">Encourage la formation d\u2019agr\u00e9gats stables pour un sol plus fertile.<\/li>\n<\/ul>\n<\/li>\n<li data-start=\"3036\" data-end=\"3256\"><strong data-start=\"3038\" data-end=\"3074\">Stimule l\u2019activit\u00e9 biologique&nbsp;:<\/strong>\n<ul data-start=\"3079\" data-end=\"3256\">\n<li data-start=\"3079\" data-end=\"3134\">Augmente la pr\u00e9sence de micro-organismes b\u00e9n\u00e9fiques.<\/li>\n<li data-start=\"3137\" data-end=\"3204\">Optimise l\u2019\u00e9change ionique et la disponibilit\u00e9 des nutriments.<\/li>\n<li data-start=\"3207\" data-end=\"3256\">Contribue \u00e0 la r\u00e9g\u00e9n\u00e9ration naturelle du sol.<\/li>\n<\/ul>\n<\/li>\n<\/ul>\n<h3 data-start=\"3258\" data-end=\"3315\">Avantages nutritionnels et de rendement dans les cultures<\/h3>\n<ul data-start=\"3317\" data-end=\"3768\">\n<li data-start=\"3317\" data-end=\"3513\"><strong data-start=\"3319\" data-end=\"3357\">Renfor\u00e7ateur chimique et nutritionnel&nbsp;:<\/strong>\n<ul data-start=\"3362\" data-end=\"3513\">\n<li data-start=\"3362\" data-end=\"3419\">Augmente la capacit\u00e9 d\u2019\u00e9change cationique (CEC).<\/li>\n<li data-start=\"3422\" data-end=\"3510\">Facilite l\u2019absorption des macro et micronutriments, r\u00e9duisant les pertes par lessivage.<\/li>\n<\/ul>\n<\/li>\n<li data-start=\"3514\" data-end=\"3768\"><strong data-start=\"3516\" data-end=\"3569\">Am\u00e9liore le rendement et la qualit\u00e9 de la r\u00e9colte&nbsp;:<\/strong>\n<ul data-start=\"3574\" data-end=\"3768\">\n<li data-start=\"3574\" data-end=\"3630\">Augmente le calibre, la couleur et l\u2019uniformit\u00e9 des fruits.<\/li>\n<li data-start=\"3633\" data-end=\"3704\">Favorise une maturation homog\u00e8ne et am\u00e9liore la r\u00e9sistance apr\u00e8s r\u00e9colte.<\/li>\n<li data-start=\"3707\" data-end=\"3768\">Renforce la tol\u00e9rance des plantes au stress environnemental.<\/li>\n<\/ul>\n<\/li>\n<\/ul>\n<h3 data-start=\"3770\" data-end=\"3815\">Adaptabilit\u00e9 \u00e0 diff\u00e9rents types de sol<\/h3>\n<ul data-start=\"3817\" data-end=\"4073\">\n<li data-start=\"3817\" data-end=\"3896\"><strong data-start=\"3819\" data-end=\"3841\">Sols argileux&nbsp;:<\/strong>\n<ul data-start=\"3846\" data-end=\"3896\">\n<li data-start=\"3846\" data-end=\"3896\">Am\u00e9liore la perm\u00e9abilit\u00e9 et \u00e9vite l\u2019engorgement.<\/li>\n<\/ul>\n<\/li>\n<li data-start=\"3897\" data-end=\"3979\"><strong data-start=\"3899\" data-end=\"3919\">Sols sableux&nbsp;:<\/strong>\n<ul data-start=\"3924\" data-end=\"3979\">\n<li data-start=\"3924\" data-end=\"3979\">Augmente la r\u00e9tention d\u2019eau et r\u00e9duit le lessivage.<\/li>\n<\/ul>\n<\/li>\n<li data-start=\"3980\" data-end=\"4073\"><strong data-start=\"3982\" data-end=\"4004\">Sols d\u00e9grad\u00e9s&nbsp;:<\/strong>\n<ul data-start=\"4009\" data-end=\"4073\">\n<li data-start=\"4009\" data-end=\"4073\">R\u00e9active le microbiote et optimise la fertilit\u00e9 \u00e0 long terme.<\/li>\n<\/ul>\n<\/li>\n<\/ul>\n<p data-start=\"4075\" data-end=\"4252\">Cet am\u00e9liorateur de sol avec acides humiques et fulviques est donc un produit complet qui am\u00e9liore la sant\u00e9 du substrat et favorise la croissance durable des cultures.<\/p>\n<hr data-start=\"4254\" data-end=\"4257\">\n<h2 data-start=\"4259\" data-end=\"4341\">Sp\u00e9cifications techniques de l\u2019am\u00e9liorateur de sol avec acides humiques et fulviques<\/h2>\n<h3 data-start=\"4343\" data-end=\"4367\">Analyse garantie<\/h3>\n<div class=\"overflow-x-auto contain-inline-size\">\n<table data-start=\"4369\" data-end=\"4780\">\n<thead data-start=\"4369\" data-end=\"4427\">\n<tr data-start=\"4369\" data-end=\"4427\">\n<th data-start=\"4369\" data-end=\"4403\"><strong data-start=\"4371\" data-end=\"4385\">Composant<\/strong><\/th>\n<th data-start=\"4403\" data-end=\"4427\"><strong data-start=\"4405\" data-end=\"4425\">Pourcentage (p\/p)<\/strong><\/th>\n<\/tr>\n<\/thead>\n<tbody data-start=\"4487\" data-end=\"4780\">\n<tr data-start=\"4487\" data-end=\"4545\">\n<td><strong data-start=\"4489\" data-end=\"4507\">Acides humiques<\/strong><\/td>\n<td>12-15&nbsp;%<\/td>\n<\/tr>\n<tr data-start=\"4546\" data-end=\"4604\">\n<td><strong data-start=\"4548\" data-end=\"4567\">Acides fulviques<\/strong><\/td>\n<td>7-10&nbsp;%<\/td>\n<\/tr>\n<tr data-start=\"4605\" data-end=\"4663\">\n<td><strong data-start=\"4607\" data-end=\"4628\">Humate de potassium<\/strong><\/td>\n<td>\u2013<\/td>\n<\/tr>\n<tr data-start=\"4664\" data-end=\"4722\">\n<td><strong data-start=\"4666\" data-end=\"4692\">Mati\u00e8re organique totale<\/strong><\/td>\n<td>&gt;30&nbsp;%<\/td>\n<\/tr>\n<tr data-start=\"4723\" data-end=\"4780\">\n<td><strong data-start=\"4725\" data-end=\"4758\">R\u00e9tention d\u2019eau dans le sol<\/strong><\/td>\n<td>\u00c9lev\u00e9e<\/td>\n<\/tr>\n<\/tbody>\n<\/table>\n<\/div>\n<h3 data-start=\"4782\" data-end=\"4805\">Propri\u00e9t\u00e9s physiques<\/h3>\n<div class=\"overflow-x-auto contain-inline-size\">\n<table data-start=\"4807\" data-end=\"5172\">\n<thead data-start=\"4807\" data-end=\"4867\">\n<tr data-start=\"4807\" data-end=\"4867\">\n<th data-start=\"4807\" data-end=\"4830\"><strong data-start=\"4809\" data-end=\"4822\">Propri\u00e9t\u00e9<\/strong><\/th>\n<th data-start=\"4830\" data-end=\"4867\"><strong data-start=\"4832\" data-end=\"4841\">Valeur<\/strong><\/th>\n<\/tr>\n<\/thead>\n<tbody data-start=\"4929\" data-end=\"5172\">\n<tr data-start=\"4929\" data-end=\"4989\">\n<td><strong data-start=\"4931\" data-end=\"4942\">Format<\/strong><\/td>\n<td>Liquide soluble<\/td>\n<\/tr>\n<tr data-start=\"4990\" data-end=\"5050\">\n<td><strong data-start=\"4992\" data-end=\"5001\">Couleur<\/strong><\/td>\n<td>Marron fonc\u00e9<\/td>\n<\/tr>\n<tr data-start=\"5051\" data-end=\"5111\">\n<td><strong data-start=\"5053\" data-end=\"5059\">pH<\/strong><\/td>\n<td>8.5&nbsp;\u00b1&nbsp;0.5<\/td>\n<\/tr>\n<tr data-start=\"5112\" data-end=\"5172\">\n<td><strong data-start=\"5114\" data-end=\"5126\">Densit\u00e9<\/strong><\/td>\n<td>1.25&nbsp;kg\/L<\/td>\n<\/tr>\n<\/tbody>\n<\/table>\n<\/div>\n<p data-start=\"5174\" data-end=\"5380\">Ces sp\u00e9cifications d\u00e9montrent qu\u2019<strong data-start=\"5212\" data-end=\"5243\">Ecoganic TERRA HUMID LIQUID<\/strong> est un produit de haute qualit\u00e9, sp\u00e9cialement formul\u00e9 pour fonctionner comme un am\u00e9liorateur de sol efficace avec acides humiques et fulviques.<\/p>\n<hr data-start=\"5382\" data-end=\"5385\">\n<h2 data-start=\"5387\" data-end=\"5475\">Applications et utilisations dans les cultures de l\u2019am\u00e9liorateur de sol avec acides humiques et fulviques<\/h2>\n<p data-start=\"5477\" data-end=\"5641\">L\u2019am\u00e9liorateur de sol avec acides humiques et fulviques s\u2019adapte \u00e0 diff\u00e9rents types de cultures et conditions agronomiques. Le tableau suivant r\u00e9sume ses applications&nbsp;: <\/p>\n<div class=\"overflow-x-auto contain-inline-size\">\n<table data-start=\"5643\" data-end=\"7187\">\n<thead data-start=\"5643\" data-end=\"5896\">\n<tr data-start=\"5643\" data-end=\"5896\">\n<th data-start=\"5643\" data-end=\"5678\"><strong data-start=\"5645\" data-end=\"5664\">Type de culture<\/strong><\/th>\n<th data-start=\"5678\" data-end=\"5726\"><strong data-start=\"5680\" data-end=\"5692\">Exemples<\/strong><\/th>\n<th data-start=\"5726\" data-end=\"5896\"><strong data-start=\"5728\" data-end=\"5757\">Avantages et applications<\/strong><\/th>\n<\/tr>\n<\/thead>\n<tbody data-start=\"6151\" data-end=\"7187\">\n<tr data-start=\"6151\" data-end=\"6408\">\n<td><strong data-start=\"6153\" data-end=\"6176\">Cultures extensives<\/strong><\/td>\n<td>Bl\u00e9, ma\u00efs, orge, riz<\/td>\n<td>Am\u00e9liore la nutrition du sol et favorise une croissance uniforme sur de grandes surfaces, favorisant des rendements plus \u00e9lev\u00e9s par hectare.<\/td>\n<\/tr>\n<tr data-start=\"6409\" data-end=\"6669\">\n<td><strong data-start=\"6411\" data-end=\"6434\">Cultures horticoles<\/strong><\/td>\n<td>Tomates, poivrons, laitues, brocolis, aubergines<\/td>\n<td>Stimule le d\u00e9veloppement racinaire et am\u00e9liore l\u2019absorption des nutriments, augmentant la qualit\u00e9 et la production de fruits et l\u00e9gumes.<\/td>\n<\/tr>\n<tr data-start=\"6670\" data-end=\"6930\">\n<td><strong data-start=\"6672\" data-end=\"6702\">Arbres fruitiers et vignobles<\/strong><\/td>\n<td>Agrumes, pommiers, avocatiers, vignobles<\/td>\n<td>Favorise l\u2019engraissement du fruit et am\u00e9liore la conservation apr\u00e8s r\u00e9colte, garantissant une maturation homog\u00e8ne et une plus grande valeur commerciale de la r\u00e9colte.<\/td>\n<\/tr>\n<tr data-start=\"6931\" data-end=\"7187\">\n<td><strong data-start=\"6933\" data-end=\"6971\">Cultures sp\u00e9ciales et ornementales<\/strong><\/td>\n<td>Plantes aromatiques, m\u00e9dicinales, fleurs<\/td>\n<td>Renforce la structure racinaire et optimise la r\u00e9tention d\u2019eau, assurant une croissance saine et une plus grande durabilit\u00e9 des plantes ornementales.<\/td>\n<\/tr>\n<\/tbody>\n<\/table>\n<\/div>\n<p data-start=\"7189\" data-end=\"7400\">Cet am\u00e9liorateur de sol avec acides humiques et fulviques est une solution polyvalente, id\u00e9ale pour les agriculteurs et les techniciens qui cherchent \u00e0 optimiser la fertilit\u00e9 du sol dans diverses conditions et cultures \u00e0 l\u2019\u00e9chelle mondiale.<\/p>\n<hr data-start=\"7402\" data-end=\"7405\">\n<h2 data-start=\"7407\" data-end=\"7499\">Mode d\u2019application et compatibilit\u00e9 de l\u2019am\u00e9liorateur de sol avec acides humiques et fulviques<\/h2>\n<p data-start=\"7501\" data-end=\"7685\">L\u2019application correcte d\u2019<strong data-start=\"7527\" data-end=\"7558\">Ecoganic TERRA HUMID LIQUID<\/strong> est essentielle pour profiter au maximum de ses avantages. Vous trouverez ci-dessous des informations d\u00e9taill\u00e9es sur le mode d\u2019application et la compatibilit\u00e9&nbsp;: <\/p>\n<div class=\"overflow-x-auto contain-inline-size\">\n<table data-start=\"7687\" data-end=\"8742\">\n<thead data-start=\"7687\" data-end=\"7894\">\n<tr data-start=\"7687\" data-end=\"7894\">\n<th data-start=\"7687\" data-end=\"7727\"><strong data-start=\"7689\" data-end=\"7713\">M\u00e9thode d\u2019application<\/strong><\/th>\n<th data-start=\"7727\" data-end=\"7894\"><strong data-start=\"7729\" data-end=\"7748\">Recommandations<\/strong><\/th>\n<\/tr>\n<\/thead>\n<tbody data-start=\"8103\" data-end=\"8742\">\n<tr data-start=\"8103\" data-end=\"8318\">\n<td><strong data-start=\"8105\" data-end=\"8123\">Fertirrigation<\/strong><\/td>\n<td>Applicable dans les syst\u00e8mes d\u2019irrigation goutte \u00e0 goutte, par aspersion et par micro-aspersion. Il est recommand\u00e9 d\u2019ajuster la dose en fonction de la culture et du stade ph\u00e9nologique pour une distribution uniforme. <\/td>\n<\/tr>\n<tr data-start=\"8319\" data-end=\"8514\">\n<td><strong data-start=\"8321\" data-end=\"8342\">Application foliaire<\/strong><\/td>\n<td>Appliquer la solution foliaire aux moments critiques de la croissance pour une absorption rapide et directe.<\/td>\n<\/tr>\n<tr data-start=\"8515\" data-end=\"8742\">\n<td><strong data-start=\"8517\" data-end=\"8535\">Compatibilit\u00e9<\/strong><\/td>\n<td>Compatible avec la plupart des engrais et produits phytosanitaires. Il est recommand\u00e9 d\u2019effectuer des tests pr\u00e9alables avant de m\u00e9langer avec d\u2019autres intrants pour assurer la stabilit\u00e9 et l\u2019efficacit\u00e9. <\/td>\n<\/tr>\n<\/tbody>\n<\/table>\n<\/div>\n<p data-start=\"8744\" data-end=\"8883\">Ces indications garantissent que l\u2019am\u00e9liorateur de sol avec acides humiques et fulviques s\u2019int\u00e8gre de mani\u00e8re optimale dans la gestion agronomique.<\/p>\n<hr data-start=\"8885\" data-end=\"8888\">\n<h2 data-start=\"8890\" data-end=\"8922\">Ressources et liens d\u2019int\u00e9r\u00eat<\/h2>\n<p data-start=\"8924\" data-end=\"9043\">Pour plus d\u2019informations sur les pratiques agricoles durables et les certifications, consultez les ressources suivantes&nbsp;:<\/p>\n<ul data-start=\"9045\" data-end=\"9384\">\n<li data-start=\"9045\" data-end=\"9225\">\n<p data-start=\"9047\" data-end=\"9082\"><strong data-start=\"9047\" data-end=\"9080\">Ressources externes (DoFollow)&nbsp;:<\/strong><\/p>\n<ul data-start=\"9085\" data-end=\"9225\">\n<li data-start=\"9085\" data-end=\"9149\"><a href=\"https:\/\/www.ecocert.com\" target=\"_new\" rel=\"noopener\" data-start=\"9087\" data-end=\"9147\">Ecocert \u2013 Certification \u00e9cologique<\/a><\/li>\n<li data-start=\"9152\" data-end=\"9225\"><a href=\"http:\/\/www.fao.org\/sustainability\/en\/\" target=\"_new\" rel=\"noopener\" data-start=\"9154\" data-end=\"9223\">FAO \u2013 Agriculture durable<\/a><\/li>\n<\/ul>\n<\/li>\n<li data-start=\"9227\" data-end=\"9384\">\n<p data-start=\"9229\" data-end=\"9252\"><strong data-start=\"9229\" data-end=\"9250\">Liens internes&nbsp;:<\/strong><\/p>\n<ul data-start=\"9255\" data-end=\"9384\">\n<li data-start=\"9255\" data-end=\"9334\"><a href=\"https:\/\/ecoganic.eu\/distribuidores\/\" target=\"_new\" rel=\"noopener\" data-start=\"9257\" data-end=\"9332\">Distributeurs officiels d\u2019Ecoganic<\/a><\/li>\n<li data-start=\"9337\" data-end=\"9384\"><a href=\"https:\/\/ecoganic.eu\/fr\/blog\/\" target=\"_new\" rel=\"noopener\" data-start=\"9339\" data-end=\"9384\">Blog d\u2019Ecoganic<\/a><\/li>\n<\/ul>\n<\/li>\n<\/ul>\n<p data-start=\"9386\" data-end=\"9515\">Ces liens renforcent l\u2019autorit\u00e9 du contenu et offrent des informations suppl\u00e9mentaires sur les certifications et les pratiques \u00e9cologiques.<\/p>\n<hr data-start=\"9517\" data-end=\"9520\">\n<h2 data-start=\"9522\" data-end=\"9604\">Questions fr\u00e9quentes sur l\u2019am\u00e9liorateur de sol avec acides humiques et fulviques<\/h2>\n<p data-start=\"9606\" data-end=\"10057\"><strong data-start=\"9606\" data-end=\"9716\">\u2753 Qu\u2019est-ce qu\u2019Ecoganic TERRA HUMID LIQUID et comment agit-il comme am\u00e9liorateur de sol avec acides humiques et fulviques&nbsp;?<\/strong><br data-start=\"9716\" data-end=\"9719\">Ecoganic TERRA HUMID LIQUID est un engrais \u00e9cologique liquide formul\u00e9 avec de l\u2019humate de potassium et des compos\u00e9s bioactifs. Il fonctionne comme un am\u00e9liorateur de sol avec acides humiques et fulviques en am\u00e9liorant la structure du sol, en augmentant la r\u00e9tention d\u2019eau et en stimulant l\u2019activit\u00e9 microbienne, ce qui facilite l\u2019absorption des nutriments. <\/p>\n<p data-start=\"10059\" data-end=\"10391\"><strong data-start=\"10059\" data-end=\"10126\">\u2753 Quels sont les principaux avantages de l\u2019utilisation de ce produit&nbsp;?<\/strong><br data-start=\"10126\" data-end=\"10129\">Parmi ses avantages, on trouve la r\u00e9duction du compactage du sol, l\u2019augmentation de la r\u00e9tention d\u2019eau, l\u2019am\u00e9lioration de l\u2019\u00e9change ionique et la stimulation de micro-organismes b\u00e9n\u00e9fiques, ce qui se traduit par des cultures plus productives et de meilleure qualit\u00e9.<\/p>\n<p data-start=\"10393\" data-end=\"10715\"><strong data-start=\"10393\" data-end=\"10461\">\u2753 Dans quelles cultures peut-on appliquer Ecoganic TERRA HUMID LIQUID&nbsp;?<\/strong><br data-start=\"10461\" data-end=\"10464\">Il est id\u00e9al pour les cultures extensives (bl\u00e9, ma\u00efs, orge, riz), les cultures horticoles (tomates, poivrons, laitues, brocolis, aubergines), les arbres fruitiers, les vignobles, ainsi que les cultures sp\u00e9ciales et ornementales (plantes aromatiques, m\u00e9dicinales et fleurs).<\/p>\n<p data-start=\"10717\" data-end=\"10970\"><strong data-start=\"10717\" data-end=\"10751\">\u2753 Comment le produit est-il appliqu\u00e9&nbsp;?<\/strong><br data-start=\"10751\" data-end=\"10754\">Il peut \u00eatre appliqu\u00e9 aussi bien par fertirrigation que par pulv\u00e9risation foliaire, s\u2019adaptant \u00e0 divers syst\u00e8mes d\u2019irrigation. Les doses et la fr\u00e9quence d\u2019application doivent \u00eatre ajust\u00e9es en fonction de la culture et des conditions du sol. <\/p>\n<p data-start=\"10972\" data-end=\"11240\"><strong data-start=\"10972\" data-end=\"11017\">\u2753 Est-il compatible avec d\u2019autres engrais&nbsp;?<\/strong><br data-start=\"11017\" data-end=\"11020\">Oui, Ecoganic TERRA HUMID LIQUID est compatible avec la plupart des engrais et produits phytosanitaires. Il est recommand\u00e9 d\u2019effectuer des tests pr\u00e9alables avant de m\u00e9langer avec d\u2019autres intrants pour assurer la stabilit\u00e9 de la solution. <\/p>\n<hr data-start=\"11242\" data-end=\"11245\">\n<h2 data-start=\"11247\" data-end=\"11282\">Conclusion et appel \u00e0 l\u2019action<\/h2>\n<p data-start=\"11284\" data-end=\"11863\">En r\u00e9sum\u00e9, <strong data-start=\"11296\" data-end=\"11327\">Ecoganic TERRA HUMID LIQUID<\/strong> est l\u2019<strong data-start=\"11334\" data-end=\"11387\">am\u00e9liorateur de sol avec acides humiques et fulviques<\/strong> id\u00e9al pour transformer la fertilit\u00e9 de vos sols et optimiser le rendement de vos cultures. Sa formulation unique, bas\u00e9e sur des acides humiques et fulviques, garantit une am\u00e9lioration int\u00e9grale du sol, favorisant une croissance racinaire forte, une plus grande r\u00e9tention d\u2019eau et une absorption optimale des nutriments. Ce produit \u00e9cologique et durable est parfait pour les agriculteurs, les distributeurs et les experts en agronomie qui recherchent des solutions efficaces pour une agriculture r\u00e9g\u00e9n\u00e9rative.  <\/p>\n<p data-start=\"11865\" data-end=\"12299\"><strong data-start=\"11865\" data-end=\"11928\">N\u2019attendez plus pour transformer la fertilit\u00e9 de votre sol&nbsp;!<\/strong><br data-start=\"11928\" data-end=\"11931\">Contactez-nous d\u00e8s aujourd\u2019hui via notre <a href=\"https:\/\/ecoganic.eu\/fr\/contact\/\" target=\"_new\" rel=\"noopener\" data-start=\"11973\" data-end=\"12024\">page de contact<\/a> ou consultez la <a href=\"https:\/\/ecoganic.eu\/distribuidores\/\" target=\"_new\" rel=\"noopener\" data-start=\"12039\" data-end=\"12103\">section des distributeurs<\/a> pour obtenir Ecoganic TERRA HUMID LIQUID. Investissez dans une agriculture durable et \u00e0 haut rendement avec le meilleur <strong data-start=\"12220\" data-end=\"12273\">am\u00e9liorateur de sol avec acides humiques et fulviques<\/strong> disponible sur le march\u00e9. <\/p>\n","protected":false},"excerpt":{"rendered":"<p>D\u00e9couvrez Ecoganic TERRA HUMID LIQUID, l\u2019am\u00e9liorateur de sol avec acides humiques et fulviques qui optimise la structure, la fertilit\u00e9 et la sant\u00e9 du sol. Id\u00e9al pour une agriculture durable. <\/p>\n","protected":false},"featured_media":1553,"template":"","meta":{"site-sidebar-layout":"default","site-content-layout":"","ast-site-content-layout":"default","site-content-style":"default","site-sidebar-style":"default","ast-global-header-display":"","ast-banner-title-visibility":"","ast-main-header-display":"","ast-hfb-above-header-display":"","ast-hfb-below-header-display":"","ast-hfb-mobile-header-display":"","site-post-title":"","ast-breadcrumbs-content":"","ast-featured-img":"","footer-sml-layout":"","theme-transparent-header-meta":"default","adv-header-id-meta":"","stick-header-meta":"","header-above-stick-meta":"","header-main-stick-meta":"","header-below-stick-meta":"","astra-migrate-meta-layouts":"default","ast-page-background-enabled":"default","ast-page-background-meta":{"desktop":{"background-color":"var(--ast-global-color-4)","background-image":"","background-repeat":"repeat","background-position":"center center","background-size":"auto","background-attachment":"scroll","background-type":"","background-media":"","overlay-type":"","overlay-color":"","overlay-opacity":"","overlay-gradient":""},"tablet":{"background-color":"","background-image":"","background-repeat":"repeat","background-position":"center center","background-size":"auto","background-attachment":"scroll","background-type":"","background-media":"","overlay-type":"","overlay-color":"","overlay-opacity":"","overlay-gradient":""},"mobile":{"background-color":"","background-image":"","background-repeat":"repeat","background-position":"center center","background-size":"auto","background-attachment":"scroll","background-type":"","background-media":"","overlay-type":"","overlay-color":"","overlay-opacity":"","overlay-gradient":""}},"ast-content-background-meta":{"desktop":{"background-color":"var(--ast-global-color-5)","background-image":"","background-repeat":"repeat","background-position":"center center","background-size":"auto","background-attachment":"scroll","background-type":"","background-media":"","overlay-type":"","overlay-color":"","overlay-opacity":"","overlay-gradient":""},"tablet":{"background-color":"var(--ast-global-color-5)","background-image":"","background-repeat":"repeat","background-position":"center center","background-size":"auto","background-attachment":"scroll","background-type":"","background-media":"","overlay-type":"","overlay-color":"","overlay-opacity":"","overlay-gradient":""},"mobile":{"background-color":"var(--ast-global-color-5)","background-image":"","background-repeat":"repeat","background-position":"center center","background-size":"auto","background-attachment":"scroll","background-type":"","background-media":"","overlay-type":"","overlay-color":"","overlay-opacity":"","overlay-gradient":""}}},"product_brand":[],"product_cat":[410,315],"product_tag":[414,401,347,402,412,389,404,411,403,413],"class_list":{"0":"post-2056","1":"product","2":"type-product","3":"status-publish","4":"has-post-thumbnail","6":"product_cat-amelioration-du-sol-retention-deau","7":"product_cat-fertilisants-organiques","8":"product_tag-a-engrais-liquide-organique","9":"product_tag-acides-fulviques","10":"product_tag-agriculture-biologique-fr","11":"product_tag-amelioration-du-sol","12":"product_tag-biofertilisant","13":"product_tag-cultures-saines","14":"product_tag-cultures-vigoureuses","15":"product_tag-nutrition-complete","16":"product_tag-retention-deau","17":"product_tag-technologie-agricole","18":"desktop-align-left","19":"tablet-align-left","20":"mobile-align-left","22":"first","23":"instock","24":"shipping-taxable","25":"product-type-simple"},"_links":{"self":[{"href":"https:\/\/ecoganic.eu\/fr\/wp-json\/wp\/v2\/product\/2056","targetHints":{"allow":["GET"]}}],"collection":[{"href":"https:\/\/ecoganic.eu\/fr\/wp-json\/wp\/v2\/product"}],"about":[{"href":"https:\/\/ecoganic.eu\/fr\/wp-json\/wp\/v2\/types\/product"}],"version-history":[{"count":0,"href":"https:\/\/ecoganic.eu\/fr\/wp-json\/wp\/v2\/product\/2056\/revisions"}],"wp:featuredmedia":[{"embeddable":true,"href":"https:\/\/ecoganic.eu\/fr\/wp-json\/wp\/v2\/media\/1553"}],"wp:attachment":[{"href":"https:\/\/ecoganic.eu\/fr\/wp-json\/wp\/v2\/media?parent=2056"}],"wp:term":[{"taxonomy":"product_brand","embeddable":true,"href":"https:\/\/ecoganic.eu\/fr\/wp-json\/wp\/v2\/product_brand?post=2056"},{"taxonomy":"product_cat","embeddable":true,"href":"https:\/\/ecoganic.eu\/fr\/wp-json\/wp\/v2\/product_cat?post=2056"},{"taxonomy":"product_tag","embeddable":true,"href":"https:\/\/ecoganic.eu\/fr\/wp-json\/wp\/v2\/product_tag?post=2056"}],"curies":[{"name":"wp","href":"https:\/\/api.w.org\/{rel}","templated":true}]}}