{"id":2039,"date":"2025-03-21T13:16:18","date_gmt":"2025-03-21T13:16:18","guid":{"rendered":"https:\/\/ecoganic.eu\/producto\/spired\/"},"modified":"2025-03-21T13:16:18","modified_gmt":"2025-03-21T13:16:18","slug":"spired","status":"publish","type":"product","link":"https:\/\/ecoganic.eu\/fr\/produit\/spired\/","title":{"rendered":"SPIRED"},"content":{"rendered":"<h2 data-sourcepos=\"3:1-3:75\">ECOGANIC SPIRED : Acaricide naturel et efficace contre l&rsquo;araign\u00e9e rouge et les acariens<\/h2>\n<p data-sourcepos=\"7:1-7:461\"><strong>Dites adieu \u00e0 l&rsquo;araign\u00e9e rouge et aux autres acariens gr\u00e2ce \u00e0 la force de la nature.<\/strong> ECOGANIC SPIRED est un acaricide d&rsquo;origine v\u00e9g\u00e9tale con\u00e7u pour combattre efficacement les infestations d&rsquo;araign\u00e9es rouges et d&rsquo;acariens, y compris le redoutable acarien de la tomate (vasate). Son action par contact assure une \u00e9limination rapide et sa formulation naturelle en fait une option s\u00fbre pour vos cultures et l&rsquo;environnement. Id\u00e9al pour une agriculture durable et de haute qualit\u00e9.  <\/p>\n<hr data-sourcepos=\"11:1-11:3\">\n<h3 data-sourcepos=\"13:1-13:58\">Avantages cl\u00e9s d&rsquo;ECOGANIC SPIRED pour vos cultures :<\/h3>\n<ul data-sourcepos=\"15:1-24:0\">\n<li data-sourcepos=\"15:1-15:140\"><strong>Contr\u00f4le efficace de l&rsquo;araign\u00e9e rouge et des acariens :<\/strong> \u00c9limine les infestations d&rsquo;acariens, y compris l&rsquo;araign\u00e9e rouge et l&rsquo;acarien de la tomate (vasate).<\/li>\n<li data-sourcepos=\"16:1-16:102\"><strong>Action par contact rapide :<\/strong> Agit directement sur les acariens lorsqu&rsquo;ils entrent en contact avec eux.<\/li>\n<li data-sourcepos=\"17:1-17:84\"><strong>Formulation d&rsquo;origine v\u00e9g\u00e9tale :<\/strong> Produit naturel \u00e0 base d&rsquo;extraits v\u00e9g\u00e9taux.<\/li>\n<li data-sourcepos=\"18:1-18:91\"><strong>S\u00fbr pour vos cultures :<\/strong> N&rsquo;est pas phytotoxique, ce qui signifie qu&rsquo;il ne nuit pas aux plantes.<\/li>\n<li data-sourcepos=\"19:1-19:89\"><strong>Sans d\u00e9lai de s\u00e9curit\u00e9 :<\/strong> Permet la r\u00e9colte imm\u00e9diatement apr\u00e8s l&rsquo;application.<\/li>\n<li data-sourcepos=\"20:1-20:142\"><strong>Id\u00e9al pour les programmes de lutte biologique :<\/strong> Am\u00e9liore l&rsquo;efficacit\u00e9 des ennemis naturels et r\u00e9duit la n\u00e9cessit\u00e9 d&rsquo;applications suppl\u00e9mentaires.<\/li>\n<li data-sourcepos=\"21:1-21:111\"><strong>Application pr\u00e9ventive :<\/strong> Tr\u00e8s efficace lorsqu&rsquo;il est appliqu\u00e9 avant que les populations d&rsquo;acariens ne s&rsquo;\u00e9tablissent.<\/li>\n<li data-sourcepos=\"22:1-22:119\"><strong>Am\u00e9liore la qualit\u00e9 des fruits :<\/strong> En contr\u00f4lant l&rsquo;araign\u00e9e rouge, on obtient des fruits de meilleure qualit\u00e9 et d&rsquo;un meilleur aspect.<\/li>\n<li data-sourcepos=\"23:1-24:0\"><strong>Large spectre de cultures :<\/strong> Convient pour une utilisation sur une grande vari\u00e9t\u00e9 de cultures, y compris les agrumes et les l\u00e9gumes.<\/li>\n<\/ul>\n<hr data-sourcepos=\"25:1-25:3\">\n<h3 data-sourcepos=\"27:1-27:55\">Comment ECOGANIC SPIRED agit-il ? Une approche agronomique : <\/h3>\n<p data-sourcepos=\"29:1-29:327\">ECOGANIC SPIRED exerce son action acaricide principalement par contact direct. En pulv\u00e9risant le produit sur le feuillage, les acariens entrent en contact avec les extraits v\u00e9g\u00e9taux pr\u00e9sents dans la formulation. Ces extraits interf\u00e8rent avec les processus physiologiques des acariens, provoquant leur paralysie et leur mort ult\u00e9rieure.  <\/p>\n<p data-sourcepos=\"31:1-31:186\">La cl\u00e9 de l&rsquo;efficacit\u00e9 de SPIRED r\u00e9side dans le fait d&rsquo;assurer une <strong>bonne couverture de toute la surface foliaire<\/strong>, y compris le dessous des feuilles, o\u00f9 se trouvent g\u00e9n\u00e9ralement les colonies d&rsquo;acariens.<\/p>\n<hr data-sourcepos=\"33:1-33:3\">\n<h3 data-sourcepos=\"35:1-35:52\">Ravageurs cibles : Action sp\u00e9cifique contre les acariens<\/h3>\n<p data-sourcepos=\"37:1-37:63\">ECOGANIC SPIRED est particuli\u00e8rement indiqu\u00e9 pour le contr\u00f4le de :<\/p>\n<ul data-sourcepos=\"39:1-42:0\">\n<li data-sourcepos=\"39:1-39:40\"><strong>Araign\u00e9e rouge<\/strong> (<em>Tetranychus urticae<\/em>)<\/li>\n<li data-sourcepos=\"40:1-40:55\"><strong>Acarien de la tomate (Vasate)<\/strong> (<em>Aculops lycopersici<\/em>)<\/li>\n<li data-sourcepos=\"41:1-42:0\">Autres acariens en g\u00e9n\u00e9ral.<\/li>\n<\/ul>\n<hr data-sourcepos=\"43:1-43:3\">\n<h3 data-sourcepos=\"45:1-45:57\">Composition d\u00e9taill\u00e9e : La base naturelle de son efficacit\u00e9<\/h3>\n<div class=\"horizontal-scroll-wrapper\">\n<div class=\"table-block-component\">\n<div class=\"table-block table-formatting\">\n<div class=\"table-content not-end-of-paragraph\">\n<table class=\"table-formatting\" data-sourcepos=\"47:1-51:36\">\n<tbody>\n<tr data-sourcepos=\"47:1-47:38\">\n<th align=\"left\" data-sourcepos=\"47:1-47:17\">Composant<\/th>\n<th align=\"left\" data-sourcepos=\"47:19-47:36\">Pourcentage (p\/p)<\/th>\n<\/tr>\n<tr data-sourcepos=\"49:1-49:37\">\n<td align=\"left\" data-sourcepos=\"49:1-49:18\">Acides organiques<\/td>\n<td align=\"left\" data-sourcepos=\"49:20-49:35\">10,0 %<\/td>\n<\/tr>\n<tr data-sourcepos=\"50:1-50:40\">\n<td align=\"left\" data-sourcepos=\"50:1-50:21\">pH (solution \u00e0 1 %)<\/td>\n<td align=\"left\" data-sourcepos=\"50:23-50:38\">6-7<\/td>\n<\/tr>\n<tr data-sourcepos=\"51:1-51:36\">\n<td align=\"left\" data-sourcepos=\"51:1-51:17\">Densit\u00e9<\/td>\n<td align=\"left\" data-sourcepos=\"51:19-51:34\">1,1 g\/cc<\/td>\n<\/tr>\n<\/tbody>\n<\/table>\n<\/div>\n<div class=\"table-footer table-formatting hide-from-message-actions ng-star-inserted\"><button class=\"mdc-button mat-mdc-button-base mat-mdc-button mat-unthemed\"><span class=\"mdc-button__label\"><span class=\"export-sheets-button table-formatting\">Exporter vers des feuilles de calcul<\/span><\/span><\/button><\/div>\n<\/div>\n<\/div>\n<\/div>\n<hr data-sourcepos=\"53:1-53:3\">\n<h3 data-sourcepos=\"55:1-55:60\">Dose et application : Maximisez la protection de votre culture<\/h3>\n<p data-sourcepos=\"57:1-57:22\"><strong>Application foliaire :<\/strong><\/p>\n<ul data-sourcepos=\"59:1-68:0\">\n<li data-sourcepos=\"59:1-59:57\"><strong>Dose :<\/strong> 250-300 cc pour 100 litres d&rsquo;eau (Hl).<\/li>\n<li data-sourcepos=\"60:1-60:109\"><strong>D\u00e9pense moyenne :<\/strong> Environ 5 litres de SPIRED pour 1 000 litres d&rsquo;eau pour traiter un hectare.<\/li>\n<li data-sourcepos=\"61:1-63:115\"><strong>Moment de l&rsquo;application :<\/strong>\n<ul data-sourcepos=\"62:5-63:115\">\n<li data-sourcepos=\"62:5-62:163\"><strong>Pr\u00e9ventif :<\/strong> Appliquer lorsque les conditions environnementales (temp\u00e9rature et humidit\u00e9) favorisent le d\u00e9veloppement des acariens. C&rsquo;est la strat\u00e9gie la plus recommand\u00e9e. <\/li>\n<li data-sourcepos=\"63:5-63:115\"><strong>Curatif :<\/strong> Appliquer d\u00e8s la d\u00e9tection des premiers sympt\u00f4mes d&rsquo;infestation, en veillant \u00e0 bien mouiller toute la plante.<\/li>\n<\/ul>\n<\/li>\n<li data-sourcepos=\"64:1-64:99\"><strong>Fr\u00e9quence :<\/strong> R\u00e9p\u00e9ter l&rsquo;application en fonction de la pression du ravageur et des conditions environnementales.<\/li>\n<li data-sourcepos=\"65:1-68:0\"><strong>Recommandations :<\/strong>\n<ul data-sourcepos=\"66:5-68:0\">\n<li data-sourcepos=\"66:5-66:120\"><strong>Bien mouiller toute la plante<\/strong>, en assurant une couverture compl\u00e8te du feuillage, en particulier le dessous des feuilles.<\/li>\n<li data-sourcepos=\"67:5-68:0\"><strong>Ne pas appliquer pendant les heures d&rsquo;ensoleillement maximal<\/strong> pour \u00e9viter d&rsquo;\u00e9ventuels effets ind\u00e9sirables.<\/li>\n<\/ul>\n<\/li>\n<\/ul>\n<hr data-sourcepos=\"69:1-69:3\">\n<h3 data-sourcepos=\"71:1-71:58\">Int\u00e9gration \u00e0 la lutte biologique : Une approche durable<\/h3>\n<p data-sourcepos=\"73:1-73:429\">L&rsquo;un des grands avantages d&rsquo;ECOGANIC SPIRED est sa compatibilit\u00e9 avec les programmes de lutte biologique. Son application <strong>am\u00e9liore l&rsquo;efficacit\u00e9 des ennemis naturels<\/strong> de l&rsquo;araign\u00e9e rouge et d&rsquo;autres acariens, ce qui peut entra\u00eener une moindre n\u00e9cessit\u00e9 d&rsquo;introduire ou d&rsquo;appliquer ces organismes auxiliaires. La combinaison de SPIRED et de la lutte biologique conduit \u00e0 des fruits de meilleure qualit\u00e9 et \u00e0 une gestion des ravageurs plus \u00e9quilibr\u00e9e et durable.  <\/p>\n<hr data-sourcepos=\"75:1-75:3\">\n<h3 data-sourcepos=\"77:1-77:55\">Cultures cibles : Polyvalence pour vos besoins<\/h3>\n<p data-sourcepos=\"79:1-79:143\">ECOGANIC SPIRED peut \u00eatre utilis\u00e9 dans <strong>toutes les cultures o\u00f9 il y a pr\u00e9sence d&rsquo;araign\u00e9e rouge et d&rsquo;acariens en g\u00e9n\u00e9ral<\/strong>, en soulignant son efficacit\u00e9 dans :<\/p>\n<ul data-sourcepos=\"81:1-84:0\">\n<li data-sourcepos=\"81:1-81:42\"><strong>Agrumes<\/strong> (orangers, citronniers, etc.)<\/li>\n<li data-sourcepos=\"82:1-82:56\"><strong>L\u00e9gumes<\/strong> (tomate, poivron, concombre, fraise, etc.)<\/li>\n<li data-sourcepos=\"83:1-84:0\">Autres cultures sensibles aux attaques d&rsquo;acariens.<\/li>\n<\/ul>\n<hr data-sourcepos=\"85:1-85:3\">\n<h3 data-sourcepos=\"87:1-87:55\">S\u00e9curit\u00e9 et environnement : Un produit responsable<\/h3>\n<ul data-sourcepos=\"89:1-92:0\">\n<li data-sourcepos=\"89:1-89:88\"><strong>N&rsquo;est pas phytotoxique :<\/strong> S\u00fbr pour les plantes lorsqu&rsquo;il est appliqu\u00e9 conform\u00e9ment aux indications.<\/li>\n<li data-sourcepos=\"90:1-90:98\"><strong>Sans d\u00e9lai de s\u00e9curit\u00e9 :<\/strong> Permet de r\u00e9colter les fruits imm\u00e9diatement apr\u00e8s l&rsquo;application.<\/li>\n<li data-sourcepos=\"91:1-92:0\"><strong>Teneur en m\u00e9taux lourds :<\/strong> Inf\u00e9rieure aux limites autoris\u00e9es par la loi.<\/li>\n<\/ul>\n<hr data-sourcepos=\"93:1-93:3\">\n<h3 data-sourcepos=\"95:1-95:82\">Pourquoi choisir ECOGANIC SPIRED ? La protection naturelle dont votre culture a besoin <\/h3>\n<p data-sourcepos=\"97:1-97:340\">ECOGANIC SPIRED offre une solution efficace et respectueuse de l&rsquo;environnement pour le contr\u00f4le de l&rsquo;araign\u00e9e rouge et des acariens. Son origine v\u00e9g\u00e9tale, son action rapide par contact et sa compatibilit\u00e9 avec la lutte biologique en font un outil indispensable pour une agriculture moderne et durable. En choisissant SPIRED, vous b\u00e9n\u00e9ficiez de :  <\/p>\n<ul data-sourcepos=\"99:1-103:0\">\n<li data-sourcepos=\"99:1-99:84\"><strong>Un contr\u00f4le efficace des ravageurs<\/strong> sans nuire \u00e0 vos cultures ni \u00e0 l&rsquo;environnement.<\/li>\n<li data-sourcepos=\"100:1-100:89\"><strong>L&rsquo;am\u00e9lioration de la qualit\u00e9 de vos fruits<\/strong> en r\u00e9duisant les dommages caus\u00e9s par les acariens.<\/li>\n<li data-sourcepos=\"101:1-101:89\"><strong>La possibilit\u00e9 d&rsquo;int\u00e9grer la lutte biologique<\/strong> dans votre strat\u00e9gie de gestion des ravageurs.<\/li>\n<li data-sourcepos=\"102:1-103:0\"><strong>La tranquillit\u00e9 d&rsquo;esprit d&rsquo;utiliser un produit sans d\u00e9lai de s\u00e9curit\u00e9.<\/strong><\/li>\n<\/ul>\n<p data-sourcepos=\"104:1-104:72\"><strong>Prot\u00e9gez vos cultures de mani\u00e8re naturelle et efficace avec ECOGANIC SPIRED !<\/strong><\/p>\n<hr data-sourcepos=\"106:1-106:3\">\n<h3 data-sourcepos=\"108:1-108:27\">Fiche technique r\u00e9sum\u00e9e :<\/h3>\n<div class=\"horizontal-scroll-wrapper\">\n<div class=\"table-block-component\">\n<div class=\"table-block table-formatting\">\n<div class=\"table-content not-end-of-paragraph\">\n<table class=\"table-formatting\" data-sourcepos=\"110:1-123:97\">\n<tbody>\n<tr data-sourcepos=\"110:1-110:97\">\n<th align=\"left\" data-sourcepos=\"110:1-110:23\">Caract\u00e9ristique<\/th>\n<th align=\"left\" data-sourcepos=\"110:25-110:95\">Valeur<\/th>\n<\/tr>\n<tr data-sourcepos=\"112:1-112:95\">\n<td align=\"left\" data-sourcepos=\"112:1-112:23\">Nom commercial<\/td>\n<td align=\"left\" data-sourcepos=\"112:25-112:93\">SPIRED<\/td>\n<\/tr>\n<tr data-sourcepos=\"113:1-113:97\">\n<td align=\"left\" data-sourcepos=\"113:1-113:23\">Classe de produit<\/td>\n<td align=\"left\" data-sourcepos=\"113:25-113:95\">Acaricide<\/td>\n<\/tr>\n<tr data-sourcepos=\"114:1-114:97\">\n<td align=\"left\" data-sourcepos=\"114:1-114:23\">Pr\u00e9sentation<\/td>\n<td align=\"left\" data-sourcepos=\"114:25-114:95\">Liquide<\/td>\n<\/tr>\n<tr data-sourcepos=\"115:1-115:97\">\n<td align=\"left\" data-sourcepos=\"115:1-115:23\">Mode d&rsquo;action<\/td>\n<td align=\"left\" data-sourcepos=\"115:25-115:95\">Contact<\/td>\n<\/tr>\n<tr data-sourcepos=\"116:1-116:97\">\n<td align=\"left\" data-sourcepos=\"116:1-116:23\">Composition<\/td>\n<td align=\"left\" data-sourcepos=\"116:25-116:95\">Acides organiques 10,0 % p\/p<\/td>\n<\/tr>\n<tr data-sourcepos=\"117:1-117:97\">\n<td align=\"left\" data-sourcepos=\"117:1-117:23\">pH (1 %)<\/td>\n<td align=\"left\" data-sourcepos=\"117:25-117:95\">6-7<\/td>\n<\/tr>\n<tr data-sourcepos=\"118:1-118:97\">\n<td align=\"left\" data-sourcepos=\"118:1-118:23\">Densit\u00e9<\/td>\n<td align=\"left\" data-sourcepos=\"118:25-118:95\">1,1 g\/cc<\/td>\n<\/tr>\n<tr data-sourcepos=\"119:1-119:96\">\n<td align=\"left\" data-sourcepos=\"119:1-119:23\">Conditionnement<\/td>\n<td align=\"left\" data-sourcepos=\"119:25-119:94\">1, 5, 10 et 20 litres<\/td>\n<\/tr>\n<tr data-sourcepos=\"120:1-120:98\">\n<td align=\"left\" data-sourcepos=\"120:1-120:23\">Dose foliaire<\/td>\n<td align=\"left\" data-sourcepos=\"120:25-120:96\">250-300 cc\/Hl (5 L\/1 000 L d&rsquo;eau par hectare)<\/td>\n<\/tr>\n<tr data-sourcepos=\"121:1-121:99\">\n<td align=\"left\" data-sourcepos=\"121:1-121:23\">Ravageurs cibles<\/td>\n<td align=\"left\" data-sourcepos=\"121:25-121:97\">Araign\u00e9e rouge et acariens en g\u00e9n\u00e9ral, en particulier l&rsquo;acarien de la tomate (vasate)<\/td>\n<\/tr>\n<tr data-sourcepos=\"122:1-122:120\">\n<td align=\"left\" data-sourcepos=\"122:1-122:23\">Cultures<\/td>\n<td align=\"left\" data-sourcepos=\"122:25-122:118\">Toutes les cultures avec pr\u00e9sence d&rsquo;araign\u00e9e rouge et d&rsquo;acariens, en particulier les agrumes et les l\u00e9gumes<\/td>\n<\/tr>\n<tr data-sourcepos=\"123:1-123:97\">\n<td align=\"left\" data-sourcepos=\"123:1-123:23\">D\u00e9lai de s\u00e9curit\u00e9<\/td>\n<td align=\"left\" data-sourcepos=\"123:25-123:95\">Aucun<\/td>\n<\/tr>\n<\/tbody>\n<\/table>\n<\/div>\n<div class=\"table-footer table-formatting hide-from-message-actions ng-star-inserted\"><button class=\"mdc-button mat-mdc-button-base mat-mdc-button mat-unthemed\"><span class=\"mdc-button__label\"><span class=\"export-sheets-button table-formatting\">Exporter vers des feuilles de calcul<\/span><\/span><\/button><\/div>\n<\/div>\n<\/div>\n<\/div>\n","protected":false},"excerpt":{"rendered":"<p>ECOGANIC SPIRED est un acaricide d&rsquo;origine v\u00e9g\u00e9tale qui \u00e9limine rapidement et efficacement l&rsquo;araign\u00e9e rouge et d&rsquo;autres acariens (y compris le redoutable vasate) par action par contact. Sa formulation naturelle et non phytotoxique permet son utilisation sans d\u00e9lai de s\u00e9curit\u00e9, tout en \u00e9tant compatible avec la lutte biologique pour une protection durable et de haute qualit\u00e9 de vos cultures. <\/p>\n","protected":false},"featured_media":1633,"template":"","meta":{"site-sidebar-layout":"default","site-content-layout":"","ast-site-content-layout":"default","site-content-style":"default","site-sidebar-style":"default","ast-global-header-display":"","ast-banner-title-visibility":"","ast-main-header-display":"","ast-hfb-above-header-display":"","ast-hfb-below-header-display":"","ast-hfb-mobile-header-display":"","site-post-title":"","ast-breadcrumbs-content":"","ast-featured-img":"","footer-sml-layout":"","theme-transparent-header-meta":"default","adv-header-id-meta":"","stick-header-meta":"","header-above-stick-meta":"","header-main-stick-meta":"","header-below-stick-meta":"","astra-migrate-meta-layouts":"default","ast-page-background-enabled":"default","ast-page-background-meta":{"desktop":{"background-color":"var(--ast-global-color-4)","background-image":"","background-repeat":"repeat","background-position":"center center","background-size":"auto","background-attachment":"scroll","background-type":"","background-media":"","overlay-type":"","overlay-color":"","overlay-opacity":"","overlay-gradient":""},"tablet":{"background-color":"","background-image":"","background-repeat":"repeat","background-position":"center center","background-size":"auto","background-attachment":"scroll","background-type":"","background-media":"","overlay-type":"","overlay-color":"","overlay-opacity":"","overlay-gradient":""},"mobile":{"background-color":"","background-image":"","background-repeat":"repeat","background-position":"center center","background-size":"auto","background-attachment":"scroll","background-type":"","background-media":"","overlay-type":"","overlay-color":"","overlay-opacity":"","overlay-gradient":""}},"ast-content-background-meta":{"desktop":{"background-color":"var(--ast-global-color-5)","background-image":"","background-repeat":"repeat","background-position":"center center","background-size":"auto","background-attachment":"scroll","background-type":"","background-media":"","overlay-type":"","overlay-color":"","overlay-opacity":"","overlay-gradient":""},"tablet":{"background-color":"var(--ast-global-color-5)","background-image":"","background-repeat":"repeat","background-position":"center center","background-size":"auto","background-attachment":"scroll","background-type":"","background-media":"","overlay-type":"","overlay-color":"","overlay-opacity":"","overlay-gradient":""},"mobile":{"background-color":"var(--ast-global-color-5)","background-image":"","background-repeat":"repeat","background-position":"center center","background-size":"auto","background-attachment":"scroll","background-type":"","background-media":"","overlay-type":"","overlay-color":"","overlay-opacity":"","overlay-gradient":""}}},"product_brand":[],"product_cat":[282,281],"product_tag":[289,288,285,286,284,283,290,287],"class_list":{"0":"post-2039","1":"product","2":"type-product","3":"status-publish","4":"has-post-thumbnail","6":"product_cat-insecticide-organique","7":"product_cat-bio-protecteurs-organiques","8":"product_tag-acaricide-ecologique","9":"product_tag-acariens","10":"product_tag-agriculture-biologique","11":"product_tag-araignee-rouge","12":"product_tag-lutte-contre-les-ravageurs","13":"product_tag-produit-organique","14":"product_tag-spired-fr","15":"product_tag-vasate-fr","16":"desktop-align-left","17":"tablet-align-left","18":"mobile-align-left","20":"first","21":"instock","22":"shipping-taxable","23":"product-type-simple"},"_links":{"self":[{"href":"https:\/\/ecoganic.eu\/fr\/wp-json\/wp\/v2\/product\/2039","targetHints":{"allow":["GET"]}}],"collection":[{"href":"https:\/\/ecoganic.eu\/fr\/wp-json\/wp\/v2\/product"}],"about":[{"href":"https:\/\/ecoganic.eu\/fr\/wp-json\/wp\/v2\/types\/product"}],"version-history":[{"count":0,"href":"https:\/\/ecoganic.eu\/fr\/wp-json\/wp\/v2\/product\/2039\/revisions"}],"wp:featuredmedia":[{"embeddable":true,"href":"https:\/\/ecoganic.eu\/fr\/wp-json\/wp\/v2\/media\/1633"}],"wp:attachment":[{"href":"https:\/\/ecoganic.eu\/fr\/wp-json\/wp\/v2\/media?parent=2039"}],"wp:term":[{"taxonomy":"product_brand","embeddable":true,"href":"https:\/\/ecoganic.eu\/fr\/wp-json\/wp\/v2\/product_brand?post=2039"},{"taxonomy":"product_cat","embeddable":true,"href":"https:\/\/ecoganic.eu\/fr\/wp-json\/wp\/v2\/product_cat?post=2039"},{"taxonomy":"product_tag","embeddable":true,"href":"https:\/\/ecoganic.eu\/fr\/wp-json\/wp\/v2\/product_tag?post=2039"}],"curies":[{"name":"wp","href":"https:\/\/api.w.org\/{rel}","templated":true}]}}