{"id":1931,"date":"2024-10-20T12:46:29","date_gmt":"2024-10-20T12:46:29","guid":{"rendered":"https:\/\/ecoganic.eu\/politique-de-confidentialite\/"},"modified":"2025-08-22T23:06:26","modified_gmt":"2025-08-22T23:06:26","slug":"politique-de-confidentialite","status":"publish","type":"page","link":"https:\/\/ecoganic.eu\/fr\/politique-de-confidentialite\/","title":{"rendered":"Politique de confidentialit\u00e9"},"content":{"rendered":"\n<h2 class=\"wp-block-heading\">Politique de confidentialit\u00e9<\/h2>\n\n<h3 class=\"wp-block-heading\">Qui sommes-nous ?<\/h3>\n\n<p>L\u2019adresse de notre site web est\u00a0: <a href=\"https:\/\/ecoganic.eu\/fr\/\">https:\/\/ecoganic.eu<\/a>.<\/p>\n\n<h3 class=\"wp-block-heading\">Commentaires<\/h3>\n\n<p>Quand les visiteurs laissent des commentaires sur le site, nous recueillons les donn\u00e9es affich\u00e9es dans le formulaire de commentaires, ainsi que l\u2019adresse IP du visiteur et la cha\u00eene de l\u2019agent utilisateur du navigateur afin d\u2019aider \u00e0 la d\u00e9tection des pourriels.<\/p>\n\n<p>Une cha\u00eene anonymis\u00e9e cr\u00e9\u00e9e \u00e0 partir de votre adresse de courriel (aussi appel\u00e9e hachage) peut \u00eatre fournie au service Gravatar pour v\u00e9rifier si vous l\u2019utilisez. La politique de confidentialit\u00e9 du service Gravatar est disponible ici\u00a0: <a href=\"https:\/\/automattic.com\/privacy\/\" target=\"_blank\" rel=\"noopener\">https:\/\/automattic.com\/privacy\/<\/a>. Apr\u00e8s l\u2019approbation de votre commentaire, votre image de profil est visible au public dans le contexte de votre commentaire.  <\/p>\n\n<h3 class=\"wp-block-heading\">M\u00e9dias<\/h3>\n\n<p>Si vous t\u00e9l\u00e9versez des images sur le site web, vous devriez \u00e9viter de t\u00e9l\u00e9verser des images contenant des donn\u00e9es de localisation int\u00e9gr\u00e9es (EXIF GPS). Les visiteurs du site web peuvent t\u00e9l\u00e9charger et extraire toutes les donn\u00e9es de localisation des images sur le site. <\/p>\n\n<h3 class=\"wp-block-heading\">T\u00e9moins<\/h3>\n\n<p>Si vous laissez un commentaire sur notre site, vous pouvez choisir de sauvegarder votre nom, votre adresse de courriel et votre site web dans des t\u00e9moins. Ceux-ci servent \u00e0 votre commodit\u00e9, de sorte que vous n\u2019avez pas \u00e0 entrer vos donn\u00e9es de nouveau quand vous laissez un autre commentaire. Ces t\u00e9moins dureront un an.  <\/p>\n\n<p>Si vous visitez notre page de connexion, nous \u00e9tablirons un t\u00e9moin temporaire pour d\u00e9terminer si votre navigateur accepte les t\u00e9moins. Ce t\u00e9moin ne contient pas de donn\u00e9es personnelles et est supprim\u00e9 quand vous fermez votre navigateur. <\/p>\n\n<p>Quand vous vous connectez, nous configurons aussi plusieurs t\u00e9moins pour sauvegarder vos informations de connexion et vos choix d\u2019affichage \u00e0 l\u2019\u00e9cran. Les t\u00e9moins de connexion durent deux jours et les t\u00e9moins des options d\u2019\u00e9cran durent un an. Si vous s\u00e9lectionnez \u00ab Se souvenir de moi \u00bb, votre connexion persistera pendant deux semaines. Si vous fermez la session de votre compte, les t\u00e9moins de connexion seront supprim\u00e9s.   <\/p>\n\n<p>Si vous modifiez ou publiez un article, un t\u00e9moin additionnel sera sauvegard\u00e9 dans votre navigateur. Ce t\u00e9moin ne comprend pas de donn\u00e9es personnelles et indique simplement l\u2019identifiant de la publication de l\u2019article que vous venez de modifier. Il expire apr\u00e8s un jour.  <\/p>\n\n<h3 class=\"wp-block-heading\">Contenu int\u00e9gr\u00e9 d\u2019autres sites web<\/h3>\n\n<p>Les articles sur ce site peuvent comprendre du contenu int\u00e9gr\u00e9 (par exemple, des vid\u00e9os, des images, des articles, etc.). Le contenu int\u00e9gr\u00e9 d\u2019autres sites web se comporte de la m\u00eame mani\u00e8re que si le visiteur avait visit\u00e9 l\u2019autre site web. <\/p>\n\n<p>Ces sites web peuvent recueillir des donn\u00e9es sur vous, utiliser des t\u00e9moins, int\u00e9grer un suivi additionnel de tiers et surveiller votre interaction avec ce contenu int\u00e9gr\u00e9, notamment le suivi de votre interaction avec le contenu int\u00e9gr\u00e9 si vous avez un compte et que vous \u00eates connect\u00e9 \u00e0 ce site web.<\/p>\n\n<h3 class=\"wp-block-heading\">Avec qui nous partageons vos donn\u00e9es<\/h3>\n\n<p>Si vous demandez une r\u00e9initialisation du mot de passe, votre adresse IP sera comprise dans le courriel de r\u00e9initialisation.<\/p>\n\n<h3 class=\"wp-block-heading\">Combien de temps nous conservons vos donn\u00e9es<\/h3>\n\n<p>Si vous laissez un commentaire, le commentaire et ses m\u00e9tadonn\u00e9es sont conserv\u00e9s ind\u00e9finiment. C\u2019est pour que nous puissions reconna\u00eetre et approuver automatiquement tous les commentaires de suivi au lieu de les maintenir dans une file d\u2019attente de mod\u00e9ration. <\/p>\n\n<p>Pour les utilisateurs qui s\u2019inscrivent sur notre site web (s\u2019il y en a), nous stockons aussi les informations personnelles qu\u2019ils fournissent dans leur profil d\u2019utilisateur. Tous les utilisateurs peuvent voir, modifier ou supprimer leurs informations personnelles en tout temps (sauf leur nom d\u2019utilisateur). Les administrateurs du site web peuvent aussi voir et modifier ces informations.  <\/p>\n\n<h3 class=\"wp-block-heading\">Quels droits vous avez sur vos donn\u00e9es<\/h3>\n\n<p>Si vous avez un compte sur ce site ou que vous avez laiss\u00e9 des commentaires, vous pouvez demander \u00e0 recevoir un fichier export\u00e9 des donn\u00e9es personnelles que nous avons sur vous, y compris les donn\u00e9es que vous nous avez fournies. Vous pouvez aussi demander que nous effacions toutes les donn\u00e9es personnelles que nous avons sur vous. Cela ne comprend pas les donn\u00e9es que nous sommes tenus de conserver \u00e0 des fins administratives, l\u00e9gales ou de s\u00e9curit\u00e9.  <\/p>\n\n<h3 class=\"wp-block-heading\">O\u00f9 envoyons-nous vos donn\u00e9es?<\/h3>\n\n<p>Les commentaires des visiteurs peuvent \u00eatre v\u00e9rifi\u00e9s par le biais d\u2019un service automatis\u00e9 de d\u00e9tection des pourriels.<\/p>\n","protected":false},"excerpt":{"rendered":"<p>Politique de confidentialit\u00e9 Qui sommes-nous ? L\u2019adresse de notre site web est\u00a0: https:\/\/ecoganic.eu. Commentaires Quand les visiteurs laissent des commentaires [&hellip;]<\/p>\n","protected":false},"author":1,"featured_media":0,"parent":0,"menu_order":0,"comment_status":"closed","ping_status":"closed","template":"","meta":{"site-sidebar-layout":"default","site-content-layout":"","ast-site-content-layout":"default","site-content-style":"default","site-sidebar-style":"default","ast-global-header-display":"","ast-banner-title-visibility":"","ast-main-header-display":"","ast-hfb-above-header-display":"","ast-hfb-below-header-display":"","ast-hfb-mobile-header-display":"","site-post-title":"","ast-breadcrumbs-content":"","ast-featured-img":"","footer-sml-layout":"","theme-transparent-header-meta":"","adv-header-id-meta":"","stick-header-meta":"","header-above-stick-meta":"","header-main-stick-meta":"","header-below-stick-meta":"","astra-migrate-meta-layouts":"default","ast-page-background-enabled":"default","ast-page-background-meta":{"desktop":{"background-color":"var(--ast-global-color-4)","background-image":"","background-repeat":"repeat","background-position":"center center","background-size":"auto","background-attachment":"scroll","background-type":"","background-media":"","overlay-type":"","overlay-color":"","overlay-opacity":"","overlay-gradient":""},"tablet":{"background-color":"","background-image":"","background-repeat":"repeat","background-position":"center center","background-size":"auto","background-attachment":"scroll","background-type":"","background-media":"","overlay-type":"","overlay-color":"","overlay-opacity":"","overlay-gradient":""},"mobile":{"background-color":"","background-image":"","background-repeat":"repeat","background-position":"center center","background-size":"auto","background-attachment":"scroll","background-type":"","background-media":"","overlay-type":"","overlay-color":"","overlay-opacity":"","overlay-gradient":""}},"ast-content-background-meta":{"desktop":{"background-color":"var(--ast-global-color-5)","background-image":"","background-repeat":"repeat","background-position":"center center","background-size":"auto","background-attachment":"scroll","background-type":"","background-media":"","overlay-type":"","overlay-color":"","overlay-opacity":"","overlay-gradient":""},"tablet":{"background-color":"var(--ast-global-color-5)","background-image":"","background-repeat":"repeat","background-position":"center center","background-size":"auto","background-attachment":"scroll","background-type":"","background-media":"","overlay-type":"","overlay-color":"","overlay-opacity":"","overlay-gradient":""},"mobile":{"background-color":"var(--ast-global-color-5)","background-image":"","background-repeat":"repeat","background-position":"center center","background-size":"auto","background-attachment":"scroll","background-type":"","background-media":"","overlay-type":"","overlay-color":"","overlay-opacity":"","overlay-gradient":""}},"footnotes":""},"class_list":["post-1931","page","type-page","status-publish","hentry"],"_links":{"self":[{"href":"https:\/\/ecoganic.eu\/fr\/wp-json\/wp\/v2\/pages\/1931","targetHints":{"allow":["GET"]}}],"collection":[{"href":"https:\/\/ecoganic.eu\/fr\/wp-json\/wp\/v2\/pages"}],"about":[{"href":"https:\/\/ecoganic.eu\/fr\/wp-json\/wp\/v2\/types\/page"}],"author":[{"embeddable":true,"href":"https:\/\/ecoganic.eu\/fr\/wp-json\/wp\/v2\/users\/1"}],"replies":[{"embeddable":true,"href":"https:\/\/ecoganic.eu\/fr\/wp-json\/wp\/v2\/comments?post=1931"}],"version-history":[{"count":1,"href":"https:\/\/ecoganic.eu\/fr\/wp-json\/wp\/v2\/pages\/1931\/revisions"}],"predecessor-version":[{"id":1935,"href":"https:\/\/ecoganic.eu\/fr\/wp-json\/wp\/v2\/pages\/1931\/revisions\/1935"}],"wp:attachment":[{"href":"https:\/\/ecoganic.eu\/fr\/wp-json\/wp\/v2\/media?parent=1931"}],"curies":[{"name":"wp","href":"https:\/\/api.w.org\/{rel}","templated":true}]}}