{"id":1896,"date":"2024-10-22T14:45:59","date_gmt":"2024-10-22T14:45:59","guid":{"rendered":"https:\/\/ecoganic.eu\/production-de-produits-biologiques\/"},"modified":"2025-08-23T19:27:58","modified_gmt":"2025-08-23T19:27:58","slug":"production-de-produits-biologiques","status":"publish","type":"page","link":"https:\/\/ecoganic.eu\/fr\/production-de-produits-biologiques\/","title":{"rendered":"Production de produits biologiques"},"content":{"rendered":"\t\t<div data-elementor-type=\"wp-page\" data-elementor-id=\"1896\" class=\"elementor elementor-1896 elementor-365\" data-elementor-post-type=\"page\">\n\t\t\t\t\t\t<section class=\"elementor-section elementor-top-section elementor-element elementor-element-5143a016 elementor-section-height-min-height elementor-section-boxed elementor-section-height-default elementor-section-items-middle\" data-id=\"5143a016\" data-element_type=\"section\" data-e-type=\"section\" data-settings=\"{&quot;background_background&quot;:&quot;classic&quot;}\">\n\t\t\t\t\t\t\t<div class=\"elementor-background-overlay\"><\/div>\n\t\t\t\t\t\t\t<div class=\"elementor-container elementor-column-gap-default\">\n\t\t\t\t\t<div class=\"elementor-column elementor-col-100 elementor-top-column elementor-element elementor-element-be31058\" data-id=\"be31058\" data-element_type=\"column\" data-e-type=\"column\">\n\t\t\t<div class=\"elementor-widget-wrap elementor-element-populated\">\n\t\t\t\t\t\t<div class=\"elementor-element elementor-element-61799f43 elementor-widget elementor-widget-heading\" data-id=\"61799f43\" data-element_type=\"widget\" data-e-type=\"widget\" data-widget_type=\"heading.default\">\n\t\t\t\t<div class=\"elementor-widget-container\">\n\t\t\t\t\t<h1 class=\"elementor-heading-title elementor-size-default\">Production de produits \u00e9cologiques<\/h1>\t\t\t\t<\/div>\n\t\t\t\t<\/div>\n\t\t\t\t<div class=\"elementor-element elementor-element-263a038a elementor-icon-list--layout-inline elementor-align-center elementor-tablet-align-center elementor-list-item-link-full_width elementor-widget elementor-widget-icon-list\" data-id=\"263a038a\" data-element_type=\"widget\" data-e-type=\"widget\" data-widget_type=\"icon-list.default\">\n\t\t\t\t<div class=\"elementor-widget-container\">\n\t\t\t\t\t\t\t<ul class=\"elementor-icon-list-items elementor-inline-items\">\n\t\t\t\t\t\t\t<li class=\"elementor-icon-list-item elementor-inline-item\">\n\t\t\t\t\t\t\t\t\t\t\t<a href=\"#\">\n\n\t\t\t\t\t\t\t\t\t\t\t<span class=\"elementor-icon-list-text\">Accueil<\/span>\n\t\t\t\t\t\t\t\t\t\t\t<\/a>\n\t\t\t\t\t\t\t\t\t<\/li>\n\t\t\t\t\t\t\t\t<li class=\"elementor-icon-list-item elementor-inline-item\">\n\t\t\t\t\t\t\t\t\t\t\t<span class=\"elementor-icon-list-icon\">\n\t\t\t\t\t\t\t<i aria-hidden=\"true\" class=\"jki jki-long-arrow-alt-right-solid\"><\/i>\t\t\t\t\t\t<\/span>\n\t\t\t\t\t\t\t\t\t\t<span class=\"elementor-icon-list-text\">Boutique<\/span>\n\t\t\t\t\t\t\t\t\t<\/li>\n\t\t\t\t\t\t<\/ul>\n\t\t\t\t\t\t<\/div>\n\t\t\t\t<\/div>\n\t\t\t\t\t<\/div>\n\t\t<\/div>\n\t\t\t\t\t<\/div>\n\t\t<\/section>\n\t\t\t\t<section class=\"elementor-section elementor-top-section elementor-element elementor-element-23951dd2 elementor-section-boxed elementor-section-height-default elementor-section-height-default\" data-id=\"23951dd2\" data-element_type=\"section\" data-e-type=\"section\">\n\t\t\t\t\t\t<div class=\"elementor-container elementor-column-gap-default\">\n\t\t\t\t\t<div class=\"elementor-column elementor-col-100 elementor-top-column elementor-element elementor-element-5d26511c\" data-id=\"5d26511c\" data-element_type=\"column\" data-e-type=\"column\">\n\t\t\t<div class=\"elementor-widget-wrap elementor-element-populated\">\n\t\t\t\t\t\t<div class=\"elementor-element elementor-element-4a4ea35d elementor-widget elementor-widget-heading\" data-id=\"4a4ea35d\" data-element_type=\"widget\" data-e-type=\"widget\" data-widget_type=\"heading.default\">\n\t\t\t\t<div class=\"elementor-widget-container\">\n\t\t\t\t\t<h4 class=\"elementor-heading-title elementor-size-default\">Nous investissons dans la production de produits biologiques <\/h4>\t\t\t\t<\/div>\n\t\t\t\t<\/div>\n\t\t\t\t<div class=\"elementor-element elementor-element-678076a3 elementor-widget-divider--view-line elementor-widget elementor-widget-divider\" data-id=\"678076a3\" data-element_type=\"widget\" data-e-type=\"widget\" data-widget_type=\"divider.default\">\n\t\t\t\t<div class=\"elementor-widget-container\">\n\t\t\t\t\t\t\t<div class=\"elementor-divider\">\n\t\t\t<span class=\"elementor-divider-separator\">\n\t\t\t\t\t\t<\/span>\n\t\t<\/div>\n\t\t\t\t\t\t<\/div>\n\t\t\t\t<\/div>\n\t\t\t\t<section class=\"elementor-section elementor-inner-section elementor-element elementor-element-206c0937 elementor-section-content-middle elementor-section-boxed elementor-section-height-default elementor-section-height-default\" data-id=\"206c0937\" data-element_type=\"section\" data-e-type=\"section\">\n\t\t\t\t\t\t<div class=\"elementor-container elementor-column-gap-no\">\n\t\t\t\t\t<div class=\"elementor-column elementor-col-50 elementor-inner-column elementor-element elementor-element-1e65b487\" data-id=\"1e65b487\" data-element_type=\"column\" data-e-type=\"column\">\n\t\t\t<div class=\"elementor-widget-wrap elementor-element-populated\">\n\t\t\t\t\t\t<div class=\"elementor-element elementor-element-3f3ec62c elementor-widget elementor-widget-image\" data-id=\"3f3ec62c\" data-element_type=\"widget\" data-e-type=\"widget\" data-widget_type=\"image.default\">\n\t\t\t\t<div class=\"elementor-widget-container\">\n\t\t\t\t\t\t\t\t\t\t\t\t\t\t\t<img fetchpriority=\"high\" decoding=\"async\" width=\"1024\" height=\"1024\" src=\"https:\/\/ecoganic.eu\/wp-content\/uploads\/2024\/10\/EcoOrganic-Team-in-a-Lush-Soybean-Field_1848825234407895041.webp\" class=\"attachment-full size-full wp-image-1405\" alt=\"\" srcset=\"https:\/\/ecoganic.eu\/wp-content\/uploads\/2024\/10\/EcoOrganic-Team-in-a-Lush-Soybean-Field_1848825234407895041.webp 1024w, https:\/\/ecoganic.eu\/wp-content\/uploads\/2024\/10\/EcoOrganic-Team-in-a-Lush-Soybean-Field_1848825234407895041-300x300.webp 300w, https:\/\/ecoganic.eu\/wp-content\/uploads\/2024\/10\/EcoOrganic-Team-in-a-Lush-Soybean-Field_1848825234407895041-150x150.webp 150w, https:\/\/ecoganic.eu\/wp-content\/uploads\/2024\/10\/EcoOrganic-Team-in-a-Lush-Soybean-Field_1848825234407895041-768x768.webp 768w, https:\/\/ecoganic.eu\/wp-content\/uploads\/2024\/10\/EcoOrganic-Team-in-a-Lush-Soybean-Field_1848825234407895041-600x600.webp 600w, https:\/\/ecoganic.eu\/wp-content\/uploads\/2024\/10\/EcoOrganic-Team-in-a-Lush-Soybean-Field_1848825234407895041-100x100.webp 100w\" sizes=\"(max-width: 1024px) 100vw, 1024px\" \/>\t\t\t\t\t\t\t\t\t\t\t\t\t\t\t<\/div>\n\t\t\t\t<\/div>\n\t\t\t\t\t<\/div>\n\t\t<\/div>\n\t\t\t\t<div class=\"elementor-column elementor-col-50 elementor-inner-column elementor-element elementor-element-5f73f29d\" data-id=\"5f73f29d\" data-element_type=\"column\" data-e-type=\"column\">\n\t\t\t<div class=\"elementor-widget-wrap elementor-element-populated\">\n\t\t\t\t\t\t<div class=\"elementor-element elementor-element-18c18cef elementor-widget elementor-widget-image\" data-id=\"18c18cef\" data-element_type=\"widget\" data-e-type=\"widget\" data-widget_type=\"image.default\">\n\t\t\t\t<div class=\"elementor-widget-container\">\n\t\t\t\t\t\t\t\t\t\t\t\t\t\t\t<img decoding=\"async\" width=\"1024\" height=\"1024\" src=\"https:\/\/ecoganic.eu\/wp-content\/uploads\/2024\/10\/EcoGanic-Team-in-a-Vibrant-Soybean-Field_1848825002754682882.webp\" class=\"attachment-full size-full wp-image-1407\" alt=\"\" srcset=\"https:\/\/ecoganic.eu\/wp-content\/uploads\/2024\/10\/EcoGanic-Team-in-a-Vibrant-Soybean-Field_1848825002754682882.webp 1024w, https:\/\/ecoganic.eu\/wp-content\/uploads\/2024\/10\/EcoGanic-Team-in-a-Vibrant-Soybean-Field_1848825002754682882-300x300.webp 300w, https:\/\/ecoganic.eu\/wp-content\/uploads\/2024\/10\/EcoGanic-Team-in-a-Vibrant-Soybean-Field_1848825002754682882-150x150.webp 150w, https:\/\/ecoganic.eu\/wp-content\/uploads\/2024\/10\/EcoGanic-Team-in-a-Vibrant-Soybean-Field_1848825002754682882-768x768.webp 768w, https:\/\/ecoganic.eu\/wp-content\/uploads\/2024\/10\/EcoGanic-Team-in-a-Vibrant-Soybean-Field_1848825002754682882-600x600.webp 600w, https:\/\/ecoganic.eu\/wp-content\/uploads\/2024\/10\/EcoGanic-Team-in-a-Vibrant-Soybean-Field_1848825002754682882-100x100.webp 100w\" sizes=\"(max-width: 1024px) 100vw, 1024px\" \/>\t\t\t\t\t\t\t\t\t\t\t\t\t\t\t<\/div>\n\t\t\t\t<\/div>\n\t\t\t\t\t<\/div>\n\t\t<\/div>\n\t\t\t\t\t<\/div>\n\t\t<\/section>\n\t\t\t\t<div class=\"elementor-element elementor-element-508dac69 elementor-icon-list--layout-inline elementor-align-start elementor-tablet-align-center elementor-list-item-link-full_width elementor-widget elementor-widget-icon-list\" data-id=\"508dac69\" data-element_type=\"widget\" data-e-type=\"widget\" data-widget_type=\"icon-list.default\">\n\t\t\t\t<div class=\"elementor-widget-container\">\n\t\t\t\t\t\t\t<ul class=\"elementor-icon-list-items elementor-inline-items\">\n\t\t\t\t\t\t\t<li class=\"elementor-icon-list-item elementor-inline-item\">\n\t\t\t\t\t\t\t\t\t\t\t<span class=\"elementor-icon-list-icon\">\n\t\t\t\t\t\t\t<i aria-hidden=\"true\" class=\"jki jki-Leaf-light\"><\/i>\t\t\t\t\t\t<\/span>\n\t\t\t\t\t\t\t\t\t\t<span class=\"elementor-icon-list-text\">Engagement envers l'agriculture biologique et durable<\/span>\n\t\t\t\t\t\t\t\t\t<\/li>\n\t\t\t\t\t\t<\/ul>\n\t\t\t\t\t\t<\/div>\n\t\t\t\t<\/div>\n\t\t\t\t<div class=\"elementor-element elementor-element-6c2985ac elementor-widget elementor-widget-spacer\" data-id=\"6c2985ac\" data-element_type=\"widget\" data-e-type=\"widget\" data-widget_type=\"spacer.default\">\n\t\t\t\t<div class=\"elementor-widget-container\">\n\t\t\t\t\t\t\t<div class=\"elementor-spacer\">\n\t\t\t<div class=\"elementor-spacer-inner\"><\/div>\n\t\t<\/div>\n\t\t\t\t\t\t<\/div>\n\t\t\t\t<\/div>\n\t\t\t\t<div class=\"elementor-element elementor-element-3453ae5e elementor-widget elementor-widget-text-editor\" data-id=\"3453ae5e\" data-element_type=\"widget\" data-e-type=\"widget\" data-widget_type=\"text-editor.default\">\n\t\t\t\t<div class=\"elementor-widget-container\">\n\t\t\t\t\t\t\t\t\t<p>Le mod\u00e8le d&rsquo;Ecoganic mise sur la production de fruits biologiques qui r\u00e9pondent \u00e0 des normes strictes de qualit\u00e9 et de durabilit\u00e9. Cet engagement se traduit par l&rsquo;utilisation exclusive d&rsquo;engrais biologiques certifi\u00e9s, qui optimisent la sant\u00e9 du sol, am\u00e9liorent la productivit\u00e9 et r\u00e9duisent l&rsquo;impact environnemental. Parmi les principaux fruits qui font partie de ce projet r\u00e9volutionnaire, on trouve :  <\/p><ul data-spread=\"true\"><li><p><strong>Avocats biologiques :<\/strong> Leur production durable est essentielle pour satisfaire la demande mondiale croissante sans compromettre les ressources naturelles. Ecoganic promeut des techniques de culture responsables qui garantissent une consommation d&rsquo;eau r\u00e9duite et un \u00e9quilibre naturel dans l&rsquo;\u00e9cosyst\u00e8me. <\/p><\/li><li><p><strong>Fruits rouges biologiques (fraises, myrtilles, framboises et m\u00fbres) :<\/strong> Cultiv\u00e9s sans pesticides ni engrais chimiques, ces fruits b\u00e9n\u00e9ficient de l&rsquo;utilisation d&rsquo;engrais biologiques qui renforcent leur qualit\u00e9 nutritionnelle et prolongent leur fra\u00eecheur, ce qui les rend id\u00e9aux pour les march\u00e9s haut de gamme.<\/p><\/li><li><p><strong>Agrumes biologiques (oranges, citrons, mandarines) :<\/strong> Leur production sans produits chimiques agressifs am\u00e9liore \u00e0 la fois le go\u00fbt et la texture des fruits, assurant un produit de haute valeur sur le march\u00e9 international.<\/p><\/li><li><p><strong>Fruits tropicaux biologiques (mangues, ananas, papayes) :<\/strong> Avec une demande croissante sur les march\u00e9s europ\u00e9ens et am\u00e9ricains, ces fruits sont cultiv\u00e9s dans des exploitations o\u00f9 sont employ\u00e9es des pratiques agricoles r\u00e9g\u00e9n\u00e9ratrices qui enrichissent le sol et favorisent la biodiversit\u00e9.<\/p><\/li><li><p><strong>Fruits secs biologiques (amandes, noix, noisettes) :<\/strong> Avec un processus de production durable, ces fruits repr\u00e9sentent une source cl\u00e9 de prot\u00e9ines et de graisses saines, essentielles pour une alimentation \u00e9quilibr\u00e9e.<\/p><\/li><\/ul>\t\t\t\t\t\t\t\t<\/div>\n\t\t\t\t<\/div>\n\t\t\t\t<div class=\"elementor-element elementor-element-d04a7cd elementor-widget elementor-widget-image\" data-id=\"d04a7cd\" data-element_type=\"widget\" data-e-type=\"widget\" data-widget_type=\"image.default\">\n\t\t\t\t<div class=\"elementor-widget-container\">\n\t\t\t\t\t\t\t\t\t\t\t\t\t\t\t<img decoding=\"async\" width=\"1024\" height=\"576\" src=\"https:\/\/ecoganic.eu\/wp-content\/uploads\/2024\/10\/Ecoganic-Team_-United-in-Science-and-Sustainability_1848296742649933825-1-1024x576.webp\" class=\"attachment-large size-large wp-image-1409\" alt=\"\" srcset=\"https:\/\/ecoganic.eu\/wp-content\/uploads\/2024\/10\/Ecoganic-Team_-United-in-Science-and-Sustainability_1848296742649933825-1-1024x576.webp 1024w, https:\/\/ecoganic.eu\/wp-content\/uploads\/2024\/10\/Ecoganic-Team_-United-in-Science-and-Sustainability_1848296742649933825-1-300x169.webp 300w, https:\/\/ecoganic.eu\/wp-content\/uploads\/2024\/10\/Ecoganic-Team_-United-in-Science-and-Sustainability_1848296742649933825-1-768x432.webp 768w, https:\/\/ecoganic.eu\/wp-content\/uploads\/2024\/10\/Ecoganic-Team_-United-in-Science-and-Sustainability_1848296742649933825-1-600x338.webp 600w, https:\/\/ecoganic.eu\/wp-content\/uploads\/2024\/10\/Ecoganic-Team_-United-in-Science-and-Sustainability_1848296742649933825-1.webp 1280w\" sizes=\"(max-width: 1024px) 100vw, 1024px\" \/>\t\t\t\t\t\t\t\t\t\t\t\t\t\t\t<\/div>\n\t\t\t\t<\/div>\n\t\t\t\t<div class=\"elementor-element elementor-element-c36f84f elementor-icon-list--layout-inline elementor-align-start elementor-tablet-align-center elementor-list-item-link-full_width elementor-widget elementor-widget-icon-list\" data-id=\"c36f84f\" data-element_type=\"widget\" data-e-type=\"widget\" data-widget_type=\"icon-list.default\">\n\t\t\t\t<div class=\"elementor-widget-container\">\n\t\t\t\t\t\t\t<ul class=\"elementor-icon-list-items elementor-inline-items\">\n\t\t\t\t\t\t\t<li class=\"elementor-icon-list-item elementor-inline-item\">\n\t\t\t\t\t\t\t\t\t\t\t<span class=\"elementor-icon-list-icon\">\n\t\t\t\t\t\t\t<i aria-hidden=\"true\" class=\"jki jki-Leaf-light\"><\/i>\t\t\t\t\t\t<\/span>\n\t\t\t\t\t\t\t\t\t\t<span class=\"elementor-icon-list-text\">Le r\u00f4le des engrais biologiques d'Ecoganic dans la production durable<\/span>\n\t\t\t\t\t\t\t\t\t<\/li>\n\t\t\t\t\t\t<\/ul>\n\t\t\t\t\t\t<\/div>\n\t\t\t\t<\/div>\n\t\t\t\t<div class=\"elementor-element elementor-element-182ce78 elementor-widget elementor-widget-text-editor\" data-id=\"182ce78\" data-element_type=\"widget\" data-e-type=\"widget\" data-widget_type=\"text-editor.default\">\n\t\t\t\t<div class=\"elementor-widget-container\">\n\t\t\t\t\t\t\t\t\t<p data-pm-slice=\"1 3 []\">Les engrais biologiques d\u00e9velopp\u00e9s par Ecoganic jouent un r\u00f4le fondamental dans la production de ces fruits. Contrairement aux engrais synth\u00e9tiques, qui peuvent d\u00e9grader le sol et contaminer les sources d&rsquo;eau, les produits biologiques d&rsquo;Ecoganic sont formul\u00e9s pour nourrir la terre de mani\u00e8re naturelle, en stimulant la microbiote du sol et en assurant une croissance saine des cultures. <\/p><p>Parmi les principales caract\u00e9ristiques de ces engrais biologiques, on peut citer :<\/p><ul data-spread=\"false\"><li><p><strong>Apport \u00e9quilibr\u00e9 de nutriments :<\/strong> Formul\u00e9s avec des ingr\u00e9dients naturels tels que du compost organique, des extraits d&rsquo;algues marines et des biostimulants, ces engrais optimisent le d\u00e9veloppement des racines et am\u00e9liorent l&rsquo;absorption des nutriments essentiels.<\/p><\/li><li><p><strong>Am\u00e9lioration de la structure du sol :<\/strong> Ils favorisent la r\u00e9tention d&rsquo;humidit\u00e9, \u00e9vitant l&rsquo;\u00e9rosion et favorisant une plus grande biodiversit\u00e9 microbienne.<\/p><\/li><li><p><strong>R\u00e9duction de l&rsquo;impact environnemental :<\/strong> \u00c9tant 100 % biod\u00e9gradables, ils ne laissent pas de r\u00e9sidus toxiques dans les sols ni dans les cultures.<\/p><\/li><li><p><strong>Plus grande r\u00e9sistance des cultures :<\/strong> Ils renforcent la r\u00e9sistance des fruits biologiques aux ravageurs et aux maladies sans avoir besoin de pesticides chimiques.<\/p><\/li><\/ul><p> <\/p>\t\t\t\t\t\t\t\t<\/div>\n\t\t\t\t<\/div>\n\t\t\t\t<div class=\"elementor-element elementor-element-8f19676 elementor-icon-list--layout-inline elementor-align-start elementor-tablet-align-center elementor-list-item-link-full_width elementor-widget elementor-widget-icon-list\" data-id=\"8f19676\" data-element_type=\"widget\" data-e-type=\"widget\" data-widget_type=\"icon-list.default\">\n\t\t\t\t<div class=\"elementor-widget-container\">\n\t\t\t\t\t\t\t<ul class=\"elementor-icon-list-items elementor-inline-items\">\n\t\t\t\t\t\t\t<li class=\"elementor-icon-list-item elementor-inline-item\">\n\t\t\t\t\t\t\t\t\t\t\t<span class=\"elementor-icon-list-icon\">\n\t\t\t\t\t\t\t<i aria-hidden=\"true\" class=\"jki jki-Leaf-light\"><\/i>\t\t\t\t\t\t<\/span>\n\t\t\t\t\t\t\t\t\t\t<span class=\"elementor-icon-list-text\">Impact positif sur l'environnement et la sant\u00e9<\/span>\n\t\t\t\t\t\t\t\t\t<\/li>\n\t\t\t\t\t\t<\/ul>\n\t\t\t\t\t\t<\/div>\n\t\t\t\t<\/div>\n\t\t\t\t<div class=\"elementor-element elementor-element-d400046 elementor-widget elementor-widget-image\" data-id=\"d400046\" data-element_type=\"widget\" data-e-type=\"widget\" data-widget_type=\"image.default\">\n\t\t\t\t<div class=\"elementor-widget-container\">\n\t\t\t\t\t\t\t\t\t\t\t\t\t\t\t<img loading=\"lazy\" decoding=\"async\" width=\"1024\" height=\"1024\" src=\"https:\/\/ecoganic.eu\/wp-content\/uploads\/2025\/02\/79db6e88-b57d-4b1c-8fb5-fb9095af8ce0_33415139.png.webp\" class=\"attachment-large size-large wp-image-1591\" alt=\"\" srcset=\"https:\/\/ecoganic.eu\/wp-content\/uploads\/2025\/02\/79db6e88-b57d-4b1c-8fb5-fb9095af8ce0_33415139.png.webp 1024w, https:\/\/ecoganic.eu\/wp-content\/uploads\/2025\/02\/79db6e88-b57d-4b1c-8fb5-fb9095af8ce0_33415139.png-300x300.webp 300w, https:\/\/ecoganic.eu\/wp-content\/uploads\/2025\/02\/79db6e88-b57d-4b1c-8fb5-fb9095af8ce0_33415139.png-150x150.webp 150w, https:\/\/ecoganic.eu\/wp-content\/uploads\/2025\/02\/79db6e88-b57d-4b1c-8fb5-fb9095af8ce0_33415139.png-768x768.webp 768w, https:\/\/ecoganic.eu\/wp-content\/uploads\/2025\/02\/79db6e88-b57d-4b1c-8fb5-fb9095af8ce0_33415139.png-600x600.webp 600w, https:\/\/ecoganic.eu\/wp-content\/uploads\/2025\/02\/79db6e88-b57d-4b1c-8fb5-fb9095af8ce0_33415139.png-160x160.webp 160w, https:\/\/ecoganic.eu\/wp-content\/uploads\/2025\/02\/79db6e88-b57d-4b1c-8fb5-fb9095af8ce0_33415139.png-100x100.webp 100w, https:\/\/ecoganic.eu\/wp-content\/uploads\/2025\/02\/79db6e88-b57d-4b1c-8fb5-fb9095af8ce0_33415139.png-50x50.webp 50w\" sizes=\"(max-width: 1024px) 100vw, 1024px\" \/>\t\t\t\t\t\t\t\t\t\t\t\t\t\t\t<\/div>\n\t\t\t\t<\/div>\n\t\t\t\t<div class=\"elementor-element elementor-element-e024f13 elementor-widget elementor-widget-text-editor\" data-id=\"e024f13\" data-element_type=\"widget\" data-e-type=\"widget\" data-widget_type=\"text-editor.default\">\n\t\t\t\t<div class=\"elementor-widget-container\">\n\t\t\t\t\t\t\t\t\t<p>L&rsquo;un des piliers fondamentaux du projet d&rsquo;Ecoganic est son impact positif sur l&rsquo;environnement et la sant\u00e9 des consommateurs. Gr\u00e2ce \u00e0 l&rsquo;utilisation d&rsquo;engrais biologiques et de techniques de culture durable, on obtient une r\u00e9duction significative de l&#8217;empreinte carbone et on \u00e9vite la contamination des sols et de l&rsquo;eau. <\/p><p>De m\u00eame, les fruits biologiques produits dans le cadre de ce syst\u00e8me pr\u00e9sentent des niveaux plus \u00e9lev\u00e9s d&rsquo;antioxydants, de vitamines et de min\u00e9raux par rapport aux produits conventionnels. Ne contenant pas de r\u00e9sidus de pesticides ni d&rsquo;engrais chimiques, ces aliments sont plus s\u00fbrs pour la consommation humaine et offrent des avantages nutritionnels sup\u00e9rieurs. <\/p><p data-pm-slice=\"1 3 []\">Les principaux avantages de ce syst\u00e8me sont les suivants :<\/p><ul data-spread=\"false\"><li><p><strong>S\u00e9curit\u00e9 et stabilit\u00e9 \u00e9conomique :<\/strong> Les producteurs disposent de contrats assur\u00e9s qui leur garantissent une demande constante de leurs produits.<\/p><\/li><li><p><strong>Conseils techniques et acc\u00e8s \u00e0 la technologie :<\/strong> Ecoganic fournit une formation et un acc\u00e8s aux innovations en mati\u00e8re de fertilisation \u00e9cologique, optimisant les rendements sans affecter la qualit\u00e9 du produit.<\/p><\/li><li><p><strong>Acc\u00e8s aux march\u00e9s internationaux :<\/strong> Les fruits biologiques produits dans le cadre de ce mod\u00e8le ont un acc\u00e8s privil\u00e9gi\u00e9 aux march\u00e9s en Europe, aux \u00c9tats-Unis et en Asie, o\u00f9 la demande de produits sains est en constante croissance.<\/p><\/li><\/ul>\t\t\t\t\t\t\t\t<\/div>\n\t\t\t\t<\/div>\n\t\t\t\t<div class=\"elementor-element elementor-element-465da13c elementor-widget-divider--view-line elementor-widget elementor-widget-divider\" data-id=\"465da13c\" data-element_type=\"widget\" data-e-type=\"widget\" data-widget_type=\"divider.default\">\n\t\t\t\t<div class=\"elementor-widget-container\">\n\t\t\t\t\t\t\t<div class=\"elementor-divider\">\n\t\t\t<span class=\"elementor-divider-separator\">\n\t\t\t\t\t\t<\/span>\n\t\t<\/div>\n\t\t\t\t\t\t<\/div>\n\t\t\t\t<\/div>\n\t\t\t\t\t<\/div>\n\t\t<\/div>\n\t\t\t\t\t<\/div>\n\t\t<\/section>\n\t\t\t\t<\/div>\n\t\t","protected":false},"excerpt":{"rendered":"<p>Production de produits \u00e9cologiques Accueil Boutique Nous investissons dans la production de produits biologiques Engagement envers l&rsquo;agriculture biologique et durable [&hellip;]<\/p>\n","protected":false},"author":1,"featured_media":0,"parent":0,"menu_order":0,"comment_status":"closed","ping_status":"closed","template":"","meta":{"site-sidebar-layout":"no-sidebar","site-content-layout":"","ast-site-content-layout":"full-width-container","site-content-style":"default","site-sidebar-style":"default","ast-global-header-display":"","ast-banner-title-visibility":"","ast-main-header-display":"","ast-hfb-above-header-display":"","ast-hfb-below-header-display":"","ast-hfb-mobile-header-display":"","site-post-title":"disabled","ast-breadcrumbs-content":"","ast-featured-img":"disabled","footer-sml-layout":"","theme-transparent-header-meta":"","adv-header-id-meta":"","stick-header-meta":"","header-above-stick-meta":"","header-main-stick-meta":"","header-below-stick-meta":"","astra-migrate-meta-layouts":"default","ast-page-background-enabled":"default","ast-page-background-meta":{"desktop":{"background-color":"var(--ast-global-color-4)","background-image":"","background-repeat":"repeat","background-position":"center center","background-size":"auto","background-attachment":"scroll","background-type":"","background-media":"","overlay-type":"","overlay-color":"","overlay-opacity":"","overlay-gradient":""},"tablet":{"background-color":"","background-image":"","background-repeat":"repeat","background-position":"center center","background-size":"auto","background-attachment":"scroll","background-type":"","background-media":"","overlay-type":"","overlay-color":"","overlay-opacity":"","overlay-gradient":""},"mobile":{"background-color":"","background-image":"","background-repeat":"repeat","background-position":"center center","background-size":"auto","background-attachment":"scroll","background-type":"","background-media":"","overlay-type":"","overlay-color":"","overlay-opacity":"","overlay-gradient":""}},"ast-content-background-meta":{"desktop":{"background-color":"var(--ast-global-color-5)","background-image":"","background-repeat":"repeat","background-position":"center center","background-size":"auto","background-attachment":"scroll","background-type":"","background-media":"","overlay-type":"","overlay-color":"","overlay-opacity":"","overlay-gradient":""},"tablet":{"background-color":"var(--ast-global-color-5)","background-image":"","background-repeat":"repeat","background-position":"center center","background-size":"auto","background-attachment":"scroll","background-type":"","background-media":"","overlay-type":"","overlay-color":"","overlay-opacity":"","overlay-gradient":""},"mobile":{"background-color":"var(--ast-global-color-5)","background-image":"","background-repeat":"repeat","background-position":"center center","background-size":"auto","background-attachment":"scroll","background-type":"","background-media":"","overlay-type":"","overlay-color":"","overlay-opacity":"","overlay-gradient":""}},"footnotes":""},"class_list":["post-1896","page","type-page","status-publish","hentry"],"_links":{"self":[{"href":"https:\/\/ecoganic.eu\/fr\/wp-json\/wp\/v2\/pages\/1896","targetHints":{"allow":["GET"]}}],"collection":[{"href":"https:\/\/ecoganic.eu\/fr\/wp-json\/wp\/v2\/pages"}],"about":[{"href":"https:\/\/ecoganic.eu\/fr\/wp-json\/wp\/v2\/types\/page"}],"author":[{"embeddable":true,"href":"https:\/\/ecoganic.eu\/fr\/wp-json\/wp\/v2\/users\/1"}],"replies":[{"embeddable":true,"href":"https:\/\/ecoganic.eu\/fr\/wp-json\/wp\/v2\/comments?post=1896"}],"version-history":[{"count":4,"href":"https:\/\/ecoganic.eu\/fr\/wp-json\/wp\/v2\/pages\/1896\/revisions"}],"predecessor-version":[{"id":2256,"href":"https:\/\/ecoganic.eu\/fr\/wp-json\/wp\/v2\/pages\/1896\/revisions\/2256"}],"wp:attachment":[{"href":"https:\/\/ecoganic.eu\/fr\/wp-json\/wp\/v2\/media?parent=1896"}],"curies":[{"name":"wp","href":"https:\/\/api.w.org\/{rel}","templated":true}]}}