{"id":1798,"date":"2025-03-26T16:15:35","date_gmt":"2025-03-26T16:15:35","guid":{"rendered":"https:\/\/ecoganic.eu\/programme-de-culture-biologique-de-la-banane-musa-spp-avec-les-produits-ecoganic\/"},"modified":"2025-08-22T22:42:04","modified_gmt":"2025-08-22T22:42:04","slug":"programme-de-culture-biologique-de-la-banane-musa-spp-avec-les-produits-ecoganic","status":"publish","type":"page","link":"https:\/\/ecoganic.eu\/fr\/programme-de-culture-biologique-de-la-banane-musa-spp-avec-les-produits-ecoganic\/","title":{"rendered":"Programme de culture biologique de la banane (Musa spp.) avec les produits Ecoganic"},"content":{"rendered":"\n<h2 class=\"wp-block-heading\">Introduction\u00a0: La banane biologique en tant que culture strat\u00e9gique en Am\u00e9rique latine et en Europe<\/h2>\n\n<p>La <strong>banane biologique (Musa spp.)<\/strong> est l\u2019une des cultures tropicales ayant le plus fort impact \u00e9conomique et social au niveau mondial. Sa production durable cro\u00eet rapidement dans des pays comme <strong>l\u2019\u00c9quateur, la Colombie, le P\u00e9rou, le Mexique et l\u2019Espagne (\u00eeles Canaries)<\/strong>, o\u00f9 la gestion biologique offre un acc\u00e8s \u00e0 des march\u00e9s exigeants et une rentabilit\u00e9 accrue. Dans un contexte o\u00f9 les aliments sans r\u00e9sidus, avec tra\u00e7abilit\u00e9 et \u00e0 faible impact environnemental sont privil\u00e9gi\u00e9s, la culture de la banane biologique se positionne comme une alternative cl\u00e9.  <\/p>\n\n<p>L\u2019utilisation de produits certifi\u00e9s comme ceux d\u2019<a href=\"https:\/\/ecoganic.eu\/fr\/\">Ecoganic<\/a> permet de mettre en \u0153uvre des strat\u00e9gies de fertilisation organique, de biostimulation physiologique, de protection biologique et d\u2019am\u00e9lioration du sol, conform\u00e9ment \u00e0 des normes telles que le <strong>r\u00e8glement (UE)\u00a0848\/2018<\/strong>, le <strong>NOP USDA<\/strong> et des standards tels que <strong>GlobalG.A.P.<\/strong>, <strong>ECOCERT<\/strong> et <strong>Rainforest Alliance<\/strong>.<\/p>\n\n<p>Les recommandations d\u2019institutions telles que la <a href=\"https:\/\/www.fao.org\/3\/y1669s\/y1669s00.htm\" target=\"_blank\" rel=\"noopener\">FAO sur la gestion biologique de la banane<\/a> et le <a href=\"https:\/\/latinamerica.fibl.org\/\" target=\"_blank\" rel=\"noopener\">FiBL sur les syst\u00e8mes agro\u00e9cologiques<\/a> sont essentielles pour optimiser ce mod\u00e8le de production.<\/p>\n\n<hr class=\"wp-block-separator has-alpha-channel-opacity\"\/>\n\n<h2 class=\"wp-block-heading\">Conditions agronomiques pour la banane biologique<\/h2>\n\n<ul class=\"wp-block-list\">\n<li>Climat tropical humide\u00a0: 24\u201332\u00a0\u00b0C, sans gel.<\/li>\n\n\n\n<li>Besoins \u00e9lev\u00e9s en potassium, calcium, magn\u00e9sium et azote.<\/li>\n\n\n\n<li>Cycle de 9\u201312\u00a0mois, avec production \u00e9chelonn\u00e9e.<\/li>\n\n\n\n<li>N\u00e9cessite des sols a\u00e9r\u00e9s, riches en mati\u00e8re organique et bien drain\u00e9s.<\/li>\n\n\n\n<li>Tr\u00e8s sensible aux n\u00e9matodes, \u00e0 la fusariose, \u00e0 la sigatoka, aux thrips et au stress hydrique.<\/li>\n<\/ul>\n\n<hr class=\"wp-block-separator has-alpha-channel-opacity\"\/>\n\n<h2 class=\"wp-block-heading\">Principaux probl\u00e8mes et solutions Ecoganic<\/h2>\n\n<figure class=\"wp-block-table\"><table class=\"has-fixed-layout\"><tbody><tr><th>Probl\u00e8me<\/th><th>Effet agronomique<\/th><th>Produit Ecoganic recommand\u00e9<\/th><\/tr><tr><td>Faible enracinement et vigueur initiale<\/td><td>Faible croissance, moins de rejets<\/td><td><a href=\"https:\/\/ecoganic.eu\/producto\/fertilizante-organico-con-acidos-fulvex50s\/\">FULVEX\u00a050\u00a0S<\/a>, <a href=\"https:\/\/ecoganic.eu\/producto\/bioestimulante-liquido-organico-ecoganic-boost-universal\/\">UNIVERSAL\u00a0BOOST<\/a><\/td><\/tr><tr><td>Chute de r\u00e9gimes ou d\u00e9formation<\/td><td>Fruits tordus, peu d\u00e9velopp\u00e9s<\/td><td><a href=\"https:\/\/ecoganic.eu\/producto\/fertilizante-liquido-organico-de-calcio\/\">CALCIUM\u00a040\u00a0PLUS<\/a>, <a href=\"https:\/\/ecoganic.eu\/producto\/fertilizante-organico-fosforo-potasio\/\">PK-FLOW\u00a020<\/a><\/td><\/tr><tr><td>Incidence de la sigatoka ou de l\u2019anthracnose<\/td><td>N\u00e9crose foliaire, perte photosynth\u00e9tique<\/td><td><a href=\"https:\/\/ecoganic.eu\/producto\/ecoganix-bioprotector-enfermedades-aereas\/\">ECOGANIX<\/a><\/td><\/tr><tr><td>Ravageurs (thrips, pucerons, t\u00e9tranyques)<\/td><td>L\u00e9sions sur les feuilles, moins de remplissage<\/td><td><a href=\"https:\/\/ecoganic.eu\/producto\/ecoganic-acarin\/\">ACARIN<\/a>, <a href=\"https:\/\/ecoganic.eu\/producto\/totalin-insecticida-tuta-absoluta\/\">TOTALIN<\/a><\/td><\/tr><tr><td>Maladies du sol<\/td><td>Racines pourries, plantes tomb\u00e9es<\/td><td><a href=\"https:\/\/ecoganic.eu\/producto\/proteccion-biologica-avanzada-contra-enfermedades-de-suelo\/\">SOILDES<\/a><\/td><\/tr><\/tbody><\/table><\/figure>\n\n<hr class=\"wp-block-separator has-alpha-channel-opacity\"\/>\n\n<h2 class=\"wp-block-heading\">Programme nutritionnel et de gestion par phases ph\u00e9nologiques<\/h2>\n\n<h3 class=\"wp-block-heading\">\u00c9tape\u00a01\u00a0: \u00c9tablissement et croissance v\u00e9g\u00e9tative (0\u20134\u00a0mois)<\/h3>\n\n<figure class=\"wp-block-table\"><table class=\"has-fixed-layout\"><tbody><tr><td>Produit<\/td><td>Dose<\/td><td>Application<\/td><td>Objectif<\/td><\/tr><tr><td>FULVEX 50 S<\/td><td>2\u00a0L\/ha<\/td><td>Arrosage<\/td><td>Stimuler les racines, d\u00e9bloquer les nutriments<\/td><\/tr><tr><td>NITROTECH 16\u00a0%<\/td><td>4\u00a0L\/ha<\/td><td>Fertirrigation<\/td><td>Favoriser le d\u00e9veloppement v\u00e9g\u00e9tatif<\/td><\/tr><tr><td>UNIVERSAL BOOST<\/td><td>2\u00a0L\/ha<\/td><td>Foliaire<\/td><td>Activation physiologique, r\u00e9duction du stress<\/td><\/tr><\/tbody><\/table><\/figure>\n\n<h3 class=\"wp-block-heading\">\u00c9tape\u00a02\u00a0: \u00c9mission florale et formation de r\u00e9gimes (5\u20137\u00a0mois)<\/h3>\n\n<figure class=\"wp-block-table\"><table class=\"has-fixed-layout\"><tbody><tr><td>Produit<\/td><td>Dose<\/td><td>Application<\/td><td>Objectif<\/td><\/tr><tr><td>PK-FLOW 20<\/td><td>2\u00a0L\/ha<\/td><td>Foliaire<\/td><td>Stimuler la floraison et la nouaison<\/td><\/tr><tr><td>CALCIUM 40 PLUS<\/td><td>2\u00a0L\/ha<\/td><td>Fertirrigation<\/td><td>\u00c9viter les d\u00e9formations et la chute des fruits<\/td><\/tr><tr><td>MICRO PLUS<\/td><td>1\u00a0L\/ha<\/td><td>Foliaire<\/td><td>Oligo-\u00e9l\u00e9ments essentiels pour la nouaison<\/td><\/tr><\/tbody><\/table><\/figure>\n\n<h3 class=\"wp-block-heading\">\u00c9tape\u00a03\u00a0: Grossissement et maturation des fruits (8\u201310\u00a0mois)<\/h3>\n\n<figure class=\"wp-block-table\"><table class=\"has-fixed-layout\"><tbody><tr><td>Produit<\/td><td>Dose<\/td><td>Application<\/td><td>Objectif<\/td><\/tr><tr><td>PK-FLOW 20<\/td><td>2,5\u00a0L\/ha<\/td><td>Fertirrigation<\/td><td>Grossissement et remplissage du r\u00e9gime<\/td><\/tr><tr><td>CALCIUM 40 PLUS<\/td><td>2\u00a0L\/ha<\/td><td>Foliaire<\/td><td>Am\u00e9liore la fermet\u00e9 et la dur\u00e9e de conservation<\/td><\/tr><tr><td>ECOGANIX<\/td><td>2\u00a0L\/ha<\/td><td>Foliaire<\/td><td>Lutte contre les maladies foliaires<\/td><\/tr><tr><td>ACARIN<\/td><td>1,5\u00a0L\/ha<\/td><td>Foliaire<\/td><td>Lutte \u00e9cologique contre les ravageurs<\/td><\/tr><\/tbody><\/table><\/figure>\n\n<h3 class=\"wp-block-heading\">\u00c9tape\u00a04\u00a0: Post-r\u00e9colte et r\u00e9cup\u00e9ration (11\u201312\u00a0mois)<\/h3>\n\n<figure class=\"wp-block-table\"><table class=\"has-fixed-layout\"><tbody><tr><td>Produit<\/td><td>Dose<\/td><td>Application<\/td><td>Objectif<\/td><\/tr><tr><td>SOILDES<\/td><td>2\u00a0L\/ha<\/td><td>Arrosage<\/td><td>Renforcer la sant\u00e9 des racines et la r\u00e9g\u00e9n\u00e9ration<\/td><\/tr><tr><td>FULVEX 50 S<\/td><td>1\u00a0L\/ha<\/td><td>Fertirrigation<\/td><td>R\u00e9activer le sol, la mati\u00e8re organique<\/td><\/tr><tr><td>UNIVERSAL BOOST<\/td><td>2\u00a0L\/ha<\/td><td>Foliaire<\/td><td>Stabiliser le m\u00e9tabolisme post-r\u00e9colte<\/td><\/tr><\/tbody><\/table><\/figure>\n\n<hr class=\"wp-block-separator has-alpha-channel-opacity\"\/>\n\n<h2 class=\"wp-block-heading\">Comparaison\u00a0: culture conventionnelle vs. culture biologique avec Ecoganic<\/h2>\n\n<figure class=\"wp-block-table\"><table class=\"has-fixed-layout\"><tbody><tr><td>Variable<\/td><td>Culture conventionnelle<\/td><td>Culture biologique avec Ecoganic<\/td><\/tr><tr><td>Fertilisation<\/td><td>Ur\u00e9e, NPK de synth\u00e8se<\/td><td>NITROTECH, PK-FLOW, CALCIUM 40 PLUS<\/td><\/tr><tr><td>Lutte contre les ravageurs<\/td><td>Pesticides de synth\u00e8se<\/td><td>TOTALIN, ACARIN, ECOGANIX<\/td><\/tr><tr><td>Sant\u00e9 du sol<\/td><td>Appauvri, compact\u00e9<\/td><td>FULVEX, SOILDES, compost<\/td><\/tr><tr><td>Biostimulation<\/td><td>Hormones chimiques<\/td><td>UNIVERSAL BOOST (algues unicellulaires)<\/td><\/tr><tr><td>R\u00e9sidus<\/td><td>Pr\u00e9sence fr\u00e9quente<\/td><td>Z\u00e9ro r\u00e9sidu, certifi\u00e9<\/td><\/tr><tr><td>Dur\u00e9e de conservation<\/td><td>7\u201310\u00a0jours<\/td><td>Jusqu\u2019\u00e0 +14\u00a0jours<\/td><\/tr><tr><td>Prix sur le march\u00e9 international<\/td><td>Bas (produit de base)<\/td><td>Prix premium (+25\u201335\u00a0%)<\/td><\/tr><\/tbody><\/table><\/figure>\n\n<hr class=\"wp-block-separator has-alpha-channel-opacity\"\/>\n\n<h2 class=\"wp-block-heading\">Post-r\u00e9colte et commercialisation locale et internationale<\/h2>\n\n<ul class=\"wp-block-list\">\n<li>R\u00e9colte au point de maturit\u00e9 commerciale (couleur vert vif).<\/li>\n\n\n\n<li>Lavage sans chlore, s\u00e9chage naturel et s\u00e9lection par calibre.<\/li>\n\n\n\n<li>Utilisation de caisses ventil\u00e9es recyclables.<\/li>\n\n\n\n<li>Certifications pour l\u2019exportation\u00a0: <strong>ECOCERT<\/strong>, <strong>GlobalG.A.P.<\/strong>, <strong>Fair Trade<\/strong>, <strong>USDA Organic<\/strong>.<\/li>\n\n\n\n<li>Soutien technique aux petits producteurs pour l\u2019acc\u00e8s aux cr\u00e9neaux europ\u00e9ens.<\/li>\n\n\n\n<li>Conformit\u00e9 aux exigences du <a href=\"https:\/\/agriculture.ec.europa.eu\/farming\/organic-farming\/organic-production-and-labelling-products-eu-rules_en\" target=\"_blank\" rel=\"noopener\">march\u00e9 europ\u00e9en des fruits biologiques<\/a>.<\/li>\n<\/ul>\n\n<hr class=\"wp-block-separator has-alpha-channel-opacity\"\/>\n\n<h2 class=\"wp-block-heading\">R\u00e9sultats attendus avec le programme Ecoganic<\/h2>\n\n<figure class=\"wp-block-table\"><table class=\"has-fixed-layout\"><tbody><tr><td>Indicateur<\/td><td>R\u00e9sultat estim\u00e9<\/td><\/tr><tr><td>Rendement biologique<\/td><td>35\u201345\u00a0t\/ha<\/td><\/tr><tr><td>Pourcentage de r\u00e9gimes exportables<\/td><td>&gt;80\u00a0%<\/td><\/tr><tr><td>R\u00e9duction de l\u2019incidence fongique<\/td><td>\u201360\u00a0%<\/td><\/tr><tr><td>Augmentation de la mati\u00e8re organique<\/td><td>+20\u00a0% en 2\u20133\u00a0cycles<\/td><\/tr><tr><td>Dur\u00e9e de conservation<\/td><td>+4 \u00e0 +7\u00a0jours<\/td><\/tr><\/tbody><\/table><\/figure>\n\n<hr class=\"wp-block-separator has-alpha-channel-opacity\"\/>\n\n<p><\/p>\n","protected":false},"excerpt":{"rendered":"<p>Introduction\u00a0: La banane biologique en tant que culture strat\u00e9gique en Am\u00e9rique latine et en Europe La banane biologique (Musa spp.) [&hellip;]<\/p>\n","protected":false},"author":1,"featured_media":1689,"parent":0,"menu_order":0,"comment_status":"closed","ping_status":"closed","template":"","meta":{"site-sidebar-layout":"default","site-content-layout":"","ast-site-content-layout":"default","site-content-style":"default","site-sidebar-style":"default","ast-global-header-display":"","ast-banner-title-visibility":"","ast-main-header-display":"","ast-hfb-above-header-display":"","ast-hfb-below-header-display":"","ast-hfb-mobile-header-display":"","site-post-title":"","ast-breadcrumbs-content":"","ast-featured-img":"","footer-sml-layout":"","theme-transparent-header-meta":"","adv-header-id-meta":"","stick-header-meta":"","header-above-stick-meta":"","header-main-stick-meta":"","header-below-stick-meta":"","astra-migrate-meta-layouts":"default","ast-page-background-enabled":"default","ast-page-background-meta":{"desktop":{"background-color":"var(--ast-global-color-4)","background-image":"","background-repeat":"repeat","background-position":"center center","background-size":"auto","background-attachment":"scroll","background-type":"","background-media":"","overlay-type":"","overlay-color":"","overlay-opacity":"","overlay-gradient":""},"tablet":{"background-color":"","background-image":"","background-repeat":"repeat","background-position":"center center","background-size":"auto","background-attachment":"scroll","background-type":"","background-media":"","overlay-type":"","overlay-color":"","overlay-opacity":"","overlay-gradient":""},"mobile":{"background-color":"","background-image":"","background-repeat":"repeat","background-position":"center center","background-size":"auto","background-attachment":"scroll","background-type":"","background-media":"","overlay-type":"","overlay-color":"","overlay-opacity":"","overlay-gradient":""}},"ast-content-background-meta":{"desktop":{"background-color":"var(--ast-global-color-5)","background-image":"","background-repeat":"repeat","background-position":"center center","background-size":"auto","background-attachment":"scroll","background-type":"","background-media":"","overlay-type":"","overlay-color":"","overlay-opacity":"","overlay-gradient":""},"tablet":{"background-color":"var(--ast-global-color-5)","background-image":"","background-repeat":"repeat","background-position":"center center","background-size":"auto","background-attachment":"scroll","background-type":"","background-media":"","overlay-type":"","overlay-color":"","overlay-opacity":"","overlay-gradient":""},"mobile":{"background-color":"var(--ast-global-color-5)","background-image":"","background-repeat":"repeat","background-position":"center center","background-size":"auto","background-attachment":"scroll","background-type":"","background-media":"","overlay-type":"","overlay-color":"","overlay-opacity":"","overlay-gradient":""}},"footnotes":""},"class_list":["post-1798","page","type-page","status-publish","has-post-thumbnail","hentry"],"_links":{"self":[{"href":"https:\/\/ecoganic.eu\/fr\/wp-json\/wp\/v2\/pages\/1798","targetHints":{"allow":["GET"]}}],"collection":[{"href":"https:\/\/ecoganic.eu\/fr\/wp-json\/wp\/v2\/pages"}],"about":[{"href":"https:\/\/ecoganic.eu\/fr\/wp-json\/wp\/v2\/types\/page"}],"author":[{"embeddable":true,"href":"https:\/\/ecoganic.eu\/fr\/wp-json\/wp\/v2\/users\/1"}],"replies":[{"embeddable":true,"href":"https:\/\/ecoganic.eu\/fr\/wp-json\/wp\/v2\/comments?post=1798"}],"version-history":[{"count":1,"href":"https:\/\/ecoganic.eu\/fr\/wp-json\/wp\/v2\/pages\/1798\/revisions"}],"predecessor-version":[{"id":1801,"href":"https:\/\/ecoganic.eu\/fr\/wp-json\/wp\/v2\/pages\/1798\/revisions\/1801"}],"wp:featuredmedia":[{"embeddable":true,"href":"https:\/\/ecoganic.eu\/fr\/wp-json\/wp\/v2\/media\/1689"}],"wp:attachment":[{"href":"https:\/\/ecoganic.eu\/fr\/wp-json\/wp\/v2\/media?parent=1798"}],"curies":[{"name":"wp","href":"https:\/\/api.w.org\/{rel}","templated":true}]}}